{"id":4447,"date":"2022-09-10T16:50:00","date_gmt":"2022-09-10T14:50:00","guid":{"rendered":"https:\/\/capfinistere.geek-tonic.dev\/tourisme-pont-abbe\/"},"modified":"2024-04-25T15:31:24","modified_gmt":"2024-04-25T13:31:24","slug":"toerisme-brug-abbe","status":"publish","type":"page","link":"https:\/\/capfinistere.geek-tonic.dev\/nl\/toerisme-brug-abbe\/","title":{"rendered":"Pont-L&#8217;abb\u00e9"},"content":{"rendered":"<section id=\"ls-section-block_3f5091b6561de463346c74e14b48b730\" class=\"ls-section  has-p-b has-p-t p-b-0 p-t-0 has-background has-color-4-background-color has-m-t m-t-0 has-p-t p-t-14 has-p-b p-b-14\" >\r\n        <div class=\"container container--wide\">\r\n        \n\n<h1 class=\"ls__heading wp-block-heading has-text-align-center ls__heading-undefined color1\" id=\"visitez-quiberon\">Bezoek Pont-L&#8217;Abb\u00e9<\/h1>\n\n\n\n<h2 class=\"ls__heading wp-block-heading ls__heading-undefined color1\" id=\"a-voir-a-quiberon\">Wat te zien in Pont-l&#8217;Abb\u00e9<\/h2>\n\n\n\n<p class=\"ls-paragraph\">Welkom in Pont l&#8217;Abb\u00e9, de hoofdstad van het Pays Bigouden! Een land van legendes, Maupassant noemde het &#8220;de meest Bretonse van de steden in Bretagne&#8221;. In de buurt van Penmarch is Pont l&#8217;Abb\u00e9 een must voor elke <a href=\"https:\/\/capfinistere.geek-tonic.dev\/nl\/\">kampeervakantie in Zuid-Finist\u00e8re<\/a>. Maak kennis met deze stad vol geschiedenis, met zijn goed bewaarde culturele en architectonische erfgoed: een 14e-eeuws kasteel, de bewoonde brug waaraan het zijn naam ontleent, ouderwetse gevels, straten en markthallen.<\/p>\n\n\n\n<p class=\"ls-paragraph\">Modeboetieks, decorateurs, delicatessenwinkels, tweedehandswinkels, ontwerpers en delicatessenwinkels &#8211; klop gewoon aan bij de deuren van de vele plaatselijke winkels, ideaal voor uw <strong>vakantieherinneringen<\/strong> aan <strong>Bretagne<\/strong>. Wist je dat? Hier werd de beroemde Bigoud\u00e8ne hoofdtooi geboren, een eerbetoon aan de vaardigheden van de borduursters.  <\/p>\n\n\n<div class=\"wp-block-image\">\n<figure class=\"aligncenter size-large is-resized\"><img decoding=\"async\" width=\"1024\" height=\"377\" src=\"https:\/\/capfinistere.geek-tonic.dev\/wp-content\/uploads\/sites\/22\/2022\/09\/visiter-pont-labbe-1024x377.jpg\" alt=\"bezoek pont labbe\" class=\"wp-image-1651\" style=\"width:1900px;height:700px\" srcset=\"https:\/\/capfinistere.geek-tonic.dev\/wp-content\/uploads\/sites\/22\/2022\/09\/visiter-pont-labbe-1024x377.jpg 1024w, https:\/\/capfinistere.geek-tonic.dev\/wp-content\/uploads\/sites\/22\/2022\/09\/visiter-pont-labbe-300x111.jpg 300w, https:\/\/capfinistere.geek-tonic.dev\/wp-content\/uploads\/sites\/22\/2022\/09\/visiter-pont-labbe-768x283.jpg 768w, https:\/\/capfinistere.geek-tonic.dev\/wp-content\/uploads\/sites\/22\/2022\/09\/visiter-pont-labbe-1536x566.jpg 1536w, https:\/\/capfinistere.geek-tonic.dev\/wp-content\/uploads\/sites\/22\/2022\/09\/visiter-pont-labbe.jpg 1900w\" sizes=\"(max-width: 1024px) 100vw, 1024px\" \/><\/figure><\/div>\n\n\n<h2 class=\"ls__heading wp-block-heading ls__heading-undefined color1\" id=\"activites-a-faire-a-quiberon\">Dingen om te doen in Pont-l&#8217;Abb\u00e9<\/h2>\n\n\n\n<p class=\"ls-paragraph\">Laat je tijdens je <strong>vakantie in Penmarch<\/strong> verleiden door de charme van <a href=\"https:\/\/www.destination-paysbigouden.com\/pont-l-abbe\" target=\"_blank\" rel=\"noreferrer noopener\">Pont l&#8217;Abb\u00e9<\/a>, vlakbij <strong>camping Cap Finist\u00e8re<\/strong>. Mis de hoofdstad van de regio Bigouden niet, waar een van de drie bewoonde bruggen van Frankrijk ligt. Dompel jezelf onder in de geschiedenis van Pont l&#8217;Abb\u00e9 en verken het 14e-eeuwse Ch\u00e2teau des Barons, nu het kantoor van de stad. De plaatselijke cultuur en tradities hebben geen geheimen meer voor je in het Mus\u00e9e Bigouden.  <\/p>\n\n\n\n<p class=\"ls-paragraph\">Mis het monument voor de Bigoudens niet, een granieten en bronzen beeld dat de vijf leeftijden van het leven voorstelt: het kleine meisje, het jonge meisje, de zus, de moeder en de grootmoeder. De ooit bruisende haven biedt een aangename wandeling en een prachtig uitzicht op de brug en de slottoren.  <\/p>\n\n\n<p><iframe width=\"100%\" height=\"450\" src=\"https:\/\/www.youtube.com\/embed\/fsoo-qelTy0\" title=\"YouTube video player\" frameborder=\"0\" allow=\"accelerometer; autoplay; clipboard-write; encrypted-media; gyroscope; picture-in-picture\" allowfullscreen=\"\"><\/iframe><\/p>\n\n\n\n<h2 class=\"ls__heading wp-block-heading ls__heading-undefined color1\" id=\"activites-a-faire-a-quiberon\">Camping in de buurt van Pont l&#8217;Abb\u00e9<\/h2>\n\n\n\n<p class=\"ls-paragraph\">Wil je er even tussenuit? Boek een <strong>kampeervakantie<\/strong> op <strong>camping Cap Finist\u00e8re<\/strong> en maak een tussenstop in Pont l&#8217;Abb\u00e9. Op slechts 15 minuten van de <strong>camping Cap Finist\u00e8re<\/strong> is dit pittoreske dorpje een ideale uitvalsbasis voor uw vakantie in de Bigouden. <strong>Penmarch<\/strong> ligt ten noordoosten van <strong>Penmarch<\/strong> en is een stad vol charme en toeristische attracties.  <\/p>\n\n\n\n<p class=\"ls-paragraph\">Geniet met familie of vrienden van de dosis cultuur die het historische centrum van <strong>Pont l&#8217;Abb\u00e9<\/strong> te bieden heeft. Pont l&#8217;Abb\u00e9 is een must als je in een stacaravan of op een kampeerplaats in Finist\u00e8re verblijft, en zit vol mysterieuze legendes die je kunt ontdekken als je door de stad wandelt.  <\/p>\n\n\n<p><iframe src=\"https:\/\/www.google.com\/maps\/embed?pb=!1m28!1m12!1m3!1d72077.1564091598!2d-4.3016124339859525!3d47.82829116570879!2m3!1f0!2f0!3f0!3m2!1i1024!2i768!4f13.1!4m13!3e0!4m5!1s0x4817306d98cd607f%3A0x78da83f9f6cf307d!2sFlower%20Camping%20Les%20Gen%C3%AAts%2C%20Rue%20de%20Gouesnach%20N%C3%A9vez%2C%20Penmarc'h!3m2!1d47.818970199999995!2d-4.3095568!4m5!1s0x48172dc0f04c8cf7%3A0x40ca5cd36e563e0!2s29120%20Pont-l'Abb%C3%A9!3m2!1d47.866915!2d-4.222297999999999!5e0!3m2!1sfr!2sfr!4v1663315368471!5m2!1sfr!2sfr\" width=\"100%\" height=\"450\" style=\"border:0;\" allowfullscreen=\"\" loading=\"lazy\" referrerpolicy=\"no-referrer-when-downgrade\"><\/iframe><\/p>\n\n\r\n    <\/div>\r\n<\/section><section id=\"ls-section-block_0058e1a76e2d0438d5be6c4d25bb205d\" class=\"ls-section  page-maillage experience has-m-t m-t-0 has-p-t p-t-14\" >\r\n        <div class=\"container container--wide\">\r\n        \n\n<div id=\"ls-heading ls-titre-div-block_dc99cbba1e81a2410aba039e7019ee78\" class=\"ls-titre-div aligncenter h2-like\" >\n    <strong>Ontdek de<\/strong> omgeving van Pont-l&#8217;Abb\u00e9<\/div>\n\n\n<div id=\"ls-maillage-block_df1718e62f0175305ad480736ff211e3\" class=\"ls-maillage cta-style-normal\" data-rows=\"3\">\n    <div class=\"wp-block-columns\"><div class=\"wp-block-column\"><div id=\"destinations\" class=\"ls-cta\">\n\n<a href=\"https:\/\/capfinistere.geek-tonic.dev\/nl\/toerisme-archipel-van-de-glenan\/\" target=\"\" rel=\"noopener\" class=\"ls-cta__link\">\n\n\t<div class=\"ls-cta__image\"><img decoding=\"async\" src=\"https:\/\/capfinistere.geek-tonic.dev\/wp-content\/uploads\/sites\/22\/2024\/04\/tourisme-archipel-glenan-camping-finistere.webp\" alt=\"tourisme archipel glenan camping finistere\"><\/div>\n\t<div class=\"ls-cta__title\">\n\t\tArchipel van Gl\u00e9nan\t<\/div>\n\n\t\t\n<\/a><\/div><\/div><div class=\"wp-block-column\"><div id=\"destinations\" class=\"ls-cta\">\n\n<a href=\"https:\/\/capfinistere.geek-tonic.dev\/nl\/toerisme-baai-audierne\/\" target=\"\" rel=\"noopener\" class=\"ls-cta__link\">\n\n\t<div class=\"ls-cta__image\"><img decoding=\"async\" src=\"https:\/\/capfinistere.geek-tonic.dev\/wp-content\/uploads\/sites\/22\/2024\/04\/tourisme-baie-audierne-camping-finistere.webp\" alt=\"tourisme baie audierne camping finistere\"><\/div>\n\t<div class=\"ls-cta__title\">\n\t\tBaai van Audierne\t<\/div>\n\n\t\t\n<\/a><\/div><\/div><div class=\"wp-block-column\"><div id=\"destinations\" class=\"ls-cta\">\n\n<a href=\"https:\/\/capfinistere.geek-tonic.dev\/nl\/toerisme-finistere\/\" target=\"\" rel=\"noopener\" class=\"ls-cta__link\">\n\n\t<div class=\"ls-cta__image\"><img decoding=\"async\" src=\"https:\/\/capfinistere.geek-tonic.dev\/wp-content\/uploads\/sites\/22\/2022\/09\/finistere-tourisme-vacances.jpg\" alt=\"finist\u00e8re toerisme vakanties\"><\/div>\n\t<div class=\"ls-cta__title\">\n\t\tFinist\u00e8re\t<\/div>\n\n\t\t\n<\/a><\/div><\/div><\/div><\/div>\n\r\n    <\/div>\r\n<\/section>","protected":false},"excerpt":{"rendered":"","protected":false},"author":1,"featured_media":2745,"parent":0,"menu_order":0,"comment_status":"closed","ping_status":"open","template":"","meta":{"_acf_changed":false,"footnotes":""},"sujet":[],"class_list":["post-4447","page","type-page","status-publish","has-post-thumbnail","hentry"],"acf":[],"yoast_head":"<!-- This site is optimized with the Yoast SEO plugin v23.9 - https:\/\/yoast.com\/wordpress\/plugins\/seo\/ -->\n<title>Toerisme Pont l&#039;Abb\u00e9 | Verblijf in de buurt van Pont l&#039;Abb\u00e9 | Bezoek Pont l&#039;Abb\u00e9<\/title>\n<meta name=\"robots\" content=\"noindex, follow, max-snippet:-1, max-image-preview:large, max-video-preview:-1\" \/>\n<meta property=\"og:locale\" content=\"nl_NL\" \/>\n<meta property=\"og:type\" content=\"article\" \/>\n<meta property=\"og:title\" content=\"Toerisme Pont l&#039;Abb\u00e9 | Verblijf in de buurt van Pont l&#039;Abb\u00e9 | Bezoek Pont l&#039;Abb\u00e9\" \/>\n<meta property=\"og:url\" content=\"https:\/\/capfinistere.geek-tonic.dev\/nl\/toerisme-brug-abbe\/\" \/>\n<meta property=\"og:site_name\" content=\"Camping Cap Finist\u00e8re\" \/>\n<meta property=\"article:modified_time\" content=\"2024-04-25T13:31:24+00:00\" \/>\n<meta property=\"og:image\" content=\"http:\/\/capfinistere.geek-tonic.dev\/wp-content\/uploads\/sites\/22\/2022\/09\/pont-labbe-tourisme-bretagne.jpg\" \/>\n\t<meta property=\"og:image:width\" content=\"1904\" \/>\n\t<meta property=\"og:image:height\" content=\"515\" \/>\n\t<meta property=\"og:image:type\" content=\"image\/jpeg\" \/>\n<meta name=\"twitter:card\" content=\"summary_large_image\" \/>\n<meta name=\"twitter:label1\" content=\"Geschatte leestijd\" \/>\n\t<meta name=\"twitter:data1\" content=\"3 minuten\" \/>\n<script type=\"application\/ld+json\" class=\"yoast-schema-graph\">{\"@context\":\"https:\/\/schema.org\",\"@graph\":[{\"@type\":\"WebPage\",\"@id\":\"https:\/\/capfinistere.geek-tonic.dev\/nl\/toerisme-brug-abbe\/\",\"url\":\"https:\/\/capfinistere.geek-tonic.dev\/nl\/toerisme-brug-abbe\/\",\"name\":\"Toerisme Pont l'Abb\u00e9 | Verblijf in de buurt van Pont l'Abb\u00e9 | Bezoek Pont l'Abb\u00e9\",\"isPartOf\":{\"@id\":\"https:\/\/capfinistere.geek-tonic.dev\/nl\/#website\"},\"primaryImageOfPage\":{\"@id\":\"https:\/\/capfinistere.geek-tonic.dev\/nl\/toerisme-brug-abbe\/#primaryimage\"},\"image\":{\"@id\":\"https:\/\/capfinistere.geek-tonic.dev\/nl\/toerisme-brug-abbe\/#primaryimage\"},\"thumbnailUrl\":\"https:\/\/capfinistere.geek-tonic.dev\/wp-content\/uploads\/sites\/22\/2022\/09\/pont-labbe-tourisme-bretagne.jpg\",\"datePublished\":\"2022-09-10T14:50:00+00:00\",\"dateModified\":\"2024-04-25T13:31:24+00:00\",\"breadcrumb\":{\"@id\":\"https:\/\/capfinistere.geek-tonic.dev\/nl\/toerisme-brug-abbe\/#breadcrumb\"},\"inLanguage\":\"nl-NL\",\"potentialAction\":[{\"@type\":\"ReadAction\",\"target\":[\"https:\/\/capfinistere.geek-tonic.dev\/nl\/toerisme-brug-abbe\/\"]}]},{\"@type\":\"ImageObject\",\"inLanguage\":\"nl-NL\",\"@id\":\"https:\/\/capfinistere.geek-tonic.dev\/nl\/toerisme-brug-abbe\/#primaryimage\",\"url\":\"https:\/\/capfinistere.geek-tonic.dev\/wp-content\/uploads\/sites\/22\/2022\/09\/pont-labbe-tourisme-bretagne.jpg\",\"contentUrl\":\"https:\/\/capfinistere.geek-tonic.dev\/wp-content\/uploads\/sites\/22\/2022\/09\/pont-labbe-tourisme-bretagne.jpg\",\"width\":1904,\"height\":515,\"caption\":\"pont labbe toerisme bretagne\"},{\"@type\":\"BreadcrumbList\",\"@id\":\"https:\/\/capfinistere.geek-tonic.dev\/nl\/toerisme-brug-abbe\/#breadcrumb\",\"itemListElement\":[{\"@type\":\"ListItem\",\"position\":1,\"name\":\"Camping Finist\u00e8re\",\"item\":\"https:\/\/capfinistere.geek-tonic.dev\/nl\/\"},{\"@type\":\"ListItem\",\"position\":2,\"name\":\"Camping in de buurt van Pont l'Abb\u00e9\"}]},{\"@type\":\"WebSite\",\"@id\":\"https:\/\/capfinistere.geek-tonic.dev\/nl\/#website\",\"url\":\"https:\/\/capfinistere.geek-tonic.dev\/nl\/\",\"name\":\"Camping Cap Finist\u00e8re\",\"description\":\"\",\"publisher\":{\"@id\":\"https:\/\/capfinistere.geek-tonic.dev\/nl\/#organization\"},\"potentialAction\":[{\"@type\":\"SearchAction\",\"target\":{\"@type\":\"EntryPoint\",\"urlTemplate\":\"https:\/\/capfinistere.geek-tonic.dev\/nl\/?s={search_term_string}\"},\"query-input\":{\"@type\":\"PropertyValueSpecification\",\"valueRequired\":true,\"valueName\":\"search_term_string\"}}],\"inLanguage\":\"nl-NL\"},{\"@type\":\"Organization\",\"@id\":\"https:\/\/capfinistere.geek-tonic.dev\/nl\/#organization\",\"name\":\"Camping Cap Finist\u00e8re\",\"url\":\"https:\/\/capfinistere.geek-tonic.dev\/nl\/\",\"logo\":{\"@type\":\"ImageObject\",\"inLanguage\":\"nl-NL\",\"@id\":\"https:\/\/capfinistere.geek-tonic.dev\/nl\/#\/schema\/logo\/image\/\",\"url\":\"https:\/\/capfinistere.geek-tonic.dev\/wp-content\/uploads\/sites\/22\/2022\/09\/cropped-logo-Flower-camping-Cap-Finistere.png\",\"contentUrl\":\"https:\/\/capfinistere.geek-tonic.dev\/wp-content\/uploads\/sites\/22\/2022\/09\/cropped-logo-Flower-camping-Cap-Finistere.png\",\"width\":500,\"height\":660,\"caption\":\"Camping Cap Finist\u00e8re\"},\"image\":{\"@id\":\"https:\/\/capfinistere.geek-tonic.dev\/nl\/#\/schema\/logo\/image\/\"}}]}<\/script>\n<!-- \/ Yoast SEO plugin. -->","yoast_head_json":{"title":"Toerisme Pont l'Abb\u00e9 | Verblijf in de buurt van Pont l'Abb\u00e9 | Bezoek Pont l'Abb\u00e9","robots":{"index":"noindex","follow":"follow","max-snippet":"max-snippet:-1","max-image-preview":"max-image-preview:large","max-video-preview":"max-video-preview:-1"},"og_locale":"nl_NL","og_type":"article","og_title":"Toerisme Pont l'Abb\u00e9 | Verblijf in de buurt van Pont l'Abb\u00e9 | Bezoek Pont l'Abb\u00e9","og_url":"https:\/\/capfinistere.geek-tonic.dev\/nl\/toerisme-brug-abbe\/","og_site_name":"Camping Cap Finist\u00e8re","article_modified_time":"2024-04-25T13:31:24+00:00","og_image":[{"width":1904,"height":515,"url":"http:\/\/capfinistere.geek-tonic.dev\/wp-content\/uploads\/sites\/22\/2022\/09\/pont-labbe-tourisme-bretagne.jpg","type":"image\/jpeg"}],"twitter_card":"summary_large_image","twitter_misc":{"Geschatte leestijd":"3 minuten"},"schema":{"@context":"https:\/\/schema.org","@graph":[{"@type":"WebPage","@id":"https:\/\/capfinistere.geek-tonic.dev\/nl\/toerisme-brug-abbe\/","url":"https:\/\/capfinistere.geek-tonic.dev\/nl\/toerisme-brug-abbe\/","name":"Toerisme Pont l'Abb\u00e9 | Verblijf in de buurt van Pont l'Abb\u00e9 | Bezoek Pont l'Abb\u00e9","isPartOf":{"@id":"https:\/\/capfinistere.geek-tonic.dev\/nl\/#website"},"primaryImageOfPage":{"@id":"https:\/\/capfinistere.geek-tonic.dev\/nl\/toerisme-brug-abbe\/#primaryimage"},"image":{"@id":"https:\/\/capfinistere.geek-tonic.dev\/nl\/toerisme-brug-abbe\/#primaryimage"},"thumbnailUrl":"https:\/\/capfinistere.geek-tonic.dev\/wp-content\/uploads\/sites\/22\/2022\/09\/pont-labbe-tourisme-bretagne.jpg","datePublished":"2022-09-10T14:50:00+00:00","dateModified":"2024-04-25T13:31:24+00:00","breadcrumb":{"@id":"https:\/\/capfinistere.geek-tonic.dev\/nl\/toerisme-brug-abbe\/#breadcrumb"},"inLanguage":"nl-NL","potentialAction":[{"@type":"ReadAction","target":["https:\/\/capfinistere.geek-tonic.dev\/nl\/toerisme-brug-abbe\/"]}]},{"@type":"ImageObject","inLanguage":"nl-NL","@id":"https:\/\/capfinistere.geek-tonic.dev\/nl\/toerisme-brug-abbe\/#primaryimage","url":"https:\/\/capfinistere.geek-tonic.dev\/wp-content\/uploads\/sites\/22\/2022\/09\/pont-labbe-tourisme-bretagne.jpg","contentUrl":"https:\/\/capfinistere.geek-tonic.dev\/wp-content\/uploads\/sites\/22\/2022\/09\/pont-labbe-tourisme-bretagne.jpg","width":1904,"height":515,"caption":"pont labbe toerisme bretagne"},{"@type":"BreadcrumbList","@id":"https:\/\/capfinistere.geek-tonic.dev\/nl\/toerisme-brug-abbe\/#breadcrumb","itemListElement":[{"@type":"ListItem","position":1,"name":"Camping Finist\u00e8re","item":"https:\/\/capfinistere.geek-tonic.dev\/nl\/"},{"@type":"ListItem","position":2,"name":"Camping in de buurt van Pont l'Abb\u00e9"}]},{"@type":"WebSite","@id":"https:\/\/capfinistere.geek-tonic.dev\/nl\/#website","url":"https:\/\/capfinistere.geek-tonic.dev\/nl\/","name":"Camping Cap Finist\u00e8re","description":"","publisher":{"@id":"https:\/\/capfinistere.geek-tonic.dev\/nl\/#organization"},"potentialAction":[{"@type":"SearchAction","target":{"@type":"EntryPoint","urlTemplate":"https:\/\/capfinistere.geek-tonic.dev\/nl\/?s={search_term_string}"},"query-input":{"@type":"PropertyValueSpecification","valueRequired":true,"valueName":"search_term_string"}}],"inLanguage":"nl-NL"},{"@type":"Organization","@id":"https:\/\/capfinistere.geek-tonic.dev\/nl\/#organization","name":"Camping Cap Finist\u00e8re","url":"https:\/\/capfinistere.geek-tonic.dev\/nl\/","logo":{"@type":"ImageObject","inLanguage":"nl-NL","@id":"https:\/\/capfinistere.geek-tonic.dev\/nl\/#\/schema\/logo\/image\/","url":"https:\/\/capfinistere.geek-tonic.dev\/wp-content\/uploads\/sites\/22\/2022\/09\/cropped-logo-Flower-camping-Cap-Finistere.png","contentUrl":"https:\/\/capfinistere.geek-tonic.dev\/wp-content\/uploads\/sites\/22\/2022\/09\/cropped-logo-Flower-camping-Cap-Finistere.png","width":500,"height":660,"caption":"Camping Cap Finist\u00e8re"},"image":{"@id":"https:\/\/capfinistere.geek-tonic.dev\/nl\/#\/schema\/logo\/image\/"}}]}},"_links":{"self":[{"href":"https:\/\/capfinistere.geek-tonic.dev\/nl\/wp-json\/wp\/v2\/pages\/4447","targetHints":{"allow":["GET"]}}],"collection":[{"href":"https:\/\/capfinistere.geek-tonic.dev\/nl\/wp-json\/wp\/v2\/pages"}],"about":[{"href":"https:\/\/capfinistere.geek-tonic.dev\/nl\/wp-json\/wp\/v2\/types\/page"}],"author":[{"embeddable":true,"href":"https:\/\/capfinistere.geek-tonic.dev\/nl\/wp-json\/wp\/v2\/users\/1"}],"replies":[{"embeddable":true,"href":"https:\/\/capfinistere.geek-tonic.dev\/nl\/wp-json\/wp\/v2\/comments?post=4447"}],"version-history":[{"count":9,"href":"https:\/\/capfinistere.geek-tonic.dev\/nl\/wp-json\/wp\/v2\/pages\/4447\/revisions"}],"predecessor-version":[{"id":7423,"href":"https:\/\/capfinistere.geek-tonic.dev\/nl\/wp-json\/wp\/v2\/pages\/4447\/revisions\/7423"}],"wp:featuredmedia":[{"embeddable":true,"href":"https:\/\/capfinistere.geek-tonic.dev\/nl\/wp-json\/wp\/v2\/media\/2745"}],"wp:attachment":[{"href":"https:\/\/capfinistere.geek-tonic.dev\/nl\/wp-json\/wp\/v2\/media?parent=4447"}],"wp:term":[{"taxonomy":"sujet","embeddable":true,"href":"https:\/\/capfinistere.geek-tonic.dev\/nl\/wp-json\/wp\/v2\/sujet?post=4447"}],"curies":[{"name":"wp","href":"https:\/\/api.w.org\/{rel}","templated":true}]}}