{"id":4316,"date":"2022-09-09T14:29:58","date_gmt":"2022-09-09T12:29:58","guid":{"rendered":"https:\/\/capfinistere.geek-tonic.dev\/camping-flower-finistere\/"},"modified":"2024-05-29T11:16:28","modified_gmt":"2024-05-29T09:16:28","slug":"kamperen-flower-finistere","status":"publish","type":"page","link":"https:\/\/capfinistere.geek-tonic.dev\/nl\/kamperen-flower-finistere\/","title":{"rendered":"Onze verplichtingen"},"content":{"rendered":"<section id=\"ls-section-block_c4ec981017b3f946e628ae701358582a\" class=\"ls-section  page-one has-background has-color-4-background-color has-m-t m-t-0 has-m-b m-b-0 has-m-l m-l-0 has-m-r m-r-0 has-p-t p-t-14\" >\r\n        <div class=\"container container--wide\">\r\n        \n\n<div class=\"wp-block-columns are-vertically-aligned-top is-layout-flex wp-container-core-columns-is-layout-1 wp-block-columns-is-layout-flex\">\n<div class=\"wp-block-column is-vertically-aligned-top animated fadeInLeft delay-100ms slow is-layout-flow wp-block-column-is-layout-flow\" style=\"flex-basis:45%\">\n<figure class=\"wp-block-image size-full\"><a href=\"https:\/\/capfinistere.geek-tonic.dev\/wp-content\/uploads\/sites\/22\/2024\/02\/CAP-FINISTERE_GautierJY_26_0-scaled.jpg\"><img decoding=\"async\" width=\"2560\" height=\"1920\" src=\"https:\/\/capfinistere.geek-tonic.dev\/wp-content\/uploads\/sites\/22\/2024\/02\/CAP-FINISTERE_GautierJY_26_0-scaled.jpg\" alt=\"\" class=\"wp-image-6367\" srcset=\"https:\/\/capfinistere.geek-tonic.dev\/wp-content\/uploads\/sites\/22\/2024\/02\/CAP-FINISTERE_GautierJY_26_0-scaled.jpg 2560w, https:\/\/capfinistere.geek-tonic.dev\/wp-content\/uploads\/sites\/22\/2024\/02\/CAP-FINISTERE_GautierJY_26_0-300x225.jpg 300w, https:\/\/capfinistere.geek-tonic.dev\/wp-content\/uploads\/sites\/22\/2024\/02\/CAP-FINISTERE_GautierJY_26_0-1024x768.jpg 1024w, https:\/\/capfinistere.geek-tonic.dev\/wp-content\/uploads\/sites\/22\/2024\/02\/CAP-FINISTERE_GautierJY_26_0-768x576.jpg 768w, https:\/\/capfinistere.geek-tonic.dev\/wp-content\/uploads\/sites\/22\/2024\/02\/CAP-FINISTERE_GautierJY_26_0-1536x1152.jpg 1536w, https:\/\/capfinistere.geek-tonic.dev\/wp-content\/uploads\/sites\/22\/2024\/02\/CAP-FINISTERE_GautierJY_26_0-2048x1536.jpg 2048w\" sizes=\"(max-width: 2560px) 100vw, 2560px\" \/><\/a><\/figure>\n<\/div>\n\n\n\n<div class=\"wp-block-column is-vertically-aligned-top animated fadeInRight slow is-layout-flow wp-block-column-is-layout-flow\" style=\"flex-basis:50%\">\n<h1 class=\"ls__heading wp-block-heading has-text-align-left ls__heading-undefined post__heading-undefined color1 has-color-1-color has-text-color\" id=\"camping-avec-espace-aquatique-a-la-flotte-en-re\">Kamperen Flower in Finist\u00e8re<\/h1>\n\n\n\n<h2 class=\"ls__heading wp-block-heading has-text-align-left ls__heading-undefined post__heading-undefined border-title color1 has-color-1-color has-text-color\" id=\"notre-piscine-chauffee-a-l-ile-de-re\">Bloemencamping in Bretagne<\/h2>\n\n\n\n<p class=\"ls-paragraph\">In 2013 werd <strong>camping Cap Finist\u00e8re<\/strong> lid van de <strong>Flower Campings<\/strong> keten. <strong>Flower Campings<\/strong> is de grootste onafhankelijke campinguitbater van Frankrijk en biedt kampeervakanties aan in heel Frankrijk, maar vooral in Zuid-Finist\u00e8re, in het uiterste puntje van Bretagne.<\/p>\n\n\n\n<p class=\"ls-paragraph\">Bij Flower Campings willen we, net als op onze camping, vakanties met een menselijk gezicht bieden, in een verzorgde omgeving met een <strong>familiale sfeer<\/strong>.  <\/p>\n\n\n\n<p class=\"ls-paragraph\">Onze camping neemt zijn Flower-verplichtingen zeer serieus, door de campingvakanties te vermenselijken en een persoonlijke klantrelatie op te bouwen met elk van onze gasten.<\/p>\n\n\n\n<div class=\"ls-lire-plus\">\n    <input id=\"ls-lire-plus-block_b6bee2327f262cdead5ab6345ec2f65a69e63e4a6bcc9\" type=\"checkbox\" class=\"ls-lire-plus__toggle\"  \/>\n    <label for=\"ls-lire-plus-block_b6bee2327f262cdead5ab6345ec2f65a69e63e4a6bcc9\" class=\"ls-lire-plus__toggle-label\">\n        <span>Lire plus<\/span>\n        <span>Lire moins<\/span>\n    <\/label>\n    <div class=\"ls-lire-plus__content\">\n        \n\n<ul id=\"block-ec2e5b66-1655-40bd-88a8-4bfb663f9997\" class=\"ls-list wp-block-list\">\n<li>persoonlijk onthaal, attentheid en beschikbaarheid van alle campingmedewerkers  <\/li>\n\n\n\n<li>onberispelijke service en hygi\u00ebne<\/li>\n\n\n\n<li>ambassadeur voor de regio, goede lokale adressen<\/li>\n\n\n\n<li>respect voor de rust van iedereen en voor het milieu<\/li>\n\n\n\n<li>zomerentertainment dat aanwezig is maar niet overweldigend<\/li>\n\n\n\n<li>kwaliteiten gecertificeerd door Qualit\u00e9 Tourisme<\/li>\n\n\n\n<li>My Flower loyaliteitsprogramma om trouwe klanten te bedanken<\/li>\n\n\n\n<li><\/li>\n<\/ul>\n\n\n\n<p class=\"ls-paragraph\">Op Cap Finist\u00e8re kun je genieten van een gevarieerd evenementenprogramma voor alle generaties. Le Club Flower, que l\u2019on retrouve dans la plupart des <strong>campings Flower<\/strong>, assur\u00e9 tous les jours du lundi au vendredi, comblera vos enfants de 4 \u00e0 de 12 ans avec des activit\u00e9s ludiques et p\u00e9dagogiques. Le duo de mascottes Dino, imagin\u00e9 par <a href=\"https:\/\/www.flowercampings.com\/\" target=\"_blank\" rel=\"noreferrer noopener\">Flower Campings<\/a>, s\u00e9duira tous les \u00e2ges.<\/p>\n\n        <div class=\"ls-lire-plus__gradient\" style=\"background: linear-gradient(to bottom,rgba(255,235,204,0) 0%,rgba(255,235,204,1) 100%);\"><\/div>\n    <\/div>\n<\/div><\/div>\n<\/div>\n\n\r\n    <\/div>\r\n<\/section><section id=\"ls-section-block_1798c00fb59f7af9b46d85a7c7c74647\" class=\"ls-section  mot-gerant has-background has-color-4-background-color has-m-t m-t-0 has-m-b m-b-0 has-p-t p-t-0 has-p-b p-b-10\" >\r\n        <div class=\"container \">\r\n        \n\n<div class=\"wp-block-columns has-color-white-background-color has-background is-layout-flex wp-container-core-columns-is-layout-3 wp-block-columns-is-layout-flex\">\n<div class=\"wp-block-column animated fadeInRight delay-100ms slow is-layout-flow wp-block-column-is-layout-flow\" style=\"flex-basis:33.33%\">\n<div class=\"wp-block-columns block-bienvenue is-layout-flex wp-container-core-columns-is-layout-2 wp-block-columns-is-layout-flex\">\n<div class=\"wp-block-column has-color-1-background-color has-background is-layout-flow wp-block-column-is-layout-flow\">\n<figure class=\"wp-block-image size-full is-resized\"><img decoding=\"async\" width=\"200\" height=\"200\" src=\"https:\/\/capfinistere.geek-tonic.dev\/wp-content\/uploads\/sites\/22\/2024\/04\/Design-sans-titre-11.png\" alt=\"Ontwerp zonder titel 11\" class=\"wp-image-7150\" style=\"aspect-ratio:1;object-fit:contain;width:auto;height:150px\" srcset=\"https:\/\/capfinistere.geek-tonic.dev\/wp-content\/uploads\/sites\/22\/2024\/04\/Design-sans-titre-11.png 200w, https:\/\/capfinistere.geek-tonic.dev\/wp-content\/uploads\/sites\/22\/2024\/04\/Design-sans-titre-11-150x150.png 150w\" sizes=\"(max-width: 200px) 100vw, 200px\" \/><\/figure>\n<\/div>\n<\/div>\n\n\n\n<div id=\"ls-heading ls-titre-div-block_96f17bd7f28e13d15b0ba80c60a9a406\" class=\"ls-titre-div titre-citation h1-like\" >\n    Een woordje van Ga\u00ebtan, <em>campingbeheerder<\/em><\/div>\n<\/div>\n\n\n\n<div class=\"wp-block-column is-vertically-aligned-center is-layout-flow wp-block-column-is-layout-flow\" style=\"flex-basis:66.66%\">\n<p class=\"ls-paragraph ls__paragraph post__paragraph citation-text has-color-7-color has-text-color has-link-color wp-elements-cfbe0669a174cf82b0aa3690728f342d\"><em>&#8220;Ons doel is om onze vakantiegangers de meest geschikte vakantie te bieden, daarom houden wij ons aan de Flower Campings verplichtingen, waarvan onze camping lid is geworden in 2013. Mens en natuur staan bij ons centraal, zodat uw vakantie in Zuid-Finist\u00e8re een succes wordt!&#8221;<\/em><\/p>\n<\/div>\n<\/div>\n\n\r\n    <\/div>\r\n<\/section><section id=\"velo\" class=\"ls-section  page-one has-background has-color-white-background-color has-m-t m-t-0 has-m-b m-b-0 has-m-l m-l-0 has-m-r m-r-0\" >\r\n        <div class=\"container container--wide\">\r\n        \n\n<div class=\"wp-block-columns are-vertically-aligned-top is-layout-flex wp-container-core-columns-is-layout-4 wp-block-columns-is-layout-flex\">\n<div class=\"wp-block-column is-vertically-aligned-top animated fadeInLeft delay-100ms slow is-layout-flow wp-block-column-is-layout-flow\">\n<h2 class=\"ls__heading wp-block-heading has-text-align-left has-color-1-color has-text-color\">Onze ecologische verplichtingen op de camping<\/h2>\n\n\n\n<p class=\"ls-paragraph\">Op <a href=\"https:\/\/capfinistere.geek-tonic.dev\/nl\/\">camping Cap Finist\u00e8re<\/a> zetten we ons in voor de <strong>bescherming van de planeet<\/strong> en het behoud van hulpbronnen door middel van een aantal voorzieningen ter plaatse: LED-lampen, stacaravans die als milieuvriendelijk zijn geclassificeerd, gereedschap op batterijen, toiletten met dubbele spoeling in de accommodaties en een druppelsysteem voor besproeiing. Selectief sorteren is mogelijk op de camping op een speciaal daarvoor bestemd punt.<\/p>\n\n\n\n<p class=\"ls-paragraph\">Fietsen is de beste manier om de omgeving te verkennen, of op de Littorale, een fietsroute die naar de stad Pont-L&#8217;abb\u00e9 leidt.<\/p>\n\n\n\n<p class=\"ls-paragraph\">Dit <strong>milieuvriendelijke vervoermiddel<\/strong> kan <strong>gehuurd <\/strong>worden bij de receptie. Profiteer van lokale, biologische en streekproducten bij het campingverkooppunt bij de receptie.  <\/p>\n\n\n\n<p class=\"ls-paragraph\">We hebben ons welkomstboekje gedematerialiseerd via de<strong>mobiele applicatie van Flower Campings<\/strong>, zodat we het printen van papier kunnen beperken.  <\/p>\n\n\n\n<p class=\"ls-paragraph\">Documentatie kan worden geraadpleegd bij de receptie en facturen worden op verzoek verstrekt.<\/p>\n<\/div>\n\n\n\n<div class=\"wp-block-column is-vertically-aligned-top animated fadeInRight slow is-layout-flow wp-block-column-is-layout-flow\">\n<figure class=\"wp-block-image size-full\"><a href=\"https:\/\/capfinistere.geek-tonic.dev\/wp-content\/uploads\/sites\/22\/2022\/09\/engagements-camping-flower-bretagne.jpg\"><img decoding=\"async\" width=\"309\" height=\"309\" src=\"https:\/\/capfinistere.geek-tonic.dev\/wp-content\/uploads\/sites\/22\/2022\/09\/engagements-camping-flower-bretagne.jpg\" alt=\"verplichtingen camping bloem bretagne\" class=\"wp-image-1256\" srcset=\"https:\/\/capfinistere.geek-tonic.dev\/wp-content\/uploads\/sites\/22\/2022\/09\/engagements-camping-flower-bretagne.jpg 309w, https:\/\/capfinistere.geek-tonic.dev\/wp-content\/uploads\/sites\/22\/2022\/09\/engagements-camping-flower-bretagne-300x300.jpg 300w, https:\/\/capfinistere.geek-tonic.dev\/wp-content\/uploads\/sites\/22\/2022\/09\/engagements-camping-flower-bretagne-150x150.jpg 150w\" sizes=\"(max-width: 309px) 100vw, 309px\" \/><\/a><\/figure>\n<\/div>\n<\/div>\n\n\r\n    <\/div>\r\n<\/section><section id=\"ls-section-block_562fe48c2c0140e13b2203e882498e8b\" class=\"ls-section  page-maillage experience has-m-t m-t-0 has-p-t p-t-10\" >\r\n        <div class=\"container container--wide\">\r\n        \n\n<div id=\"ls-heading ls-titre-div-block_79d989828059dc3676061cdf79617031\" class=\"ls-titre-div aligncenter h2-like\" >\n    <strong>Ontdek ons<\/strong> restaurant, onze diensten voor groepen en ons zwembad<\/div>\n\n\n<div id=\"ls-maillage-block_dfd796097c49357b7457a522c8a39d0b\" class=\"ls-maillage cta-style-normal\" data-rows=\"3\">\n    <div class=\"wp-block-columns\"><div class=\"wp-block-column\"><div id=\"destinations\" class=\"ls-cta\">\n\n<a href=\"https:\/\/capfinistere.geek-tonic.dev\/nl\/kamperen-groep-finistere\/\" target=\"\" rel=\"noopener\" class=\"ls-cta__link\">\n\n\t<div class=\"ls-cta__image\"><img decoding=\"async\" src=\"https:\/\/capfinistere.geek-tonic.dev\/wp-content\/uploads\/sites\/22\/2022\/09\/partir-en-vacances-groupe-bretagne.jpg\" alt=\"groepsreizen in bretagne\"><\/div>\n\t<div class=\"ls-cta__title\">\n\t\tGroepen\t<\/div>\n\n\t\t\n<\/a><\/div><\/div><div class=\"wp-block-column\"><div id=\"destinations\" class=\"ls-cta\">\n\n<a href=\"https:\/\/capfinistere.geek-tonic.dev\/nl\/kamperen-waterpark-finistere\/\" target=\"\" rel=\"noopener\" class=\"ls-cta__link\">\n\n\t<div class=\"ls-cta__image\"><img decoding=\"async\" src=\"https:\/\/capfinistere.geek-tonic.dev\/wp-content\/uploads\/sites\/22\/2022\/09\/camping-espaces-aquatiques-penmarch.jpg\" alt=\"camping espaces aquatiques penmarch\"><\/div>\n\t<div class=\"ls-cta__title\">\n\t\tZwembad\t<\/div>\n\n\t\t\n<\/a><\/div><\/div><div class=\"wp-block-column\"><div id=\"destinations\" class=\"ls-cta\">\n\n<a href=\"https:\/\/capfinistere.geek-tonic.dev\/nl\/restauratie-finistere\/\" target=\"\" rel=\"noopener\" class=\"ls-cta__link\">\n\n\t<div class=\"ls-cta__image\"><img decoding=\"async\" src=\"https:\/\/capfinistere.geek-tonic.dev\/wp-content\/uploads\/sites\/22\/2022\/09\/se-restaurer-a-penmarch.jpg\" alt=\"uit eten in penmarch\"><\/div>\n\t<div class=\"ls-cta__title\">\n\t\tRestaurant\t<\/div>\n\n\t\t\n<\/a><\/div><\/div><\/div><\/div>\n\r\n    <\/div>\r\n<\/section>","protected":false},"excerpt":{"rendered":"","protected":false},"author":1,"featured_media":1262,"parent":0,"menu_order":0,"comment_status":"closed","ping_status":"closed","template":"","meta":{"_acf_changed":false,"footnotes":""},"sujet":[],"class_list":["post-4316","page","type-page","status-publish","has-post-thumbnail","hentry"],"acf":[],"yoast_head":"<!-- This site is optimized with the Yoast SEO plugin v23.9 - https:\/\/yoast.com\/wordpress\/plugins\/seo\/ -->\n<title>Flower camping in Bretagne | Erkende camping Flower Finist\u00e8re Sud<\/title>\n<meta name=\"robots\" content=\"noindex, follow, max-snippet:-1, max-image-preview:large, max-video-preview:-1\" \/>\n<meta property=\"og:locale\" content=\"nl_NL\" \/>\n<meta property=\"og:type\" content=\"article\" \/>\n<meta property=\"og:title\" content=\"Flower camping in Bretagne | Erkende camping Flower Finist\u00e8re Sud\" \/>\n<meta property=\"og:url\" content=\"https:\/\/capfinistere.geek-tonic.dev\/nl\/kamperen-flower-finistere\/\" \/>\n<meta property=\"og:site_name\" content=\"Camping Cap Finist\u00e8re\" \/>\n<meta property=\"article:modified_time\" content=\"2024-05-29T09:16:28+00:00\" \/>\n<meta property=\"og:image\" content=\"https:\/\/capfinistere.geek-tonic.dev\/wp-content\/uploads\/sites\/22\/2022\/09\/engagements-ecologique-finistere.jpg\" \/>\n\t<meta property=\"og:image:width\" content=\"1904\" \/>\n\t<meta property=\"og:image:height\" content=\"515\" \/>\n\t<meta property=\"og:image:type\" content=\"image\/jpeg\" \/>\n<meta name=\"twitter:card\" content=\"summary_large_image\" \/>\n<meta name=\"twitter:label1\" content=\"Geschatte leestijd\" \/>\n\t<meta name=\"twitter:data1\" content=\"3 minuten\" \/>\n<script type=\"application\/ld+json\" class=\"yoast-schema-graph\">{\"@context\":\"https:\/\/schema.org\",\"@graph\":[{\"@type\":\"WebPage\",\"@id\":\"https:\/\/capfinistere.geek-tonic.dev\/nl\/kamperen-flower-finistere\/\",\"url\":\"https:\/\/capfinistere.geek-tonic.dev\/nl\/kamperen-flower-finistere\/\",\"name\":\"Flower camping in Bretagne | Erkende camping Flower Finist\u00e8re Sud\",\"isPartOf\":{\"@id\":\"https:\/\/capfinistere.geek-tonic.dev\/nl\/#website\"},\"primaryImageOfPage\":{\"@id\":\"https:\/\/capfinistere.geek-tonic.dev\/nl\/kamperen-flower-finistere\/#primaryimage\"},\"image\":{\"@id\":\"https:\/\/capfinistere.geek-tonic.dev\/nl\/kamperen-flower-finistere\/#primaryimage\"},\"thumbnailUrl\":\"https:\/\/capfinistere.geek-tonic.dev\/wp-content\/uploads\/sites\/22\/2022\/09\/engagements-ecologique-finistere.jpg\",\"datePublished\":\"2022-09-09T12:29:58+00:00\",\"dateModified\":\"2024-05-29T09:16:28+00:00\",\"breadcrumb\":{\"@id\":\"https:\/\/capfinistere.geek-tonic.dev\/nl\/kamperen-flower-finistere\/#breadcrumb\"},\"inLanguage\":\"nl-NL\",\"potentialAction\":[{\"@type\":\"ReadAction\",\"target\":[\"https:\/\/capfinistere.geek-tonic.dev\/nl\/kamperen-flower-finistere\/\"]}]},{\"@type\":\"ImageObject\",\"inLanguage\":\"nl-NL\",\"@id\":\"https:\/\/capfinistere.geek-tonic.dev\/nl\/kamperen-flower-finistere\/#primaryimage\",\"url\":\"https:\/\/capfinistere.geek-tonic.dev\/wp-content\/uploads\/sites\/22\/2022\/09\/engagements-ecologique-finistere.jpg\",\"contentUrl\":\"https:\/\/capfinistere.geek-tonic.dev\/wp-content\/uploads\/sites\/22\/2022\/09\/engagements-ecologique-finistere.jpg\",\"width\":1904,\"height\":515,\"caption\":\"ecologische verplichtingen finist\u00e8re\"},{\"@type\":\"BreadcrumbList\",\"@id\":\"https:\/\/capfinistere.geek-tonic.dev\/nl\/kamperen-flower-finistere\/#breadcrumb\",\"itemListElement\":[{\"@type\":\"ListItem\",\"position\":1,\"name\":\"Camping Finist\u00e8re\",\"item\":\"https:\/\/capfinistere.geek-tonic.dev\/nl\/\"},{\"@type\":\"ListItem\",\"position\":2,\"name\":\"Door bloemen erkende camping in Finist\u00e8re\"}]},{\"@type\":\"WebSite\",\"@id\":\"https:\/\/capfinistere.geek-tonic.dev\/nl\/#website\",\"url\":\"https:\/\/capfinistere.geek-tonic.dev\/nl\/\",\"name\":\"Camping Cap Finist\u00e8re\",\"description\":\"\",\"publisher\":{\"@id\":\"https:\/\/capfinistere.geek-tonic.dev\/nl\/#organization\"},\"potentialAction\":[{\"@type\":\"SearchAction\",\"target\":{\"@type\":\"EntryPoint\",\"urlTemplate\":\"https:\/\/capfinistere.geek-tonic.dev\/nl\/?s={search_term_string}\"},\"query-input\":{\"@type\":\"PropertyValueSpecification\",\"valueRequired\":true,\"valueName\":\"search_term_string\"}}],\"inLanguage\":\"nl-NL\"},{\"@type\":\"Organization\",\"@id\":\"https:\/\/capfinistere.geek-tonic.dev\/nl\/#organization\",\"name\":\"Camping Cap Finist\u00e8re\",\"url\":\"https:\/\/capfinistere.geek-tonic.dev\/nl\/\",\"logo\":{\"@type\":\"ImageObject\",\"inLanguage\":\"nl-NL\",\"@id\":\"https:\/\/capfinistere.geek-tonic.dev\/nl\/#\/schema\/logo\/image\/\",\"url\":\"https:\/\/capfinistere.geek-tonic.dev\/wp-content\/uploads\/sites\/22\/2022\/09\/cropped-logo-Flower-camping-Cap-Finistere.png\",\"contentUrl\":\"https:\/\/capfinistere.geek-tonic.dev\/wp-content\/uploads\/sites\/22\/2022\/09\/cropped-logo-Flower-camping-Cap-Finistere.png\",\"width\":500,\"height\":660,\"caption\":\"Camping Cap Finist\u00e8re\"},\"image\":{\"@id\":\"https:\/\/capfinistere.geek-tonic.dev\/nl\/#\/schema\/logo\/image\/\"}}]}<\/script>\n<!-- \/ Yoast SEO plugin. -->","yoast_head_json":{"title":"Flower camping in Bretagne | Erkende camping Flower Finist\u00e8re Sud","robots":{"index":"noindex","follow":"follow","max-snippet":"max-snippet:-1","max-image-preview":"max-image-preview:large","max-video-preview":"max-video-preview:-1"},"og_locale":"nl_NL","og_type":"article","og_title":"Flower camping in Bretagne | Erkende camping Flower Finist\u00e8re Sud","og_url":"https:\/\/capfinistere.geek-tonic.dev\/nl\/kamperen-flower-finistere\/","og_site_name":"Camping Cap Finist\u00e8re","article_modified_time":"2024-05-29T09:16:28+00:00","og_image":[{"width":1904,"height":515,"url":"https:\/\/capfinistere.geek-tonic.dev\/wp-content\/uploads\/sites\/22\/2022\/09\/engagements-ecologique-finistere.jpg","type":"image\/jpeg"}],"twitter_card":"summary_large_image","twitter_misc":{"Geschatte leestijd":"3 minuten"},"schema":{"@context":"https:\/\/schema.org","@graph":[{"@type":"WebPage","@id":"https:\/\/capfinistere.geek-tonic.dev\/nl\/kamperen-flower-finistere\/","url":"https:\/\/capfinistere.geek-tonic.dev\/nl\/kamperen-flower-finistere\/","name":"Flower camping in Bretagne | Erkende camping Flower Finist\u00e8re Sud","isPartOf":{"@id":"https:\/\/capfinistere.geek-tonic.dev\/nl\/#website"},"primaryImageOfPage":{"@id":"https:\/\/capfinistere.geek-tonic.dev\/nl\/kamperen-flower-finistere\/#primaryimage"},"image":{"@id":"https:\/\/capfinistere.geek-tonic.dev\/nl\/kamperen-flower-finistere\/#primaryimage"},"thumbnailUrl":"https:\/\/capfinistere.geek-tonic.dev\/wp-content\/uploads\/sites\/22\/2022\/09\/engagements-ecologique-finistere.jpg","datePublished":"2022-09-09T12:29:58+00:00","dateModified":"2024-05-29T09:16:28+00:00","breadcrumb":{"@id":"https:\/\/capfinistere.geek-tonic.dev\/nl\/kamperen-flower-finistere\/#breadcrumb"},"inLanguage":"nl-NL","potentialAction":[{"@type":"ReadAction","target":["https:\/\/capfinistere.geek-tonic.dev\/nl\/kamperen-flower-finistere\/"]}]},{"@type":"ImageObject","inLanguage":"nl-NL","@id":"https:\/\/capfinistere.geek-tonic.dev\/nl\/kamperen-flower-finistere\/#primaryimage","url":"https:\/\/capfinistere.geek-tonic.dev\/wp-content\/uploads\/sites\/22\/2022\/09\/engagements-ecologique-finistere.jpg","contentUrl":"https:\/\/capfinistere.geek-tonic.dev\/wp-content\/uploads\/sites\/22\/2022\/09\/engagements-ecologique-finistere.jpg","width":1904,"height":515,"caption":"ecologische verplichtingen finist\u00e8re"},{"@type":"BreadcrumbList","@id":"https:\/\/capfinistere.geek-tonic.dev\/nl\/kamperen-flower-finistere\/#breadcrumb","itemListElement":[{"@type":"ListItem","position":1,"name":"Camping Finist\u00e8re","item":"https:\/\/capfinistere.geek-tonic.dev\/nl\/"},{"@type":"ListItem","position":2,"name":"Door bloemen erkende camping in Finist\u00e8re"}]},{"@type":"WebSite","@id":"https:\/\/capfinistere.geek-tonic.dev\/nl\/#website","url":"https:\/\/capfinistere.geek-tonic.dev\/nl\/","name":"Camping Cap Finist\u00e8re","description":"","publisher":{"@id":"https:\/\/capfinistere.geek-tonic.dev\/nl\/#organization"},"potentialAction":[{"@type":"SearchAction","target":{"@type":"EntryPoint","urlTemplate":"https:\/\/capfinistere.geek-tonic.dev\/nl\/?s={search_term_string}"},"query-input":{"@type":"PropertyValueSpecification","valueRequired":true,"valueName":"search_term_string"}}],"inLanguage":"nl-NL"},{"@type":"Organization","@id":"https:\/\/capfinistere.geek-tonic.dev\/nl\/#organization","name":"Camping Cap Finist\u00e8re","url":"https:\/\/capfinistere.geek-tonic.dev\/nl\/","logo":{"@type":"ImageObject","inLanguage":"nl-NL","@id":"https:\/\/capfinistere.geek-tonic.dev\/nl\/#\/schema\/logo\/image\/","url":"https:\/\/capfinistere.geek-tonic.dev\/wp-content\/uploads\/sites\/22\/2022\/09\/cropped-logo-Flower-camping-Cap-Finistere.png","contentUrl":"https:\/\/capfinistere.geek-tonic.dev\/wp-content\/uploads\/sites\/22\/2022\/09\/cropped-logo-Flower-camping-Cap-Finistere.png","width":500,"height":660,"caption":"Camping Cap Finist\u00e8re"},"image":{"@id":"https:\/\/capfinistere.geek-tonic.dev\/nl\/#\/schema\/logo\/image\/"}}]}},"_links":{"self":[{"href":"https:\/\/capfinistere.geek-tonic.dev\/nl\/wp-json\/wp\/v2\/pages\/4316","targetHints":{"allow":["GET"]}}],"collection":[{"href":"https:\/\/capfinistere.geek-tonic.dev\/nl\/wp-json\/wp\/v2\/pages"}],"about":[{"href":"https:\/\/capfinistere.geek-tonic.dev\/nl\/wp-json\/wp\/v2\/types\/page"}],"author":[{"embeddable":true,"href":"https:\/\/capfinistere.geek-tonic.dev\/nl\/wp-json\/wp\/v2\/users\/1"}],"replies":[{"embeddable":true,"href":"https:\/\/capfinistere.geek-tonic.dev\/nl\/wp-json\/wp\/v2\/comments?post=4316"}],"version-history":[{"count":19,"href":"https:\/\/capfinistere.geek-tonic.dev\/nl\/wp-json\/wp\/v2\/pages\/4316\/revisions"}],"predecessor-version":[{"id":7596,"href":"https:\/\/capfinistere.geek-tonic.dev\/nl\/wp-json\/wp\/v2\/pages\/4316\/revisions\/7596"}],"wp:featuredmedia":[{"embeddable":true,"href":"https:\/\/capfinistere.geek-tonic.dev\/nl\/wp-json\/wp\/v2\/media\/1262"}],"wp:attachment":[{"href":"https:\/\/capfinistere.geek-tonic.dev\/nl\/wp-json\/wp\/v2\/media?parent=4316"}],"wp:term":[{"taxonomy":"sujet","embeddable":true,"href":"https:\/\/capfinistere.geek-tonic.dev\/nl\/wp-json\/wp\/v2\/sujet?post=4316"}],"curies":[{"name":"wp","href":"https:\/\/api.w.org\/{rel}","templated":true}]}}