{"id":4077,"date":"2022-09-09T14:33:20","date_gmt":"2022-09-09T12:33:20","guid":{"rendered":"https:\/\/capfinistere.geek-tonic.dev\/contact-acces\/"},"modified":"2024-07-17T11:07:37","modified_gmt":"2024-07-17T09:07:37","slug":"contact-toegang","status":"publish","type":"page","link":"https:\/\/capfinistere.geek-tonic.dev\/nl\/contact-toegang\/","title":{"rendered":"Informatie en contact"},"content":{"rendered":"<section id=\"ls-section-block_866262cf90a4d49a3d724834365a1aed\" class=\"ls-section  page-one has-background has-color-4-background-color has-m-t m-t-0 has-m-b m-b-0 has-p-t p-t-14\" >\r\n        <div class=\"container container--wide\">\r\n        \n\n<div class=\"wp-block-columns is-layout-flex wp-container-core-columns-is-layout-1 wp-block-columns-is-layout-flex\">\n<div class=\"wp-block-column is-vertically-aligned-top animated fadeInLeft delay-100ms slow is-layout-flow wp-block-column-is-layout-flow\">\n<div class=\"wp-block-contact-form-7-contact-form-selector\">\n<div class=\"wpcf7 no-js\" id=\"wpcf7-f7467-o1\" lang=\"nl-NL\" dir=\"ltr\" data-wpcf7-id=\"7467\">\n<div class=\"screen-reader-response\"><p role=\"status\" aria-live=\"polite\" aria-atomic=\"true\"><\/p> <ul><\/ul><\/div>\n<form action=\"\/nl\/wp-json\/wp\/v2\/pages\/4077#wpcf7-f7467-o1\" method=\"post\" class=\"wpcf7-form init\" aria-label=\"Contactformulier\" novalidate=\"novalidate\" data-status=\"init\">\n<div style=\"display: none;\">\n<input type=\"hidden\" name=\"_wpcf7\" value=\"7467\" \/>\n<input type=\"hidden\" name=\"_wpcf7_version\" value=\"6.0\" \/>\n<input type=\"hidden\" name=\"_wpcf7_locale\" value=\"nl_NL\" \/>\n<input type=\"hidden\" name=\"_wpcf7_unit_tag\" value=\"wpcf7-f7467-o1\" \/>\n<input type=\"hidden\" name=\"_wpcf7_container_post\" value=\"0\" \/>\n<input type=\"hidden\" name=\"_wpcf7_posted_data_hash\" value=\"\" \/>\n<input type=\"hidden\" name=\"_wpcf7_recaptcha_response\" value=\"\" \/>\n<\/div>\n<p><label> Uw naam<br \/>\n<span class=\"wpcf7-form-control-wrap\" data-name=\"your-name\"><input size=\"40\" maxlength=\"400\" class=\"wpcf7-form-control wpcf7-text wpcf7-validates-as-required\" autocomplete=\"name\" aria-required=\"true\" aria-invalid=\"false\" value=\"\" type=\"text\" name=\"your-name\" \/><\/span> <\/label>\n<\/p>\n<p><label> Uw e-mail<br \/>\n<span class=\"wpcf7-form-control-wrap\" data-name=\"your-email\"><input size=\"40\" maxlength=\"400\" class=\"wpcf7-form-control wpcf7-email wpcf7-validates-as-required wpcf7-text wpcf7-validates-as-email\" autocomplete=\"email\" aria-required=\"true\" aria-invalid=\"false\" value=\"\" type=\"email\" name=\"your-email\" \/><\/span> <\/label>\n<\/p>\n<p><label> Object<br \/>\n<span class=\"wpcf7-form-control-wrap\" data-name=\"your-subject\"><input size=\"40\" maxlength=\"400\" class=\"wpcf7-form-control wpcf7-text wpcf7-validates-as-required\" aria-required=\"true\" aria-invalid=\"false\" value=\"\" type=\"text\" name=\"your-subject\" \/><\/span> <\/label>\n<\/p>\n<p><label> Uw bericht<br \/>\n<span class=\"wpcf7-form-control-wrap\" data-name=\"your-message\"><textarea cols=\"40\" rows=\"10\" maxlength=\"2000\" class=\"wpcf7-form-control wpcf7-textarea\" aria-invalid=\"false\" name=\"your-message\"><\/textarea><\/span> <\/label>\n<\/p>\n<p><span class=\"wpcf7-form-control-wrap\" data-name=\"acceptance-746\"><span class=\"wpcf7-form-control wpcf7-acceptance\"><span class=\"wpcf7-list-item\"><label><input type=\"checkbox\" name=\"acceptance-746\" value=\"1\" aria-invalid=\"false\" \/><span class=\"wpcf7-list-item-label\">Door dit vakje aan te vinken, accepteer ik het <a href=\"\/nl\/privacybeleid\/\" rel=\"nofollow\" target=\"_blank\">privacybeleid<\/a> van deze site.<\/span><\/label><\/span><\/span><\/span>\n<\/p>\n<p><input class=\"wpcf7-form-control wpcf7-submit has-spinner\" type=\"submit\" value=\"Stuur\" \/>\n<\/p><input type='hidden' class='wpcf7-pum' value='{\"closepopup\":false,\"closedelay\":0,\"openpopup\":false,\"openpopup_id\":0}' \/><div class=\"wpcf7-response-output\" aria-hidden=\"true\"><\/div>\n<\/form>\n<\/div>\n<\/div>\n<\/div>\n\n\n\n<div class=\"wp-block-column is-vertically-aligned-center animated fadeInRight slow is-layout-flow wp-block-column-is-layout-flow\">\n<h1 class=\"ls__heading wp-block-heading has-text-align-left ls__heading-undefined post__heading-undefined color1\" id=\"contact-et-acces\">Contact en toegang<\/h1>\n\n\n\n<h2 class=\"ls__heading wp-block-heading ls__heading-undefined post__heading-undefined color1\" id=\"nous-contacter\">Neem contact met ons op<\/h2>\n\n\n\n<p class=\"ls-paragraph\">Ga\u00e9tan en zijn receptieteam helpen je graag het hele jaar door, telefonisch op <strong>+33 (0)2 98 58 66 93<\/strong>, elke dag van 9u-12u \/ 14u-17u. Openingstijden van de telefooncentrale kunnen vari\u00ebren afhankelijk van het seizoen. Als je niet beschikbaar bent, kun je een bericht achterlaten. Ons team neemt dan zo snel mogelijk contact met je op.<\/p>\n\n\n\n<p class=\"ls-paragraph\">U kunt uw verzoek per post sturen naar het adres van de camping of per e-mail: <a href=\"maito:capfinistere@flowercampings.com\">capfinistere@flowercampings.com<\/a>. Je kunt ook contact met ons opnemen door het contactformulier in te vullen.<\/p>\n\n\n\n<p class=\"ls-paragraph\">Volg ons laatste nieuws en speciale aanbiedingen op Instagram en Facebook en laat een berichtje achter.<\/p>\n<\/div>\n<\/div>\n\n\r\n    <\/div>\r\n<\/section><section id=\"ls-section-block_d4d0c301380e020bfb627f463cd8b3d6\" class=\"ls-section  page-one aventure\" >\r\n        <div class=\"container container--full\">\r\n        \n\n<div class=\"wp-block-columns is-layout-flex wp-container-core-columns-is-layout-2 wp-block-columns-is-layout-flex\">\n<div class=\"wp-block-column is-vertically-aligned-center animated fadeInLeft delay-100ms slow is-layout-flow wp-block-column-is-layout-flow\" style=\"flex-basis:50%\">\n<h2 class=\"ls__heading wp-block-heading ls__heading-undefined post__heading-undefined color1\" id=\"veniraucamping\">Naar de camping komen<\/h2>\n\n\n\n<p class=\"ls-paragraph ls__paragraph\">Om Cap Finist\u00e8re te bereiken vanuit Quimper, ga je richting Audierne\/Gwaien\/Penhars en volg je de departementale 785. Neem de unieke route door Pont L&#8217;abb\u00e9 en geniet van het omringende landschap op weg naar je <a href=\"https:\/\/capfinistere.geek-tonic.dev\/nl\/\">camping in Penmarch<\/a>. Je doorkruist de gemeente Plomeur en volgt de richting van de pointe de Penmarch. Aan de rand van de stad kom je bij een rotonde. Sla linksaf naar d\u00e9partementale 53. Je kunt de blauwe Flower Camping-vlag gebruiken om de camping aan je linkerkant te vinden.<\/p>\n\n\n\n<p class=\"ls-paragraph ls__paragraph\">Voer ons adres in je GPS in:<\/p>\n\n\n\n<ul class=\"ls-list wp-block-list\">\n\n<li>20 Rue de Gouesnach N\u00e9vez<\/li>\n\n\n<li>29760 Penmarc&#8217;h<\/li>\n\n<\/ul>\n\n\n\n<p class=\"ls-paragraph ls__paragraph\">Of onze GPS-co\u00f6rdinaten:  <\/p>\n\n\n\n<ul class=\"ls-list wp-block-list\">\n\n<li>N 47\u00b0 49&#8242; 8.2927&#8243;<\/li>\n\n\n<li>O 4\u00b0 18&#8242; 34.4045&#8243;<\/li>\n\n<\/ul>\n<\/div>\n\n\n\n<div class=\"wp-block-column animated fadeInRight slow is-layout-flow wp-block-column-is-layout-flow\" style=\"flex-basis:50%\">\n<iframe src=\"https:\/\/www.google.com\/maps\/embed?pb=!1m18!1m12!1m3!1d36050.227718756134!2d-4.313100259053845!3d47.81151184246362!2m3!1f0!2f0!3f0!3m2!1i1024!2i768!4f13.1!3m3!1m2!1s0x4817306d98cd607f%3A0x78da83f9f6cf307d!2sFlower%20Camping%20Les%20Gen%C3%AAts!5e0!3m2!1sfr!2sfr!4v1663145387241!5m2!1sfr!2sfr\" width=\"100%\" height=\"500\" style=\"border:0;\" allowfullscreen=\"\" loading=\"lazy\" referrerpolicy=\"no-referrer-when-downgrade\"><\/iframe>\n<\/div>\n<\/div>\n\n\r\n    <\/div>\r\n<\/section><section id=\"ls-section-block_4ba3bed4f8da8d2feb3465ca14850c80\" class=\"ls-section  has-background has-color-4-background-color has-m-b m-b-0\" >\r\n        <div class=\"container container--wide\">\r\n        \n\n<div class=\"wp-block-columns is-layout-flex wp-container-core-columns-is-layout-3 wp-block-columns-is-layout-flex\">\n<div class=\"wp-block-column animated fadeInLeft delay-100ms slow is-layout-flow wp-block-column-is-layout-flow\">\n<figure class=\"wp-block-image size-large\"><a href=\"https:\/\/capfinistere.geek-tonic.dev\/wp-content\/uploads\/sites\/22\/2024\/04\/reception-camping-finistere.webp\"><img decoding=\"async\" width=\"1024\" height=\"683\" src=\"https:\/\/capfinistere.geek-tonic.dev\/wp-content\/uploads\/sites\/22\/2024\/04\/reception-camping-finistere-1024x683.webp\" alt=\"receptie camping finist&#xE8;re\" class=\"wp-image-7004\" srcset=\"https:\/\/capfinistere.geek-tonic.dev\/wp-content\/uploads\/sites\/22\/2024\/04\/reception-camping-finistere-1024x683.webp 1024w, https:\/\/capfinistere.geek-tonic.dev\/wp-content\/uploads\/sites\/22\/2024\/04\/reception-camping-finistere-300x200.webp 300w, https:\/\/capfinistere.geek-tonic.dev\/wp-content\/uploads\/sites\/22\/2024\/04\/reception-camping-finistere-768x512.webp 768w, https:\/\/capfinistere.geek-tonic.dev\/wp-content\/uploads\/sites\/22\/2024\/04\/reception-camping-finistere.webp 1200w\" sizes=\"(max-width: 1024px) 100vw, 1024px\" \/><\/a><\/figure>\n<\/div>\n\n\n\n<div class=\"wp-block-column animated fadeInRight slow is-layout-flow wp-block-column-is-layout-flow\">\n<h2 class=\"ls__heading wp-block-heading has-text-align-left ls__heading-undefined post__heading-undefined color1\" id=\"infos-pratiques\">Praktische informatie<\/h2>\n\n\n\n<p class=\"ls-paragraph\">Onze camping beslaat bijna 5 hectare en heeft in totaal 174 staanplaatsen. Op onze site vind je 124 huuraccommodaties (waaronder 27 bewoners) en 50 kampeerplaatsen (hoeveelheden kunnen zonder kennisgeving worden gewijzigd).<\/p>\n\n\n\n<p class=\"ls-paragraph\">Onze camping is toegankelijk voor mensen met beperkte mobiliteit.<\/p>\n\n\n\n<p class=\"ls-paragraph\">Ons receptieteam spreekt Frans, Engels en Spaans.<\/p>\n\n\n\n<p class=\"ls-paragraph\">Honden zijn onder bepaalde voorwaarden welkom. Neem contact op met de camping voor meer informatie.<\/p>\n<\/div>\n<\/div>\n\n\r\n    <\/div>\r\n<\/section><section id=\"ls-section-block_c34f582ff573140e8148f57fd9624fc1\" class=\"ls-section  has-background has-color-4-background-color has-m-t m-t-0 has-m-b m-b-0\" >\r\n        <div class=\"container container--wide\">\r\n        \n\n<div class=\"wp-block-columns is-layout-flex wp-container-core-columns-is-layout-4 wp-block-columns-is-layout-flex\">\n<div class=\"wp-block-column animated fadeInLeft delay-100ms slow is-layout-flow wp-block-column-is-layout-flow\">\n<div id=\"ls-heading ls-titre-div-block_fff0f2a3896b2ed4a8f9beedc84aae10\" class=\"ls-titre-div h3-like has-text-color has-color-1-color\" >\n    Openingstijden van de camping en diensten<\/div>\n\n\n\n<p class=\"ls-paragraph\">Onze camping is geopend van april tot en met november. Tijdens deze periode kun je gebruik maken van alle diensten ter plaatse: receptie, sanitair, speeltuinen, fietsverhuur, barbecues, beddengoed en handdoeken, brooddepot. Het verwarmde, overdekte zwembad, het restaurant en de kruidenierswinkel zijn ook het hele seizoen geopend.<\/p>\n\n\n\n<p class=\"ls-paragraph\">De receptie is het hele seizoen geopend op de volgende tijden (ter informatie, onder voorbehoud van wijzigingen):<\/p>\n\n\n\n<ul class=\"ls-list wp-block-list\">\n\n<li>Laagseizoen: 8.30-12.30 \/ 13.30-18.30<\/li>\n\n\n<li>Hoogseizoen: 8.30-8.00<\/li>\n\n<\/ul>\n\n\n\n<div class=\"ls-lire-plus\">\n    <input id=\"ls-lire-plus-block_607e05d36ae81b483fca7e3bf672dbfe69e62c49944e4\" type=\"checkbox\" class=\"ls-lire-plus__toggle\"  \/>\n    <label for=\"ls-lire-plus-block_607e05d36ae81b483fca7e3bf672dbfe69e62c49944e4\" class=\"ls-lire-plus__toggle-label\">\n        <span>Lire plus<\/span>\n        <span>Lire moins<\/span>\n    <\/label>\n    <div class=\"ls-lire-plus__content\">\n        \n\n<p class=\"ls-paragraph\">In het geval van een late aankomst, d.w.z. nadat de receptie is gesloten, zouden we het op prijs stellen als u ons op de hoogte stelt van uw verwachte aankomsttijd. Zo kunnen we je late aankomst organiseren en je alle essenti\u00eble informatie per e-mail of telefoon geven: waar je je sleutel en toegangscode kunt ophalen, plattegrond van de camping, dienstregeling en <a href=\"https:\/\/capfinistere.geek-tonic.dev\/nl\/restauratie-finistere\/\">restaurantmenu<\/a>.<\/p>\n\n\n\n<p class=\"ls-paragraph\">Dit zijn onze aankomst- en vertrektijden voor uw kampeervakantie in Penmarc&#8217;h:<\/p>\n\n\n\n<ul class=\"ls-list wp-block-list\">\n\n<li><a href=\"https:\/\/capfinistere.geek-tonic.dev\/nl\/verhuur-mobiel-thuis-finistere\/\">verhuur <\/a>: aankomst na 16.00 uur en vertrek voor 10.00 uur<\/li>\n\n\n<li>verblijf op een <a href=\"https:\/\/capfinistere.geek-tonic.dev\/nl\/verhuur-plaats-finistere\/\">kale kampeerplaats<\/a>: na 12 uur en vertrek voor 12 uur<\/li>\n\n<\/ul>\n\n\n\n<p class=\"ls-paragraph\">Profiteer in de zomer van ons animatieprogramma tijdens de schoolvakantie van 8\/07 tot 30\/08. Ga naar de <a href=\"https:\/\/capfinistere.geek-tonic.dev\/nl\/kamperen-animaties-finistere\/\">evenementenpagina<\/a> voor meer informatie over onze evenementen.<\/p>\n\n        <div class=\"ls-lire-plus__gradient\" style=\"background: linear-gradient(to bottom,rgba(255,235,204,0) 0%,rgba(255,235,204,1) 100%);\"><\/div>\n    <\/div>\n<\/div><\/div>\n\n\n\n<div class=\"wp-block-column animated fadeInRight slow is-layout-flow wp-block-column-is-layout-flow\">\n<div id=\"ls-heading ls-titre-div-block_d09ea0d187ce2b0145c4cd20dd26278e\" class=\"ls-titre-div h3-like has-text-color has-color-1-color\" >\n    Veiligheid en borg<\/div>\n\n\n\n<p class=\"ls-paragraph\">Bij Cap Finist\u00e8re is de rust van onze vakantiegangers een van onze topprioriteiten. Daarom is autoverkeer op de camping verboden van 23.00 tot 07.00 uur. Bij aankomst krijg je een in- en uitgangscode om de camping overdag tussen 7.00 en 23.00 uur te betreden of te verlaten. Voor vakantiegangers die &#8217;s nachts op de camping aankomen, is er een parkeerplaats rechts van de ingang van de camping. De camping is 24 uur per dag toegankelijk voor voetgangers en fietsers, vlakbij de poorten.<\/p>\n\n\n\n<p class=\"ls-paragraph\">Neem in het geval van een incident of geluidsoverlast contact op met een noodnummer dat je bij aankomst wordt gegeven.<\/p>\n\n\n\n<div class=\"ls-lire-plus\">\n    <input id=\"ls-lire-plus-block_607e05d36ae81b483fca7e3bf672dbfe69e62c4994e51\" type=\"checkbox\" class=\"ls-lire-plus__toggle\"  \/>\n    <label for=\"ls-lire-plus-block_607e05d36ae81b483fca7e3bf672dbfe69e62c4994e51\" class=\"ls-lire-plus__toggle-label\">\n        <span>Lire plus<\/span>\n        <span>Lire moins<\/span>\n    <\/label>\n    <div class=\"ls-lire-plus__content\">\n        \n\n<p class=\"ls-paragraph\">Bij aankomst vragen we een borg van \u20ac300, ongeacht de duur van je verblijf. Voor kampeerplaatsen vragen we betaling voor de eerste nacht van je verblijf. Je vindt alle informatie over de receptie op onze <a href=\"https:\/\/capfinistere.geek-tonic.dev\/nl\/kamperen-familie-finistere\/\">dienstenpagina<\/a>.<\/p>\n\n\n\n<p class=\"ls-paragraph\">Wanneer je vertrekt, zal ons team je accommodatie systematisch controleren. We raden je aan om je aan te melden voor het schema van vertrekinspecties, zodat je je met een gerust hart kunt voorbereiden op het einde van je verblijf. Ingangscontroles worden niet uitgevoerd op Cap Finist\u00e8re, omdat deze vooraf worden uitgevoerd door onze hygi\u00ebneteams.<\/p>\n\n\n\n<p class=\"ls-paragraph\">Ontdek meer over onze camping door onze algemene verkoopvoorwaarden te downloaden of op onze <a href=\"https:\/\/www.flowercampings.com\/page\/application-mobile\" target=\"_blank\" rel=\"noreferrer noopener\"> My Flower applicatie<\/a>.<\/p>\n\n\n\n<p class=\"ls-paragraph\">Kies Cap Finist\u00e8re voor uw kampeervakantie in Penmarc&#8217;h en profiteer van onze beschikbaarheid en speciale aanbiedingen voor een droomvakantie op een staanplaats of in een huuraccommodatie.<\/p>\n\n        <div class=\"ls-lire-plus__gradient\" style=\"background: linear-gradient(to bottom,rgba(255,235,204,0) 0%,rgba(255,235,204,1) 100%);\"><\/div>\n    <\/div>\n<\/div><\/div>\n<\/div>\n\n\r\n    <\/div>\r\n<\/section>","protected":false},"excerpt":{"rendered":"","protected":false},"author":1,"featured_media":3432,"parent":0,"menu_order":0,"comment_status":"closed","ping_status":"closed","template":"","meta":{"_acf_changed":false,"footnotes":""},"sujet":[],"class_list":["post-4077","page","type-page","status-publish","has-post-thumbnail","hentry"],"acf":[],"yoast_head":"<!-- This site is optimized with the Yoast SEO plugin v23.9 - https:\/\/yoast.com\/wordpress\/plugins\/seo\/ -->\n<title>Contact, toegang camping Finist\u00e8re | Routebeschrijving en contact camping Penmarch<\/title>\n<meta name=\"description\" content=\"Camping Cap Finist\u00e8re les Gen\u00eats heet je welkom in Penmarch, in de Bretonse regio Finist\u00e8re. 4-sterrencamping op 1500 meter van het strand. Verhuur van stacaravans\" \/>\n<meta name=\"robots\" content=\"noindex, follow, max-snippet:-1, max-image-preview:large, max-video-preview:-1\" \/>\n<meta property=\"og:locale\" content=\"nl_NL\" \/>\n<meta property=\"og:type\" content=\"article\" \/>\n<meta property=\"og:title\" content=\"Contact, toegang camping Finist\u00e8re | Routebeschrijving en contact camping Penmarch\" \/>\n<meta property=\"og:description\" content=\"Camping Cap Finist\u00e8re les Gen\u00eats heet je welkom in Penmarch, in de Bretonse regio Finist\u00e8re. 4-sterrencamping op 1500 meter van het strand. Verhuur van stacaravans\" \/>\n<meta property=\"og:url\" content=\"https:\/\/capfinistere.geek-tonic.dev\/nl\/contact-toegang\/\" \/>\n<meta property=\"og:site_name\" content=\"Camping Cap Finist\u00e8re\" \/>\n<meta property=\"article:modified_time\" content=\"2024-07-17T09:07:37+00:00\" \/>\n<meta property=\"og:image\" content=\"https:\/\/capfinistere.geek-tonic.dev\/wp-content\/uploads\/sites\/22\/2022\/09\/venir-camping-finistere-1.jpg\" \/>\n\t<meta property=\"og:image:width\" content=\"1904\" \/>\n\t<meta property=\"og:image:height\" content=\"515\" \/>\n\t<meta property=\"og:image:type\" content=\"image\/jpeg\" \/>\n<meta name=\"twitter:card\" content=\"summary_large_image\" \/>\n<meta name=\"twitter:label1\" content=\"Geschatte leestijd\" \/>\n\t<meta name=\"twitter:data1\" content=\"4 minuten\" \/>\n<script type=\"application\/ld+json\" class=\"yoast-schema-graph\">{\"@context\":\"https:\/\/schema.org\",\"@graph\":[{\"@type\":\"WebPage\",\"@id\":\"https:\/\/capfinistere.geek-tonic.dev\/nl\/contact-toegang\/\",\"url\":\"https:\/\/capfinistere.geek-tonic.dev\/nl\/contact-toegang\/\",\"name\":\"Contact, toegang camping Finist\u00e8re | Routebeschrijving en contact camping Penmarch\",\"isPartOf\":{\"@id\":\"https:\/\/capfinistere.geek-tonic.dev\/nl\/#website\"},\"primaryImageOfPage\":{\"@id\":\"https:\/\/capfinistere.geek-tonic.dev\/nl\/contact-toegang\/#primaryimage\"},\"image\":{\"@id\":\"https:\/\/capfinistere.geek-tonic.dev\/nl\/contact-toegang\/#primaryimage\"},\"thumbnailUrl\":\"https:\/\/capfinistere.geek-tonic.dev\/wp-content\/uploads\/sites\/22\/2022\/09\/venir-camping-finistere-1.jpg\",\"datePublished\":\"2022-09-09T12:33:20+00:00\",\"dateModified\":\"2024-07-17T09:07:37+00:00\",\"description\":\"Camping Cap Finist\u00e8re les Gen\u00eats heet je welkom in Penmarch, in de Bretonse regio Finist\u00e8re. 4-sterrencamping op 1500 meter van het strand. Verhuur van stacaravans\",\"breadcrumb\":{\"@id\":\"https:\/\/capfinistere.geek-tonic.dev\/nl\/contact-toegang\/#breadcrumb\"},\"inLanguage\":\"nl-NL\",\"potentialAction\":[{\"@type\":\"ReadAction\",\"target\":[\"https:\/\/capfinistere.geek-tonic.dev\/nl\/contact-toegang\/\"]}]},{\"@type\":\"ImageObject\",\"inLanguage\":\"nl-NL\",\"@id\":\"https:\/\/capfinistere.geek-tonic.dev\/nl\/contact-toegang\/#primaryimage\",\"url\":\"https:\/\/capfinistere.geek-tonic.dev\/wp-content\/uploads\/sites\/22\/2022\/09\/venir-camping-finistere-1.jpg\",\"contentUrl\":\"https:\/\/capfinistere.geek-tonic.dev\/wp-content\/uploads\/sites\/22\/2022\/09\/venir-camping-finistere-1.jpg\",\"width\":1904,\"height\":515,\"caption\":\"komen kamperen finist\u00e8re\"},{\"@type\":\"BreadcrumbList\",\"@id\":\"https:\/\/capfinistere.geek-tonic.dev\/nl\/contact-toegang\/#breadcrumb\",\"itemListElement\":[{\"@type\":\"ListItem\",\"position\":1,\"name\":\"Camping Finist\u00e8re\",\"item\":\"https:\/\/capfinistere.geek-tonic.dev\/nl\/\"},{\"@type\":\"ListItem\",\"position\":2,\"name\":\"Contact, routebeschrijving\"}]},{\"@type\":\"WebSite\",\"@id\":\"https:\/\/capfinistere.geek-tonic.dev\/nl\/#website\",\"url\":\"https:\/\/capfinistere.geek-tonic.dev\/nl\/\",\"name\":\"Camping Cap Finist\u00e8re\",\"description\":\"\",\"publisher\":{\"@id\":\"https:\/\/capfinistere.geek-tonic.dev\/nl\/#organization\"},\"potentialAction\":[{\"@type\":\"SearchAction\",\"target\":{\"@type\":\"EntryPoint\",\"urlTemplate\":\"https:\/\/capfinistere.geek-tonic.dev\/nl\/?s={search_term_string}\"},\"query-input\":{\"@type\":\"PropertyValueSpecification\",\"valueRequired\":true,\"valueName\":\"search_term_string\"}}],\"inLanguage\":\"nl-NL\"},{\"@type\":\"Organization\",\"@id\":\"https:\/\/capfinistere.geek-tonic.dev\/nl\/#organization\",\"name\":\"Camping Cap Finist\u00e8re\",\"url\":\"https:\/\/capfinistere.geek-tonic.dev\/nl\/\",\"logo\":{\"@type\":\"ImageObject\",\"inLanguage\":\"nl-NL\",\"@id\":\"https:\/\/capfinistere.geek-tonic.dev\/nl\/#\/schema\/logo\/image\/\",\"url\":\"https:\/\/capfinistere.geek-tonic.dev\/wp-content\/uploads\/sites\/22\/2022\/09\/cropped-logo-Flower-camping-Cap-Finistere.png\",\"contentUrl\":\"https:\/\/capfinistere.geek-tonic.dev\/wp-content\/uploads\/sites\/22\/2022\/09\/cropped-logo-Flower-camping-Cap-Finistere.png\",\"width\":500,\"height\":660,\"caption\":\"Camping Cap Finist\u00e8re\"},\"image\":{\"@id\":\"https:\/\/capfinistere.geek-tonic.dev\/nl\/#\/schema\/logo\/image\/\"}}]}<\/script>\n<!-- \/ Yoast SEO plugin. -->","yoast_head_json":{"title":"Contact, toegang camping Finist\u00e8re | Routebeschrijving en contact camping Penmarch","description":"Camping Cap Finist\u00e8re les Gen\u00eats heet je welkom in Penmarch, in de Bretonse regio Finist\u00e8re. 4-sterrencamping op 1500 meter van het strand. Verhuur van stacaravans","robots":{"index":"noindex","follow":"follow","max-snippet":"max-snippet:-1","max-image-preview":"max-image-preview:large","max-video-preview":"max-video-preview:-1"},"og_locale":"nl_NL","og_type":"article","og_title":"Contact, toegang camping Finist\u00e8re | Routebeschrijving en contact camping Penmarch","og_description":"Camping Cap Finist\u00e8re les Gen\u00eats heet je welkom in Penmarch, in de Bretonse regio Finist\u00e8re. 4-sterrencamping op 1500 meter van het strand. Verhuur van stacaravans","og_url":"https:\/\/capfinistere.geek-tonic.dev\/nl\/contact-toegang\/","og_site_name":"Camping Cap Finist\u00e8re","article_modified_time":"2024-07-17T09:07:37+00:00","og_image":[{"width":1904,"height":515,"url":"https:\/\/capfinistere.geek-tonic.dev\/wp-content\/uploads\/sites\/22\/2022\/09\/venir-camping-finistere-1.jpg","type":"image\/jpeg"}],"twitter_card":"summary_large_image","twitter_misc":{"Geschatte leestijd":"4 minuten"},"schema":{"@context":"https:\/\/schema.org","@graph":[{"@type":"WebPage","@id":"https:\/\/capfinistere.geek-tonic.dev\/nl\/contact-toegang\/","url":"https:\/\/capfinistere.geek-tonic.dev\/nl\/contact-toegang\/","name":"Contact, toegang camping Finist\u00e8re | Routebeschrijving en contact camping Penmarch","isPartOf":{"@id":"https:\/\/capfinistere.geek-tonic.dev\/nl\/#website"},"primaryImageOfPage":{"@id":"https:\/\/capfinistere.geek-tonic.dev\/nl\/contact-toegang\/#primaryimage"},"image":{"@id":"https:\/\/capfinistere.geek-tonic.dev\/nl\/contact-toegang\/#primaryimage"},"thumbnailUrl":"https:\/\/capfinistere.geek-tonic.dev\/wp-content\/uploads\/sites\/22\/2022\/09\/venir-camping-finistere-1.jpg","datePublished":"2022-09-09T12:33:20+00:00","dateModified":"2024-07-17T09:07:37+00:00","description":"Camping Cap Finist\u00e8re les Gen\u00eats heet je welkom in Penmarch, in de Bretonse regio Finist\u00e8re. 4-sterrencamping op 1500 meter van het strand. Verhuur van stacaravans","breadcrumb":{"@id":"https:\/\/capfinistere.geek-tonic.dev\/nl\/contact-toegang\/#breadcrumb"},"inLanguage":"nl-NL","potentialAction":[{"@type":"ReadAction","target":["https:\/\/capfinistere.geek-tonic.dev\/nl\/contact-toegang\/"]}]},{"@type":"ImageObject","inLanguage":"nl-NL","@id":"https:\/\/capfinistere.geek-tonic.dev\/nl\/contact-toegang\/#primaryimage","url":"https:\/\/capfinistere.geek-tonic.dev\/wp-content\/uploads\/sites\/22\/2022\/09\/venir-camping-finistere-1.jpg","contentUrl":"https:\/\/capfinistere.geek-tonic.dev\/wp-content\/uploads\/sites\/22\/2022\/09\/venir-camping-finistere-1.jpg","width":1904,"height":515,"caption":"komen kamperen finist\u00e8re"},{"@type":"BreadcrumbList","@id":"https:\/\/capfinistere.geek-tonic.dev\/nl\/contact-toegang\/#breadcrumb","itemListElement":[{"@type":"ListItem","position":1,"name":"Camping Finist\u00e8re","item":"https:\/\/capfinistere.geek-tonic.dev\/nl\/"},{"@type":"ListItem","position":2,"name":"Contact, routebeschrijving"}]},{"@type":"WebSite","@id":"https:\/\/capfinistere.geek-tonic.dev\/nl\/#website","url":"https:\/\/capfinistere.geek-tonic.dev\/nl\/","name":"Camping Cap Finist\u00e8re","description":"","publisher":{"@id":"https:\/\/capfinistere.geek-tonic.dev\/nl\/#organization"},"potentialAction":[{"@type":"SearchAction","target":{"@type":"EntryPoint","urlTemplate":"https:\/\/capfinistere.geek-tonic.dev\/nl\/?s={search_term_string}"},"query-input":{"@type":"PropertyValueSpecification","valueRequired":true,"valueName":"search_term_string"}}],"inLanguage":"nl-NL"},{"@type":"Organization","@id":"https:\/\/capfinistere.geek-tonic.dev\/nl\/#organization","name":"Camping Cap Finist\u00e8re","url":"https:\/\/capfinistere.geek-tonic.dev\/nl\/","logo":{"@type":"ImageObject","inLanguage":"nl-NL","@id":"https:\/\/capfinistere.geek-tonic.dev\/nl\/#\/schema\/logo\/image\/","url":"https:\/\/capfinistere.geek-tonic.dev\/wp-content\/uploads\/sites\/22\/2022\/09\/cropped-logo-Flower-camping-Cap-Finistere.png","contentUrl":"https:\/\/capfinistere.geek-tonic.dev\/wp-content\/uploads\/sites\/22\/2022\/09\/cropped-logo-Flower-camping-Cap-Finistere.png","width":500,"height":660,"caption":"Camping Cap Finist\u00e8re"},"image":{"@id":"https:\/\/capfinistere.geek-tonic.dev\/nl\/#\/schema\/logo\/image\/"}}]}},"_links":{"self":[{"href":"https:\/\/capfinistere.geek-tonic.dev\/nl\/wp-json\/wp\/v2\/pages\/4077","targetHints":{"allow":["GET"]}}],"collection":[{"href":"https:\/\/capfinistere.geek-tonic.dev\/nl\/wp-json\/wp\/v2\/pages"}],"about":[{"href":"https:\/\/capfinistere.geek-tonic.dev\/nl\/wp-json\/wp\/v2\/types\/page"}],"author":[{"embeddable":true,"href":"https:\/\/capfinistere.geek-tonic.dev\/nl\/wp-json\/wp\/v2\/users\/1"}],"replies":[{"embeddable":true,"href":"https:\/\/capfinistere.geek-tonic.dev\/nl\/wp-json\/wp\/v2\/comments?post=4077"}],"version-history":[{"count":14,"href":"https:\/\/capfinistere.geek-tonic.dev\/nl\/wp-json\/wp\/v2\/pages\/4077\/revisions"}],"predecessor-version":[{"id":7829,"href":"https:\/\/capfinistere.geek-tonic.dev\/nl\/wp-json\/wp\/v2\/pages\/4077\/revisions\/7829"}],"wp:featuredmedia":[{"embeddable":true,"href":"https:\/\/capfinistere.geek-tonic.dev\/nl\/wp-json\/wp\/v2\/media\/3432"}],"wp:attachment":[{"href":"https:\/\/capfinistere.geek-tonic.dev\/nl\/wp-json\/wp\/v2\/media?parent=4077"}],"wp:term":[{"taxonomy":"sujet","embeddable":true,"href":"https:\/\/capfinistere.geek-tonic.dev\/nl\/wp-json\/wp\/v2\/sujet?post=4077"}],"curies":[{"name":"wp","href":"https:\/\/api.w.org\/{rel}","templated":true}]}}