{"id":3810,"date":"2022-09-09T16:30:00","date_gmt":"2022-09-09T14:30:00","guid":{"rendered":"https:\/\/capfinistere.geek-tonic.dev\/tourisme-archipel-des-glenan\/"},"modified":"2024-04-25T15:11:42","modified_gmt":"2024-04-25T13:11:42","slug":"toerisme-archipel-van-de-glenan","status":"publish","type":"page","link":"https:\/\/capfinistere.geek-tonic.dev\/nl\/toerisme-archipel-van-de-glenan\/","title":{"rendered":"Archipel van Gl\u00e9nan"},"content":{"rendered":"<section id=\"ls-section-block_caaf3284edbe81c96d37f89fe1906443\" class=\"ls-section  page-one has-background has-color-4-background-color has-m-t m-t-0 has-m-b m-b-0 has-p-t p-t-14 has-p-b p-b-14\" >\r\n        <div class=\"container container--wide\">\r\n        \n\n<h1 class=\"ls__heading wp-block-heading has-text-align-center ls__heading-undefined color1\" id=\"visitez-quiberon\">Bezoek de Gl\u00e9nan-archipel<\/h1>\n\n\n\n<h2 class=\"ls__heading wp-block-heading ls__heading-undefined color1\" id=\"a-voir-a-quiberon\">Wat te zien in de Gl\u00e9nan-archipel<\/h2>\n\n\n\n<p class=\"ls-paragraph\">Tijdens uw <strong>kampeervakantie in de Bigouden<\/strong> mag u de Gl\u00e9nan-archipel ten zuidoosten van Penmarch niet missen. Deze archipel voor de kust van Fouesnant, bijgenaamd de &#8220;Bretonse Cara\u00efben&#8221;, bestaat uit zeven eilandjes omringd door lagunes en helder water met sublieme witte zandstranden. Naast deze paradijselijke landschappen herbergt de archipel een al even prachtige inheemse bloem: de Narcisse des Gl\u00e9nan.  <\/p>\n\n\n\n<p class=\"ls-paragraph\">Deze mooie witte bloemen komen voornamelijk voor op het eiland Sint-Nicolaas, waar ze beschermd zijn. De tip van ons team: maak een dagtocht met je familie of vrienden en ontdek deze eilandengroep in de lente, ver van de drukte, wanneer de natuur in volle bloei staat. Boek je overtocht bij de receptie van onze<strong> 4-sterrencamping met waterpark<\/strong>.<\/p>\n\n\n<div class=\"wp-block-image\">\n<figure class=\"aligncenter size-full\"><img decoding=\"async\" width=\"1900\" height=\"700\" src=\"https:\/\/capfinistere.geek-tonic.dev\/wp-content\/uploads\/sites\/22\/2022\/09\/camping-archipel-des-glenan-1.jpg\" alt=\"archipel van glenan camping\" class=\"wp-image-3335\" srcset=\"https:\/\/capfinistere.geek-tonic.dev\/wp-content\/uploads\/sites\/22\/2022\/09\/camping-archipel-des-glenan-1.jpg 1900w, https:\/\/capfinistere.geek-tonic.dev\/wp-content\/uploads\/sites\/22\/2022\/09\/camping-archipel-des-glenan-1-300x111.jpg 300w, https:\/\/capfinistere.geek-tonic.dev\/wp-content\/uploads\/sites\/22\/2022\/09\/camping-archipel-des-glenan-1-1024x377.jpg 1024w, https:\/\/capfinistere.geek-tonic.dev\/wp-content\/uploads\/sites\/22\/2022\/09\/camping-archipel-des-glenan-1-768x283.jpg 768w, https:\/\/capfinistere.geek-tonic.dev\/wp-content\/uploads\/sites\/22\/2022\/09\/camping-archipel-des-glenan-1-1536x566.jpg 1536w\" sizes=\"(max-width: 1900px) 100vw, 1900px\" \/><\/figure><\/div>\n\n\n<h2 class=\"ls__heading wp-block-heading ls__heading-undefined color1\" id=\"a-voir-a-quiberon\">Dingen om te doen in de Gl\u00e9nan-archipel<\/h2>\n\n\n\n<p class=\"ls-paragraph\">De<a href=\"https:\/\/www.tourismebretagne.com\/destinations\/les-10-destinations\/quimper-cornouaille\/larchipel-des-glenan\/\" target=\"_blank\" rel=\"noreferrer noopener\">archipel van Gl\u00e9nan<\/a>, een must-see in <strong>Zuid-Finist\u00e8re<\/strong>, nodigt uit om er even helemaal uit te zijn. Reserveer tijdens uw vakantie op een <strong>camping in Penmarch<\/strong> uw overtocht bij ons receptieteam op een zonnige dag. Pak op de grote dag een picknicklunch, sportschoenen, zonnebrandcr\u00e8me en zwemkleding in en vertrek naar de Gl\u00e9nan-eilanden vanuit B\u00e9nodet, Concarneau, Loctudy of Fouesnant. Als het vloed is, kun je vanaf de kust gaan vissen. Er is keuze genoeg: mosselen uit Gl\u00e9nan, alikruiken, zeeoor, zee-egels, schelp- en schaaldieren&#8230; Trakteer jezelf op een introductie in het internationale duikcentrum of het watersportcentrum.  <\/p>\n\n\n\n<p class=\"ls-paragraph\">Hou je van wandelen? Een houten pad wacht op je om je rond het eiland Saint-Nicolas te brengen. Om het meeste uit je dag ter plaatse te halen, kun je van tevoren reserveren voor een rondleiding die wordt aangeboden door het toeristenbureau. De fauna, flora, zeilen, vissen, historische anekdotes&#8230; deze eilanden met hun vleugje paradijs zullen geen geheimen voor je hebben. Of je kunt de onderwaterwereld ontdekken tijdens een boottocht met een transparante bodem.  <\/p>\n\n\n<p><iframe width=\"100%\" height=\"450\" src=\"https:\/\/www.youtube.com\/embed\/SEsoEAjs-Ac\" title=\"YouTube video player\" frameborder=\"0\" allow=\"accelerometer; autoplay; clipboard-write; encrypted-media; gyroscope; picture-in-picture\" allowfullscreen=\"\"><\/iframe><\/p>\n\n\n\n<h2 class=\"ls__heading wp-block-heading ls__heading-undefined color1\" id=\"activites-a-faire-a-quiberon\">Camping bij de archipel van Gl\u00e9nan<\/h2>\n\n\n\n<p class=\"ls-paragraph\">Ontdek de archipel van Gl\u00e9nan, geklasseerd als &#8220;schilderachtig natuurgebied&#8221;, tijdens uw vakantie in de regio Bigouden. Mis dit niet te missen evenement niet tijdens je kampeervakantie in Penmarch. Ontdek deze paradijselijke Bretonse eilanden aan boord van de Vedettes de l&#8217;Odet. In minder dan een uur varen ben je in de &#8220;Bretonse Cara\u00efben&#8221;.  <\/p>\n\n\n\n<p class=\"ls-paragraph\">Neem de tijd om deze archipel van 5 km\u00b2 te bezoeken tijdens een uitje met z&#8217;n twee\u00ebn, met vrienden of met het gezin. Ons receptieteam helpt je bij het plannen van je dag in Les Gl\u00e9nan en geeft je al het advies dat je nodig hebt voor een geslaagd bezoek met je familie of vrienden. Kies een dag waarop de zon schijnt tijdens je excursie. Tickets zijn het hele jaar door verkrijgbaar op de camping.<\/p>\n\n\n<p><iframe src=\"https:\/\/www.google.com\/maps\/embed?pb=!1m28!1m12!1m3!1d204144.78453174286!2d-4.334651034623466!3d47.75701784071161!2m3!1f0!2f0!3f0!3m2!1i1024!2i768!4f13.1!4m13!3e0!4m5!1s0x4810c84a137df857%3A0x454ccf82b295b5f6!2zw45sZXMgZGUgR2zDqW5hbg!3m2!1d47.7153304!2d-3.9866081999999996!4m5!1s0x4817306d98cd607f%3A0x78da83f9f6cf307d!2sFlower%20Camping%20Les%20Gen%C3%AAts%2C%2020%20Rue%20de%20Gouesnach%20N%C3%A9vez%2C%2029760%20Penmarc'h!3m2!1d47.818970199999995!2d-4.3095568!5e0!3m2!1sfr!2sfr!4v1663679312948!5m2!1sfr!2sfr\" width=\"100%\" height=\"450\" style=\"border:0;\" allowfullscreen=\"\" loading=\"lazy\" referrerpolicy=\"no-referrer-when-downgrade\"><\/iframe><\/p>\n\n\r\n    <\/div>\r\n<\/section><section id=\"ls-section-block_01f84272a38f587bc1dbeb24c422615e\" class=\"ls-section  page-maillage experience has-background has-color-white-background-color has-m-t m-t-0 has-m-b m-b-0 has-p-t p-t-10\" >\r\n        <div class=\"container container--wide\">\r\n        \n\n<div id=\"ls-heading ls-titre-div-block_da884a6fa5129e38ccf6538dbcffcd28\" class=\"ls-titre-div aligncenter h2-like\" >\n    <strong>Ontdek<\/strong> het gebied rond de Gl\u00e9nan-archipel<\/div>\n\n\n<div id=\"ls-maillage-block_aa01d1c754366a0f5312a7f29ba2f71b\" class=\"ls-maillage cta-style-normal\" data-rows=\"3\">\n    <div class=\"wp-block-columns\"><div class=\"wp-block-column\"><div id=\"destinations\" class=\"ls-cta\">\n\n<a href=\"https:\/\/capfinistere.geek-tonic.dev\/nl\/toerisme-baai-audierne\/\" target=\"\" rel=\"noopener\" class=\"ls-cta__link\">\n\n\t<div class=\"ls-cta__image\"><img decoding=\"async\" src=\"https:\/\/capfinistere.geek-tonic.dev\/wp-content\/uploads\/sites\/22\/2024\/04\/tourisme-baie-audierne-camping-finistere.webp\" alt=\"tourisme baie audierne camping finistere\"><\/div>\n\t<div class=\"ls-cta__title\">\n\t\tBaai van Audierne\t<\/div>\n\n\t\t\n<\/a><\/div><\/div><div class=\"wp-block-column\"><div id=\"destinations\" class=\"ls-cta\">\n\n<a href=\"https:\/\/capfinistere.geek-tonic.dev\/nl\/toerisme-douarnenez\/\" target=\"\" rel=\"noopener\" class=\"ls-cta__link\">\n\n\t<div class=\"ls-cta__image\"><img decoding=\"async\" src=\"https:\/\/capfinistere.geek-tonic.dev\/wp-content\/uploads\/sites\/22\/2024\/04\/tourisme-douarnenez-camping-finistere.webp\" alt=\"tourisme douarnenez camping finistere\"><\/div>\n\t<div class=\"ls-cta__title\">\n\t\tDouarnenez\t<\/div>\n\n\t\t\n<\/a><\/div><\/div><div class=\"wp-block-column\"><div id=\"destinations\" class=\"ls-cta\">\n\n<a href=\"https:\/\/capfinistere.geek-tonic.dev\/nl\/toerisme-quimper\/\" target=\"\" rel=\"noopener\" class=\"ls-cta__link\">\n\n\t<div class=\"ls-cta__image\"><img decoding=\"async\" src=\"https:\/\/capfinistere.geek-tonic.dev\/wp-content\/uploads\/sites\/22\/2024\/04\/tourisme-quimper-camping-finistere.webp\" alt=\"tourisme quimper camping finistere\"><\/div>\n\t<div class=\"ls-cta__title\">\n\t\tQuimper\t<\/div>\n\n\t\t\n<\/a><\/div><\/div><\/div><\/div>\n\r\n    <\/div>\r\n<\/section>","protected":false},"excerpt":{"rendered":"","protected":false},"author":1,"featured_media":3340,"parent":0,"menu_order":0,"comment_status":"closed","ping_status":"open","template":"","meta":{"_acf_changed":false,"footnotes":""},"sujet":[],"class_list":["post-3810","page","type-page","status-publish","has-post-thumbnail","hentry"],"acf":[],"yoast_head":"<!-- This site is optimized with the Yoast SEO plugin v23.9 - https:\/\/yoast.com\/wordpress\/plugins\/seo\/ -->\n<title>Bezoek Glenan Archipelago | Camping bij Glenan Archipelago<\/title>\n<meta name=\"robots\" content=\"noindex, follow, max-snippet:-1, max-image-preview:large, max-video-preview:-1\" \/>\n<meta property=\"og:locale\" content=\"nl_NL\" \/>\n<meta property=\"og:type\" content=\"article\" \/>\n<meta property=\"og:title\" content=\"Bezoek Glenan Archipelago | Camping bij Glenan Archipelago\" \/>\n<meta property=\"og:url\" content=\"https:\/\/capfinistere.geek-tonic.dev\/nl\/toerisme-archipel-van-de-glenan\/\" \/>\n<meta property=\"og:site_name\" content=\"Camping Cap Finist\u00e8re\" \/>\n<meta property=\"article:modified_time\" content=\"2024-04-25T13:11:42+00:00\" \/>\n<meta property=\"og:image\" content=\"https:\/\/capfinistere.geek-tonic.dev\/wp-content\/uploads\/sites\/22\/2022\/09\/archipel-des-glenan-tourisme-1.jpg\" \/>\n\t<meta property=\"og:image:width\" content=\"1904\" \/>\n\t<meta property=\"og:image:height\" content=\"515\" \/>\n\t<meta property=\"og:image:type\" content=\"image\/jpeg\" \/>\n<meta name=\"twitter:card\" content=\"summary_large_image\" \/>\n<meta name=\"twitter:label1\" content=\"Geschatte leestijd\" \/>\n\t<meta name=\"twitter:data1\" content=\"3 minuten\" \/>\n<script type=\"application\/ld+json\" class=\"yoast-schema-graph\">{\"@context\":\"https:\/\/schema.org\",\"@graph\":[{\"@type\":\"WebPage\",\"@id\":\"https:\/\/capfinistere.geek-tonic.dev\/nl\/toerisme-archipel-van-de-glenan\/\",\"url\":\"https:\/\/capfinistere.geek-tonic.dev\/nl\/toerisme-archipel-van-de-glenan\/\",\"name\":\"Bezoek Glenan Archipelago | Camping bij Glenan Archipelago\",\"isPartOf\":{\"@id\":\"https:\/\/capfinistere.geek-tonic.dev\/nl\/#website\"},\"primaryImageOfPage\":{\"@id\":\"https:\/\/capfinistere.geek-tonic.dev\/nl\/toerisme-archipel-van-de-glenan\/#primaryimage\"},\"image\":{\"@id\":\"https:\/\/capfinistere.geek-tonic.dev\/nl\/toerisme-archipel-van-de-glenan\/#primaryimage\"},\"thumbnailUrl\":\"https:\/\/capfinistere.geek-tonic.dev\/wp-content\/uploads\/sites\/22\/2022\/09\/archipel-des-glenan-tourisme-1.jpg\",\"datePublished\":\"2022-09-09T14:30:00+00:00\",\"dateModified\":\"2024-04-25T13:11:42+00:00\",\"breadcrumb\":{\"@id\":\"https:\/\/capfinistere.geek-tonic.dev\/nl\/toerisme-archipel-van-de-glenan\/#breadcrumb\"},\"inLanguage\":\"nl-NL\",\"potentialAction\":[{\"@type\":\"ReadAction\",\"target\":[\"https:\/\/capfinistere.geek-tonic.dev\/nl\/toerisme-archipel-van-de-glenan\/\"]}]},{\"@type\":\"ImageObject\",\"inLanguage\":\"nl-NL\",\"@id\":\"https:\/\/capfinistere.geek-tonic.dev\/nl\/toerisme-archipel-van-de-glenan\/#primaryimage\",\"url\":\"https:\/\/capfinistere.geek-tonic.dev\/wp-content\/uploads\/sites\/22\/2022\/09\/archipel-des-glenan-tourisme-1.jpg\",\"contentUrl\":\"https:\/\/capfinistere.geek-tonic.dev\/wp-content\/uploads\/sites\/22\/2022\/09\/archipel-des-glenan-tourisme-1.jpg\",\"width\":1904,\"height\":515,\"caption\":\"glenan archipel toerisme\"},{\"@type\":\"BreadcrumbList\",\"@id\":\"https:\/\/capfinistere.geek-tonic.dev\/nl\/toerisme-archipel-van-de-glenan\/#breadcrumb\",\"itemListElement\":[{\"@type\":\"ListItem\",\"position\":1,\"name\":\"Camping Finist\u00e8re\",\"item\":\"https:\/\/capfinistere.geek-tonic.dev\/nl\/\"},{\"@type\":\"ListItem\",\"position\":2,\"name\":\"Camping in de buurt van Glenan Archipelago\"}]},{\"@type\":\"WebSite\",\"@id\":\"https:\/\/capfinistere.geek-tonic.dev\/nl\/#website\",\"url\":\"https:\/\/capfinistere.geek-tonic.dev\/nl\/\",\"name\":\"Camping Cap Finist\u00e8re\",\"description\":\"\",\"publisher\":{\"@id\":\"https:\/\/capfinistere.geek-tonic.dev\/nl\/#organization\"},\"potentialAction\":[{\"@type\":\"SearchAction\",\"target\":{\"@type\":\"EntryPoint\",\"urlTemplate\":\"https:\/\/capfinistere.geek-tonic.dev\/nl\/?s={search_term_string}\"},\"query-input\":{\"@type\":\"PropertyValueSpecification\",\"valueRequired\":true,\"valueName\":\"search_term_string\"}}],\"inLanguage\":\"nl-NL\"},{\"@type\":\"Organization\",\"@id\":\"https:\/\/capfinistere.geek-tonic.dev\/nl\/#organization\",\"name\":\"Camping Cap Finist\u00e8re\",\"url\":\"https:\/\/capfinistere.geek-tonic.dev\/nl\/\",\"logo\":{\"@type\":\"ImageObject\",\"inLanguage\":\"nl-NL\",\"@id\":\"https:\/\/capfinistere.geek-tonic.dev\/nl\/#\/schema\/logo\/image\/\",\"url\":\"https:\/\/capfinistere.geek-tonic.dev\/wp-content\/uploads\/sites\/22\/2022\/09\/cropped-logo-Flower-camping-Cap-Finistere.png\",\"contentUrl\":\"https:\/\/capfinistere.geek-tonic.dev\/wp-content\/uploads\/sites\/22\/2022\/09\/cropped-logo-Flower-camping-Cap-Finistere.png\",\"width\":500,\"height\":660,\"caption\":\"Camping Cap Finist\u00e8re\"},\"image\":{\"@id\":\"https:\/\/capfinistere.geek-tonic.dev\/nl\/#\/schema\/logo\/image\/\"}}]}<\/script>\n<!-- \/ Yoast SEO plugin. -->","yoast_head_json":{"title":"Bezoek Glenan Archipelago | Camping bij Glenan Archipelago","robots":{"index":"noindex","follow":"follow","max-snippet":"max-snippet:-1","max-image-preview":"max-image-preview:large","max-video-preview":"max-video-preview:-1"},"og_locale":"nl_NL","og_type":"article","og_title":"Bezoek Glenan Archipelago | Camping bij Glenan Archipelago","og_url":"https:\/\/capfinistere.geek-tonic.dev\/nl\/toerisme-archipel-van-de-glenan\/","og_site_name":"Camping Cap Finist\u00e8re","article_modified_time":"2024-04-25T13:11:42+00:00","og_image":[{"width":1904,"height":515,"url":"https:\/\/capfinistere.geek-tonic.dev\/wp-content\/uploads\/sites\/22\/2022\/09\/archipel-des-glenan-tourisme-1.jpg","type":"image\/jpeg"}],"twitter_card":"summary_large_image","twitter_misc":{"Geschatte leestijd":"3 minuten"},"schema":{"@context":"https:\/\/schema.org","@graph":[{"@type":"WebPage","@id":"https:\/\/capfinistere.geek-tonic.dev\/nl\/toerisme-archipel-van-de-glenan\/","url":"https:\/\/capfinistere.geek-tonic.dev\/nl\/toerisme-archipel-van-de-glenan\/","name":"Bezoek Glenan Archipelago | Camping bij Glenan Archipelago","isPartOf":{"@id":"https:\/\/capfinistere.geek-tonic.dev\/nl\/#website"},"primaryImageOfPage":{"@id":"https:\/\/capfinistere.geek-tonic.dev\/nl\/toerisme-archipel-van-de-glenan\/#primaryimage"},"image":{"@id":"https:\/\/capfinistere.geek-tonic.dev\/nl\/toerisme-archipel-van-de-glenan\/#primaryimage"},"thumbnailUrl":"https:\/\/capfinistere.geek-tonic.dev\/wp-content\/uploads\/sites\/22\/2022\/09\/archipel-des-glenan-tourisme-1.jpg","datePublished":"2022-09-09T14:30:00+00:00","dateModified":"2024-04-25T13:11:42+00:00","breadcrumb":{"@id":"https:\/\/capfinistere.geek-tonic.dev\/nl\/toerisme-archipel-van-de-glenan\/#breadcrumb"},"inLanguage":"nl-NL","potentialAction":[{"@type":"ReadAction","target":["https:\/\/capfinistere.geek-tonic.dev\/nl\/toerisme-archipel-van-de-glenan\/"]}]},{"@type":"ImageObject","inLanguage":"nl-NL","@id":"https:\/\/capfinistere.geek-tonic.dev\/nl\/toerisme-archipel-van-de-glenan\/#primaryimage","url":"https:\/\/capfinistere.geek-tonic.dev\/wp-content\/uploads\/sites\/22\/2022\/09\/archipel-des-glenan-tourisme-1.jpg","contentUrl":"https:\/\/capfinistere.geek-tonic.dev\/wp-content\/uploads\/sites\/22\/2022\/09\/archipel-des-glenan-tourisme-1.jpg","width":1904,"height":515,"caption":"glenan archipel toerisme"},{"@type":"BreadcrumbList","@id":"https:\/\/capfinistere.geek-tonic.dev\/nl\/toerisme-archipel-van-de-glenan\/#breadcrumb","itemListElement":[{"@type":"ListItem","position":1,"name":"Camping Finist\u00e8re","item":"https:\/\/capfinistere.geek-tonic.dev\/nl\/"},{"@type":"ListItem","position":2,"name":"Camping in de buurt van Glenan Archipelago"}]},{"@type":"WebSite","@id":"https:\/\/capfinistere.geek-tonic.dev\/nl\/#website","url":"https:\/\/capfinistere.geek-tonic.dev\/nl\/","name":"Camping Cap Finist\u00e8re","description":"","publisher":{"@id":"https:\/\/capfinistere.geek-tonic.dev\/nl\/#organization"},"potentialAction":[{"@type":"SearchAction","target":{"@type":"EntryPoint","urlTemplate":"https:\/\/capfinistere.geek-tonic.dev\/nl\/?s={search_term_string}"},"query-input":{"@type":"PropertyValueSpecification","valueRequired":true,"valueName":"search_term_string"}}],"inLanguage":"nl-NL"},{"@type":"Organization","@id":"https:\/\/capfinistere.geek-tonic.dev\/nl\/#organization","name":"Camping Cap Finist\u00e8re","url":"https:\/\/capfinistere.geek-tonic.dev\/nl\/","logo":{"@type":"ImageObject","inLanguage":"nl-NL","@id":"https:\/\/capfinistere.geek-tonic.dev\/nl\/#\/schema\/logo\/image\/","url":"https:\/\/capfinistere.geek-tonic.dev\/wp-content\/uploads\/sites\/22\/2022\/09\/cropped-logo-Flower-camping-Cap-Finistere.png","contentUrl":"https:\/\/capfinistere.geek-tonic.dev\/wp-content\/uploads\/sites\/22\/2022\/09\/cropped-logo-Flower-camping-Cap-Finistere.png","width":500,"height":660,"caption":"Camping Cap Finist\u00e8re"},"image":{"@id":"https:\/\/capfinistere.geek-tonic.dev\/nl\/#\/schema\/logo\/image\/"}}]}},"_links":{"self":[{"href":"https:\/\/capfinistere.geek-tonic.dev\/nl\/wp-json\/wp\/v2\/pages\/3810","targetHints":{"allow":["GET"]}}],"collection":[{"href":"https:\/\/capfinistere.geek-tonic.dev\/nl\/wp-json\/wp\/v2\/pages"}],"about":[{"href":"https:\/\/capfinistere.geek-tonic.dev\/nl\/wp-json\/wp\/v2\/types\/page"}],"author":[{"embeddable":true,"href":"https:\/\/capfinistere.geek-tonic.dev\/nl\/wp-json\/wp\/v2\/users\/1"}],"replies":[{"embeddable":true,"href":"https:\/\/capfinistere.geek-tonic.dev\/nl\/wp-json\/wp\/v2\/comments?post=3810"}],"version-history":[{"count":11,"href":"https:\/\/capfinistere.geek-tonic.dev\/nl\/wp-json\/wp\/v2\/pages\/3810\/revisions"}],"predecessor-version":[{"id":7337,"href":"https:\/\/capfinistere.geek-tonic.dev\/nl\/wp-json\/wp\/v2\/pages\/3810\/revisions\/7337"}],"wp:featuredmedia":[{"embeddable":true,"href":"https:\/\/capfinistere.geek-tonic.dev\/nl\/wp-json\/wp\/v2\/media\/3340"}],"wp:attachment":[{"href":"https:\/\/capfinistere.geek-tonic.dev\/nl\/wp-json\/wp\/v2\/media?parent=3810"}],"wp:term":[{"taxonomy":"sujet","embeddable":true,"href":"https:\/\/capfinistere.geek-tonic.dev\/nl\/wp-json\/wp\/v2\/sujet?post=3810"}],"curies":[{"name":"wp","href":"https:\/\/api.w.org\/{rel}","templated":true}]}}