{"id":4448,"date":"2022-09-10T16:50:00","date_gmt":"2022-09-10T14:50:00","guid":{"rendered":"https:\/\/capfinistere.geek-tonic.dev\/tourisme-pont-abbe\/"},"modified":"2024-04-25T15:30:33","modified_gmt":"2024-04-25T13:30:33","slug":"tourism-bridge-abbe","status":"publish","type":"page","link":"https:\/\/capfinistere.geek-tonic.dev\/en\/tourism-bridge-abbe\/","title":{"rendered":"Pont-L&#8217;abb\u00e9"},"content":{"rendered":"<section id=\"ls-section-block_dab09fb183a5da62b863e69bfc5c49af\" class=\"ls-section  has-p-b has-p-t p-b-0 p-t-0 has-background has-color-4-background-color has-m-t m-t-0 has-p-t p-t-14 has-p-b p-b-14\" >\r\n        <div class=\"container container--wide\">\r\n        \n\n<h1 class=\"ls__heading wp-block-heading has-text-align-center ls__heading-undefined color1\" id=\"visitez-quiberon\">Visit Pont-L&#8217;Abb\u00e9<\/h1>\n\n\n\n<h2 class=\"ls__heading wp-block-heading ls__heading-undefined color1\" id=\"a-voir-a-quiberon\">What to see in Pont-l&#8217;Abb\u00e9<\/h2>\n\n\n\n<p class=\"ls-paragraph\">Welcome to Pont l&#8217;Abb\u00e9, the capital of Pays Bigouden! A land of legends, Maupassant called it &#8220;the most Breton of the towns in Breton Brittany&#8221;. Close to Penmarch, Pont l&#8217;Abb\u00e9 is a must for any <a href=\"https:\/\/capfinistere.geek-tonic.dev\/en\/\">camping<\/a> holiday <a href=\"https:\/\/capfinistere.geek-tonic.dev\/en\/\">in South Finist\u00e8re<\/a>. Get to know this town steeped in history, with its preserved cultural and architectural heritage: 14th-century castle, the inhabited bridge that gave it its name, old-fashioned facades, streets and market halls.<\/p>\n\n\n\n<p class=\"ls-paragraph\">Fashion boutiques, decorating stores, delicatessens, brocantes, designers and gourmet shops, push open the doors of the many local shops, ideal for your <strong>vacation<\/strong> memories of <strong>Brittany<\/strong>. Did you know? It was here that the Bigoud\u00e8ne, the famous typical headdress, was born, honoring the skills of embroiderers.  <\/p>\n\n\n<div class=\"wp-block-image\">\n<figure class=\"aligncenter size-large is-resized\"><img decoding=\"async\" width=\"1024\" height=\"377\" src=\"https:\/\/capfinistere.geek-tonic.dev\/wp-content\/uploads\/sites\/22\/2022\/09\/visiter-pont-labbe-1024x377.jpg\" alt=\"visit pont labbe\" class=\"wp-image-1651\" style=\"width:1900px;height:700px\" srcset=\"https:\/\/capfinistere.geek-tonic.dev\/wp-content\/uploads\/sites\/22\/2022\/09\/visiter-pont-labbe-1024x377.jpg 1024w, https:\/\/capfinistere.geek-tonic.dev\/wp-content\/uploads\/sites\/22\/2022\/09\/visiter-pont-labbe-300x111.jpg 300w, https:\/\/capfinistere.geek-tonic.dev\/wp-content\/uploads\/sites\/22\/2022\/09\/visiter-pont-labbe-768x283.jpg 768w, https:\/\/capfinistere.geek-tonic.dev\/wp-content\/uploads\/sites\/22\/2022\/09\/visiter-pont-labbe-1536x566.jpg 1536w, https:\/\/capfinistere.geek-tonic.dev\/wp-content\/uploads\/sites\/22\/2022\/09\/visiter-pont-labbe.jpg 1900w\" sizes=\"(max-width: 1024px) 100vw, 1024px\" \/><\/figure><\/div>\n\n\n<h2 class=\"ls__heading wp-block-heading ls__heading-undefined color1\" id=\"activites-a-faire-a-quiberon\">Things to do in Pont-l&#8217;Abb\u00e9<\/h2>\n\n\n\n<p class=\"ls-paragraph\">During your <strong>vacation in Penmarch<\/strong>, succumb to the charm of <a href=\"https:\/\/www.destination-paysbigouden.com\/pont-l-abbe\" target=\"_blank\" rel=\"noreferrer noopener\">Pont l&#8217;Abb\u00e9<\/a>, near the <strong>Cap Finist\u00e8re campsite<\/strong>. Don&#8217;t miss the capital of the Bigouden region, home to one of France&#8217;s three inhabited bridges. Immerse yourself in the history of Pont l&#8217;Abb\u00e9 as you explore the 14th-century ch\u00e2teau des Barons, now the town office. Local culture and traditions will hold no secrets for you at the Mus\u00e9e Bigouden.  <\/p>\n\n\n\n<p class=\"ls-paragraph\">Don&#8217;t miss the monument to the Bigoudens, a granite and bronze sculpture representing the five ages of life: the little girl, the young girl, the sister, the mother and the grandmother. The once bustling port offers a pleasant stroll and a magnificent view of the bridge and the castle keep.  <\/p>\n\n\n<p><iframe width=\"100%\" height=\"450\" src=\"https:\/\/www.youtube.com\/embed\/fsoo-qelTy0\" title=\"YouTube video player\" frameborder=\"0\" allow=\"accelerometer; autoplay; clipboard-write; encrypted-media; gyroscope; picture-in-picture\" allowfullscreen=\"\"><\/iframe><\/p>\n\n\n\n<h2 class=\"ls__heading wp-block-heading ls__heading-undefined color1\" id=\"activites-a-faire-a-quiberon\">Campsite near Pont l&#8217;Abb\u00e9<\/h2>\n\n\n\n<p class=\"ls-paragraph\">Need to get away? Book your vacation at <strong>camping Cap Finist\u00e8re<\/strong> and make a stopover in Pont l&#8217;Abb\u00e9. Just 15 minutes from the <strong>Cap Finist\u00e8re campsite<\/strong>, this picturesque village is an ideal base for your vacation in the Bigouden region. Situated to the north-east of <strong>Penmarch<\/strong>, a town full of charm and tourist attractions awaits you.  <\/p>\n\n\n\n<p class=\"ls-paragraph\">With family or friends, enjoy the dose of culture offered by <strong>Pont l&#8217;Abb\u00e9<\/strong>&#8216;s historic center. Pont l&#8217;Abb\u00e9 is a must-see during your stay in a mobile home or pitch in Finist\u00e8re, and is full of mysterious legends to discover during your stroll through the town.  <\/p>\n\n\n<p><iframe src=\"https:\/\/www.google.com\/maps\/embed?pb=!1m28!1m12!1m3!1d72077.1564091598!2d-4.3016124339859525!3d47.82829116570879!2m3!1f0!2f0!3f0!3m2!1i1024!2i768!4f13.1!4m13!3e0!4m5!1s0x4817306d98cd607f%3A0x78da83f9f6cf307d!2sFlower%20Camping%20Les%20Gen%C3%AAts%2C%20Rue%20de%20Gouesnach%20N%C3%A9vez%2C%20Penmarc'h!3m2!1d47.818970199999995!2d-4.3095568!4m5!1s0x48172dc0f04c8cf7%3A0x40ca5cd36e563e0!2s29120%20Pont-l'Abb%C3%A9!3m2!1d47.866915!2d-4.222297999999999!5e0!3m2!1sfr!2sfr!4v1663315368471!5m2!1sfr!2sfr\" width=\"100%\" height=\"450\" style=\"border:0;\" allowfullscreen=\"\" loading=\"lazy\" referrerpolicy=\"no-referrer-when-downgrade\"><\/iframe><\/p>\n\n\r\n    <\/div>\r\n<\/section><section id=\"ls-section-block_8b2bdaa5e38d378d8a65f57df46d2e1e\" class=\"ls-section  page-maillage experience has-m-t m-t-0 has-p-t p-t-14\" >\r\n        <div class=\"container container--wide\">\r\n        \n\n<div id=\"ls-heading ls-titre-div-block_8a683d6bd278f43905adf0d02197ae0b\" class=\"ls-titre-div aligncenter h2-like\" >\n    <strong>Discover the<\/strong> Pont-l&#8217;Abb\u00e9 area<\/div>\n\n\n<div id=\"ls-maillage-block_d68e040eaf24661ca8ab175da58ba1fe\" class=\"ls-maillage cta-style-normal\" data-rows=\"3\">\n    <div class=\"wp-block-columns\"><div class=\"wp-block-column\"><div id=\"destinations\" class=\"ls-cta\">\n\n<a href=\"https:\/\/capfinistere.geek-tonic.dev\/en\/tourism-archipelago-of-glenan\/\" target=\"\" rel=\"noopener\" class=\"ls-cta__link\">\n\n\t<div class=\"ls-cta__image\"><img decoding=\"async\" src=\"https:\/\/capfinistere.geek-tonic.dev\/wp-content\/uploads\/sites\/22\/2024\/04\/tourisme-archipel-glenan-camping-finistere.webp\" alt=\"tourisme archipel glenan camping finistere\"><\/div>\n\t<div class=\"ls-cta__title\">\n\t\tGl\u00e9nan Archipelago\t<\/div>\n\n\t\t\n<\/a><\/div><\/div><div class=\"wp-block-column\"><div id=\"destinations\" class=\"ls-cta\">\n\n<a href=\"https:\/\/capfinistere.geek-tonic.dev\/en\/tourism-audierne-bay\/\" target=\"\" rel=\"noopener\" class=\"ls-cta__link\">\n\n\t<div class=\"ls-cta__image\"><img decoding=\"async\" src=\"https:\/\/capfinistere.geek-tonic.dev\/wp-content\/uploads\/sites\/22\/2024\/04\/tourisme-baie-audierne-camping-finistere.webp\" alt=\"tourisme baie audierne camping finistere\"><\/div>\n\t<div class=\"ls-cta__title\">\n\t\tAudierne Bay\t<\/div>\n\n\t\t\n<\/a><\/div><\/div><div class=\"wp-block-column\"><div id=\"destinations\" class=\"ls-cta\">\n\n<a href=\"https:\/\/capfinistere.geek-tonic.dev\/en\/tourism-finistere\/\" target=\"\" rel=\"noopener\" class=\"ls-cta__link\">\n\n\t<div class=\"ls-cta__image\"><img decoding=\"async\" src=\"https:\/\/capfinistere.geek-tonic.dev\/wp-content\/uploads\/sites\/22\/2022\/09\/finistere-tourisme-vacances.jpg\" alt=\"finistere tourisme vacances\"><\/div>\n\t<div class=\"ls-cta__title\">\n\t\tFinist\u00e8re\t<\/div>\n\n\t\t\n<\/a><\/div><\/div><\/div><\/div>\n\r\n    <\/div>\r\n<\/section>","protected":false},"excerpt":{"rendered":"","protected":false},"author":1,"featured_media":2746,"parent":0,"menu_order":0,"comment_status":"closed","ping_status":"open","template":"","meta":{"_acf_changed":false,"footnotes":""},"sujet":[],"class_list":["post-4448","page","type-page","status-publish","has-post-thumbnail","hentry"],"acf":[],"yoast_head":"<!-- This site is optimized with the Yoast SEO plugin v23.9 - https:\/\/yoast.com\/wordpress\/plugins\/seo\/ -->\n<title>Tourism Pont l&#039;Abb\u00e9 | Stay close to Pont l&#039;Abb\u00e9 | Visit Pont l&#039;Abb\u00e9<\/title>\n<meta name=\"robots\" content=\"noindex, follow, max-snippet:-1, max-image-preview:large, max-video-preview:-1\" \/>\n<meta property=\"og:locale\" content=\"en_US\" \/>\n<meta property=\"og:type\" content=\"article\" \/>\n<meta property=\"og:title\" content=\"Tourism Pont l&#039;Abb\u00e9 | Stay close to Pont l&#039;Abb\u00e9 | Visit Pont l&#039;Abb\u00e9\" \/>\n<meta property=\"og:url\" content=\"https:\/\/capfinistere.geek-tonic.dev\/en\/tourism-bridge-abbe\/\" \/>\n<meta property=\"og:site_name\" content=\"Camping Cap Finist\u00e8re\" \/>\n<meta property=\"article:modified_time\" content=\"2024-04-25T13:30:33+00:00\" \/>\n<meta property=\"og:image\" content=\"http:\/\/capfinistere.geek-tonic.dev\/wp-content\/uploads\/sites\/22\/2022\/09\/pont-labbe-tourisme-bretagne.jpg\" \/>\n\t<meta property=\"og:image:width\" content=\"1904\" \/>\n\t<meta property=\"og:image:height\" content=\"515\" \/>\n\t<meta property=\"og:image:type\" content=\"image\/jpeg\" \/>\n<meta name=\"twitter:card\" content=\"summary_large_image\" \/>\n<meta name=\"twitter:label1\" content=\"Est. reading time\" \/>\n\t<meta name=\"twitter:data1\" content=\"3 minutes\" \/>\n<script type=\"application\/ld+json\" class=\"yoast-schema-graph\">{\"@context\":\"https:\/\/schema.org\",\"@graph\":[{\"@type\":\"WebPage\",\"@id\":\"https:\/\/capfinistere.geek-tonic.dev\/en\/tourism-bridge-abbe\/\",\"url\":\"https:\/\/capfinistere.geek-tonic.dev\/en\/tourism-bridge-abbe\/\",\"name\":\"Tourism Pont l'Abb\u00e9 | Stay close to Pont l'Abb\u00e9 | Visit Pont l'Abb\u00e9\",\"isPartOf\":{\"@id\":\"https:\/\/capfinistere.geek-tonic.dev\/en\/#website\"},\"primaryImageOfPage\":{\"@id\":\"https:\/\/capfinistere.geek-tonic.dev\/en\/tourism-bridge-abbe\/#primaryimage\"},\"image\":{\"@id\":\"https:\/\/capfinistere.geek-tonic.dev\/en\/tourism-bridge-abbe\/#primaryimage\"},\"thumbnailUrl\":\"https:\/\/capfinistere.geek-tonic.dev\/wp-content\/uploads\/sites\/22\/2022\/09\/pont-labbe-tourisme-bretagne.jpg\",\"datePublished\":\"2022-09-10T14:50:00+00:00\",\"dateModified\":\"2024-04-25T13:30:33+00:00\",\"breadcrumb\":{\"@id\":\"https:\/\/capfinistere.geek-tonic.dev\/en\/tourism-bridge-abbe\/#breadcrumb\"},\"inLanguage\":\"en-US\",\"potentialAction\":[{\"@type\":\"ReadAction\",\"target\":[\"https:\/\/capfinistere.geek-tonic.dev\/en\/tourism-bridge-abbe\/\"]}]},{\"@type\":\"ImageObject\",\"inLanguage\":\"en-US\",\"@id\":\"https:\/\/capfinistere.geek-tonic.dev\/en\/tourism-bridge-abbe\/#primaryimage\",\"url\":\"https:\/\/capfinistere.geek-tonic.dev\/wp-content\/uploads\/sites\/22\/2022\/09\/pont-labbe-tourisme-bretagne.jpg\",\"contentUrl\":\"https:\/\/capfinistere.geek-tonic.dev\/wp-content\/uploads\/sites\/22\/2022\/09\/pont-labbe-tourisme-bretagne.jpg\",\"width\":1904,\"height\":515,\"caption\":\"pont labbe tourisme bretagne\"},{\"@type\":\"BreadcrumbList\",\"@id\":\"https:\/\/capfinistere.geek-tonic.dev\/en\/tourism-bridge-abbe\/#breadcrumb\",\"itemListElement\":[{\"@type\":\"ListItem\",\"position\":1,\"name\":\"Camping Finist\u00e8re\",\"item\":\"https:\/\/capfinistere.geek-tonic.dev\/en\/\"},{\"@type\":\"ListItem\",\"position\":2,\"name\":\"Campsite near Pont l'Abb\u00e9\"}]},{\"@type\":\"WebSite\",\"@id\":\"https:\/\/capfinistere.geek-tonic.dev\/en\/#website\",\"url\":\"https:\/\/capfinistere.geek-tonic.dev\/en\/\",\"name\":\"Camping Cap Finist\u00e8re\",\"description\":\"\",\"publisher\":{\"@id\":\"https:\/\/capfinistere.geek-tonic.dev\/en\/#organization\"},\"potentialAction\":[{\"@type\":\"SearchAction\",\"target\":{\"@type\":\"EntryPoint\",\"urlTemplate\":\"https:\/\/capfinistere.geek-tonic.dev\/en\/?s={search_term_string}\"},\"query-input\":{\"@type\":\"PropertyValueSpecification\",\"valueRequired\":true,\"valueName\":\"search_term_string\"}}],\"inLanguage\":\"en-US\"},{\"@type\":\"Organization\",\"@id\":\"https:\/\/capfinistere.geek-tonic.dev\/en\/#organization\",\"name\":\"Camping Cap Finist\u00e8re\",\"url\":\"https:\/\/capfinistere.geek-tonic.dev\/en\/\",\"logo\":{\"@type\":\"ImageObject\",\"inLanguage\":\"en-US\",\"@id\":\"https:\/\/capfinistere.geek-tonic.dev\/en\/#\/schema\/logo\/image\/\",\"url\":\"https:\/\/capfinistere.geek-tonic.dev\/wp-content\/uploads\/sites\/22\/2022\/09\/cropped-logo-Flower-camping-Cap-Finistere.png\",\"contentUrl\":\"https:\/\/capfinistere.geek-tonic.dev\/wp-content\/uploads\/sites\/22\/2022\/09\/cropped-logo-Flower-camping-Cap-Finistere.png\",\"width\":500,\"height\":660,\"caption\":\"Camping Cap Finist\u00e8re\"},\"image\":{\"@id\":\"https:\/\/capfinistere.geek-tonic.dev\/en\/#\/schema\/logo\/image\/\"}}]}<\/script>\n<!-- \/ Yoast SEO plugin. -->","yoast_head_json":{"title":"Tourism Pont l'Abb\u00e9 | Stay close to Pont l'Abb\u00e9 | Visit Pont l'Abb\u00e9","robots":{"index":"noindex","follow":"follow","max-snippet":"max-snippet:-1","max-image-preview":"max-image-preview:large","max-video-preview":"max-video-preview:-1"},"og_locale":"en_US","og_type":"article","og_title":"Tourism Pont l'Abb\u00e9 | Stay close to Pont l'Abb\u00e9 | Visit Pont l'Abb\u00e9","og_url":"https:\/\/capfinistere.geek-tonic.dev\/en\/tourism-bridge-abbe\/","og_site_name":"Camping Cap Finist\u00e8re","article_modified_time":"2024-04-25T13:30:33+00:00","og_image":[{"width":1904,"height":515,"url":"http:\/\/capfinistere.geek-tonic.dev\/wp-content\/uploads\/sites\/22\/2022\/09\/pont-labbe-tourisme-bretagne.jpg","type":"image\/jpeg"}],"twitter_card":"summary_large_image","twitter_misc":{"Est. reading time":"3 minutes"},"schema":{"@context":"https:\/\/schema.org","@graph":[{"@type":"WebPage","@id":"https:\/\/capfinistere.geek-tonic.dev\/en\/tourism-bridge-abbe\/","url":"https:\/\/capfinistere.geek-tonic.dev\/en\/tourism-bridge-abbe\/","name":"Tourism Pont l'Abb\u00e9 | Stay close to Pont l'Abb\u00e9 | Visit Pont l'Abb\u00e9","isPartOf":{"@id":"https:\/\/capfinistere.geek-tonic.dev\/en\/#website"},"primaryImageOfPage":{"@id":"https:\/\/capfinistere.geek-tonic.dev\/en\/tourism-bridge-abbe\/#primaryimage"},"image":{"@id":"https:\/\/capfinistere.geek-tonic.dev\/en\/tourism-bridge-abbe\/#primaryimage"},"thumbnailUrl":"https:\/\/capfinistere.geek-tonic.dev\/wp-content\/uploads\/sites\/22\/2022\/09\/pont-labbe-tourisme-bretagne.jpg","datePublished":"2022-09-10T14:50:00+00:00","dateModified":"2024-04-25T13:30:33+00:00","breadcrumb":{"@id":"https:\/\/capfinistere.geek-tonic.dev\/en\/tourism-bridge-abbe\/#breadcrumb"},"inLanguage":"en-US","potentialAction":[{"@type":"ReadAction","target":["https:\/\/capfinistere.geek-tonic.dev\/en\/tourism-bridge-abbe\/"]}]},{"@type":"ImageObject","inLanguage":"en-US","@id":"https:\/\/capfinistere.geek-tonic.dev\/en\/tourism-bridge-abbe\/#primaryimage","url":"https:\/\/capfinistere.geek-tonic.dev\/wp-content\/uploads\/sites\/22\/2022\/09\/pont-labbe-tourisme-bretagne.jpg","contentUrl":"https:\/\/capfinistere.geek-tonic.dev\/wp-content\/uploads\/sites\/22\/2022\/09\/pont-labbe-tourisme-bretagne.jpg","width":1904,"height":515,"caption":"pont labbe tourisme bretagne"},{"@type":"BreadcrumbList","@id":"https:\/\/capfinistere.geek-tonic.dev\/en\/tourism-bridge-abbe\/#breadcrumb","itemListElement":[{"@type":"ListItem","position":1,"name":"Camping Finist\u00e8re","item":"https:\/\/capfinistere.geek-tonic.dev\/en\/"},{"@type":"ListItem","position":2,"name":"Campsite near Pont l'Abb\u00e9"}]},{"@type":"WebSite","@id":"https:\/\/capfinistere.geek-tonic.dev\/en\/#website","url":"https:\/\/capfinistere.geek-tonic.dev\/en\/","name":"Camping Cap Finist\u00e8re","description":"","publisher":{"@id":"https:\/\/capfinistere.geek-tonic.dev\/en\/#organization"},"potentialAction":[{"@type":"SearchAction","target":{"@type":"EntryPoint","urlTemplate":"https:\/\/capfinistere.geek-tonic.dev\/en\/?s={search_term_string}"},"query-input":{"@type":"PropertyValueSpecification","valueRequired":true,"valueName":"search_term_string"}}],"inLanguage":"en-US"},{"@type":"Organization","@id":"https:\/\/capfinistere.geek-tonic.dev\/en\/#organization","name":"Camping Cap Finist\u00e8re","url":"https:\/\/capfinistere.geek-tonic.dev\/en\/","logo":{"@type":"ImageObject","inLanguage":"en-US","@id":"https:\/\/capfinistere.geek-tonic.dev\/en\/#\/schema\/logo\/image\/","url":"https:\/\/capfinistere.geek-tonic.dev\/wp-content\/uploads\/sites\/22\/2022\/09\/cropped-logo-Flower-camping-Cap-Finistere.png","contentUrl":"https:\/\/capfinistere.geek-tonic.dev\/wp-content\/uploads\/sites\/22\/2022\/09\/cropped-logo-Flower-camping-Cap-Finistere.png","width":500,"height":660,"caption":"Camping Cap Finist\u00e8re"},"image":{"@id":"https:\/\/capfinistere.geek-tonic.dev\/en\/#\/schema\/logo\/image\/"}}]}},"_links":{"self":[{"href":"https:\/\/capfinistere.geek-tonic.dev\/en\/wp-json\/wp\/v2\/pages\/4448","targetHints":{"allow":["GET"]}}],"collection":[{"href":"https:\/\/capfinistere.geek-tonic.dev\/en\/wp-json\/wp\/v2\/pages"}],"about":[{"href":"https:\/\/capfinistere.geek-tonic.dev\/en\/wp-json\/wp\/v2\/types\/page"}],"author":[{"embeddable":true,"href":"https:\/\/capfinistere.geek-tonic.dev\/en\/wp-json\/wp\/v2\/users\/1"}],"replies":[{"embeddable":true,"href":"https:\/\/capfinistere.geek-tonic.dev\/en\/wp-json\/wp\/v2\/comments?post=4448"}],"version-history":[{"count":5,"href":"https:\/\/capfinistere.geek-tonic.dev\/en\/wp-json\/wp\/v2\/pages\/4448\/revisions"}],"predecessor-version":[{"id":7419,"href":"https:\/\/capfinistere.geek-tonic.dev\/en\/wp-json\/wp\/v2\/pages\/4448\/revisions\/7419"}],"wp:featuredmedia":[{"embeddable":true,"href":"https:\/\/capfinistere.geek-tonic.dev\/en\/wp-json\/wp\/v2\/media\/2746"}],"wp:attachment":[{"href":"https:\/\/capfinistere.geek-tonic.dev\/en\/wp-json\/wp\/v2\/media?parent=4448"}],"wp:term":[{"taxonomy":"sujet","embeddable":true,"href":"https:\/\/capfinistere.geek-tonic.dev\/en\/wp-json\/wp\/v2\/sujet?post=4448"}],"curies":[{"name":"wp","href":"https:\/\/api.w.org\/{rel}","templated":true}]}}