{"id":4078,"date":"2022-09-09T14:33:20","date_gmt":"2022-09-09T12:33:20","guid":{"rendered":"https:\/\/capfinistere.geek-tonic.dev\/contact-acces\/"},"modified":"2024-07-17T11:08:33","modified_gmt":"2024-07-17T09:08:33","slug":"contact-access","status":"publish","type":"page","link":"https:\/\/capfinistere.geek-tonic.dev\/en\/contact-access\/","title":{"rendered":"Info and contact"},"content":{"rendered":"<section id=\"ls-section-block_e207754eb9b1166121b54a940478bde9\" class=\"ls-section  page-one has-background has-color-4-background-color has-m-t m-t-0 has-m-b m-b-0 has-p-t p-t-14\" >\r\n        <div class=\"container container--wide\">\r\n        \n\n<div class=\"wp-block-columns is-layout-flex wp-container-core-columns-is-layout-1 wp-block-columns-is-layout-flex\">\n<div class=\"wp-block-column is-vertically-aligned-top animated fadeInLeft delay-100ms slow is-layout-flow wp-block-column-is-layout-flow\">\n<div class=\"wp-block-contact-form-7-contact-form-selector\">\n<div class=\"wpcf7 no-js\" id=\"wpcf7-f7466-o1\" lang=\"en-US\" dir=\"ltr\" data-wpcf7-id=\"7466\">\n<div class=\"screen-reader-response\"><p role=\"status\" aria-live=\"polite\" aria-atomic=\"true\"><\/p> <ul><\/ul><\/div>\n<form action=\"\/en\/wp-json\/wp\/v2\/pages\/4078#wpcf7-f7466-o1\" method=\"post\" class=\"wpcf7-form init\" aria-label=\"Contact form\" novalidate=\"novalidate\" data-status=\"init\">\n<div style=\"display: none;\">\n<input type=\"hidden\" name=\"_wpcf7\" value=\"7466\" \/>\n<input type=\"hidden\" name=\"_wpcf7_version\" value=\"6.0\" \/>\n<input type=\"hidden\" name=\"_wpcf7_locale\" value=\"en_US\" \/>\n<input type=\"hidden\" name=\"_wpcf7_unit_tag\" value=\"wpcf7-f7466-o1\" \/>\n<input type=\"hidden\" name=\"_wpcf7_container_post\" value=\"0\" \/>\n<input type=\"hidden\" name=\"_wpcf7_posted_data_hash\" value=\"\" \/>\n<input type=\"hidden\" name=\"_wpcf7_recaptcha_response\" value=\"\" \/>\n<\/div>\n<p><label> Your name<br \/>\n<span class=\"wpcf7-form-control-wrap\" data-name=\"your-name\"><input size=\"40\" maxlength=\"400\" class=\"wpcf7-form-control wpcf7-text wpcf7-validates-as-required\" autocomplete=\"name\" aria-required=\"true\" aria-invalid=\"false\" value=\"\" type=\"text\" name=\"your-name\" \/><\/span> <\/label>\n<\/p>\n<p><label> Your e-mail<br \/>\n<span class=\"wpcf7-form-control-wrap\" data-name=\"your-email\"><input size=\"40\" maxlength=\"400\" class=\"wpcf7-form-control wpcf7-email wpcf7-validates-as-required wpcf7-text wpcf7-validates-as-email\" autocomplete=\"email\" aria-required=\"true\" aria-invalid=\"false\" value=\"\" type=\"email\" name=\"your-email\" \/><\/span> <\/label>\n<\/p>\n<p><label> Object<br \/>\n<span class=\"wpcf7-form-control-wrap\" data-name=\"your-subject\"><input size=\"40\" maxlength=\"400\" class=\"wpcf7-form-control wpcf7-text wpcf7-validates-as-required\" aria-required=\"true\" aria-invalid=\"false\" value=\"\" type=\"text\" name=\"your-subject\" \/><\/span> <\/label>\n<\/p>\n<p><label> Your message<br \/>\n<span class=\"wpcf7-form-control-wrap\" data-name=\"your-message\"><textarea cols=\"40\" rows=\"10\" maxlength=\"2000\" class=\"wpcf7-form-control wpcf7-textarea\" aria-invalid=\"false\" name=\"your-message\"><\/textarea><\/span> <\/label>\n<\/p>\n<p><span class=\"wpcf7-form-control-wrap\" data-name=\"acceptance-746\"><span class=\"wpcf7-form-control wpcf7-acceptance\"><span class=\"wpcf7-list-item\"><label><input type=\"checkbox\" name=\"acceptance-746\" value=\"1\" aria-invalid=\"false\" \/><span class=\"wpcf7-list-item-label\">By checking this box, I accept the <a href=\"\/en\/privacy-policy\/\" rel=\"nofollow\" target=\"_blank\">Privacy Policy<\/a> of this site.<\/span><\/label><\/span><\/span><\/span>\n<\/p>\n<p><input class=\"wpcf7-form-control wpcf7-submit has-spinner\" type=\"submit\" value=\"Send\" \/>\n<\/p><input type='hidden' class='wpcf7-pum' value='{\"closepopup\":false,\"closedelay\":0,\"openpopup\":false,\"openpopup_id\":0}' \/><div class=\"wpcf7-response-output\" aria-hidden=\"true\"><\/div>\n<\/form>\n<\/div>\n<\/div>\n<\/div>\n\n\n\n<div class=\"wp-block-column is-vertically-aligned-center animated fadeInRight slow is-layout-flow wp-block-column-is-layout-flow\">\n<h1 class=\"ls__heading wp-block-heading has-text-align-left ls__heading-undefined post__heading-undefined color1\" id=\"contact-et-acces\">Contact and access<\/h1>\n\n\n\n<h2 class=\"ls__heading wp-block-heading ls__heading-undefined post__heading-undefined color1\" id=\"nous-contacter\">Contact us<\/h2>\n\n\n\n<p class=\"ls-paragraph\">Ga\u00e9tan and his reception team will be delighted to help you all year round, by telephone on <strong>+33 (0)2 98 58 66 93<\/strong>, daily 9am-12pm \/ 2pm-5pm. Switchboard opening hours may vary according to the season. If you&#8217;re unavailable, leave a message and our team will get back to you as soon as possible.<\/p>\n\n\n\n<p class=\"ls-paragraph\">You can send us your request by post to the campsite address or by e-mail: <a href=\"maito:capfinistere@flowercampings.com\">capfinistere@flowercampings.com<\/a>. You can also contact us by completing the contact form.<\/p>\n\n\n\n<p class=\"ls-paragraph\">Follow our news and tips on Instagram and Facebook and leave us a message.<\/p>\n<\/div>\n<\/div>\n\n\r\n    <\/div>\r\n<\/section><section id=\"ls-section-block_eed1ad9806346e1b51adffad6623ea84\" class=\"ls-section  page-one aventure\" >\r\n        <div class=\"container container--full\">\r\n        \n\n<div class=\"wp-block-columns is-layout-flex wp-container-core-columns-is-layout-2 wp-block-columns-is-layout-flex\">\n<div class=\"wp-block-column is-vertically-aligned-center animated fadeInLeft delay-100ms slow is-layout-flow wp-block-column-is-layout-flow\" style=\"flex-basis:50%\">\n<h2 class=\"ls__heading wp-block-heading ls__heading-undefined post__heading-undefined color1\" id=\"veniraucamping\">Coming to the campsite<\/h2>\n\n\n\n<p class=\"ls-paragraph ls__paragraph\">To get to Cap Finist\u00e8re from Quimper, head for Audierne\/Gwaien\/Penhars and continue along the d\u00e9partementale 785. Take the unique route through Pont L&#8217;abb\u00e9, and enjoy the surrounding scenery on your way to your <a href=\"https:\/\/capfinistere.geek-tonic.dev\/en\/\">campsite in Penmarch<\/a>. You will cross the commune of Plomeur and follow the direction of the pointe de Penmarch. On the outskirts of town, you&#8217;ll come to a traffic circle. Turn left onto d\u00e9partementale 53. You can use the blue Flower Camping flag to locate the campsite on your left.<\/p>\n\n\n\n<p class=\"ls-paragraph ls__paragraph\">Enter our address in your GPS:<\/p>\n\n\n\n<ul class=\"ls-list wp-block-list\">\n\n<li>20 Rue de Gouesnach N\u00e9vez<\/li>\n\n\n<li>29760 Penmarc&#8217;h<\/li>\n\n<\/ul>\n\n\n\n<p class=\"ls-paragraph ls__paragraph\">Or our GPS coordinates :  <\/p>\n\n\n\n<ul class=\"ls-list wp-block-list\">\n\n<li>N 47\u00b0 49&#8242; 8.2927&#8243;<\/li>\n\n\n<li>O 4\u00b0 18&#8242; 34.4045&#8243;<\/li>\n\n<\/ul>\n<\/div>\n\n\n\n<div class=\"wp-block-column animated fadeInRight slow is-layout-flow wp-block-column-is-layout-flow\" style=\"flex-basis:50%\">\n<iframe src=\"https:\/\/www.google.com\/maps\/embed?pb=!1m18!1m12!1m3!1d36050.227718756134!2d-4.313100259053845!3d47.81151184246362!2m3!1f0!2f0!3f0!3m2!1i1024!2i768!4f13.1!3m3!1m2!1s0x4817306d98cd607f%3A0x78da83f9f6cf307d!2sFlower%20Camping%20Les%20Gen%C3%AAts!5e0!3m2!1sfr!2sfr!4v1663145387241!5m2!1sfr!2sfr\" width=\"100%\" height=\"500\" style=\"border:0;\" allowfullscreen=\"\" loading=\"lazy\" referrerpolicy=\"no-referrer-when-downgrade\"><\/iframe>\n<\/div>\n<\/div>\n\n\r\n    <\/div>\r\n<\/section><section id=\"ls-section-block_f35719b7d34fbd7e91454800c2dbe386\" class=\"ls-section  has-background has-color-4-background-color has-m-b m-b-0\" >\r\n        <div class=\"container container--wide\">\r\n        \n\n<div class=\"wp-block-columns is-layout-flex wp-container-core-columns-is-layout-3 wp-block-columns-is-layout-flex\">\n<div class=\"wp-block-column animated fadeInLeft delay-100ms slow is-layout-flow wp-block-column-is-layout-flow\">\n<figure class=\"wp-block-image size-large\"><a href=\"https:\/\/capfinistere.geek-tonic.dev\/wp-content\/uploads\/sites\/22\/2024\/04\/reception-camping-finistere.webp\"><img decoding=\"async\" width=\"1024\" height=\"683\" src=\"https:\/\/capfinistere.geek-tonic.dev\/wp-content\/uploads\/sites\/22\/2024\/04\/reception-camping-finistere-1024x683.webp\" alt=\"reception camping finistere\" class=\"wp-image-7004\" srcset=\"https:\/\/capfinistere.geek-tonic.dev\/wp-content\/uploads\/sites\/22\/2024\/04\/reception-camping-finistere-1024x683.webp 1024w, https:\/\/capfinistere.geek-tonic.dev\/wp-content\/uploads\/sites\/22\/2024\/04\/reception-camping-finistere-300x200.webp 300w, https:\/\/capfinistere.geek-tonic.dev\/wp-content\/uploads\/sites\/22\/2024\/04\/reception-camping-finistere-768x512.webp 768w, https:\/\/capfinistere.geek-tonic.dev\/wp-content\/uploads\/sites\/22\/2024\/04\/reception-camping-finistere.webp 1200w\" sizes=\"(max-width: 1024px) 100vw, 1024px\" \/><\/a><\/figure>\n<\/div>\n\n\n\n<div class=\"wp-block-column animated fadeInRight slow is-layout-flow wp-block-column-is-layout-flow\">\n<h2 class=\"ls__heading wp-block-heading has-text-align-left ls__heading-undefined post__heading-undefined color1\" id=\"infos-pratiques\">Practical info<\/h2>\n\n\n\n<p class=\"ls-paragraph\">Our campsite measures almost 5 hectares and has a total of 174 pitches. On our grounds you&#8217;ll find 124 rentals (including 27 residents) and 50 camping pitches (quantities may change without notice).<\/p>\n\n\n\n<p class=\"ls-paragraph\">Our campsite is accessible to people with reduced mobility.<\/p>\n\n\n\n<p class=\"ls-paragraph\">Our reception team speaks French, English and Spanish.<\/p>\n\n\n\n<p class=\"ls-paragraph\">Dogs are welcome under certain conditions. Contact the campsite for more information.<\/p>\n<\/div>\n<\/div>\n\n\r\n    <\/div>\r\n<\/section><section id=\"ls-section-block_6e7dc43569d5b5f02902dab46ee64d38\" class=\"ls-section  has-background has-color-4-background-color has-m-t m-t-0 has-m-b m-b-0\" >\r\n        <div class=\"container container--wide\">\r\n        \n\n<div class=\"wp-block-columns is-layout-flex wp-container-core-columns-is-layout-4 wp-block-columns-is-layout-flex\">\n<div class=\"wp-block-column animated fadeInLeft delay-100ms slow is-layout-flow wp-block-column-is-layout-flow\">\n<div id=\"ls-heading ls-titre-div-block_4704374b25cc47a255951c91c33d520a\" class=\"ls-titre-div h3-like has-text-color has-color-1-color\" >\n    Opening hours of campsite and services<\/div>\n\n\n\n<p class=\"ls-paragraph\">Our campsite is open from April to November inclusive. During this period, you can take advantage of all on-site services: reception, sanitary facilities, children&#8217;s play areas, bike hire, barbecues, bed linen and towels, bread depot. The heated, covered swimming pool, restaurant and grocery store are open all season too.<\/p>\n\n\n\n<p class=\"ls-paragraph\">Reception is open throughout the season at the following times (for information only, subject to change):<\/p>\n\n\n\n<ul class=\"ls-list wp-block-list\">\n\n<li>Low season: 8:30am-12:30pm \/ 1:30pm-6:30pm<\/li>\n\n\n<li>High season: 8:30 a.m. &#8211; 8:00 p.m.<\/li>\n\n<\/ul>\n\n\n\n<div class=\"ls-lire-plus\">\n    <input id=\"ls-lire-plus-block_064e5f924563215628e2c812058af94a69e6298762625\" type=\"checkbox\" class=\"ls-lire-plus__toggle\"  \/>\n    <label for=\"ls-lire-plus-block_064e5f924563215628e2c812058af94a69e6298762625\" class=\"ls-lire-plus__toggle-label\">\n        <span>Lire plus<\/span>\n        <span>Lire moins<\/span>\n    <\/label>\n    <div class=\"ls-lire-plus__content\">\n        \n\n<p class=\"ls-paragraph\">In the event of late arrival, i.e. after reception has closed, we thank you in advance for informing us of your expected arrival time. In this way, we can organize your late arrival and provide you with essential information by e-mail or telephone: where to pick up your key and entry code, campsite map, service timetables and <a href=\"https:\/\/capfinistere.geek-tonic.dev\/en\/catering-finistere\/\">restaurant<\/a> menu.<\/p>\n\n\n\n<p class=\"ls-paragraph\">Here are our arrival\/departure times for your camping stay in Penmarc&#8217;h:<\/p>\n\n\n\n<ul class=\"ls-list wp-block-list\">\n\n<li><a href=\"https:\/\/capfinistere.geek-tonic.dev\/en\/mobile-home-rental-finistere\/\">rental <\/a> stay: arrival after 4 p.m. and departure before 10 a.m.<\/li>\n\n\n<li><a href=\"https:\/\/capfinistere.geek-tonic.dev\/en\/rental-pitches-finistere\/\">Bare pitch<\/a> stay: after 12 noon and departure before 12 noon<\/li>\n\n<\/ul>\n\n\n\n<p class=\"ls-paragraph\">In summer, take advantage of our entertainment programme during the school summer holidays from 8\/07 to 30\/08. Visit our <a href=\"https:\/\/capfinistere.geek-tonic.dev\/en\/campsite-entertainment-finistere\/\">events<\/a> page to find out all about our events.<\/p>\n\n        <div class=\"ls-lire-plus__gradient\" style=\"background: linear-gradient(to bottom,rgba(255,235,204,0) 0%,rgba(255,235,204,1) 100%);\"><\/div>\n    <\/div>\n<\/div><\/div>\n\n\n\n<div class=\"wp-block-column animated fadeInRight slow is-layout-flow wp-block-column-is-layout-flow\">\n<div id=\"ls-heading ls-titre-div-block_82216e2dc314bb3b72932666c47ac1be\" class=\"ls-titre-div h3-like has-text-color has-color-1-color\" >\n    Security and bonding<\/div>\n\n\n\n<p class=\"ls-paragraph\">At Cap Finist\u00e8re, the peace and quiet of our guests is one of our top priorities. That&#8217;s why vehicle traffic is prohibited from 11pm to 7am inside the campsite. An entry and exit code will be given to you on arrival to enter or leave the campsite during the day, between 7am and 11pm. For overnight guests, parking is available to the right of the campsite entrance. Pedestrian and bicycle access to the campsite is available 24 hours a day, near the gates.<\/p>\n\n\n\n<p class=\"ls-paragraph\">In the event of an incident or noise disturbance, contact an emergency number which will be given to you on arrival.<\/p>\n\n\n\n<div class=\"ls-lire-plus\">\n    <input id=\"ls-lire-plus-block_064e5f924563215628e2c812058af94a69e6298763762\" type=\"checkbox\" class=\"ls-lire-plus__toggle\"  \/>\n    <label for=\"ls-lire-plus-block_064e5f924563215628e2c812058af94a69e6298763762\" class=\"ls-lire-plus__toggle-label\">\n        <span>Lire plus<\/span>\n        <span>Lire moins<\/span>\n    <\/label>\n    <div class=\"ls-lire-plus__content\">\n        \n\n<p class=\"ls-paragraph\">On arrival, we require a deposit of 300\u20ac regardless of the length of your rental stay. For pitches, we require payment for the first night of your stay. Find all the information you need on our <a href=\"https:\/\/capfinistere.geek-tonic.dev\/en\/campsite-family-finistere\/\">services page<\/a>.<\/p>\n\n\n\n<p class=\"ls-paragraph\">When you leave, our team will systematically check your accommodation. We recommend that you sign up for the check-out schedule, so that you can prepare for the end of your stay with peace of mind. Entrance inspections are not carried out at Cap Finist\u00e8re, as they are done by our hygiene teams beforehand.<\/p>\n\n\n\n<p class=\"ls-paragraph\">Find out more about our campsite by downloading our terms and conditions or on our <a href=\"https:\/\/www.flowercampings.com\/page\/application-mobile\" target=\"_blank\" rel=\"noreferrer noopener\"> My Flower app<\/a>.<\/p>\n\n\n\n<p class=\"ls-paragraph\">Choose Cap Finist\u00e8re for your camping holiday in Penmarc&#8217;h and take advantage of our availability and special offers for a dream vacation on a pitch or in a rental accommodation.<\/p>\n\n        <div class=\"ls-lire-plus__gradient\" style=\"background: linear-gradient(to bottom,rgba(255,235,204,0) 0%,rgba(255,235,204,1) 100%);\"><\/div>\n    <\/div>\n<\/div><\/div>\n<\/div>\n\n\r\n    <\/div>\r\n<\/section>","protected":false},"excerpt":{"rendered":"","protected":false},"author":1,"featured_media":3433,"parent":0,"menu_order":0,"comment_status":"closed","ping_status":"closed","template":"","meta":{"_acf_changed":false,"footnotes":""},"sujet":[],"class_list":["post-4078","page","type-page","status-publish","has-post-thumbnail","hentry"],"acf":[],"yoast_head":"<!-- This site is optimized with the Yoast SEO plugin v23.9 - https:\/\/yoast.com\/wordpress\/plugins\/seo\/ -->\n<title>Contact, access camping Finist\u00e8re | Itinerary and contact camping Penmarch<\/title>\n<meta name=\"description\" content=\"Camping Cap Finist\u00e8re les Gen\u00eats welcomes you to Penmarch, in Brittany&#039;s Finist\u00e8re region. 4-star campsite located 1500 meters from the beach. Mobile home rentals\" \/>\n<meta name=\"robots\" content=\"noindex, follow, max-snippet:-1, max-image-preview:large, max-video-preview:-1\" \/>\n<meta property=\"og:locale\" content=\"en_US\" \/>\n<meta property=\"og:type\" content=\"article\" \/>\n<meta property=\"og:title\" content=\"Contact, access camping Finist\u00e8re | Itinerary and contact camping Penmarch\" \/>\n<meta property=\"og:description\" content=\"Camping Cap Finist\u00e8re les Gen\u00eats welcomes you to Penmarch, in Brittany&#039;s Finist\u00e8re region. 4-star campsite located 1500 meters from the beach. Mobile home rentals\" \/>\n<meta property=\"og:url\" content=\"https:\/\/capfinistere.geek-tonic.dev\/en\/contact-access\/\" \/>\n<meta property=\"og:site_name\" content=\"Camping Cap Finist\u00e8re\" \/>\n<meta property=\"article:modified_time\" content=\"2024-07-17T09:08:33+00:00\" \/>\n<meta property=\"og:image\" content=\"https:\/\/capfinistere.geek-tonic.dev\/wp-content\/uploads\/sites\/22\/2022\/09\/venir-camping-finistere-1.jpg\" \/>\n\t<meta property=\"og:image:width\" content=\"1904\" \/>\n\t<meta property=\"og:image:height\" content=\"515\" \/>\n\t<meta property=\"og:image:type\" content=\"image\/jpeg\" \/>\n<meta name=\"twitter:card\" content=\"summary_large_image\" \/>\n<meta name=\"twitter:label1\" content=\"Est. reading time\" \/>\n\t<meta name=\"twitter:data1\" content=\"5 minutes\" \/>\n<script type=\"application\/ld+json\" class=\"yoast-schema-graph\">{\"@context\":\"https:\/\/schema.org\",\"@graph\":[{\"@type\":\"WebPage\",\"@id\":\"https:\/\/capfinistere.geek-tonic.dev\/en\/contact-access\/\",\"url\":\"https:\/\/capfinistere.geek-tonic.dev\/en\/contact-access\/\",\"name\":\"Contact, access camping Finist\u00e8re | Itinerary and contact camping Penmarch\",\"isPartOf\":{\"@id\":\"https:\/\/capfinistere.geek-tonic.dev\/en\/#website\"},\"primaryImageOfPage\":{\"@id\":\"https:\/\/capfinistere.geek-tonic.dev\/en\/contact-access\/#primaryimage\"},\"image\":{\"@id\":\"https:\/\/capfinistere.geek-tonic.dev\/en\/contact-access\/#primaryimage\"},\"thumbnailUrl\":\"https:\/\/capfinistere.geek-tonic.dev\/wp-content\/uploads\/sites\/22\/2022\/09\/venir-camping-finistere-1.jpg\",\"datePublished\":\"2022-09-09T12:33:20+00:00\",\"dateModified\":\"2024-07-17T09:08:33+00:00\",\"description\":\"Camping Cap Finist\u00e8re les Gen\u00eats welcomes you to Penmarch, in Brittany's Finist\u00e8re region. 4-star campsite located 1500 meters from the beach. Mobile home rentals\",\"breadcrumb\":{\"@id\":\"https:\/\/capfinistere.geek-tonic.dev\/en\/contact-access\/#breadcrumb\"},\"inLanguage\":\"en-US\",\"potentialAction\":[{\"@type\":\"ReadAction\",\"target\":[\"https:\/\/capfinistere.geek-tonic.dev\/en\/contact-access\/\"]}]},{\"@type\":\"ImageObject\",\"inLanguage\":\"en-US\",\"@id\":\"https:\/\/capfinistere.geek-tonic.dev\/en\/contact-access\/#primaryimage\",\"url\":\"https:\/\/capfinistere.geek-tonic.dev\/wp-content\/uploads\/sites\/22\/2022\/09\/venir-camping-finistere-1.jpg\",\"contentUrl\":\"https:\/\/capfinistere.geek-tonic.dev\/wp-content\/uploads\/sites\/22\/2022\/09\/venir-camping-finistere-1.jpg\",\"width\":1904,\"height\":515,\"caption\":\"come camping finistere\"},{\"@type\":\"BreadcrumbList\",\"@id\":\"https:\/\/capfinistere.geek-tonic.dev\/en\/contact-access\/#breadcrumb\",\"itemListElement\":[{\"@type\":\"ListItem\",\"position\":1,\"name\":\"Camping Finist\u00e8re\",\"item\":\"https:\/\/capfinistere.geek-tonic.dev\/en\/\"},{\"@type\":\"ListItem\",\"position\":2,\"name\":\"Contact, directions\"}]},{\"@type\":\"WebSite\",\"@id\":\"https:\/\/capfinistere.geek-tonic.dev\/en\/#website\",\"url\":\"https:\/\/capfinistere.geek-tonic.dev\/en\/\",\"name\":\"Camping Cap Finist\u00e8re\",\"description\":\"\",\"publisher\":{\"@id\":\"https:\/\/capfinistere.geek-tonic.dev\/en\/#organization\"},\"potentialAction\":[{\"@type\":\"SearchAction\",\"target\":{\"@type\":\"EntryPoint\",\"urlTemplate\":\"https:\/\/capfinistere.geek-tonic.dev\/en\/?s={search_term_string}\"},\"query-input\":{\"@type\":\"PropertyValueSpecification\",\"valueRequired\":true,\"valueName\":\"search_term_string\"}}],\"inLanguage\":\"en-US\"},{\"@type\":\"Organization\",\"@id\":\"https:\/\/capfinistere.geek-tonic.dev\/en\/#organization\",\"name\":\"Camping Cap Finist\u00e8re\",\"url\":\"https:\/\/capfinistere.geek-tonic.dev\/en\/\",\"logo\":{\"@type\":\"ImageObject\",\"inLanguage\":\"en-US\",\"@id\":\"https:\/\/capfinistere.geek-tonic.dev\/en\/#\/schema\/logo\/image\/\",\"url\":\"https:\/\/capfinistere.geek-tonic.dev\/wp-content\/uploads\/sites\/22\/2022\/09\/cropped-logo-Flower-camping-Cap-Finistere.png\",\"contentUrl\":\"https:\/\/capfinistere.geek-tonic.dev\/wp-content\/uploads\/sites\/22\/2022\/09\/cropped-logo-Flower-camping-Cap-Finistere.png\",\"width\":500,\"height\":660,\"caption\":\"Camping Cap Finist\u00e8re\"},\"image\":{\"@id\":\"https:\/\/capfinistere.geek-tonic.dev\/en\/#\/schema\/logo\/image\/\"}}]}<\/script>\n<!-- \/ Yoast SEO plugin. -->","yoast_head_json":{"title":"Contact, access camping Finist\u00e8re | Itinerary and contact camping Penmarch","description":"Camping Cap Finist\u00e8re les Gen\u00eats welcomes you to Penmarch, in Brittany's Finist\u00e8re region. 4-star campsite located 1500 meters from the beach. Mobile home rentals","robots":{"index":"noindex","follow":"follow","max-snippet":"max-snippet:-1","max-image-preview":"max-image-preview:large","max-video-preview":"max-video-preview:-1"},"og_locale":"en_US","og_type":"article","og_title":"Contact, access camping Finist\u00e8re | Itinerary and contact camping Penmarch","og_description":"Camping Cap Finist\u00e8re les Gen\u00eats welcomes you to Penmarch, in Brittany's Finist\u00e8re region. 4-star campsite located 1500 meters from the beach. Mobile home rentals","og_url":"https:\/\/capfinistere.geek-tonic.dev\/en\/contact-access\/","og_site_name":"Camping Cap Finist\u00e8re","article_modified_time":"2024-07-17T09:08:33+00:00","og_image":[{"width":1904,"height":515,"url":"https:\/\/capfinistere.geek-tonic.dev\/wp-content\/uploads\/sites\/22\/2022\/09\/venir-camping-finistere-1.jpg","type":"image\/jpeg"}],"twitter_card":"summary_large_image","twitter_misc":{"Est. reading time":"5 minutes"},"schema":{"@context":"https:\/\/schema.org","@graph":[{"@type":"WebPage","@id":"https:\/\/capfinistere.geek-tonic.dev\/en\/contact-access\/","url":"https:\/\/capfinistere.geek-tonic.dev\/en\/contact-access\/","name":"Contact, access camping Finist\u00e8re | Itinerary and contact camping Penmarch","isPartOf":{"@id":"https:\/\/capfinistere.geek-tonic.dev\/en\/#website"},"primaryImageOfPage":{"@id":"https:\/\/capfinistere.geek-tonic.dev\/en\/contact-access\/#primaryimage"},"image":{"@id":"https:\/\/capfinistere.geek-tonic.dev\/en\/contact-access\/#primaryimage"},"thumbnailUrl":"https:\/\/capfinistere.geek-tonic.dev\/wp-content\/uploads\/sites\/22\/2022\/09\/venir-camping-finistere-1.jpg","datePublished":"2022-09-09T12:33:20+00:00","dateModified":"2024-07-17T09:08:33+00:00","description":"Camping Cap Finist\u00e8re les Gen\u00eats welcomes you to Penmarch, in Brittany's Finist\u00e8re region. 4-star campsite located 1500 meters from the beach. Mobile home rentals","breadcrumb":{"@id":"https:\/\/capfinistere.geek-tonic.dev\/en\/contact-access\/#breadcrumb"},"inLanguage":"en-US","potentialAction":[{"@type":"ReadAction","target":["https:\/\/capfinistere.geek-tonic.dev\/en\/contact-access\/"]}]},{"@type":"ImageObject","inLanguage":"en-US","@id":"https:\/\/capfinistere.geek-tonic.dev\/en\/contact-access\/#primaryimage","url":"https:\/\/capfinistere.geek-tonic.dev\/wp-content\/uploads\/sites\/22\/2022\/09\/venir-camping-finistere-1.jpg","contentUrl":"https:\/\/capfinistere.geek-tonic.dev\/wp-content\/uploads\/sites\/22\/2022\/09\/venir-camping-finistere-1.jpg","width":1904,"height":515,"caption":"come camping finistere"},{"@type":"BreadcrumbList","@id":"https:\/\/capfinistere.geek-tonic.dev\/en\/contact-access\/#breadcrumb","itemListElement":[{"@type":"ListItem","position":1,"name":"Camping Finist\u00e8re","item":"https:\/\/capfinistere.geek-tonic.dev\/en\/"},{"@type":"ListItem","position":2,"name":"Contact, directions"}]},{"@type":"WebSite","@id":"https:\/\/capfinistere.geek-tonic.dev\/en\/#website","url":"https:\/\/capfinistere.geek-tonic.dev\/en\/","name":"Camping Cap Finist\u00e8re","description":"","publisher":{"@id":"https:\/\/capfinistere.geek-tonic.dev\/en\/#organization"},"potentialAction":[{"@type":"SearchAction","target":{"@type":"EntryPoint","urlTemplate":"https:\/\/capfinistere.geek-tonic.dev\/en\/?s={search_term_string}"},"query-input":{"@type":"PropertyValueSpecification","valueRequired":true,"valueName":"search_term_string"}}],"inLanguage":"en-US"},{"@type":"Organization","@id":"https:\/\/capfinistere.geek-tonic.dev\/en\/#organization","name":"Camping Cap Finist\u00e8re","url":"https:\/\/capfinistere.geek-tonic.dev\/en\/","logo":{"@type":"ImageObject","inLanguage":"en-US","@id":"https:\/\/capfinistere.geek-tonic.dev\/en\/#\/schema\/logo\/image\/","url":"https:\/\/capfinistere.geek-tonic.dev\/wp-content\/uploads\/sites\/22\/2022\/09\/cropped-logo-Flower-camping-Cap-Finistere.png","contentUrl":"https:\/\/capfinistere.geek-tonic.dev\/wp-content\/uploads\/sites\/22\/2022\/09\/cropped-logo-Flower-camping-Cap-Finistere.png","width":500,"height":660,"caption":"Camping Cap Finist\u00e8re"},"image":{"@id":"https:\/\/capfinistere.geek-tonic.dev\/en\/#\/schema\/logo\/image\/"}}]}},"_links":{"self":[{"href":"https:\/\/capfinistere.geek-tonic.dev\/en\/wp-json\/wp\/v2\/pages\/4078","targetHints":{"allow":["GET"]}}],"collection":[{"href":"https:\/\/capfinistere.geek-tonic.dev\/en\/wp-json\/wp\/v2\/pages"}],"about":[{"href":"https:\/\/capfinistere.geek-tonic.dev\/en\/wp-json\/wp\/v2\/types\/page"}],"author":[{"embeddable":true,"href":"https:\/\/capfinistere.geek-tonic.dev\/en\/wp-json\/wp\/v2\/users\/1"}],"replies":[{"embeddable":true,"href":"https:\/\/capfinistere.geek-tonic.dev\/en\/wp-json\/wp\/v2\/comments?post=4078"}],"version-history":[{"count":10,"href":"https:\/\/capfinistere.geek-tonic.dev\/en\/wp-json\/wp\/v2\/pages\/4078\/revisions"}],"predecessor-version":[{"id":7830,"href":"https:\/\/capfinistere.geek-tonic.dev\/en\/wp-json\/wp\/v2\/pages\/4078\/revisions\/7830"}],"wp:featuredmedia":[{"embeddable":true,"href":"https:\/\/capfinistere.geek-tonic.dev\/en\/wp-json\/wp\/v2\/media\/3433"}],"wp:attachment":[{"href":"https:\/\/capfinistere.geek-tonic.dev\/en\/wp-json\/wp\/v2\/media?parent=4078"}],"wp:term":[{"taxonomy":"sujet","embeddable":true,"href":"https:\/\/capfinistere.geek-tonic.dev\/en\/wp-json\/wp\/v2\/sujet?post=4078"}],"curies":[{"name":"wp","href":"https:\/\/api.w.org\/{rel}","templated":true}]}}