{"id":3978,"date":"2022-09-14T16:14:00","date_gmt":"2022-09-14T14:14:00","guid":{"rendered":"https:\/\/capfinistere.geek-tonic.dev\/tourisme-finistere\/"},"modified":"2024-04-25T15:17:18","modified_gmt":"2024-04-25T13:17:18","slug":"tourism-finistere","status":"publish","type":"page","link":"https:\/\/capfinistere.geek-tonic.dev\/en\/tourism-finistere\/","title":{"rendered":"Finist\u00e8re"},"content":{"rendered":"<section id=\"ls-section-block_aacd47da3a39879f8bcd04b77518a71c\" class=\"ls-section  has-p-b has-p-t p-b-0 p-t-0 has-background has-color-4-background-color has-m-t m-t-0 has-m-b m-b-0 has-p-t p-t-14 has-p-b p-b-14\" >\r\n        <div class=\"container container--wide\">\r\n        \n\n<h1 class=\"ls__heading wp-block-heading has-text-align-center ls__heading-undefined color1\" id=\"visitez-quiberon\">Discover Finist\u00e8re<\/h1>\n\n\n\n<h2 class=\"ls__heading wp-block-heading ls__heading-undefined color1\" id=\"a-voir-a-quiberon\">Finist\u00e8re, a unique place to discover<\/h2>\n\n\n\n<p class=\"ls-paragraph\">Choose Brittany for your camping vacations with a water park. Like 1 in 10 French people (source: Ouest-France, 2020), let yourself be seduced by Brittany, one of France&#8217;s most renowned and popular destinations. Looking for authenticity and sea air? Finist\u00e8re will win you over! Hoist the sails for a camping vacation in Finist\u00e8re, France&#8217;s most westerly department. Stay in Brittany&#8217;s second most visited d\u00e9partement and take advantage of the many attractions of this corner of paradise, between land and sea. Finist\u00e8re, in Brittany, is a wild and unspoilt department with exceptional landscapes between land and sea: a succession of coves, dunes and ponds, fishing ports, marinas, beaches, coves, islands and cliffs&#8230;<\/p>\n\n\n\n<p class=\"ls-paragraph\">  Our campsite, located at the confluence of the ocean and a land full of traditions, is the ideal starting point for discovering the region. You can discover the famous seaside resort of B\u00e9nodet, the Bay of  <a href=\"https:\/\/capfinistere.geek-tonic.dev\/en\/tourism-douarnenez\/\">Douarnenez<\/a>  and Audierne, the ramparts of  <a href=\"https:\/\/capfinistere.geek-tonic.dev\/en\/tourism-concarneau\/\">Concarneau<\/a>Locronan, a town of art and history  <a href=\"https:\/\/capfinistere.geek-tonic.dev\/en\/tourism-quimper\/\">Quimper<\/a>Pont Aven, the city of painters&#8230; On the way to For\u00eat-Fouesnant and the Cornouaille region, or even  <a href=\"https:\/\/capfinistere.geek-tonic.dev\/en\/tourism-bridge-abbe\/\">Pont-l&#8217;Abb\u00e9<\/a>  and the Bigouden region&#8230; On the program: water sports, cruises and sea outings, hikes on the GR 34, cycle tourism, parks and gardens, megalithic sites and thousand-year-old chapels, local markets and Breton gastronomy&#8230; Don&#8217;t miss the turquoise waters and white sandy beaches of the famous surf spot of <a href=\"https:\/\/capfinistere.geek-tonic.dev\/en\/tourism-torche\/\">La Torche<\/a> and the<a href=\"https:\/\/capfinistere.geek-tonic.dev\/en\/tourism-archipelago-of-glenan\/\">Gl\u00e9nans archipelago<\/a>, the Ile de Sein and the Pointe du Raz, one of Europe&#8217;s most visited sites. Breton heritage, Celtic legends and tales, marine culture, religious heritage&#8230; there&#8217;s something for everyone in Finist\u00e8re! Book your next camping vacation in South Finist\u00e8re now!<\/p>\n\n\n<div class=\"wp-block-image\">\n<figure class=\"aligncenter size-large is-resized\"><img decoding=\"async\" width=\"1024\" height=\"377\" src=\"https:\/\/capfinistere.geek-tonic.dev\/wp-content\/uploads\/sites\/22\/2022\/09\/decouvrir-finistere-bretagne-1024x377.jpg\" alt=\"discover finistere bretagne\" class=\"wp-image-1958\" style=\"width:1350px\" srcset=\"https:\/\/capfinistere.geek-tonic.dev\/wp-content\/uploads\/sites\/22\/2022\/09\/decouvrir-finistere-bretagne-1024x377.jpg 1024w, https:\/\/capfinistere.geek-tonic.dev\/wp-content\/uploads\/sites\/22\/2022\/09\/decouvrir-finistere-bretagne-300x111.jpg 300w, https:\/\/capfinistere.geek-tonic.dev\/wp-content\/uploads\/sites\/22\/2022\/09\/decouvrir-finistere-bretagne-768x283.jpg 768w, https:\/\/capfinistere.geek-tonic.dev\/wp-content\/uploads\/sites\/22\/2022\/09\/decouvrir-finistere-bretagne-1536x566.jpg 1536w, https:\/\/capfinistere.geek-tonic.dev\/wp-content\/uploads\/sites\/22\/2022\/09\/decouvrir-finistere-bretagne.jpg 1900w\" sizes=\"(max-width: 1024px) 100vw, 1024px\" \/><\/figure><\/div>\n\n\n<h2 class=\"ls__heading wp-block-heading ls__heading-undefined color1\" id=\"activites-a-faire-a-quiberon\">Welcome to Bigouden country<\/h2>\n\n\n\n<p class=\"ls-paragraph\">Make the most of your 4-star camping vacation in Brittany to discover the Pays Bigouden<s>.<\/s> <\/p>\n\n\n\n<p class=\"ls-paragraph\">Situated at the south-western tip of Finist\u00e8re, the Pays Bigouden offers a multitude of places to discover for the whole family during your camping vacation in <a href=\"https:\/\/capfinistere.geek-tonic.dev\/en\/tourism-penmarch\/\">Penmarc&#8217;h<\/a>. Known as the &#8220;Bigouden&#8221; country, after the famous Breton headdresses, this territory is made up of some twenty communes with deep-rooted traditions, between ocean and countryside. During your camping vacation in Pays Bigouden, head south to enjoy the many fishing and yachting harbors: Pont l&#8217;Abb\u00e9, Guilvinec, Combrit and Penmarc&#8217;h.<\/p>\n\n\n\n<p class=\"ls-paragraph\">To the west, breathe in the invigorating air of <a href=\"https:\/\/capfinistere.geek-tonic.dev\/en\/tourism-audierne-bay\/\">Baie d&#8217;Audierne<\/a>, a veritable paradise for birds and surfers, with its famous spots at La Torche and Penhors. Explore the hinterland on foot or by bike, with its lush green countryside and remarkable heritage, not to be missed during your camping holiday near La Torche. For your vacations in Brittany, the Pointe de Penmarc&#8217;h is ideally located in an authentic, unspoilt setting between the Pointe du Raz and Concarneau, not far from Quimper.<\/p>\n\n\n\n<p class=\"ls-paragraph\">Take advantage of the vitality of the Atlantic Ocean to recharge your batteries, while breathing some of the purest air in Europe! Are you looking for an authentic, rejuvenating and unforgettable vacation on the Brittany coast? Welcome to Penmarc&#8217;h, a 4-star campsite in Finist\u00e8re!<\/p>\n\n\n<p><iframe width=\"100%\" height=\"450\" src=\"https:\/\/www.youtube.com\/embed\/fJMR0AYdp-w\" title=\"YouTube video player\" frameborder=\"0\" allow=\"accelerometer; autoplay; clipboard-write; encrypted-media; gyroscope; picture-in-picture\" allowfullscreen=\"\"><\/iframe><\/p>\n\n\n\n<h2 class=\"ls__heading wp-block-heading ls__heading-undefined color1\" id=\"activites-a-faire-a-quiberon\">Things to do in Finist\u00e8re<\/h2>\n\n\n\n<p class=\"ls-paragraph\"><strong>South Finist\u00e8re<\/strong> offers a wide range of activities and some of its most beautiful spots to discover during your <strong>camping<\/strong> vacation <strong>in Penmarch<\/strong>. With friends or family, you&#8217;ll enjoy discovering this wild and authentic Breton destination as you stroll along&#8230; A menhir, a chapel or an old calvary. Take advantage of your stay in a <strong>campsite with a water park<\/strong> to explore the South Finist\u00e8re.<\/p>\n\n\n\n<p class=\"ls-paragraph\">During your <strong>stay in South Finist\u00e8re<\/strong>, enjoy the seaside, the beaches, the waves, the fresh sea air and the sunshine, all of which are very present in Brittany. With family or friends, take advantage of the many watersports spots and try your hand at windsurfing or surfing at La Torche near the <a href=\"https:\/\/capfinistere.geek-tonic.dev\/en\/\">Cap Finist\u00e8re campsite<\/a>, or diving on the Gl\u00e9nans islands.<\/p>\n\n\n\n<p class=\"ls-paragraph\">From morning to night, in all seasons, invite yourself to a guided nature walk near our seaside campsite. On foot, by bike, by boat or paddle&#8230; take a trip along the coast or through the countryside.  <\/p>\n\n\n\n<p class=\"ls-paragraph\">Our <strong>campsite in Southern Brittany<\/strong> reveals itself along the many paths and tracks that criss-cross the commune. From the iodized walks of the GR34 to the little loops of the menhirs in the hinterland, you&#8217;ll come across the greenways of the cycle route from the Pointe du Raz to the Pointe de Penmarch.<\/p>\n\n\n\n<p class=\"ls-paragraph\">Exceptional protected natural areas, long sandy beaches, transparent waters ranging from emerald green to intense blue, the natural environment around our Breton campsite is brimming with resources that are unique in the world. By the sea, you&#8217;ll feel the immensity of the ocean, just for you!<\/p>\n\n\n<p><iframe src=\"https:\/\/www.google.com\/maps\/embed?pb=!1m28!1m12!1m3!1d341492.50064924435!2d-4.400502527939056!3d48.03476185373328!2m3!1f0!2f0!3f0!3m2!1i1024!2i768!4f13.1!4m13!3e0!4m5!1s0x4817306d98cd607f%3A0x78da83f9f6cf307d!2sFlower%20Camping%20Les%20Gen%C3%AAts%2C%20Rue%20de%20Gouesnach%20N%C3%A9vez%2C%20Penmarc'h!3m2!1d47.818970199999995!2d-4.3095568!4m5!1s0x4816cc717f347f47%3A0x30ca5cd36df2730!2sFinist%C3%A8re!3m2!1d48.252024899999995!2d-3.9300525!5e0!3m2!1sfr!2sfr!4v1663581367650!5m2!1sfr!2sfr\" width=\"100%\" height=\"450\" style=\"border:0;\" allowfullscreen=\"\" loading=\"lazy\" referrerpolicy=\"no-referrer-when-downgrade\"><\/iframe><\/p>\n\n\r\n    <\/div>\r\n<\/section><section id=\"ls-section-block_e80ecee623be7dcb42921868b83e5fb6\" class=\"ls-section  page-maillage experience has-m-t m-t-0 has-p-t p-t-10\" >\r\n        <div class=\"container container--wide\">\r\n        \n\n<div id=\"ls-heading ls-titre-div-block_aace32f6e27763b9aa0cd2ecc5a85529\" class=\"ls-titre-div aligncenter h2-like\" >\n    <strong>Discover<\/strong> Finist\u00e8re<\/div>\n\n\n<div id=\"ls-maillage-block_0109bcc8463aedbe364597357ef47960\" class=\"ls-maillage cta-style-normal\" data-rows=\"4\">\n    <div class=\"wp-block-columns\"><div class=\"wp-block-column\"><div id=\"destinations\" class=\"ls-cta\">\n\n<a href=\"https:\/\/capfinistere.geek-tonic.dev\/en\/tourism-archipelago-of-glenan\/\" target=\"\" rel=\"noopener\" class=\"ls-cta__link\">\n\n\t<div class=\"ls-cta__image\"><img decoding=\"async\" src=\"https:\/\/capfinistere.geek-tonic.dev\/wp-content\/uploads\/sites\/22\/2024\/04\/tourisme-archipel-glenan-camping-finistere.webp\" alt=\"tourisme archipel glenan camping finistere\"><\/div>\n\t<div class=\"ls-cta__title\">\n\t\tGl\u00e9nan Archipelago\t<\/div>\n\n\t\t\n<\/a><\/div><\/div><div class=\"wp-block-column\"><div id=\"destinations\" class=\"ls-cta\">\n\n<a href=\"https:\/\/capfinistere.geek-tonic.dev\/en\/tourism-audierne-bay\/\" target=\"\" rel=\"noopener\" class=\"ls-cta__link\">\n\n\t<div class=\"ls-cta__image\"><img decoding=\"async\" src=\"https:\/\/capfinistere.geek-tonic.dev\/wp-content\/uploads\/sites\/22\/2024\/04\/tourisme-baie-audierne-camping-finistere.webp\" alt=\"tourisme baie audierne camping finistere\"><\/div>\n\t<div class=\"ls-cta__title\">\n\t\tAudierne Bay\t<\/div>\n\n\t\t\n<\/a><\/div><\/div><div class=\"wp-block-column\"><div id=\"destinations\" class=\"ls-cta\">\n\n<a href=\"https:\/\/capfinistere.geek-tonic.dev\/en\/tourism-concarneau\/\" target=\"\" rel=\"noopener\" class=\"ls-cta__link\">\n\n\t<div class=\"ls-cta__image\"><img decoding=\"async\" src=\"https:\/\/capfinistere.geek-tonic.dev\/wp-content\/uploads\/sites\/22\/2024\/04\/tourisme-concarneau-camping-finistere.webp\" alt=\"tourisme concarneau camping finistere\"><\/div>\n\t<div class=\"ls-cta__title\">\n\t\tConcarneau\t<\/div>\n\n\t\t\n<\/a><\/div><\/div><div class=\"wp-block-column\"><div id=\"destinations\" class=\"ls-cta\">\n\n<a href=\"https:\/\/capfinistere.geek-tonic.dev\/en\/tourism-douarnenez\/\" target=\"\" rel=\"noopener\" class=\"ls-cta__link\">\n\n\t<div class=\"ls-cta__image\"><img decoding=\"async\" src=\"https:\/\/capfinistere.geek-tonic.dev\/wp-content\/uploads\/sites\/22\/2024\/04\/tourisme-douarnenez-camping-finistere.webp\" alt=\"tourisme douarnenez camping finistere\"><\/div>\n\t<div class=\"ls-cta__title\">\n\t\tDouarnenez\t<\/div>\n\n\t\t\n<\/a><\/div><\/div><\/div><div class=\"wp-block-columns\"><div class=\"wp-block-column\"><div id=\"destinations\" class=\"ls-cta\">\n\n<a href=\"https:\/\/capfinistere.geek-tonic.dev\/en\/tourism-torche\/\" target=\"\" rel=\"noopener\" class=\"ls-cta__link\">\n\n\t<div class=\"ls-cta__image\"><img decoding=\"async\" src=\"https:\/\/capfinistere.geek-tonic.dev\/wp-content\/uploads\/sites\/22\/2024\/04\/tourisme-torche-camping-finistere.webp\" alt=\"tourisme torche camping finistere\"><\/div>\n\t<div class=\"ls-cta__title\">\n\t\tThe Torch\t<\/div>\n\n\t\t\n<\/a><\/div><\/div><div class=\"wp-block-column\"><div id=\"destinations\" class=\"ls-cta\">\n\n<a href=\"https:\/\/capfinistere.geek-tonic.dev\/en\/tourism-penmarch\/\" target=\"\" rel=\"noopener\" class=\"ls-cta__link\">\n\n\t<div class=\"ls-cta__image\"><img decoding=\"async\" src=\"https:\/\/capfinistere.geek-tonic.dev\/wp-content\/uploads\/sites\/22\/2024\/04\/tourisme-penmarch-camping-finistere.webp\" alt=\"tourisme penmarch camping finistere\"><\/div>\n\t<div class=\"ls-cta__title\">\n\t\tPenmarch\t<\/div>\n\n\t\t\n<\/a><\/div><\/div><div class=\"wp-block-column\"><div id=\"destinations\" class=\"ls-cta\">\n\n<a href=\"https:\/\/capfinistere.geek-tonic.dev\/en\/tourism-bridge-abbe\/\" target=\"\" rel=\"noopener\" class=\"ls-cta__link\">\n\n\t<div class=\"ls-cta__image\"><img decoding=\"async\" src=\"https:\/\/capfinistere.geek-tonic.dev\/wp-content\/uploads\/sites\/22\/2022\/09\/pont-labbe-vacances-bretagne.jpg\" alt=\"pont labbe vacances bretagne\"><\/div>\n\t<div class=\"ls-cta__title\">\n\t\tPont-L&#8217;abb\u00e9\t<\/div>\n\n\t\t\n<\/a><\/div><\/div><div class=\"wp-block-column\"><div id=\"destinations\" class=\"ls-cta\">\n\n<a href=\"https:\/\/capfinistere.geek-tonic.dev\/en\/tourism-quimper\/\" target=\"\" rel=\"noopener\" class=\"ls-cta__link\">\n\n\t<div class=\"ls-cta__image\"><img decoding=\"async\" src=\"https:\/\/capfinistere.geek-tonic.dev\/wp-content\/uploads\/sites\/22\/2024\/04\/tourisme-quimper-camping-finistere.webp\" alt=\"tourisme quimper camping finistere\"><\/div>\n\t<div class=\"ls-cta__title\">\n\t\tQuimper\t<\/div>\n\n\t\t\n<\/a><\/div><\/div><\/div><\/div>\n\r\n    <\/div>\r\n<\/section>","protected":false},"excerpt":{"rendered":"","protected":false},"author":1,"featured_media":3347,"parent":0,"menu_order":0,"comment_status":"closed","ping_status":"open","template":"","meta":{"_acf_changed":false,"footnotes":""},"sujet":[],"class_list":["post-3978","page","type-page","status-publish","has-post-thumbnail","hentry"],"acf":[],"yoast_head":"<!-- This site is optimized with the Yoast SEO plugin v23.9 - https:\/\/yoast.com\/wordpress\/plugins\/seo\/ -->\n<title>Tourism in Finist\u00e8re | Things to do and see in Finist\u00e8re<\/title>\n<meta name=\"robots\" content=\"noindex, follow, max-snippet:-1, max-image-preview:large, max-video-preview:-1\" \/>\n<meta property=\"og:locale\" content=\"en_US\" \/>\n<meta property=\"og:type\" content=\"article\" \/>\n<meta property=\"og:title\" content=\"Tourism in Finist\u00e8re | Things to do and see in Finist\u00e8re\" \/>\n<meta property=\"og:url\" content=\"https:\/\/capfinistere.geek-tonic.dev\/en\/tourism-finistere\/\" \/>\n<meta property=\"og:site_name\" content=\"Camping Cap Finist\u00e8re\" \/>\n<meta property=\"article:modified_time\" content=\"2024-04-25T13:17:18+00:00\" \/>\n<meta property=\"og:image\" content=\"http:\/\/capfinistere.geek-tonic.dev\/wp-content\/uploads\/sites\/22\/2022\/09\/visiter-finistere.jpg\" \/>\n\t<meta property=\"og:image:width\" content=\"1904\" \/>\n\t<meta property=\"og:image:height\" content=\"515\" \/>\n\t<meta property=\"og:image:type\" content=\"image\/jpeg\" \/>\n<meta name=\"twitter:card\" content=\"summary_large_image\" \/>\n<meta name=\"twitter:label1\" content=\"Est. reading time\" \/>\n\t<meta name=\"twitter:data1\" content=\"5 minutes\" \/>\n<script type=\"application\/ld+json\" class=\"yoast-schema-graph\">{\"@context\":\"https:\/\/schema.org\",\"@graph\":[{\"@type\":\"WebPage\",\"@id\":\"https:\/\/capfinistere.geek-tonic.dev\/en\/tourism-finistere\/\",\"url\":\"https:\/\/capfinistere.geek-tonic.dev\/en\/tourism-finistere\/\",\"name\":\"Tourism in Finist\u00e8re | Things to do and see in Finist\u00e8re\",\"isPartOf\":{\"@id\":\"https:\/\/capfinistere.geek-tonic.dev\/en\/#website\"},\"primaryImageOfPage\":{\"@id\":\"https:\/\/capfinistere.geek-tonic.dev\/en\/tourism-finistere\/#primaryimage\"},\"image\":{\"@id\":\"https:\/\/capfinistere.geek-tonic.dev\/en\/tourism-finistere\/#primaryimage\"},\"thumbnailUrl\":\"https:\/\/capfinistere.geek-tonic.dev\/wp-content\/uploads\/sites\/22\/2022\/09\/visiter-finistere.jpg\",\"datePublished\":\"2022-09-14T14:14:00+00:00\",\"dateModified\":\"2024-04-25T13:17:18+00:00\",\"breadcrumb\":{\"@id\":\"https:\/\/capfinistere.geek-tonic.dev\/en\/tourism-finistere\/#breadcrumb\"},\"inLanguage\":\"en-US\",\"potentialAction\":[{\"@type\":\"ReadAction\",\"target\":[\"https:\/\/capfinistere.geek-tonic.dev\/en\/tourism-finistere\/\"]}]},{\"@type\":\"ImageObject\",\"inLanguage\":\"en-US\",\"@id\":\"https:\/\/capfinistere.geek-tonic.dev\/en\/tourism-finistere\/#primaryimage\",\"url\":\"https:\/\/capfinistere.geek-tonic.dev\/wp-content\/uploads\/sites\/22\/2022\/09\/visiter-finistere.jpg\",\"contentUrl\":\"https:\/\/capfinistere.geek-tonic.dev\/wp-content\/uploads\/sites\/22\/2022\/09\/visiter-finistere.jpg\",\"width\":1904,\"height\":515,\"caption\":\"visit finistere\"},{\"@type\":\"BreadcrumbList\",\"@id\":\"https:\/\/capfinistere.geek-tonic.dev\/en\/tourism-finistere\/#breadcrumb\",\"itemListElement\":[{\"@type\":\"ListItem\",\"position\":1,\"name\":\"Camping Finist\u00e8re\",\"item\":\"https:\/\/capfinistere.geek-tonic.dev\/en\/\"},{\"@type\":\"ListItem\",\"position\":2,\"name\":\"Tourism in Finist\u00e8re\"}]},{\"@type\":\"WebSite\",\"@id\":\"https:\/\/capfinistere.geek-tonic.dev\/en\/#website\",\"url\":\"https:\/\/capfinistere.geek-tonic.dev\/en\/\",\"name\":\"Camping Cap Finist\u00e8re\",\"description\":\"\",\"publisher\":{\"@id\":\"https:\/\/capfinistere.geek-tonic.dev\/en\/#organization\"},\"potentialAction\":[{\"@type\":\"SearchAction\",\"target\":{\"@type\":\"EntryPoint\",\"urlTemplate\":\"https:\/\/capfinistere.geek-tonic.dev\/en\/?s={search_term_string}\"},\"query-input\":{\"@type\":\"PropertyValueSpecification\",\"valueRequired\":true,\"valueName\":\"search_term_string\"}}],\"inLanguage\":\"en-US\"},{\"@type\":\"Organization\",\"@id\":\"https:\/\/capfinistere.geek-tonic.dev\/en\/#organization\",\"name\":\"Camping Cap Finist\u00e8re\",\"url\":\"https:\/\/capfinistere.geek-tonic.dev\/en\/\",\"logo\":{\"@type\":\"ImageObject\",\"inLanguage\":\"en-US\",\"@id\":\"https:\/\/capfinistere.geek-tonic.dev\/en\/#\/schema\/logo\/image\/\",\"url\":\"https:\/\/capfinistere.geek-tonic.dev\/wp-content\/uploads\/sites\/22\/2022\/09\/cropped-logo-Flower-camping-Cap-Finistere.png\",\"contentUrl\":\"https:\/\/capfinistere.geek-tonic.dev\/wp-content\/uploads\/sites\/22\/2022\/09\/cropped-logo-Flower-camping-Cap-Finistere.png\",\"width\":500,\"height\":660,\"caption\":\"Camping Cap Finist\u00e8re\"},\"image\":{\"@id\":\"https:\/\/capfinistere.geek-tonic.dev\/en\/#\/schema\/logo\/image\/\"}}]}<\/script>\n<!-- \/ Yoast SEO plugin. -->","yoast_head_json":{"title":"Tourism in Finist\u00e8re | Things to do and see in Finist\u00e8re","robots":{"index":"noindex","follow":"follow","max-snippet":"max-snippet:-1","max-image-preview":"max-image-preview:large","max-video-preview":"max-video-preview:-1"},"og_locale":"en_US","og_type":"article","og_title":"Tourism in Finist\u00e8re | Things to do and see in Finist\u00e8re","og_url":"https:\/\/capfinistere.geek-tonic.dev\/en\/tourism-finistere\/","og_site_name":"Camping Cap Finist\u00e8re","article_modified_time":"2024-04-25T13:17:18+00:00","og_image":[{"width":1904,"height":515,"url":"http:\/\/capfinistere.geek-tonic.dev\/wp-content\/uploads\/sites\/22\/2022\/09\/visiter-finistere.jpg","type":"image\/jpeg"}],"twitter_card":"summary_large_image","twitter_misc":{"Est. reading time":"5 minutes"},"schema":{"@context":"https:\/\/schema.org","@graph":[{"@type":"WebPage","@id":"https:\/\/capfinistere.geek-tonic.dev\/en\/tourism-finistere\/","url":"https:\/\/capfinistere.geek-tonic.dev\/en\/tourism-finistere\/","name":"Tourism in Finist\u00e8re | Things to do and see in Finist\u00e8re","isPartOf":{"@id":"https:\/\/capfinistere.geek-tonic.dev\/en\/#website"},"primaryImageOfPage":{"@id":"https:\/\/capfinistere.geek-tonic.dev\/en\/tourism-finistere\/#primaryimage"},"image":{"@id":"https:\/\/capfinistere.geek-tonic.dev\/en\/tourism-finistere\/#primaryimage"},"thumbnailUrl":"https:\/\/capfinistere.geek-tonic.dev\/wp-content\/uploads\/sites\/22\/2022\/09\/visiter-finistere.jpg","datePublished":"2022-09-14T14:14:00+00:00","dateModified":"2024-04-25T13:17:18+00:00","breadcrumb":{"@id":"https:\/\/capfinistere.geek-tonic.dev\/en\/tourism-finistere\/#breadcrumb"},"inLanguage":"en-US","potentialAction":[{"@type":"ReadAction","target":["https:\/\/capfinistere.geek-tonic.dev\/en\/tourism-finistere\/"]}]},{"@type":"ImageObject","inLanguage":"en-US","@id":"https:\/\/capfinistere.geek-tonic.dev\/en\/tourism-finistere\/#primaryimage","url":"https:\/\/capfinistere.geek-tonic.dev\/wp-content\/uploads\/sites\/22\/2022\/09\/visiter-finistere.jpg","contentUrl":"https:\/\/capfinistere.geek-tonic.dev\/wp-content\/uploads\/sites\/22\/2022\/09\/visiter-finistere.jpg","width":1904,"height":515,"caption":"visit finistere"},{"@type":"BreadcrumbList","@id":"https:\/\/capfinistere.geek-tonic.dev\/en\/tourism-finistere\/#breadcrumb","itemListElement":[{"@type":"ListItem","position":1,"name":"Camping Finist\u00e8re","item":"https:\/\/capfinistere.geek-tonic.dev\/en\/"},{"@type":"ListItem","position":2,"name":"Tourism in Finist\u00e8re"}]},{"@type":"WebSite","@id":"https:\/\/capfinistere.geek-tonic.dev\/en\/#website","url":"https:\/\/capfinistere.geek-tonic.dev\/en\/","name":"Camping Cap Finist\u00e8re","description":"","publisher":{"@id":"https:\/\/capfinistere.geek-tonic.dev\/en\/#organization"},"potentialAction":[{"@type":"SearchAction","target":{"@type":"EntryPoint","urlTemplate":"https:\/\/capfinistere.geek-tonic.dev\/en\/?s={search_term_string}"},"query-input":{"@type":"PropertyValueSpecification","valueRequired":true,"valueName":"search_term_string"}}],"inLanguage":"en-US"},{"@type":"Organization","@id":"https:\/\/capfinistere.geek-tonic.dev\/en\/#organization","name":"Camping Cap Finist\u00e8re","url":"https:\/\/capfinistere.geek-tonic.dev\/en\/","logo":{"@type":"ImageObject","inLanguage":"en-US","@id":"https:\/\/capfinistere.geek-tonic.dev\/en\/#\/schema\/logo\/image\/","url":"https:\/\/capfinistere.geek-tonic.dev\/wp-content\/uploads\/sites\/22\/2022\/09\/cropped-logo-Flower-camping-Cap-Finistere.png","contentUrl":"https:\/\/capfinistere.geek-tonic.dev\/wp-content\/uploads\/sites\/22\/2022\/09\/cropped-logo-Flower-camping-Cap-Finistere.png","width":500,"height":660,"caption":"Camping Cap Finist\u00e8re"},"image":{"@id":"https:\/\/capfinistere.geek-tonic.dev\/en\/#\/schema\/logo\/image\/"}}]}},"_links":{"self":[{"href":"https:\/\/capfinistere.geek-tonic.dev\/en\/wp-json\/wp\/v2\/pages\/3978","targetHints":{"allow":["GET"]}}],"collection":[{"href":"https:\/\/capfinistere.geek-tonic.dev\/en\/wp-json\/wp\/v2\/pages"}],"about":[{"href":"https:\/\/capfinistere.geek-tonic.dev\/en\/wp-json\/wp\/v2\/types\/page"}],"author":[{"embeddable":true,"href":"https:\/\/capfinistere.geek-tonic.dev\/en\/wp-json\/wp\/v2\/users\/1"}],"replies":[{"embeddable":true,"href":"https:\/\/capfinistere.geek-tonic.dev\/en\/wp-json\/wp\/v2\/comments?post=3978"}],"version-history":[{"count":14,"href":"https:\/\/capfinistere.geek-tonic.dev\/en\/wp-json\/wp\/v2\/pages\/3978\/revisions"}],"predecessor-version":[{"id":7358,"href":"https:\/\/capfinistere.geek-tonic.dev\/en\/wp-json\/wp\/v2\/pages\/3978\/revisions\/7358"}],"wp:featuredmedia":[{"embeddable":true,"href":"https:\/\/capfinistere.geek-tonic.dev\/en\/wp-json\/wp\/v2\/media\/3347"}],"wp:attachment":[{"href":"https:\/\/capfinistere.geek-tonic.dev\/en\/wp-json\/wp\/v2\/media?parent=3978"}],"wp:term":[{"taxonomy":"sujet","embeddable":true,"href":"https:\/\/capfinistere.geek-tonic.dev\/en\/wp-json\/wp\/v2\/sujet?post=3978"}],"curies":[{"name":"wp","href":"https:\/\/api.w.org\/{rel}","templated":true}]}}