{"id":4605,"date":"2022-09-09T14:32:16","date_gmt":"2022-09-09T12:32:16","guid":{"rendered":"https:\/\/capfinistere.geek-tonic.dev\/camping-pas-cher-finistere\/"},"modified":"2024-06-24T14:33:46","modified_gmt":"2024-06-24T12:33:46","slug":"campingplatz-billig-finistere","status":"publish","type":"page","link":"https:\/\/capfinistere.geek-tonic.dev\/de\/campingplatz-billig-finistere\/","title":{"rendered":"Sonderangebote"},"content":{"rendered":"<section id=\"ls-section-block_b7098ebb591413f307f09f6b1524575f\" class=\"ls-section  has-background has-color-4-background-color has-m-t m-t-0 has-m-b m-b-0 has-m-l m-l-0 has-m-r m-r-0 has-p-t p-t-14\" >\r\n        <div class=\"container \">\r\n        \n\n<h1 class=\"ls__heading wp-block-heading has-text-align-center ls__heading-undefined post__heading-undefined color1\" id=\"camping-avec-promotions-a-quiberon\">Campingplatz mit Sonderangeboten im Finist\u00e8re<\/h1>\n\n\n\n<script>\n    window.ctoutvert = {\n\t\tid: 2365, \n\t\tlang: 'auto', \n\t\turl: 'https:\/\/bookingpremium.secureholiday.net\/widgets\/'\n    };\n\n    (function (w, d, s, ctv, r, js, fjs) {\n        r=new XMLHttpRequest();r.open('GET',w[ctv].url+'js\/src.json');\n        r.responseType='json';r.json=true;r.send();\n        r.onload=function(){w[ctv].src=r.responseType=='json'?r.response:JSON.parse(r.response);\n        js.src=w[ctv].src[0];fjs.parentNode.insertBefore(js, fjs);}\n        js=d.createElement(s),fjs=d.getElementsByTagName(s)[0];\n        js.id='ctvwidget';js.async=1;\n    }(window, document, 'script', 'ctoutvert'));\n<\/script>\n<ctv-offers data-display-mode=\"carousel\"><\/ctv-offers>\n\n\r\n    <\/div>\r\n<\/section><section id=\"ls-section-block_b14b453278b3273fabd2660a4b0cc488\" class=\"ls-section  mot-gerant has-background has-color-4-background-color has-m-t m-t-0 has-m-b m-b-0 has-p-t p-t-0 has-p-b p-b-10\" >\r\n        <div class=\"container \">\r\n        \n\n<div class=\"wp-block-columns has-color-white-background-color has-background is-layout-flex wp-container-core-columns-is-layout-2 wp-block-columns-is-layout-flex\">\n<div class=\"wp-block-column animated fadeInRight delay-100ms slow is-layout-flow wp-block-column-is-layout-flow\" style=\"flex-basis:33.33%\">\n<div class=\"wp-block-columns block-bienvenue is-layout-flex wp-container-core-columns-is-layout-1 wp-block-columns-is-layout-flex\">\n<div class=\"wp-block-column has-color-1-background-color has-background is-layout-flow wp-block-column-is-layout-flow\">\n<figure class=\"wp-block-image size-full is-resized\"><img decoding=\"async\" width=\"200\" height=\"200\" src=\"https:\/\/capfinistere.geek-tonic.dev\/wp-content\/uploads\/sites\/22\/2024\/04\/Design-sans-titre-11.png\" alt=\"Design ohne Titel 11\" class=\"wp-image-7150\" style=\"aspect-ratio:1;object-fit:contain;width:auto;height:150px\" srcset=\"https:\/\/capfinistere.geek-tonic.dev\/wp-content\/uploads\/sites\/22\/2024\/04\/Design-sans-titre-11.png 200w, https:\/\/capfinistere.geek-tonic.dev\/wp-content\/uploads\/sites\/22\/2024\/04\/Design-sans-titre-11-150x150.png 150w\" sizes=\"(max-width: 200px) 100vw, 200px\" \/><\/figure>\n<\/div>\n<\/div>\n\n\n\n<div id=\"ls-heading ls-titre-div-block_2ebd3714f6ac036fb9b702c3e96bf518\" class=\"ls-titre-div titre-citation h1-like\" >\n    Ein Wort von Ga\u00ebtan, dem <em>Verwalter des Campingplatzes<\/em><\/div>\n<\/div>\n\n\n\n<div class=\"wp-block-column is-vertically-aligned-center is-layout-flow wp-block-column-is-layout-flow\" style=\"flex-basis:66.66%\">\n<p class=\"ls-paragraph has-color-7-color has-text-color has-link-color wp-elements-be79a02ce94c5b1757405ff5e211c657\">&#8222;<em>Auf dem Campingplatz Cap Finist\u00e8re in Penmarch bieten wir Ihnen einen Urlaub, der f\u00fcr jedes Budget erschwinglich ist. Nutzen Sie unsere Sonderangebote f\u00fcr einen preisg\u00fcnstigen Urlaub in der Bretagne&#8220;.<\/em><\/p>\n<\/div>\n<\/div>\n\n\r\n    <\/div>\r\n<\/section><section id=\"ls-section-block_3cc63eef245dbd9d5ea3ae3640b9f97f\" class=\"ls-section  page-one aventure has-background has-color-white-background-color has-m-b m-b-0 has-m-l m-l-0 has-m-r m-r-0\" >\r\n        <div class=\"container container--wide\">\r\n        \n\n<div class=\"wp-block-columns is-layout-flex wp-container-core-columns-is-layout-3 wp-block-columns-is-layout-flex\">\n<div class=\"wp-block-column column is-layout-flow wp-block-column-is-layout-flow\" style=\"flex-basis:45%\">\n<figure class=\"wp-block-image size-large\"><a href=\"https:\/\/capfinistere.geek-tonic.dev\/wp-content\/uploads\/sites\/22\/2022\/09\/camping-pas-cher-bretagne.jpg\"><img decoding=\"async\" width=\"1024\" height=\"683\" src=\"https:\/\/capfinistere.geek-tonic.dev\/wp-content\/uploads\/sites\/22\/2022\/09\/camping-pas-cher-bretagne-1024x683.jpg\" alt=\"g&#xFC;nstiger campingplatz bretagne\" class=\"wp-image-2492\" srcset=\"https:\/\/capfinistere.geek-tonic.dev\/wp-content\/uploads\/sites\/22\/2022\/09\/camping-pas-cher-bretagne-1024x683.jpg 1024w, https:\/\/capfinistere.geek-tonic.dev\/wp-content\/uploads\/sites\/22\/2022\/09\/camping-pas-cher-bretagne-300x200.jpg 300w, https:\/\/capfinistere.geek-tonic.dev\/wp-content\/uploads\/sites\/22\/2022\/09\/camping-pas-cher-bretagne-768x512.jpg 768w, https:\/\/capfinistere.geek-tonic.dev\/wp-content\/uploads\/sites\/22\/2022\/09\/camping-pas-cher-bretagne.jpg 1200w\" sizes=\"(max-width: 1024px) 100vw, 1024px\" \/><\/a><\/figure>\n<\/div>\n\n\n\n<div class=\"wp-block-column is-vertically-aligned-center is-layout-flow wp-block-column-is-layout-flow\" style=\"flex-basis:50%\">\n<h2 class=\"ls__heading wp-block-heading has-text-align-left ls__heading-undefined post__heading-undefined border-title color1\" id=\"offre-speciale-couple-dans-le-morbihan\">Preisg\u00fcnstiger Aufenthalt f\u00fcr Paare in der Bretagne<\/h2>\n\n\n\n<p class=\"ls-paragraph\">Entdecken Sie zu zweit eine der <strong>unber\u00fchrten Naturlandschaften der Bretagne<\/strong>. Abseits der Sommermassen sind Fr\u00fchling und September die ideale Zeit, um <a href=\"https:\/\/capfinistere.geek-tonic.dev\/de\/tourismus-penmarch\/\">Penmarch<\/a> und seine Umgebung zu erkunden.<\/p>\n\n\n\n<p class=\"ls-paragraph\">M\u00f6chten Sie Ihren Partner mit einem originellen Geschenk verw\u00f6hnen? Entscheiden Sie sich f\u00fcr einen romantischen Aufenthalt an der <strong>&#8222;\u00e4u\u00dfersten&#8220; Spitze des s\u00fcdlichen Finist\u00e8re<\/strong> ab 239\u20ac pro Woche und profitieren Sie von den<strong> speziellen Angeboten f\u00fcr Paare<\/strong> auf unserem Campingplatz. Dieser Camping-Schn\u00e4ppchen-Tipp ist f\u00fcr 2 Personen mit oder ohne Baby unter 3 Jahren, f\u00fcr den Fr\u00fchling oder Herbst zu buchen. Dieses Angebot ist nicht mit anderen g\u00fcltigen <strong>Sonderangeboten <\/strong>unseres Campingplatzes kombinierbar.<\/p>\n<\/div>\n<\/div>\n\n\r\n    <\/div>\r\n<\/section><section id=\"ls-section-block_f615e7aa4f9882ac82bee8ffe4ae779b\" class=\"ls-section  page-one has-background has-color-3-background-color has-m-t m-t-0 has-m-b m-b-0 has-m-l m-l-0 has-m-r m-r-0\" >\r\n        <div class=\"container container--wide\">\r\n        \n\n<div class=\"wp-block-columns is-layout-flex wp-container-core-columns-is-layout-4 wp-block-columns-is-layout-flex\">\n<div class=\"wp-block-column is-vertically-aligned-center is-layout-flow wp-block-column-is-layout-flow\">\n<h2 class=\"ls__heading wp-block-heading has-color-1-color has-text-color\">Nutzen Sie die Sonderangebote in der Bretagne<\/h2>\n\n\n\n<p class=\"ls-paragraph\">Profitieren Sie von bis zu <strong>25% Rabatt <\/strong>auf Ihren Mietaufenthalt, wenn Sie vor dem 30. Juni buchen! Kommen Sie zu uns und genie\u00dfen Sie die Freuden des Sommers: Entspannen Sie sich in unserem Wasserpark mit Rutschen, genie\u00dfen Sie einen Spaziergang in Penmarch oder bewundern Sie die zauberhaften Landschaften des s\u00fcdlichen Finist\u00e8re. Buchen Sie Ihren Aufenthalt mit<strong> Sommer Last Minute Angebot <\/strong> und profitieren Sie von Rabatten von bis zu 25% auf unsere Mietobjekte. Verpassen Sie nicht diese Gelegenheit, den Sommer in Cap Finist\u00e8re zu verbringen!<\/p>\n<\/div>\n\n\n\n<div class=\"wp-block-column is-vertically-aligned-top is-layout-flow wp-block-column-is-layout-flow\">\n<figure class=\"wp-block-image size-full\"><a href=\"https:\/\/capfinistere.geek-tonic.dev\/wp-content\/uploads\/sites\/22\/2023\/12\/2-1176875.jpg\"><img decoding=\"async\" width=\"800\" height=\"600\" src=\"https:\/\/capfinistere.geek-tonic.dev\/wp-content\/uploads\/sites\/22\/2023\/12\/2-1176875.jpg\" alt=\"Terrasse Mobilheim Campingplatz Finistere\" class=\"wp-image-6201\" srcset=\"https:\/\/capfinistere.geek-tonic.dev\/wp-content\/uploads\/sites\/22\/2023\/12\/2-1176875.jpg 800w, https:\/\/capfinistere.geek-tonic.dev\/wp-content\/uploads\/sites\/22\/2023\/12\/2-1176875-300x225.jpg 300w, https:\/\/capfinistere.geek-tonic.dev\/wp-content\/uploads\/sites\/22\/2023\/12\/2-1176875-768x576.jpg 768w\" sizes=\"(max-width: 800px) 100vw, 800px\" \/><\/a><\/figure>\n<\/div>\n<\/div>\n\n\r\n    <\/div>\r\n<\/section><section id=\"ls-section-block_5eff4ea35bbb00b4538ab5870302f915\" class=\"ls-section  page-avis has-background has-color-4-background-color has-m-t m-t-0 has-m-b m-b-0 has-m-l m-l-0 has-m-r m-r-0\" >\r\n        <div class=\"container container--wide\">\r\n        \n\n<div class=\"wp-block-columns are-vertically-aligned-top is-layout-flex wp-container-core-columns-is-layout-5 wp-block-columns-is-layout-flex\">\n<div class=\"wp-block-column is-vertically-aligned-top is-layout-flow wp-block-column-is-layout-flow\">\n<figure class=\"wp-block-image size-large\"><a href=\"https:\/\/capfinistere.geek-tonic.dev\/wp-content\/uploads\/sites\/22\/2022\/09\/vacances-emplacement-penmarch-1024x744.jpg\"><img decoding=\"async\" width=\"1024\" height=\"744\" src=\"https:\/\/capfinistere.geek-tonic.dev\/wp-content\/uploads\/sites\/22\/2022\/09\/vacances-emplacement-penmarch-1024x744.jpg\" alt=\"Urlaub Stellplatz Penmarch\" class=\"wp-image-3542\" srcset=\"https:\/\/capfinistere.geek-tonic.dev\/wp-content\/uploads\/sites\/22\/2022\/09\/vacances-emplacement-penmarch-1024x744.jpg 1024w, https:\/\/capfinistere.geek-tonic.dev\/wp-content\/uploads\/sites\/22\/2022\/09\/vacances-emplacement-penmarch-300x218.jpg 300w, https:\/\/capfinistere.geek-tonic.dev\/wp-content\/uploads\/sites\/22\/2022\/09\/vacances-emplacement-penmarch-768x558.jpg 768w, https:\/\/capfinistere.geek-tonic.dev\/wp-content\/uploads\/sites\/22\/2022\/09\/vacances-emplacement-penmarch.jpg 1392w\" sizes=\"(max-width: 1024px) 100vw, 1024px\" \/><\/a><\/figure>\n<\/div>\n\n\n\n<div class=\"wp-block-column is-vertically-aligned-top is-layout-flow wp-block-column-is-layout-flow\">\n<h2 class=\"ls__heading wp-block-heading has-color-1-color has-text-color\">Das Angebot Evasion Freecamps :<\/h2>\n\n\n\n<p class=\"ls-paragraph\">Entdecken Sie unser neuestes exklusives Angebot, <strong>Evasion Freecamps<\/strong>, f\u00fcr einen Urlaub, der die Freiheit des Campens auf einem Stellplatz mit dem Komfort einer komplett ausgestatteten Unterkunft perfekt verbindet. Verabschieden Sie sich von Kompromissen und tauchen Sie ein in ein unvergleichliches Erlebnis.<\/p>\n\n\n\n<p class=\"ls-paragraph\"><strong>Buchen Sie jetzt bis zum 10.<\/strong> Juni Ihren <strong><a href=\"https:\/\/capfinistere.geek-tonic.dev\/de\/vermietung-standort-finistere\/\">Freecamp-Stellplatz<\/a><\/strong> und erhalten Sie einen Rabatt von bis zu 15 % auf ein komfortables Campingerlebnis. Genie\u00dfen Sie einen 2-in-1-Raum mit eigener K\u00fcche und eigenem Bad f\u00fcr Ihr Zelt, Ihren Wohnwagen oder Ihr Wohnmobil und verbinden Sie so Zweckm\u00e4\u00dfigkeit mit Privatsph\u00e4re.<\/p>\n\n\n\n<p class=\"ls-paragraph\">Entdecken Sie eine neue Art des Campens auf unserem 4-Sterne-Campingplatz. Abfahrt vom Cap Finist\u00e8re f\u00fcr eine abenteuerliche Entdeckungstour.<strong> <a href=\"https:\/\/capfinistere.geek-tonic.dev\/de\/tourismus-finistere\/\">der Sch\u00e4tze der Bretagne<\/a><\/strong>. Lassen Sie sich von einem kompromisslosen Erlebnis verf\u00fchren, bei dem Freiheit und Komfort harmonisch aufeinandertreffen.<\/p>\n<\/div>\n<\/div>\n\n\r\n    <\/div>\r\n<\/section><section id=\"ls-section-block_228ba58d2475c48a0b285beeb4b4c731\" class=\"ls-section  page-maillage experience has-m-t m-t-0 has-p-t p-t-10\" >\r\n        <div class=\"container container--wide\">\r\n        \n\n<div id=\"ls-heading ls-titre-div-block_c3b11060dacd0f5aa9ab01e817287e35\" class=\"ls-titre-div aligncenter h2-like\" >\n    <strong>Entdecken Sie unsere<\/strong> Mietobjekte, Dienstleistungen und Standorte<\/div>\n\n\n<div id=\"ls-maillage-block_f32091017de26fb7bbbd3b13389e5174\" class=\"ls-maillage cta-style-normal\" data-rows=\"3\">\n    <div class=\"wp-block-columns\"><div class=\"wp-block-column\"><div id=\"destinations\" class=\"ls-cta\">\n\n<a href=\"https:\/\/capfinistere.geek-tonic.dev\/de\/vermietung-standort-finistere\/\" target=\"\" rel=\"noopener\" class=\"ls-cta__link\">\n\n\t<div class=\"ls-cta__image\"><img decoding=\"async\" src=\"https:\/\/capfinistere.geek-tonic.dev\/wp-content\/uploads\/sites\/22\/2022\/09\/emplacements-vacances-amis-bretagne.jpg\" alt=\"stellpl\u00e4tze ferien freunde bretagne\"><\/div>\n\t<div class=\"ls-cta__title\">\n\t\tStellpl\u00e4tze\t<\/div>\n\n\t\t\n<\/a><\/div><\/div><div class=\"wp-block-column\"><div id=\"destinations\" class=\"ls-cta\">\n\n<a href=\"https:\/\/capfinistere.geek-tonic.dev\/de\/vermietung-mobilheim-finistere\/\" target=\"\" rel=\"noopener\" class=\"ls-cta__link\">\n\n\t<div class=\"ls-cta__image\"><img decoding=\"async\" src=\"https:\/\/capfinistere.geek-tonic.dev\/wp-content\/uploads\/sites\/22\/2022\/09\/locations-camping-penmarch.jpg\" alt=\"Mietunterk\u00fcnfte Campingplatz Penmarch\"><\/div>\n\t<div class=\"ls-cta__title\">\n\t\tVermietungen\t<\/div>\n\n\t\t\n<\/a><\/div><\/div><div class=\"wp-block-column\"><div id=\"destinations\" class=\"ls-cta\">\n\n<a href=\"https:\/\/capfinistere.geek-tonic.dev\/de\/campingplatz-familie-finistere\/\" target=\"\" rel=\"noopener\" class=\"ls-cta__link\">\n\n\t<div class=\"ls-cta__image\"><img decoding=\"async\" src=\"https:\/\/capfinistere.geek-tonic.dev\/wp-content\/uploads\/sites\/22\/2022\/09\/services-camping-bretagne.jpg\" alt=\"dienstleistungen camping bretagne\"><\/div>\n\t<div class=\"ls-cta__title\">\n\t\tDienste\t<\/div>\n\n\t\t\n<\/a><\/div><\/div><\/div><\/div>\n\r\n    <\/div>\r\n<\/section>","protected":false},"excerpt":{"rendered":"","protected":false},"author":1,"featured_media":1589,"parent":0,"menu_order":0,"comment_status":"closed","ping_status":"closed","template":"","meta":{"_acf_changed":false,"footnotes":""},"sujet":[],"class_list":["post-4605","page","type-page","status-publish","has-post-thumbnail","hentry"],"acf":[],"yoast_head":"<!-- This site is optimized with the Yoast SEO plugin v23.9 - https:\/\/yoast.com\/wordpress\/plugins\/seo\/ -->\n<title>Billigcamping Bretagne | Campingangebote in Finist\u00e8re<\/title>\n<meta name=\"robots\" content=\"noindex, follow, max-snippet:-1, max-image-preview:large, max-video-preview:-1\" \/>\n<meta property=\"og:locale\" content=\"de_DE\" \/>\n<meta property=\"og:type\" content=\"article\" \/>\n<meta property=\"og:title\" content=\"Billigcamping Bretagne | Campingangebote in Finist\u00e8re\" \/>\n<meta property=\"og:url\" content=\"https:\/\/capfinistere.geek-tonic.dev\/de\/campingplatz-billig-finistere\/\" \/>\n<meta property=\"og:site_name\" content=\"Camping Cap Finist\u00e8re\" \/>\n<meta property=\"article:modified_time\" content=\"2024-06-24T12:33:46+00:00\" \/>\n<meta property=\"og:image\" content=\"https:\/\/capfinistere.geek-tonic.dev\/wp-content\/uploads\/sites\/22\/2022\/09\/camping-promotions-finistere.jpg\" \/>\n\t<meta property=\"og:image:width\" content=\"1904\" \/>\n\t<meta property=\"og:image:height\" content=\"515\" \/>\n\t<meta property=\"og:image:type\" content=\"image\/jpeg\" \/>\n<meta name=\"twitter:card\" content=\"summary_large_image\" \/>\n<meta name=\"twitter:label1\" content=\"Gesch\u00e4tzte Lesezeit\" \/>\n\t<meta name=\"twitter:data1\" content=\"3\u00a0Minuten\" \/>\n<script type=\"application\/ld+json\" class=\"yoast-schema-graph\">{\"@context\":\"https:\/\/schema.org\",\"@graph\":[{\"@type\":\"WebPage\",\"@id\":\"https:\/\/capfinistere.geek-tonic.dev\/de\/campingplatz-billig-finistere\/\",\"url\":\"https:\/\/capfinistere.geek-tonic.dev\/de\/campingplatz-billig-finistere\/\",\"name\":\"Billigcamping Bretagne | Campingangebote in Finist\u00e8re\",\"isPartOf\":{\"@id\":\"https:\/\/capfinistere.geek-tonic.dev\/de\/#website\"},\"primaryImageOfPage\":{\"@id\":\"https:\/\/capfinistere.geek-tonic.dev\/de\/campingplatz-billig-finistere\/#primaryimage\"},\"image\":{\"@id\":\"https:\/\/capfinistere.geek-tonic.dev\/de\/campingplatz-billig-finistere\/#primaryimage\"},\"thumbnailUrl\":\"https:\/\/capfinistere.geek-tonic.dev\/wp-content\/uploads\/sites\/22\/2022\/09\/camping-promotions-finistere.jpg\",\"datePublished\":\"2022-09-09T12:32:16+00:00\",\"dateModified\":\"2024-06-24T12:33:46+00:00\",\"breadcrumb\":{\"@id\":\"https:\/\/capfinistere.geek-tonic.dev\/de\/campingplatz-billig-finistere\/#breadcrumb\"},\"inLanguage\":\"de\",\"potentialAction\":[{\"@type\":\"ReadAction\",\"target\":[\"https:\/\/capfinistere.geek-tonic.dev\/de\/campingplatz-billig-finistere\/\"]}]},{\"@type\":\"ImageObject\",\"inLanguage\":\"de\",\"@id\":\"https:\/\/capfinistere.geek-tonic.dev\/de\/campingplatz-billig-finistere\/#primaryimage\",\"url\":\"https:\/\/capfinistere.geek-tonic.dev\/wp-content\/uploads\/sites\/22\/2022\/09\/camping-promotions-finistere.jpg\",\"contentUrl\":\"https:\/\/capfinistere.geek-tonic.dev\/wp-content\/uploads\/sites\/22\/2022\/09\/camping-promotions-finistere.jpg\",\"width\":1904,\"height\":515,\"caption\":\"Campingplatz Promotionen Finistere\"},{\"@type\":\"BreadcrumbList\",\"@id\":\"https:\/\/capfinistere.geek-tonic.dev\/de\/campingplatz-billig-finistere\/#breadcrumb\",\"itemListElement\":[{\"@type\":\"ListItem\",\"position\":1,\"name\":\"Camping Finist\u00e8re\",\"item\":\"https:\/\/capfinistere.geek-tonic.dev\/de\/\"},{\"@type\":\"ListItem\",\"position\":2,\"name\":\"Preisg\u00fcnstiger Campingplatz in der Bretagne\"}]},{\"@type\":\"WebSite\",\"@id\":\"https:\/\/capfinistere.geek-tonic.dev\/de\/#website\",\"url\":\"https:\/\/capfinistere.geek-tonic.dev\/de\/\",\"name\":\"Camping Cap Finist\u00e8re\",\"description\":\"\",\"publisher\":{\"@id\":\"https:\/\/capfinistere.geek-tonic.dev\/de\/#organization\"},\"potentialAction\":[{\"@type\":\"SearchAction\",\"target\":{\"@type\":\"EntryPoint\",\"urlTemplate\":\"https:\/\/capfinistere.geek-tonic.dev\/de\/?s={search_term_string}\"},\"query-input\":{\"@type\":\"PropertyValueSpecification\",\"valueRequired\":true,\"valueName\":\"search_term_string\"}}],\"inLanguage\":\"de\"},{\"@type\":\"Organization\",\"@id\":\"https:\/\/capfinistere.geek-tonic.dev\/de\/#organization\",\"name\":\"Camping Cap Finist\u00e8re\",\"url\":\"https:\/\/capfinistere.geek-tonic.dev\/de\/\",\"logo\":{\"@type\":\"ImageObject\",\"inLanguage\":\"de\",\"@id\":\"https:\/\/capfinistere.geek-tonic.dev\/de\/#\/schema\/logo\/image\/\",\"url\":\"https:\/\/capfinistere.geek-tonic.dev\/wp-content\/uploads\/sites\/22\/2022\/09\/cropped-logo-Flower-camping-Cap-Finistere.png\",\"contentUrl\":\"https:\/\/capfinistere.geek-tonic.dev\/wp-content\/uploads\/sites\/22\/2022\/09\/cropped-logo-Flower-camping-Cap-Finistere.png\",\"width\":500,\"height\":660,\"caption\":\"Camping Cap Finist\u00e8re\"},\"image\":{\"@id\":\"https:\/\/capfinistere.geek-tonic.dev\/de\/#\/schema\/logo\/image\/\"}}]}<\/script>\n<!-- \/ Yoast SEO plugin. -->","yoast_head_json":{"title":"Billigcamping Bretagne | Campingangebote in Finist\u00e8re","robots":{"index":"noindex","follow":"follow","max-snippet":"max-snippet:-1","max-image-preview":"max-image-preview:large","max-video-preview":"max-video-preview:-1"},"og_locale":"de_DE","og_type":"article","og_title":"Billigcamping Bretagne | Campingangebote in Finist\u00e8re","og_url":"https:\/\/capfinistere.geek-tonic.dev\/de\/campingplatz-billig-finistere\/","og_site_name":"Camping Cap Finist\u00e8re","article_modified_time":"2024-06-24T12:33:46+00:00","og_image":[{"width":1904,"height":515,"url":"https:\/\/capfinistere.geek-tonic.dev\/wp-content\/uploads\/sites\/22\/2022\/09\/camping-promotions-finistere.jpg","type":"image\/jpeg"}],"twitter_card":"summary_large_image","twitter_misc":{"Gesch\u00e4tzte Lesezeit":"3\u00a0Minuten"},"schema":{"@context":"https:\/\/schema.org","@graph":[{"@type":"WebPage","@id":"https:\/\/capfinistere.geek-tonic.dev\/de\/campingplatz-billig-finistere\/","url":"https:\/\/capfinistere.geek-tonic.dev\/de\/campingplatz-billig-finistere\/","name":"Billigcamping Bretagne | Campingangebote in Finist\u00e8re","isPartOf":{"@id":"https:\/\/capfinistere.geek-tonic.dev\/de\/#website"},"primaryImageOfPage":{"@id":"https:\/\/capfinistere.geek-tonic.dev\/de\/campingplatz-billig-finistere\/#primaryimage"},"image":{"@id":"https:\/\/capfinistere.geek-tonic.dev\/de\/campingplatz-billig-finistere\/#primaryimage"},"thumbnailUrl":"https:\/\/capfinistere.geek-tonic.dev\/wp-content\/uploads\/sites\/22\/2022\/09\/camping-promotions-finistere.jpg","datePublished":"2022-09-09T12:32:16+00:00","dateModified":"2024-06-24T12:33:46+00:00","breadcrumb":{"@id":"https:\/\/capfinistere.geek-tonic.dev\/de\/campingplatz-billig-finistere\/#breadcrumb"},"inLanguage":"de","potentialAction":[{"@type":"ReadAction","target":["https:\/\/capfinistere.geek-tonic.dev\/de\/campingplatz-billig-finistere\/"]}]},{"@type":"ImageObject","inLanguage":"de","@id":"https:\/\/capfinistere.geek-tonic.dev\/de\/campingplatz-billig-finistere\/#primaryimage","url":"https:\/\/capfinistere.geek-tonic.dev\/wp-content\/uploads\/sites\/22\/2022\/09\/camping-promotions-finistere.jpg","contentUrl":"https:\/\/capfinistere.geek-tonic.dev\/wp-content\/uploads\/sites\/22\/2022\/09\/camping-promotions-finistere.jpg","width":1904,"height":515,"caption":"Campingplatz Promotionen Finistere"},{"@type":"BreadcrumbList","@id":"https:\/\/capfinistere.geek-tonic.dev\/de\/campingplatz-billig-finistere\/#breadcrumb","itemListElement":[{"@type":"ListItem","position":1,"name":"Camping Finist\u00e8re","item":"https:\/\/capfinistere.geek-tonic.dev\/de\/"},{"@type":"ListItem","position":2,"name":"Preisg\u00fcnstiger Campingplatz in der Bretagne"}]},{"@type":"WebSite","@id":"https:\/\/capfinistere.geek-tonic.dev\/de\/#website","url":"https:\/\/capfinistere.geek-tonic.dev\/de\/","name":"Camping Cap Finist\u00e8re","description":"","publisher":{"@id":"https:\/\/capfinistere.geek-tonic.dev\/de\/#organization"},"potentialAction":[{"@type":"SearchAction","target":{"@type":"EntryPoint","urlTemplate":"https:\/\/capfinistere.geek-tonic.dev\/de\/?s={search_term_string}"},"query-input":{"@type":"PropertyValueSpecification","valueRequired":true,"valueName":"search_term_string"}}],"inLanguage":"de"},{"@type":"Organization","@id":"https:\/\/capfinistere.geek-tonic.dev\/de\/#organization","name":"Camping Cap Finist\u00e8re","url":"https:\/\/capfinistere.geek-tonic.dev\/de\/","logo":{"@type":"ImageObject","inLanguage":"de","@id":"https:\/\/capfinistere.geek-tonic.dev\/de\/#\/schema\/logo\/image\/","url":"https:\/\/capfinistere.geek-tonic.dev\/wp-content\/uploads\/sites\/22\/2022\/09\/cropped-logo-Flower-camping-Cap-Finistere.png","contentUrl":"https:\/\/capfinistere.geek-tonic.dev\/wp-content\/uploads\/sites\/22\/2022\/09\/cropped-logo-Flower-camping-Cap-Finistere.png","width":500,"height":660,"caption":"Camping Cap Finist\u00e8re"},"image":{"@id":"https:\/\/capfinistere.geek-tonic.dev\/de\/#\/schema\/logo\/image\/"}}]}},"_links":{"self":[{"href":"https:\/\/capfinistere.geek-tonic.dev\/de\/wp-json\/wp\/v2\/pages\/4605","targetHints":{"allow":["GET"]}}],"collection":[{"href":"https:\/\/capfinistere.geek-tonic.dev\/de\/wp-json\/wp\/v2\/pages"}],"about":[{"href":"https:\/\/capfinistere.geek-tonic.dev\/de\/wp-json\/wp\/v2\/types\/page"}],"author":[{"embeddable":true,"href":"https:\/\/capfinistere.geek-tonic.dev\/de\/wp-json\/wp\/v2\/users\/1"}],"replies":[{"embeddable":true,"href":"https:\/\/capfinistere.geek-tonic.dev\/de\/wp-json\/wp\/v2\/comments?post=4605"}],"version-history":[{"count":21,"href":"https:\/\/capfinistere.geek-tonic.dev\/de\/wp-json\/wp\/v2\/pages\/4605\/revisions"}],"predecessor-version":[{"id":7656,"href":"https:\/\/capfinistere.geek-tonic.dev\/de\/wp-json\/wp\/v2\/pages\/4605\/revisions\/7656"}],"wp:featuredmedia":[{"embeddable":true,"href":"https:\/\/capfinistere.geek-tonic.dev\/de\/wp-json\/wp\/v2\/media\/1589"}],"wp:attachment":[{"href":"https:\/\/capfinistere.geek-tonic.dev\/de\/wp-json\/wp\/v2\/media?parent=4605"}],"wp:term":[{"taxonomy":"sujet","embeddable":true,"href":"https:\/\/capfinistere.geek-tonic.dev\/de\/wp-json\/wp\/v2\/sujet?post=4605"}],"curies":[{"name":"wp","href":"https:\/\/api.w.org\/{rel}","templated":true}]}}