{"id":4500,"date":"2022-09-09T14:29:43","date_gmt":"2022-09-09T12:29:43","guid":{"rendered":"https:\/\/capfinistere.geek-tonic.dev\/restaurant-finistere\/"},"modified":"2024-07-15T09:50:06","modified_gmt":"2024-07-15T07:50:06","slug":"gaststatte-finistere","status":"publish","type":"page","link":"https:\/\/capfinistere.geek-tonic.dev\/de\/gaststatte-finistere\/","title":{"rendered":"Restaurant"},"content":{"rendered":"<section id=\"ls-section-block_6672adcaa0c4e74a81ebbbefa2401b34\" class=\"ls-section  page-one has-background has-color-4-background-color has-m-t m-t-0 has-m-b m-b-0 has-m-l m-l-0 has-m-r m-r-0 has-p-t p-t-14\" >\r\n        <div class=\"container container--wide\">\r\n        \n\n<div class=\"wp-block-columns is-layout-flex wp-container-core-columns-is-layout-1 wp-block-columns-is-layout-flex\">\n<div class=\"wp-block-column is-vertically-aligned-center animated fadeInLeft delay-100ms slow is-layout-flow wp-block-column-is-layout-flow\" style=\"flex-basis:45%\">\n<figure class=\"wp-block-image size-full\"><a href=\"https:\/\/capfinistere.geek-tonic.dev\/wp-content\/uploads\/sites\/22\/2022\/09\/pizza-savoureuse-camping-penmarch.jpg\"><img decoding=\"async\" width=\"986\" height=\"614\" src=\"https:\/\/capfinistere.geek-tonic.dev\/wp-content\/uploads\/sites\/22\/2022\/09\/pizza-savoureuse-camping-penmarch.jpg\" alt=\"leckere Pizza Camping Penmarch\" class=\"wp-image-1463\" srcset=\"https:\/\/capfinistere.geek-tonic.dev\/wp-content\/uploads\/sites\/22\/2022\/09\/pizza-savoureuse-camping-penmarch.jpg 986w, https:\/\/capfinistere.geek-tonic.dev\/wp-content\/uploads\/sites\/22\/2022\/09\/pizza-savoureuse-camping-penmarch-300x187.jpg 300w, https:\/\/capfinistere.geek-tonic.dev\/wp-content\/uploads\/sites\/22\/2022\/09\/pizza-savoureuse-camping-penmarch-768x478.jpg 768w\" sizes=\"(max-width: 986px) 100vw, 986px\" \/><\/a><\/figure>\n<\/div>\n\n\n\n<div class=\"wp-block-column is-vertically-aligned-center animated fadeInRight slow is-layout-flow wp-block-column-is-layout-flow\" style=\"flex-basis:50%\">\n<h1 class=\"ls__heading wp-block-heading has-text-align-left ls__heading-undefined post__heading-undefined color1 has-color-1-color has-text-color\" id=\"camping-avec-espace-aquatique-a-la-flotte-en-re\">Unser Restaurantbereich in Finist\u00e8re<\/h1>\n\n\n\n<h2 class=\"ls__heading wp-block-heading has-text-align-left ls__heading-undefined post__heading-undefined border-title color1 has-color-1-color has-text-color\" id=\"notre-piscine-chauffee-a-l-ile-de-re\">Restaurant mit Terrasse<\/h2>\n\n\n\n<p class=\"ls-paragraph\">Genie\u00dfen Sie den Komfort unseres Restaurants in Penmarch, <strong>das t\u00e4glich von 16 bis 23 Uhr ge\u00f6ffnet ist,<\/strong> <a href=\"https:\/\/capfinistere.geek-tonic.dev\/de\/campingplatz-wasserpark-finistere\/\">in der N\u00e4he des Au\u00dfenpools unseres Campingplatzes.<\/a> Die einladende Terrasse bietet Ihnen Mahlzeiten im Freien und als Bonus einen Sonnenuntergang w\u00e4hrend des Desserts oder des Kaffees.<\/p>\n\n\n\n<p class=\"ls-paragraph\">Entspannen Sie sich auf einem unserer Korbsofas und genie\u00dfen Sie die ganze Saison \u00fcber! In diesem freundlichen und einladenden Bereich k\u00f6nnen Ihre Kinder die Tischtennisplatte und das City-Stadion nutzen, um K\u00f6rbe zu werfen.<\/p>\n\n\n\n<p class=\"ls-paragraph\">W\u00e4hrend Ihres gesamten <strong>Urlaubs auf unserem Campingplatz<\/strong> steht Ihnen das Team des Restaurants, der Snackbar und der Bar zur Verf\u00fcgung, um Ihnen angenehme Momente zu bereiten.  <\/p>\n\n\n\n<p class=\"ls-paragraph\">Genie\u00dfen Sie ein Gourmet-Erlebnis mit Ihren Lieben auf der Au\u00dfenterrasse oder im Innenbereich des Imbissrestaurants. W\u00e4hrend oder nach Ihrem Abendessen k\u00f6nnen Sie an den <a href=\"https:\/\/capfinistere.geek-tonic.dev\/de\/campingplatz-animationen-finistere\/\">Abendveranstaltungen<\/a> teilnehmen, die von unserem Team organisiert werden.  <\/p>\n<\/div>\n<\/div>\n\n\r\n    <\/div>\r\n<\/section><section id=\"ls-section-block_ae50e4853f3be80cfc1d04da36639020\" class=\"ls-section  mot-gerant has-background has-color-4-background-color has-m-t m-t-0 has-m-b m-b-0 has-p-t p-t-0 has-p-b p-b-10\" >\r\n        <div class=\"container \">\r\n        \n\n<div class=\"wp-block-columns has-color-white-background-color has-background is-layout-flex wp-container-core-columns-is-layout-3 wp-block-columns-is-layout-flex\">\n<div class=\"wp-block-column animated fadeInRight delay-100ms slow is-layout-flow wp-block-column-is-layout-flow\" style=\"flex-basis:33.33%\">\n<div class=\"wp-block-columns block-bienvenue is-layout-flex wp-container-core-columns-is-layout-2 wp-block-columns-is-layout-flex\">\n<div class=\"wp-block-column has-color-1-background-color has-background is-layout-flow wp-block-column-is-layout-flow\">\n<figure class=\"wp-block-image size-full is-resized\"><img decoding=\"async\" width=\"200\" height=\"200\" src=\"https:\/\/capfinistere.geek-tonic.dev\/wp-content\/uploads\/sites\/22\/2024\/04\/Design-sans-titre-11.png\" alt=\"Design ohne Titel 11\" class=\"wp-image-7150\" style=\"aspect-ratio:1;object-fit:contain;width:auto;height:150px\" srcset=\"https:\/\/capfinistere.geek-tonic.dev\/wp-content\/uploads\/sites\/22\/2024\/04\/Design-sans-titre-11.png 200w, https:\/\/capfinistere.geek-tonic.dev\/wp-content\/uploads\/sites\/22\/2024\/04\/Design-sans-titre-11-150x150.png 150w\" sizes=\"(max-width: 200px) 100vw, 200px\" \/><\/figure>\n<\/div>\n<\/div>\n\n\n\n<div id=\"ls-heading ls-titre-div-block_6a0ebd51c0d5017d743c5706ca7a6605\" class=\"ls-titre-div titre-citation h1-like\" >\n    Ein Wort von Ga\u00ebtan, dem <em>Verwalter des Campingplatzes<\/em><\/div>\n<\/div>\n\n\n\n<div class=\"wp-block-column is-vertically-aligned-center is-layout-flow wp-block-column-is-layout-flow\" style=\"flex-basis:66.66%\">\n<p class=\"ls-paragraph has-color-7-color has-text-color has-link-color wp-elements-28ba699629ddd1584d4005d41a9a6dca\">&#8222;<em>Haben Sie Lust, im Restaurant zu essen, ohne den Komfort unseres 4-Sterne-Campingplatzes in Penmarch zu verlassen? Genie\u00dfen Sie eine leckere Pizza am Au\u00dfenpool. Lust auf einen Aperitif? Wir treffen uns an der Bar des Restaurants!&#8220;<\/em><\/p>\n<\/div>\n<\/div>\n\n\r\n    <\/div>\r\n<\/section><section id=\"ls-section-block_8b216951b1b1ac708fc6782131fcbcad\" class=\"ls-section  page-avis has-background has-color-white-background-color has-m-t m-t-0 has-m-b m-b-0 has-m-l m-l-0 has-m-r m-r-0\" >\r\n        <div class=\"container container--wide\">\r\n        \n\n<div class=\"wp-block-columns is-layout-flex wp-container-core-columns-is-layout-4 wp-block-columns-is-layout-flex\">\n<div class=\"wp-block-column is-vertically-aligned-center animated fadeInLeft delay-100ms slow is-layout-flow wp-block-column-is-layout-flow\">\n<h2 class=\"ls__heading wp-block-heading has-color-1-color has-text-color\">Der Snack im Finist\u00e8re<\/h2>\n\n\n\n<p class=\"ls-paragraph\">Verw\u00f6hnen Sie sich w\u00e4hrend Ihres <a href=\"https:\/\/capfinistere.geek-tonic.dev\/de\/\">Campingurlaubs in Penmarch<\/a> mit der Karte unserer Snackbar. Ob mit der Familie oder mit Freunden, im Restaurant auf unserem <strong>Campingplatz mit Wasserpark<\/strong> findet jeder etwas nach seinem Geschmack. Beginnen Sie den Tag auf die beste Art und Weise mit einem Fr\u00fchst\u00fcck in der Snackbar auf unserem Campingplatz. Ob hei\u00dfes oder kaltes Getr\u00e4nk, Sie k\u00f6nnen Ihren Tag mit einem leckeren Produkt beginnen.<\/p>\n\n\n\n<p class=\"ls-paragraph\">Haben Sie nach dem Schwimmen am Vormittag Hunger? Besuchen Sie die Snackbar auf unserem<strong> Flower Camping Cap Finist\u00e8re<\/strong>, um einen schnellen Snack zum Mitnehmen zu bekommen oder um den Augenblick auf der Terrasse zu genie\u00dfen. Genie\u00dfen Sie die Farben des Himmels, wenn der Abend hereinbricht, w\u00e4hrend Sie sich bequem zur\u00fccklehnen und eines der von unserem Team kreierten Getr\u00e4nke oder einen s\u00fc\u00dfen Cocktail genie\u00dfen.<\/p>\n\n\n\n<p class=\"ls-paragraph\">Genie\u00dfen Sie einen Aperitif an der Bar unseres<strong> 4-Sterne-Campingplatzes<\/strong> nach einem entspannten Tag am Strand von La Torche oder einer sportlichen Radtour. Lust auf Gourmet? Die Pizzen, die das Restaurant anbietet, verleihen Ihrer Mahlzeit einen Hauch von Gem\u00fctlichkeit.<\/p>\n<\/div>\n\n\n\n<div class=\"wp-block-column is-vertically-aligned-top animated fadeInRight slow is-layout-flow wp-block-column-is-layout-flow\">\n<figure class=\"wp-block-image size-full\"><a href=\"https:\/\/capfinistere.geek-tonic.dev\/wp-content\/uploads\/sites\/22\/2022\/09\/se-restaurer-a-penmarch.jpg\"><img decoding=\"async\" width=\"309\" height=\"309\" src=\"https:\/\/capfinistere.geek-tonic.dev\/wp-content\/uploads\/sites\/22\/2022\/09\/se-restaurer-a-penmarch.jpg\" alt=\"Essen und Trinken in Penmarch\" class=\"wp-image-839\" srcset=\"https:\/\/capfinistere.geek-tonic.dev\/wp-content\/uploads\/sites\/22\/2022\/09\/se-restaurer-a-penmarch.jpg 309w, https:\/\/capfinistere.geek-tonic.dev\/wp-content\/uploads\/sites\/22\/2022\/09\/se-restaurer-a-penmarch-300x300.jpg 300w, https:\/\/capfinistere.geek-tonic.dev\/wp-content\/uploads\/sites\/22\/2022\/09\/se-restaurer-a-penmarch-150x150.jpg 150w\" sizes=\"(max-width: 309px) 100vw, 309px\" \/><\/a><\/figure>\n<\/div>\n<\/div>\n\n\r\n    <\/div>\r\n<\/section><section id=\"ls-section-block_71d31b25ab38524367d241e15ac71af0\" class=\"ls-section  page-avis has-background has-color-4-background-color has-m-t m-t-0 has-m-b m-b-0 has-m-l m-l-0 has-m-r m-r-0\" >\r\n        <div class=\"container container--wide\">\r\n        \n\n<div class=\"wp-block-columns is-layout-flex wp-container-core-columns-is-layout-5 wp-block-columns-is-layout-flex\">\n<div class=\"wp-block-column is-vertically-aligned-top animated fadeInLeft delay-100ms slow is-layout-flow wp-block-column-is-layout-flow\">\n<figure class=\"wp-block-image size-large\"><a href=\"https:\/\/capfinistere.geek-tonic.dev\/wp-content\/uploads\/sites\/22\/2024\/04\/restaurant-camping-finistere.webp\"><img decoding=\"async\" width=\"1024\" height=\"683\" src=\"https:\/\/capfinistere.geek-tonic.dev\/wp-content\/uploads\/sites\/22\/2024\/04\/restaurant-camping-finistere-1024x683.webp\" alt=\"restaurant camping finistere\" class=\"wp-image-7105\" srcset=\"https:\/\/capfinistere.geek-tonic.dev\/wp-content\/uploads\/sites\/22\/2024\/04\/restaurant-camping-finistere-1024x683.webp 1024w, https:\/\/capfinistere.geek-tonic.dev\/wp-content\/uploads\/sites\/22\/2024\/04\/restaurant-camping-finistere-300x200.webp 300w, https:\/\/capfinistere.geek-tonic.dev\/wp-content\/uploads\/sites\/22\/2024\/04\/restaurant-camping-finistere-768x512.webp 768w, https:\/\/capfinistere.geek-tonic.dev\/wp-content\/uploads\/sites\/22\/2024\/04\/restaurant-camping-finistere.webp 1200w\" sizes=\"(max-width: 1024px) 100vw, 1024px\" \/><\/a><\/figure>\n<\/div>\n\n\n\n<div class=\"wp-block-column is-vertically-aligned-center animated fadeInRight slow is-layout-flow wp-block-column-is-layout-flow\">\n<h2 class=\"ls__heading wp-block-heading has-color-1-color has-text-color\">Die Karte<\/h2>\n\n\n\n<p class=\"ls-paragraph\">Nehmen Sie Platz in unserem <strong>Restaurant mit Snackbar<\/strong> w\u00e4hrend Ihres Aufenthalts in einer Mietunterkunft oder auf einem Campingplatz in Penmarch. Das Team des Restaurants wird Ihre leichten oder s\u00fc\u00dfen Gel\u00fcste nach einem Tag am Strand oder nach einem Vormittag im <a href=\"https:\/\/capfinistere.geek-tonic.dev\/de\/campingplatz-animationen-finistere\/\">Mister Flower Club<\/a> f\u00fcr die Kleinen befriedigen.<\/p>\n\n\n\n<p class=\"ls-paragraph\">Probieren Sie unsere leckeren Pizzen und Salate. Im Sommer werden spezielle Abendveranstaltungen angeboten. Die Feinschmecker unter Ihnen k\u00f6nnen sich auch f\u00fcr eines der geschmackvollen Men\u00fcs entscheiden, die unser Restaurant anbietet.  <\/p>\n\n\n\n<p class=\"ls-paragraph\">Sto\u00dfen Sie mit Familie oder Freunden mit unseren hei\u00dfen oder kalten Getr\u00e4nken an. W\u00e4hlen Sie die Option zum Mitnehmen f\u00fcr eine private Verkostung in Ihrer <a href=\"https:\/\/capfinistere.geek-tonic.dev\/de\/vermietung-mobilheim-finistere\/\">Unterkunft<\/a> oder auf Ihrem <a href=\"https:\/\/capfinistere.geek-tonic.dev\/de\/vermietung-standort-finistere\/\">Stellplatz<\/a>.  <\/p>\n<\/div>\n<\/div>\n\n\r\n    <\/div>\r\n<\/section><section id=\"ls-section-block_b0bf12fd8115dd5a4e7e62fef8e36e9f\" class=\"ls-section  page-maillage experience has-m-t m-t-0 has-p-t p-t-10\" >\r\n        <div class=\"container container--wide\">\r\n        \n\n<div id=\"ls-heading ls-titre-div-block_51265c1786f00ab4232af723f99a471c\" class=\"ls-titre-div aligncenter h2-like\" >\n    <strong>Entdecken Sie unsere<\/strong> Verpflichtungen, Dienstleistungen und Animationen<\/div>\n\n\n<div id=\"ls-maillage-block_7588b1040085806c660c48209fc4b335\" class=\"ls-maillage cta-style-normal\" data-rows=\"3\">\n    <div class=\"wp-block-columns\"><div class=\"wp-block-column\"><div id=\"destinations\" class=\"ls-cta\">\n\n<a href=\"https:\/\/capfinistere.geek-tonic.dev\/de\/campingplatz-animationen-finistere\/\" target=\"\" rel=\"noopener\" class=\"ls-cta__link\">\n\n\t<div class=\"ls-cta__image\"><img decoding=\"async\" src=\"https:\/\/capfinistere.geek-tonic.dev\/wp-content\/uploads\/sites\/22\/2022\/09\/animations-au-camping-penmarch.jpg\" alt=\"Animationen auf dem Campingplatz Penmarch\"><\/div>\n\t<div class=\"ls-cta__title\">\n\t\tAnimationen\t<\/div>\n\n\t\t\n<\/a><\/div><\/div><div class=\"wp-block-column\"><div id=\"destinations\" class=\"ls-cta\">\n\n<a href=\"https:\/\/capfinistere.geek-tonic.dev\/de\/campingplatz-flower-finistere\/\" target=\"\" rel=\"noopener\" class=\"ls-cta__link\">\n\n\t<div class=\"ls-cta__image\"><img decoding=\"async\" src=\"https:\/\/capfinistere.geek-tonic.dev\/wp-content\/uploads\/sites\/22\/2022\/09\/engagements-camping-flower-bretagne.jpg\" alt=\"verpflichtungen camping flower bretagne\"><\/div>\n\t<div class=\"ls-cta__title\">\n\t\tVerpflichtungen\t<\/div>\n\n\t\t\n<\/a><\/div><\/div><div class=\"wp-block-column\"><div id=\"destinations\" class=\"ls-cta\">\n\n<a href=\"https:\/\/capfinistere.geek-tonic.dev\/de\/campingplatz-familie-finistere\/\" target=\"\" rel=\"noopener\" class=\"ls-cta__link\">\n\n\t<div class=\"ls-cta__image\"><img decoding=\"async\" src=\"https:\/\/capfinistere.geek-tonic.dev\/wp-content\/uploads\/sites\/22\/2022\/09\/services-camping-bretagne.jpg\" alt=\"dienstleistungen camping bretagne\"><\/div>\n\t<div class=\"ls-cta__title\">\n\t\tDienste\t<\/div>\n\n\t\t\n<\/a><\/div><\/div><\/div><\/div>\n\r\n    <\/div>\r\n<\/section>","protected":false},"excerpt":{"rendered":"","protected":false},"author":1,"featured_media":1472,"parent":0,"menu_order":0,"comment_status":"closed","ping_status":"closed","template":"","meta":{"_acf_changed":false,"footnotes":""},"sujet":[],"class_list":["post-4500","page","type-page","status-publish","has-post-thumbnail","hentry"],"acf":[],"yoast_head":"<!-- This site is optimized with the Yoast SEO plugin v23.9 - https:\/\/yoast.com\/wordpress\/plugins\/seo\/ -->\n<title>Restaurant in der Bretagne | Restaurant in Finist\u00e8re | Bar Finist\u00e8re<\/title>\n<meta name=\"robots\" content=\"noindex, follow, max-snippet:-1, max-image-preview:large, max-video-preview:-1\" \/>\n<meta property=\"og:locale\" content=\"de_DE\" \/>\n<meta property=\"og:type\" content=\"article\" \/>\n<meta property=\"og:title\" content=\"Restaurant in der Bretagne | Restaurant in Finist\u00e8re | Bar Finist\u00e8re\" \/>\n<meta property=\"og:url\" content=\"https:\/\/capfinistere.geek-tonic.dev\/de\/gaststatte-finistere\/\" \/>\n<meta property=\"og:site_name\" content=\"Camping Cap Finist\u00e8re\" \/>\n<meta property=\"article:modified_time\" content=\"2024-07-15T07:50:06+00:00\" \/>\n<meta property=\"og:image\" content=\"https:\/\/capfinistere.geek-tonic.dev\/wp-content\/uploads\/sites\/22\/2022\/09\/restaurant-camping-finistere-bretagne.jpg\" \/>\n\t<meta property=\"og:image:width\" content=\"1904\" \/>\n\t<meta property=\"og:image:height\" content=\"515\" \/>\n\t<meta property=\"og:image:type\" content=\"image\/jpeg\" \/>\n<meta name=\"twitter:card\" content=\"summary_large_image\" \/>\n<meta name=\"twitter:label1\" content=\"Gesch\u00e4tzte Lesezeit\" \/>\n\t<meta name=\"twitter:data1\" content=\"3\u00a0Minuten\" \/>\n<script type=\"application\/ld+json\" class=\"yoast-schema-graph\">{\"@context\":\"https:\/\/schema.org\",\"@graph\":[{\"@type\":\"WebPage\",\"@id\":\"https:\/\/capfinistere.geek-tonic.dev\/de\/gaststatte-finistere\/\",\"url\":\"https:\/\/capfinistere.geek-tonic.dev\/de\/gaststatte-finistere\/\",\"name\":\"Restaurant in der Bretagne | Restaurant in Finist\u00e8re | Bar Finist\u00e8re\",\"isPartOf\":{\"@id\":\"https:\/\/capfinistere.geek-tonic.dev\/de\/#website\"},\"primaryImageOfPage\":{\"@id\":\"https:\/\/capfinistere.geek-tonic.dev\/de\/gaststatte-finistere\/#primaryimage\"},\"image\":{\"@id\":\"https:\/\/capfinistere.geek-tonic.dev\/de\/gaststatte-finistere\/#primaryimage\"},\"thumbnailUrl\":\"https:\/\/capfinistere.geek-tonic.dev\/wp-content\/uploads\/sites\/22\/2022\/09\/restaurant-camping-finistere-bretagne.jpg\",\"datePublished\":\"2022-09-09T12:29:43+00:00\",\"dateModified\":\"2024-07-15T07:50:06+00:00\",\"breadcrumb\":{\"@id\":\"https:\/\/capfinistere.geek-tonic.dev\/de\/gaststatte-finistere\/#breadcrumb\"},\"inLanguage\":\"de\",\"potentialAction\":[{\"@type\":\"ReadAction\",\"target\":[\"https:\/\/capfinistere.geek-tonic.dev\/de\/gaststatte-finistere\/\"]}]},{\"@type\":\"ImageObject\",\"inLanguage\":\"de\",\"@id\":\"https:\/\/capfinistere.geek-tonic.dev\/de\/gaststatte-finistere\/#primaryimage\",\"url\":\"https:\/\/capfinistere.geek-tonic.dev\/wp-content\/uploads\/sites\/22\/2022\/09\/restaurant-camping-finistere-bretagne.jpg\",\"contentUrl\":\"https:\/\/capfinistere.geek-tonic.dev\/wp-content\/uploads\/sites\/22\/2022\/09\/restaurant-camping-finistere-bretagne.jpg\",\"width\":1904,\"height\":515,\"caption\":\"restaurant camping finistere bretagne\"},{\"@type\":\"BreadcrumbList\",\"@id\":\"https:\/\/capfinistere.geek-tonic.dev\/de\/gaststatte-finistere\/#breadcrumb\",\"itemListElement\":[{\"@type\":\"ListItem\",\"position\":1,\"name\":\"Camping Finist\u00e8re\",\"item\":\"https:\/\/capfinistere.geek-tonic.dev\/de\/\"},{\"@type\":\"ListItem\",\"position\":2,\"name\":\"Gastronomie in der Bretagne\"}]},{\"@type\":\"WebSite\",\"@id\":\"https:\/\/capfinistere.geek-tonic.dev\/de\/#website\",\"url\":\"https:\/\/capfinistere.geek-tonic.dev\/de\/\",\"name\":\"Camping Cap Finist\u00e8re\",\"description\":\"\",\"publisher\":{\"@id\":\"https:\/\/capfinistere.geek-tonic.dev\/de\/#organization\"},\"potentialAction\":[{\"@type\":\"SearchAction\",\"target\":{\"@type\":\"EntryPoint\",\"urlTemplate\":\"https:\/\/capfinistere.geek-tonic.dev\/de\/?s={search_term_string}\"},\"query-input\":{\"@type\":\"PropertyValueSpecification\",\"valueRequired\":true,\"valueName\":\"search_term_string\"}}],\"inLanguage\":\"de\"},{\"@type\":\"Organization\",\"@id\":\"https:\/\/capfinistere.geek-tonic.dev\/de\/#organization\",\"name\":\"Camping Cap Finist\u00e8re\",\"url\":\"https:\/\/capfinistere.geek-tonic.dev\/de\/\",\"logo\":{\"@type\":\"ImageObject\",\"inLanguage\":\"de\",\"@id\":\"https:\/\/capfinistere.geek-tonic.dev\/de\/#\/schema\/logo\/image\/\",\"url\":\"https:\/\/capfinistere.geek-tonic.dev\/wp-content\/uploads\/sites\/22\/2022\/09\/cropped-logo-Flower-camping-Cap-Finistere.png\",\"contentUrl\":\"https:\/\/capfinistere.geek-tonic.dev\/wp-content\/uploads\/sites\/22\/2022\/09\/cropped-logo-Flower-camping-Cap-Finistere.png\",\"width\":500,\"height\":660,\"caption\":\"Camping Cap Finist\u00e8re\"},\"image\":{\"@id\":\"https:\/\/capfinistere.geek-tonic.dev\/de\/#\/schema\/logo\/image\/\"}}]}<\/script>\n<!-- \/ Yoast SEO plugin. -->","yoast_head_json":{"title":"Restaurant in der Bretagne | Restaurant in Finist\u00e8re | Bar Finist\u00e8re","robots":{"index":"noindex","follow":"follow","max-snippet":"max-snippet:-1","max-image-preview":"max-image-preview:large","max-video-preview":"max-video-preview:-1"},"og_locale":"de_DE","og_type":"article","og_title":"Restaurant in der Bretagne | Restaurant in Finist\u00e8re | Bar Finist\u00e8re","og_url":"https:\/\/capfinistere.geek-tonic.dev\/de\/gaststatte-finistere\/","og_site_name":"Camping Cap Finist\u00e8re","article_modified_time":"2024-07-15T07:50:06+00:00","og_image":[{"width":1904,"height":515,"url":"https:\/\/capfinistere.geek-tonic.dev\/wp-content\/uploads\/sites\/22\/2022\/09\/restaurant-camping-finistere-bretagne.jpg","type":"image\/jpeg"}],"twitter_card":"summary_large_image","twitter_misc":{"Gesch\u00e4tzte Lesezeit":"3\u00a0Minuten"},"schema":{"@context":"https:\/\/schema.org","@graph":[{"@type":"WebPage","@id":"https:\/\/capfinistere.geek-tonic.dev\/de\/gaststatte-finistere\/","url":"https:\/\/capfinistere.geek-tonic.dev\/de\/gaststatte-finistere\/","name":"Restaurant in der Bretagne | Restaurant in Finist\u00e8re | Bar Finist\u00e8re","isPartOf":{"@id":"https:\/\/capfinistere.geek-tonic.dev\/de\/#website"},"primaryImageOfPage":{"@id":"https:\/\/capfinistere.geek-tonic.dev\/de\/gaststatte-finistere\/#primaryimage"},"image":{"@id":"https:\/\/capfinistere.geek-tonic.dev\/de\/gaststatte-finistere\/#primaryimage"},"thumbnailUrl":"https:\/\/capfinistere.geek-tonic.dev\/wp-content\/uploads\/sites\/22\/2022\/09\/restaurant-camping-finistere-bretagne.jpg","datePublished":"2022-09-09T12:29:43+00:00","dateModified":"2024-07-15T07:50:06+00:00","breadcrumb":{"@id":"https:\/\/capfinistere.geek-tonic.dev\/de\/gaststatte-finistere\/#breadcrumb"},"inLanguage":"de","potentialAction":[{"@type":"ReadAction","target":["https:\/\/capfinistere.geek-tonic.dev\/de\/gaststatte-finistere\/"]}]},{"@type":"ImageObject","inLanguage":"de","@id":"https:\/\/capfinistere.geek-tonic.dev\/de\/gaststatte-finistere\/#primaryimage","url":"https:\/\/capfinistere.geek-tonic.dev\/wp-content\/uploads\/sites\/22\/2022\/09\/restaurant-camping-finistere-bretagne.jpg","contentUrl":"https:\/\/capfinistere.geek-tonic.dev\/wp-content\/uploads\/sites\/22\/2022\/09\/restaurant-camping-finistere-bretagne.jpg","width":1904,"height":515,"caption":"restaurant camping finistere bretagne"},{"@type":"BreadcrumbList","@id":"https:\/\/capfinistere.geek-tonic.dev\/de\/gaststatte-finistere\/#breadcrumb","itemListElement":[{"@type":"ListItem","position":1,"name":"Camping Finist\u00e8re","item":"https:\/\/capfinistere.geek-tonic.dev\/de\/"},{"@type":"ListItem","position":2,"name":"Gastronomie in der Bretagne"}]},{"@type":"WebSite","@id":"https:\/\/capfinistere.geek-tonic.dev\/de\/#website","url":"https:\/\/capfinistere.geek-tonic.dev\/de\/","name":"Camping Cap Finist\u00e8re","description":"","publisher":{"@id":"https:\/\/capfinistere.geek-tonic.dev\/de\/#organization"},"potentialAction":[{"@type":"SearchAction","target":{"@type":"EntryPoint","urlTemplate":"https:\/\/capfinistere.geek-tonic.dev\/de\/?s={search_term_string}"},"query-input":{"@type":"PropertyValueSpecification","valueRequired":true,"valueName":"search_term_string"}}],"inLanguage":"de"},{"@type":"Organization","@id":"https:\/\/capfinistere.geek-tonic.dev\/de\/#organization","name":"Camping Cap Finist\u00e8re","url":"https:\/\/capfinistere.geek-tonic.dev\/de\/","logo":{"@type":"ImageObject","inLanguage":"de","@id":"https:\/\/capfinistere.geek-tonic.dev\/de\/#\/schema\/logo\/image\/","url":"https:\/\/capfinistere.geek-tonic.dev\/wp-content\/uploads\/sites\/22\/2022\/09\/cropped-logo-Flower-camping-Cap-Finistere.png","contentUrl":"https:\/\/capfinistere.geek-tonic.dev\/wp-content\/uploads\/sites\/22\/2022\/09\/cropped-logo-Flower-camping-Cap-Finistere.png","width":500,"height":660,"caption":"Camping Cap Finist\u00e8re"},"image":{"@id":"https:\/\/capfinistere.geek-tonic.dev\/de\/#\/schema\/logo\/image\/"}}]}},"_links":{"self":[{"href":"https:\/\/capfinistere.geek-tonic.dev\/de\/wp-json\/wp\/v2\/pages\/4500","targetHints":{"allow":["GET"]}}],"collection":[{"href":"https:\/\/capfinistere.geek-tonic.dev\/de\/wp-json\/wp\/v2\/pages"}],"about":[{"href":"https:\/\/capfinistere.geek-tonic.dev\/de\/wp-json\/wp\/v2\/types\/page"}],"author":[{"embeddable":true,"href":"https:\/\/capfinistere.geek-tonic.dev\/de\/wp-json\/wp\/v2\/users\/1"}],"replies":[{"embeddable":true,"href":"https:\/\/capfinistere.geek-tonic.dev\/de\/wp-json\/wp\/v2\/comments?post=4500"}],"version-history":[{"count":17,"href":"https:\/\/capfinistere.geek-tonic.dev\/de\/wp-json\/wp\/v2\/pages\/4500\/revisions"}],"predecessor-version":[{"id":7812,"href":"https:\/\/capfinistere.geek-tonic.dev\/de\/wp-json\/wp\/v2\/pages\/4500\/revisions\/7812"}],"wp:featuredmedia":[{"embeddable":true,"href":"https:\/\/capfinistere.geek-tonic.dev\/de\/wp-json\/wp\/v2\/media\/1472"}],"wp:attachment":[{"href":"https:\/\/capfinistere.geek-tonic.dev\/de\/wp-json\/wp\/v2\/media?parent=4500"}],"wp:term":[{"taxonomy":"sujet","embeddable":true,"href":"https:\/\/capfinistere.geek-tonic.dev\/de\/wp-json\/wp\/v2\/sujet?post=4500"}],"curies":[{"name":"wp","href":"https:\/\/api.w.org\/{rel}","templated":true}]}}