{"id":4472,"date":"2022-09-08T16:43:00","date_gmt":"2022-09-08T14:43:00","guid":{"rendered":"https:\/\/capfinistere.geek-tonic.dev\/tourisme-quimper\/"},"modified":"2024-04-25T15:34:35","modified_gmt":"2024-04-25T13:34:35","slug":"tourismus-quimper","status":"publish","type":"page","link":"https:\/\/capfinistere.geek-tonic.dev\/de\/tourismus-quimper\/","title":{"rendered":"Quimper"},"content":{"rendered":"<section id=\"ls-section-block_446222d7b90559e9ab7b9f86c8a20726\" class=\"ls-section  has-p-b has-p-t p-b-0 p-t-0 has-background has-color-4-background-color has-m-t m-t-0 has-m-b m-b-0 has-p-t p-t-14 has-p-b p-b-14\" >\r\n        <div class=\"container container--wide\">\r\n        \n\n<h1 class=\"ls__heading wp-block-heading has-text-align-center ls__heading-undefined color1\" id=\"visitez-quiberon\">Besuchen Sie Quimper<\/h1>\n\n\n\n<h2 class=\"ls__heading wp-block-heading ls__heading-undefined color1\" id=\"a-voir-a-quiberon\">Sehensw\u00fcrdigkeiten in Quimper<\/h2>\n\n\n\n<p class=\"ls-paragraph\">Nutzen Sie die N\u00e4he des <strong>Campingplatzes Cap Finist\u00e8re<\/strong>, um einen Familienausflug nach <a href=\"https:\/\/www.quimper-tourisme.bzh\/\" target=\"_blank\" rel=\"noreferrer noopener\">Quimper<\/a> im Finist\u00e8re zu organisieren. Im Osten des Bigoudenlandes treffen Sie auf Quimper, die kulturelle Hauptstadt des Finist\u00e8re und f\u00fcr einige der Bretagne. Als Hochburg der Cornouaille und historisches traditionelles Zentrum des <a href=\"https:\/\/capfinistere.geek-tonic.dev\/de\/tourismus-finistere\/\">s\u00fcdlichen Finist\u00e8re<\/a> bietet Quimper ein beachtliches und gut erhaltenes architektonisches Erbe, das mit dem Label &#8222;Ville d&#8217;Art et d&#8217;Histoire&#8220; (Stadt der Kunst und Geschichte) geehrt wurde. Quimper liegt in der Bucht des Flusses Odet und lebt im Rhythmus der Gezeiten, die t\u00e4glich bis in die Stadt hinaufschwappen.<\/p>\n\n\n\n<p class=\"ls-paragraph\">Entdecken Sie mit Familie oder Freunden diese unumg\u00e4ngliche Stadt im<strong> s\u00fcdlichen Finist\u00e8re<\/strong> w\u00e4hrend Ihres <strong>Campingurlaubs in Penmarch<\/strong>. Schlendern Sie durch das historische Zentrum mit seinen alten Monumenten, die von der christlichen Geschichte und der bretonischen Kultur zeugen: die Kathedrale St. Corentin, die H\u00e4user aus dem 16. und 17. Jahrhundert, die Stadtmauern und die Ufer des Odet, das Viertel Locmaria.<\/p>\n\n\n<div class=\"wp-block-image\">\n<figure class=\"aligncenter size-large is-resized\"><img decoding=\"async\" width=\"1024\" height=\"377\" src=\"https:\/\/capfinistere.geek-tonic.dev\/wp-content\/uploads\/sites\/22\/2022\/09\/quimper-tourisme-vacances-1024x377.jpg\" alt=\"quimper tourisme vacances\" class=\"wp-image-2258\" style=\"width:1900px;height:700px\" srcset=\"https:\/\/capfinistere.geek-tonic.dev\/wp-content\/uploads\/sites\/22\/2022\/09\/quimper-tourisme-vacances-1024x377.jpg 1024w, https:\/\/capfinistere.geek-tonic.dev\/wp-content\/uploads\/sites\/22\/2022\/09\/quimper-tourisme-vacances-300x111.jpg 300w, https:\/\/capfinistere.geek-tonic.dev\/wp-content\/uploads\/sites\/22\/2022\/09\/quimper-tourisme-vacances-768x283.jpg 768w, https:\/\/capfinistere.geek-tonic.dev\/wp-content\/uploads\/sites\/22\/2022\/09\/quimper-tourisme-vacances-1536x566.jpg 1536w, https:\/\/capfinistere.geek-tonic.dev\/wp-content\/uploads\/sites\/22\/2022\/09\/quimper-tourisme-vacances.jpg 1900w\" sizes=\"(max-width: 1024px) 100vw, 1024px\" \/><\/figure><\/div>\n\n\n<h2 class=\"ls__heading wp-block-heading ls__heading-undefined color1\" id=\"activites-a-faire-a-quiberon\">Was Sie in Quimper unternehmen k\u00f6nnen<\/h2>\n\n\n\n<p class=\"ls-paragraph\">Ihr <strong>Campingurlaub in der N\u00e4he von Quimper<\/strong> bietet Ihnen die unmittelbare N\u00e4he zu einem charakteristischen Aspekt dieser mittelalterlichen Stadt: den Blumen. Quimper ist f\u00fcr die Qualit\u00e4t seiner Blumenarrangements bekannt und hat seit vielen Jahren das nationale Label &#8222;4 Blumen&#8220; von &#8220; <a href=\"https:\/\/capfinistere.geek-tonic.dev\/de\/\">Villes et Villages Fleuris&#8220; (Bl\u00fchende St\u00e4dte und D\u00f6rfer<\/a>). W\u00e4hrend Ihres <a href=\"https:\/\/capfinistere.geek-tonic.dev\/de\/\">Urlaubs im s\u00fcdlichen Finist\u00e8re<\/a> k\u00f6nnen Sie die sorgf\u00e4ltige und leidenschaftliche Arbeit der G\u00e4rtner von Quimper bewundern.<\/p>\n\n\n\n<p class=\"ls-paragraph\">Ein farbenfrohes und duftendes Spektakel erwartet Sie in der ganzen Stadt: entlang des Flusses Odet, in den G\u00e4rten, auf den Gr\u00fcnfl\u00e4chen, an den Kais und in den Stra\u00dfen. \u00dcber den \u00e4sthetischen Aspekt hinaus engagiert sich Quimper mit diesen Aktionen f\u00fcr die Biodiversit\u00e4t, insbesondere f\u00fcr V\u00f6gel und Best\u00e4uber. Schlendern Sie durch die Stra\u00dfen des Stadtzentrums und entdecken Sie Museen, Feinschmeckerm\u00e4rkte, belebte Stra\u00dfen und Gesch\u00e4fte. Eine ausgesprochen bretonische Stadterkundung, die Sie mit einem F\u00fchrer des Fremdenverkehrsamtes von <a href=\"https:\/\/www.quimper-tourisme.bzh\/\" target=\"_blank\" rel=\"noreferrer noopener\">Quimper<\/a> oder auf eigene Faust, mit der Familie oder mit Freunden unternehmen k\u00f6nnen.<\/p>\n\n\n<p><iframe width=\"100%\" height=\"450\" src=\"https:\/\/www.youtube.com\/embed\/vA7hfw9uKig\" title=\"YouTube video player\" frameborder=\"0\" allow=\"accelerometer; autoplay; clipboard-write; encrypted-media; gyroscope; picture-in-picture\" allowfullscreen=\"\"><\/iframe><\/p>\n\n\n\n<h2 class=\"ls__heading wp-block-heading ls__heading-undefined color1\" id=\"activites-a-faire-a-quiberon\">Campingplatz in der N\u00e4he von Quimper<\/h2>\n\n\n\n<p class=\"ls-paragraph\">Mit der Familie, zu zweit oder mit Freunden k\u00f6nnen Sie Quimper entdecken, das 31 km vom <strong>Campingplatz Cap Finist\u00e8re<\/strong> entfernt liegt. Genie\u00dfen Sie die mittelalterliche Atmosph\u00e4re und schlendern Sie durch die Gassen des historischen Stadtzentrums. Fachwerkh\u00e4user und farbenfrohe Fassaden werden Ihnen bei einem Besuch der Stadt w\u00e4hrend Ihres <strong>Aufenthalts in der Bretagne<\/strong> begegnen. Nutzen Sie Ihren Urlaub in Penmarch, 40 Minuten von Quimper entfernt, um die Stadt Quimper einen halben oder ganzen Tag lang zu erkunden. Gro\u00df und Klein werden die Sch\u00f6nheit der Stadt und die Kais mit Blick auf die vier Wasserl\u00e4ufe, die durch die Stadt flie\u00dfen, zu sch\u00e4tzen wissen: Odet, Steir, Front und Jet. Genie\u00dfen Sie die s\u00fc\u00dfen Spezialit\u00e4ten von Quimper, Kouign des Gras oder Java, w\u00e4hrend Ihres Aufenthalts auf einem Campingplatz in der N\u00e4he von Quimper.<\/p>\n\n\n<p><iframe src=\"https:\/\/www.google.com\/maps\/embed?pb=!1m28!1m12!1m3!1d171127.12391728951!2d-4.338860609091927!3d47.919720918444845!2m3!1f0!2f0!3f0!3m2!1i1024!2i768!4f13.1!4m13!3e0!4m5!1s0x4817306d98cd607f%3A0x78da83f9f6cf307d!2sFlower%20Camping%20Les%20Gen%C3%AAts%2C%20Rue%20de%20Gouesnach%20N%C3%A9vez%2C%20Penmarc'h!3m2!1d47.818970199999995!2d-4.3095568!4m5!1s0x4810d5972e13aeaf%3A0xd32d85efcaa2cdd0!2sQuimper!3m2!1d47.997541999999996!2d-4.097899!5e0!3m2!1sfr!2sfr!4v1663747835140!5m2!1sfr!2sfr\" width=\"100%\" height=\"450\" style=\"border:0;\" allowfullscreen=\"\" loading=\"lazy\" referrerpolicy=\"no-referrer-when-downgrade\"><\/iframe><\/p>\n\n\r\n    <\/div>\r\n<\/section><section id=\"ls-section-block_7c3f042c08b46acc815c7fbdf1e498ad\" class=\"ls-section  page-maillage experience has-m-t m-t-0 has-p-t p-t-10\" >\r\n        <div class=\"container container--wide\">\r\n        \n\n<div id=\"ls-heading ls-titre-div-block_c69bb7724dce2b32caa696b7d88ebdc4\" class=\"ls-titre-div aligncenter h2-like\" >\n    <strong>Entdecken Sie die<\/strong> Umgebung von Quimper<\/div>\n\n\n<div id=\"ls-maillage-block_43439c3a4edf1813b7733a56611f785c\" class=\"ls-maillage cta-style-normal\" data-rows=\"3\">\n    <div class=\"wp-block-columns\"><div class=\"wp-block-column\"><div id=\"destinations\" class=\"ls-cta\">\n\n<a href=\"https:\/\/capfinistere.geek-tonic.dev\/de\/tourismus-glenan-inselgruppe\/\" target=\"\" rel=\"noopener\" class=\"ls-cta__link\">\n\n\t<div class=\"ls-cta__image\"><img decoding=\"async\" src=\"https:\/\/capfinistere.geek-tonic.dev\/wp-content\/uploads\/sites\/22\/2024\/04\/tourisme-archipel-glenan-camping-finistere.webp\" alt=\"tourisme archipel glenan camping finistere\"><\/div>\n\t<div class=\"ls-cta__title\">\n\t\tArchipel der Gl\u00e9nan\t<\/div>\n\n\t\t\n<\/a><\/div><\/div><div class=\"wp-block-column\"><div id=\"destinations\" class=\"ls-cta\">\n\n<a href=\"https:\/\/capfinistere.geek-tonic.dev\/de\/tourismus-penmarch\/\" target=\"\" rel=\"noopener\" class=\"ls-cta__link\">\n\n\t<div class=\"ls-cta__image\"><img decoding=\"async\" src=\"https:\/\/capfinistere.geek-tonic.dev\/wp-content\/uploads\/sites\/22\/2024\/04\/tourisme-penmarch-camping-finistere.webp\" alt=\"tourisme penmarch camping finistere\"><\/div>\n\t<div class=\"ls-cta__title\">\n\t\tPenmarch\t<\/div>\n\n\t\t\n<\/a><\/div><\/div><div class=\"wp-block-column\"><div id=\"destinations\" class=\"ls-cta\">\n\n<a href=\"https:\/\/capfinistere.geek-tonic.dev\/de\/tourismus-pont-abbe\/\" target=\"\" rel=\"noopener\" class=\"ls-cta__link\">\n\n\t<div class=\"ls-cta__image\"><img decoding=\"async\" src=\"https:\/\/capfinistere.geek-tonic.dev\/wp-content\/uploads\/sites\/22\/2022\/09\/pont-labbe-vacances-bretagne.jpg\" alt=\"pont labbe urlaub bretagne\"><\/div>\n\t<div class=\"ls-cta__title\">\n\t\tPont-L&#8217;abb\u00e9\t<\/div>\n\n\t\t\n<\/a><\/div><\/div><\/div><\/div>\n\r\n    <\/div>\r\n<\/section>","protected":false},"excerpt":{"rendered":"","protected":false},"author":1,"featured_media":2267,"parent":0,"menu_order":0,"comment_status":"closed","ping_status":"open","template":"","meta":{"_acf_changed":false,"footnotes":""},"sujet":[],"class_list":["post-4472","page","type-page","status-publish","has-post-thumbnail","hentry"],"acf":[],"yoast_head":"<!-- This site is optimized with the Yoast SEO plugin v23.9 - https:\/\/yoast.com\/wordpress\/plugins\/seo\/ -->\n<title>Quimper besuchen | Camping in der N\u00e4he von Quimper | Aufenthalt Quimper<\/title>\n<meta name=\"robots\" content=\"noindex, follow, max-snippet:-1, max-image-preview:large, max-video-preview:-1\" \/>\n<meta property=\"og:locale\" content=\"de_DE\" \/>\n<meta property=\"og:type\" content=\"article\" \/>\n<meta property=\"og:title\" content=\"Quimper besuchen | Camping in der N\u00e4he von Quimper | Aufenthalt Quimper\" \/>\n<meta property=\"og:url\" content=\"https:\/\/capfinistere.geek-tonic.dev\/de\/tourismus-quimper\/\" \/>\n<meta property=\"og:site_name\" content=\"Camping Cap Finist\u00e8re\" \/>\n<meta property=\"article:modified_time\" content=\"2024-04-25T13:34:35+00:00\" \/>\n<meta property=\"og:image\" content=\"https:\/\/capfinistere.geek-tonic.dev\/wp-content\/uploads\/sites\/22\/2022\/09\/quimper-visiter-bretagne.jpg\" \/>\n\t<meta property=\"og:image:width\" content=\"1904\" \/>\n\t<meta property=\"og:image:height\" content=\"515\" \/>\n\t<meta property=\"og:image:type\" content=\"image\/jpeg\" \/>\n<meta name=\"twitter:card\" content=\"summary_large_image\" \/>\n<meta name=\"twitter:label1\" content=\"Gesch\u00e4tzte Lesezeit\" \/>\n\t<meta name=\"twitter:data1\" content=\"3\u00a0Minuten\" \/>\n<script type=\"application\/ld+json\" class=\"yoast-schema-graph\">{\"@context\":\"https:\/\/schema.org\",\"@graph\":[{\"@type\":\"WebPage\",\"@id\":\"https:\/\/capfinistere.geek-tonic.dev\/de\/tourismus-quimper\/\",\"url\":\"https:\/\/capfinistere.geek-tonic.dev\/de\/tourismus-quimper\/\",\"name\":\"Quimper besuchen | Camping in der N\u00e4he von Quimper | Aufenthalt Quimper\",\"isPartOf\":{\"@id\":\"https:\/\/capfinistere.geek-tonic.dev\/de\/#website\"},\"primaryImageOfPage\":{\"@id\":\"https:\/\/capfinistere.geek-tonic.dev\/de\/tourismus-quimper\/#primaryimage\"},\"image\":{\"@id\":\"https:\/\/capfinistere.geek-tonic.dev\/de\/tourismus-quimper\/#primaryimage\"},\"thumbnailUrl\":\"https:\/\/capfinistere.geek-tonic.dev\/wp-content\/uploads\/sites\/22\/2022\/09\/quimper-visiter-bretagne.jpg\",\"datePublished\":\"2022-09-08T14:43:00+00:00\",\"dateModified\":\"2024-04-25T13:34:35+00:00\",\"breadcrumb\":{\"@id\":\"https:\/\/capfinistere.geek-tonic.dev\/de\/tourismus-quimper\/#breadcrumb\"},\"inLanguage\":\"de\",\"potentialAction\":[{\"@type\":\"ReadAction\",\"target\":[\"https:\/\/capfinistere.geek-tonic.dev\/de\/tourismus-quimper\/\"]}]},{\"@type\":\"ImageObject\",\"inLanguage\":\"de\",\"@id\":\"https:\/\/capfinistere.geek-tonic.dev\/de\/tourismus-quimper\/#primaryimage\",\"url\":\"https:\/\/capfinistere.geek-tonic.dev\/wp-content\/uploads\/sites\/22\/2022\/09\/quimper-visiter-bretagne.jpg\",\"contentUrl\":\"https:\/\/capfinistere.geek-tonic.dev\/wp-content\/uploads\/sites\/22\/2022\/09\/quimper-visiter-bretagne.jpg\",\"width\":1904,\"height\":515,\"caption\":\"quimper besuchen bretagne\"},{\"@type\":\"BreadcrumbList\",\"@id\":\"https:\/\/capfinistere.geek-tonic.dev\/de\/tourismus-quimper\/#breadcrumb\",\"itemListElement\":[{\"@type\":\"ListItem\",\"position\":1,\"name\":\"Camping Finist\u00e8re\",\"item\":\"https:\/\/capfinistere.geek-tonic.dev\/de\/\"},{\"@type\":\"ListItem\",\"position\":2,\"name\":\"Quimper entdecken\"}]},{\"@type\":\"WebSite\",\"@id\":\"https:\/\/capfinistere.geek-tonic.dev\/de\/#website\",\"url\":\"https:\/\/capfinistere.geek-tonic.dev\/de\/\",\"name\":\"Camping Cap Finist\u00e8re\",\"description\":\"\",\"publisher\":{\"@id\":\"https:\/\/capfinistere.geek-tonic.dev\/de\/#organization\"},\"potentialAction\":[{\"@type\":\"SearchAction\",\"target\":{\"@type\":\"EntryPoint\",\"urlTemplate\":\"https:\/\/capfinistere.geek-tonic.dev\/de\/?s={search_term_string}\"},\"query-input\":{\"@type\":\"PropertyValueSpecification\",\"valueRequired\":true,\"valueName\":\"search_term_string\"}}],\"inLanguage\":\"de\"},{\"@type\":\"Organization\",\"@id\":\"https:\/\/capfinistere.geek-tonic.dev\/de\/#organization\",\"name\":\"Camping Cap Finist\u00e8re\",\"url\":\"https:\/\/capfinistere.geek-tonic.dev\/de\/\",\"logo\":{\"@type\":\"ImageObject\",\"inLanguage\":\"de\",\"@id\":\"https:\/\/capfinistere.geek-tonic.dev\/de\/#\/schema\/logo\/image\/\",\"url\":\"https:\/\/capfinistere.geek-tonic.dev\/wp-content\/uploads\/sites\/22\/2022\/09\/cropped-logo-Flower-camping-Cap-Finistere.png\",\"contentUrl\":\"https:\/\/capfinistere.geek-tonic.dev\/wp-content\/uploads\/sites\/22\/2022\/09\/cropped-logo-Flower-camping-Cap-Finistere.png\",\"width\":500,\"height\":660,\"caption\":\"Camping Cap Finist\u00e8re\"},\"image\":{\"@id\":\"https:\/\/capfinistere.geek-tonic.dev\/de\/#\/schema\/logo\/image\/\"}}]}<\/script>\n<!-- \/ Yoast SEO plugin. -->","yoast_head_json":{"title":"Quimper besuchen | Camping in der N\u00e4he von Quimper | Aufenthalt Quimper","robots":{"index":"noindex","follow":"follow","max-snippet":"max-snippet:-1","max-image-preview":"max-image-preview:large","max-video-preview":"max-video-preview:-1"},"og_locale":"de_DE","og_type":"article","og_title":"Quimper besuchen | Camping in der N\u00e4he von Quimper | Aufenthalt Quimper","og_url":"https:\/\/capfinistere.geek-tonic.dev\/de\/tourismus-quimper\/","og_site_name":"Camping Cap Finist\u00e8re","article_modified_time":"2024-04-25T13:34:35+00:00","og_image":[{"width":1904,"height":515,"url":"https:\/\/capfinistere.geek-tonic.dev\/wp-content\/uploads\/sites\/22\/2022\/09\/quimper-visiter-bretagne.jpg","type":"image\/jpeg"}],"twitter_card":"summary_large_image","twitter_misc":{"Gesch\u00e4tzte Lesezeit":"3\u00a0Minuten"},"schema":{"@context":"https:\/\/schema.org","@graph":[{"@type":"WebPage","@id":"https:\/\/capfinistere.geek-tonic.dev\/de\/tourismus-quimper\/","url":"https:\/\/capfinistere.geek-tonic.dev\/de\/tourismus-quimper\/","name":"Quimper besuchen | Camping in der N\u00e4he von Quimper | Aufenthalt Quimper","isPartOf":{"@id":"https:\/\/capfinistere.geek-tonic.dev\/de\/#website"},"primaryImageOfPage":{"@id":"https:\/\/capfinistere.geek-tonic.dev\/de\/tourismus-quimper\/#primaryimage"},"image":{"@id":"https:\/\/capfinistere.geek-tonic.dev\/de\/tourismus-quimper\/#primaryimage"},"thumbnailUrl":"https:\/\/capfinistere.geek-tonic.dev\/wp-content\/uploads\/sites\/22\/2022\/09\/quimper-visiter-bretagne.jpg","datePublished":"2022-09-08T14:43:00+00:00","dateModified":"2024-04-25T13:34:35+00:00","breadcrumb":{"@id":"https:\/\/capfinistere.geek-tonic.dev\/de\/tourismus-quimper\/#breadcrumb"},"inLanguage":"de","potentialAction":[{"@type":"ReadAction","target":["https:\/\/capfinistere.geek-tonic.dev\/de\/tourismus-quimper\/"]}]},{"@type":"ImageObject","inLanguage":"de","@id":"https:\/\/capfinistere.geek-tonic.dev\/de\/tourismus-quimper\/#primaryimage","url":"https:\/\/capfinistere.geek-tonic.dev\/wp-content\/uploads\/sites\/22\/2022\/09\/quimper-visiter-bretagne.jpg","contentUrl":"https:\/\/capfinistere.geek-tonic.dev\/wp-content\/uploads\/sites\/22\/2022\/09\/quimper-visiter-bretagne.jpg","width":1904,"height":515,"caption":"quimper besuchen bretagne"},{"@type":"BreadcrumbList","@id":"https:\/\/capfinistere.geek-tonic.dev\/de\/tourismus-quimper\/#breadcrumb","itemListElement":[{"@type":"ListItem","position":1,"name":"Camping Finist\u00e8re","item":"https:\/\/capfinistere.geek-tonic.dev\/de\/"},{"@type":"ListItem","position":2,"name":"Quimper entdecken"}]},{"@type":"WebSite","@id":"https:\/\/capfinistere.geek-tonic.dev\/de\/#website","url":"https:\/\/capfinistere.geek-tonic.dev\/de\/","name":"Camping Cap Finist\u00e8re","description":"","publisher":{"@id":"https:\/\/capfinistere.geek-tonic.dev\/de\/#organization"},"potentialAction":[{"@type":"SearchAction","target":{"@type":"EntryPoint","urlTemplate":"https:\/\/capfinistere.geek-tonic.dev\/de\/?s={search_term_string}"},"query-input":{"@type":"PropertyValueSpecification","valueRequired":true,"valueName":"search_term_string"}}],"inLanguage":"de"},{"@type":"Organization","@id":"https:\/\/capfinistere.geek-tonic.dev\/de\/#organization","name":"Camping Cap Finist\u00e8re","url":"https:\/\/capfinistere.geek-tonic.dev\/de\/","logo":{"@type":"ImageObject","inLanguage":"de","@id":"https:\/\/capfinistere.geek-tonic.dev\/de\/#\/schema\/logo\/image\/","url":"https:\/\/capfinistere.geek-tonic.dev\/wp-content\/uploads\/sites\/22\/2022\/09\/cropped-logo-Flower-camping-Cap-Finistere.png","contentUrl":"https:\/\/capfinistere.geek-tonic.dev\/wp-content\/uploads\/sites\/22\/2022\/09\/cropped-logo-Flower-camping-Cap-Finistere.png","width":500,"height":660,"caption":"Camping Cap Finist\u00e8re"},"image":{"@id":"https:\/\/capfinistere.geek-tonic.dev\/de\/#\/schema\/logo\/image\/"}}]}},"_links":{"self":[{"href":"https:\/\/capfinistere.geek-tonic.dev\/de\/wp-json\/wp\/v2\/pages\/4472","targetHints":{"allow":["GET"]}}],"collection":[{"href":"https:\/\/capfinistere.geek-tonic.dev\/de\/wp-json\/wp\/v2\/pages"}],"about":[{"href":"https:\/\/capfinistere.geek-tonic.dev\/de\/wp-json\/wp\/v2\/types\/page"}],"author":[{"embeddable":true,"href":"https:\/\/capfinistere.geek-tonic.dev\/de\/wp-json\/wp\/v2\/users\/1"}],"replies":[{"embeddable":true,"href":"https:\/\/capfinistere.geek-tonic.dev\/de\/wp-json\/wp\/v2\/comments?post=4472"}],"version-history":[{"count":5,"href":"https:\/\/capfinistere.geek-tonic.dev\/de\/wp-json\/wp\/v2\/pages\/4472\/revisions"}],"predecessor-version":[{"id":7431,"href":"https:\/\/capfinistere.geek-tonic.dev\/de\/wp-json\/wp\/v2\/pages\/4472\/revisions\/7431"}],"wp:featuredmedia":[{"embeddable":true,"href":"https:\/\/capfinistere.geek-tonic.dev\/de\/wp-json\/wp\/v2\/media\/2267"}],"wp:attachment":[{"href":"https:\/\/capfinistere.geek-tonic.dev\/de\/wp-json\/wp\/v2\/media?parent=4472"}],"wp:term":[{"taxonomy":"sujet","embeddable":true,"href":"https:\/\/capfinistere.geek-tonic.dev\/de\/wp-json\/wp\/v2\/sujet?post=4472"}],"curies":[{"name":"wp","href":"https:\/\/api.w.org\/{rel}","templated":true}]}}