{"id":4449,"date":"2022-09-10T16:50:00","date_gmt":"2022-09-10T14:50:00","guid":{"rendered":"https:\/\/capfinistere.geek-tonic.dev\/tourisme-pont-abbe\/"},"modified":"2024-04-25T15:31:08","modified_gmt":"2024-04-25T13:31:08","slug":"tourismus-pont-abbe","status":"publish","type":"page","link":"https:\/\/capfinistere.geek-tonic.dev\/de\/tourismus-pont-abbe\/","title":{"rendered":"Pont-L&#8217;abb\u00e9"},"content":{"rendered":"<section id=\"ls-section-block_c0d35a0fdb9569ac8932d7c20a1f6c2b\" class=\"ls-section  has-p-b has-p-t p-b-0 p-t-0 has-background has-color-4-background-color has-m-t m-t-0 has-p-t p-t-14 has-p-b p-b-14\" >\r\n        <div class=\"container container--wide\">\r\n        \n\n<h1 class=\"ls__heading wp-block-heading has-text-align-center ls__heading-undefined color1\" id=\"visitez-quiberon\">Besuchen Sie Pont-L&#8217;Abb\u00e9<\/h1>\n\n\n\n<h2 class=\"ls__heading wp-block-heading ls__heading-undefined color1\" id=\"a-voir-a-quiberon\">Sehenswertes in Pont-l&#8217;Abb\u00e9<\/h2>\n\n\n\n<p class=\"ls-paragraph\">Willkommen in Pont l&#8217;Abb\u00e9, der Hauptstadt des Pays Bigouden! Als Land der Legenden betrachtete Maupassant die Stadt als &#8222;die bretonischste der St\u00e4dte in der bretonischen Bretagne&#8220;. Pont l&#8217;Abb\u00e9 liegt in der N\u00e4he von Penmarch und ist ein Muss f\u00fcr jeden <a href=\"https:\/\/capfinistere.geek-tonic.dev\/de\/\">Campingurlaub im s\u00fcdlichen Finist\u00e8re<\/a>. Lernen Sie diese geschichtstr\u00e4chtige Stadt mit ihrem erhaltenen kulturellen und architektonischen Erbe kennen: das Schloss aus dem 14. Jahrhundert, die bewohnte Br\u00fccke, die der Stadt ihren Namen gab, Fassaden aus vergangenen Zeiten, Stra\u00dfen und Markthallen.<\/p>\n\n\n\n<p class=\"ls-paragraph\">Modeboutiquen, Dekorationsgesch\u00e4fte, Feinkostl\u00e4den, Tr\u00f6delm\u00e4rkte, Designer und Leckereien, \u00f6ffnen Sie die T\u00fcren der zahlreichen lokalen Gesch\u00e4fte, die ideal f\u00fcr Ihre <strong>Urlaubserinnerungen an die Bretagne<\/strong> sind. Wussten Sie das? Hier entstand die Bigoudene, die ber\u00fchmte typische Kopfbedeckung, die die Geschicklichkeit der Stickerinnen und Sticker ehrt.  <\/p>\n\n\n<div class=\"wp-block-image\">\n<figure class=\"aligncenter size-large is-resized\"><img decoding=\"async\" width=\"1024\" height=\"377\" src=\"https:\/\/capfinistere.geek-tonic.dev\/wp-content\/uploads\/sites\/22\/2022\/09\/visiter-pont-labbe-1024x377.jpg\" alt=\"Labbe-Br&#xFC;cke besuchen\" class=\"wp-image-1651\" style=\"width:1900px;height:700px\" srcset=\"https:\/\/capfinistere.geek-tonic.dev\/wp-content\/uploads\/sites\/22\/2022\/09\/visiter-pont-labbe-1024x377.jpg 1024w, https:\/\/capfinistere.geek-tonic.dev\/wp-content\/uploads\/sites\/22\/2022\/09\/visiter-pont-labbe-300x111.jpg 300w, https:\/\/capfinistere.geek-tonic.dev\/wp-content\/uploads\/sites\/22\/2022\/09\/visiter-pont-labbe-768x283.jpg 768w, https:\/\/capfinistere.geek-tonic.dev\/wp-content\/uploads\/sites\/22\/2022\/09\/visiter-pont-labbe-1536x566.jpg 1536w, https:\/\/capfinistere.geek-tonic.dev\/wp-content\/uploads\/sites\/22\/2022\/09\/visiter-pont-labbe.jpg 1900w\" sizes=\"(max-width: 1024px) 100vw, 1024px\" \/><\/figure><\/div>\n\n\n<h2 class=\"ls__heading wp-block-heading ls__heading-undefined color1\" id=\"activites-a-faire-a-quiberon\">Was Sie in Pont-l&#8217;Abb\u00e9 unternehmen k\u00f6nnen<\/h2>\n\n\n\n<p class=\"ls-paragraph\">W\u00e4hrend Ihres <strong>Urlaubs in Penmarch<\/strong> k\u00f6nnen Sie den Charme von <a href=\"https:\/\/www.destination-paysbigouden.com\/pont-l-abbe\" target=\"_blank\" rel=\"noreferrer noopener\">Pont l&#8217;Abb\u00e9<\/a> in der N\u00e4he des <strong>Campingplatzes Cap Finist\u00e8re<\/strong> genie\u00dfen. Verpassen Sie nicht die Hauptstadt des Bigoudenlandes, die eine der drei bewohnten Br\u00fccken in Frankreich beherbergt. Tauchen Sie ein in die Geschichte von Pont l&#8217;Abb\u00e9 und entdecken Sie das Schloss der Barone aus dem 14. Jahrhundert, das heute als Stadtb\u00fcro genutzt wird. Kultur und lokale Traditionen werden im Mus\u00e9e Bigouden kein Geheimnis mehr f\u00fcr Sie sein.  <\/p>\n\n\n\n<p class=\"ls-paragraph\">Verpassen Sie nicht das Bigouden-Denkmal, eine Skulptur aus Granit und Bronze, die die f\u00fcnf Lebensalter darstellt: das kleine M\u00e4dchen, die junge Frau, die Schwester, die Mutter und die Gro\u00dfmutter. Der einst sehr dynamische Hafen bietet Ihnen einen angenehmen Spaziergang und einen herrlichen Blick auf die Br\u00fccke und den Bergfried des Schlosses.  <\/p>\n\n\n<p><iframe width=\"100%\" height=\"450\" src=\"https:\/\/www.youtube.com\/embed\/fsoo-qelTy0\" title=\"YouTube video player\" frameborder=\"0\" allow=\"accelerometer; autoplay; clipboard-write; encrypted-media; gyroscope; picture-in-picture\" allowfullscreen=\"\"><\/iframe><\/p>\n\n\n\n<h2 class=\"ls__heading wp-block-heading ls__heading-undefined color1\" id=\"activites-a-faire-a-quiberon\">Camping in der N\u00e4he von Pont l&#8217;Abb\u00e9<\/h2>\n\n\n\n<p class=\"ls-paragraph\">Brauchen Sie eine Flucht? Buchen Sie Ihren Urlaub auf dem <strong>Campingplatz Cap Finist\u00e8re<\/strong> und machen Sie einen Zwischenstopp in Pont l&#8217;Abb\u00e9. Nur 15 Minuten vom <strong>Campingplatz Cap Finist\u00e8re<\/strong> entfernt, ist diese malerische Gemeinde ein idealer Ausflugsort w\u00e4hrend Ihres Urlaubs im Bigoudenland. Nord\u00f6stlich von <strong>Penmarch<\/strong> gelegen, erwartet Sie eine Stadt voller Charme und Sehensw\u00fcrdigkeiten.  <\/p>\n\n\n\n<p class=\"ls-paragraph\">Genie\u00dfen Sie mit der Familie oder mit Freunden die Kultur, die Ihnen das historische Zentrum von <strong>Pont l&#8217;Abb\u00e9<\/strong> bietet. Pont l&#8217;Abb\u00e9 ist ein echtes Muss f\u00fcr Ihren Aufenthalt in einem Mobilheim oder auf einem Stellplatz im Finist\u00e8re und bietet viele geheimnisvolle Legenden, die Sie bei einem Spaziergang durch die Stadt ergr\u00fcnden k\u00f6nnen.  <\/p>\n\n\n<p><iframe src=\"https:\/\/www.google.com\/maps\/embed?pb=!1m28!1m12!1m3!1d72077.1564091598!2d-4.3016124339859525!3d47.82829116570879!2m3!1f0!2f0!3f0!3m2!1i1024!2i768!4f13.1!4m13!3e0!4m5!1s0x4817306d98cd607f%3A0x78da83f9f6cf307d!2sFlower%20Camping%20Les%20Gen%C3%AAts%2C%20Rue%20de%20Gouesnach%20N%C3%A9vez%2C%20Penmarc'h!3m2!1d47.818970199999995!2d-4.3095568!4m5!1s0x48172dc0f04c8cf7%3A0x40ca5cd36e563e0!2s29120%20Pont-l'Abb%C3%A9!3m2!1d47.866915!2d-4.222297999999999!5e0!3m2!1sfr!2sfr!4v1663315368471!5m2!1sfr!2sfr\" width=\"100%\" height=\"450\" style=\"border:0;\" allowfullscreen=\"\" loading=\"lazy\" referrerpolicy=\"no-referrer-when-downgrade\"><\/iframe><\/p>\n\n\r\n    <\/div>\r\n<\/section><section id=\"ls-section-block_8dae88985c6fd22a657185bd94187780\" class=\"ls-section  page-maillage experience has-m-t m-t-0 has-p-t p-t-14\" >\r\n        <div class=\"container container--wide\">\r\n        \n\n<div id=\"ls-heading ls-titre-div-block_277b2ce48773a2c1b9a51757fc6d683f\" class=\"ls-titre-div aligncenter h2-like\" >\n    <strong>Entdecken Sie die<\/strong> Umgebung von Pont-l&#8217;Abb\u00e9<\/div>\n\n\n<div id=\"ls-maillage-block_a9b4fa3aad442ab33e4745bdc33252a1\" class=\"ls-maillage cta-style-normal\" data-rows=\"3\">\n    <div class=\"wp-block-columns\"><div class=\"wp-block-column\"><div id=\"destinations\" class=\"ls-cta\">\n\n<a href=\"https:\/\/capfinistere.geek-tonic.dev\/de\/tourismus-glenan-inselgruppe\/\" target=\"\" rel=\"noopener\" class=\"ls-cta__link\">\n\n\t<div class=\"ls-cta__image\"><img decoding=\"async\" src=\"https:\/\/capfinistere.geek-tonic.dev\/wp-content\/uploads\/sites\/22\/2024\/04\/tourisme-archipel-glenan-camping-finistere.webp\" alt=\"tourisme archipel glenan camping finistere\"><\/div>\n\t<div class=\"ls-cta__title\">\n\t\tArchipel der Gl\u00e9nan\t<\/div>\n\n\t\t\n<\/a><\/div><\/div><div class=\"wp-block-column\"><div id=\"destinations\" class=\"ls-cta\">\n\n<a href=\"https:\/\/capfinistere.geek-tonic.dev\/de\/tourismus-bucht-audierne\/\" target=\"\" rel=\"noopener\" class=\"ls-cta__link\">\n\n\t<div class=\"ls-cta__image\"><img decoding=\"async\" src=\"https:\/\/capfinistere.geek-tonic.dev\/wp-content\/uploads\/sites\/22\/2024\/04\/tourisme-baie-audierne-camping-finistere.webp\" alt=\"tourisme baie audierne camping finistere\"><\/div>\n\t<div class=\"ls-cta__title\">\n\t\tBucht von Audierne\t<\/div>\n\n\t\t\n<\/a><\/div><\/div><div class=\"wp-block-column\"><div id=\"destinations\" class=\"ls-cta\">\n\n<a href=\"https:\/\/capfinistere.geek-tonic.dev\/de\/tourismus-finistere\/\" target=\"\" rel=\"noopener\" class=\"ls-cta__link\">\n\n\t<div class=\"ls-cta__image\"><img decoding=\"async\" src=\"https:\/\/capfinistere.geek-tonic.dev\/wp-content\/uploads\/sites\/22\/2022\/09\/finistere-tourisme-vacances.jpg\" alt=\"finistere tourismus urlaub\"><\/div>\n\t<div class=\"ls-cta__title\">\n\t\tFinist\u00e8re\t<\/div>\n\n\t\t\n<\/a><\/div><\/div><\/div><\/div>\n\r\n    <\/div>\r\n<\/section>","protected":false},"excerpt":{"rendered":"","protected":false},"author":1,"featured_media":2747,"parent":0,"menu_order":0,"comment_status":"closed","ping_status":"open","template":"","meta":{"_acf_changed":false,"footnotes":""},"sujet":[],"class_list":["post-4449","page","type-page","status-publish","has-post-thumbnail","hentry"],"acf":[],"yoast_head":"<!-- This site is optimized with the Yoast SEO plugin v23.9 - https:\/\/yoast.com\/wordpress\/plugins\/seo\/ -->\n<title>Pont l&#039;Abb\u00e9 Tourismus | Aufenthalt in der N\u00e4he von Pont l&#039;Abb\u00e9 | Pont l&#039;Abb\u00e9 besuchen<\/title>\n<meta name=\"robots\" content=\"noindex, follow, max-snippet:-1, max-image-preview:large, max-video-preview:-1\" \/>\n<meta property=\"og:locale\" content=\"de_DE\" \/>\n<meta property=\"og:type\" content=\"article\" \/>\n<meta property=\"og:title\" content=\"Pont l&#039;Abb\u00e9 Tourismus | Aufenthalt in der N\u00e4he von Pont l&#039;Abb\u00e9 | Pont l&#039;Abb\u00e9 besuchen\" \/>\n<meta property=\"og:url\" content=\"https:\/\/capfinistere.geek-tonic.dev\/de\/tourismus-pont-abbe\/\" \/>\n<meta property=\"og:site_name\" content=\"Camping Cap Finist\u00e8re\" \/>\n<meta property=\"article:modified_time\" content=\"2024-04-25T13:31:08+00:00\" \/>\n<meta property=\"og:image\" content=\"http:\/\/capfinistere.geek-tonic.dev\/wp-content\/uploads\/sites\/22\/2022\/09\/pont-labbe-tourisme-bretagne.jpg\" \/>\n\t<meta property=\"og:image:width\" content=\"1904\" \/>\n\t<meta property=\"og:image:height\" content=\"515\" \/>\n\t<meta property=\"og:image:type\" content=\"image\/jpeg\" \/>\n<meta name=\"twitter:card\" content=\"summary_large_image\" \/>\n<meta name=\"twitter:label1\" content=\"Gesch\u00e4tzte Lesezeit\" \/>\n\t<meta name=\"twitter:data1\" content=\"3\u00a0Minuten\" \/>\n<script type=\"application\/ld+json\" class=\"yoast-schema-graph\">{\"@context\":\"https:\/\/schema.org\",\"@graph\":[{\"@type\":\"WebPage\",\"@id\":\"https:\/\/capfinistere.geek-tonic.dev\/de\/tourismus-pont-abbe\/\",\"url\":\"https:\/\/capfinistere.geek-tonic.dev\/de\/tourismus-pont-abbe\/\",\"name\":\"Pont l'Abb\u00e9 Tourismus | Aufenthalt in der N\u00e4he von Pont l'Abb\u00e9 | Pont l'Abb\u00e9 besuchen\",\"isPartOf\":{\"@id\":\"https:\/\/capfinistere.geek-tonic.dev\/de\/#website\"},\"primaryImageOfPage\":{\"@id\":\"https:\/\/capfinistere.geek-tonic.dev\/de\/tourismus-pont-abbe\/#primaryimage\"},\"image\":{\"@id\":\"https:\/\/capfinistere.geek-tonic.dev\/de\/tourismus-pont-abbe\/#primaryimage\"},\"thumbnailUrl\":\"https:\/\/capfinistere.geek-tonic.dev\/wp-content\/uploads\/sites\/22\/2022\/09\/pont-labbe-tourisme-bretagne.jpg\",\"datePublished\":\"2022-09-10T14:50:00+00:00\",\"dateModified\":\"2024-04-25T13:31:08+00:00\",\"breadcrumb\":{\"@id\":\"https:\/\/capfinistere.geek-tonic.dev\/de\/tourismus-pont-abbe\/#breadcrumb\"},\"inLanguage\":\"de\",\"potentialAction\":[{\"@type\":\"ReadAction\",\"target\":[\"https:\/\/capfinistere.geek-tonic.dev\/de\/tourismus-pont-abbe\/\"]}]},{\"@type\":\"ImageObject\",\"inLanguage\":\"de\",\"@id\":\"https:\/\/capfinistere.geek-tonic.dev\/de\/tourismus-pont-abbe\/#primaryimage\",\"url\":\"https:\/\/capfinistere.geek-tonic.dev\/wp-content\/uploads\/sites\/22\/2022\/09\/pont-labbe-tourisme-bretagne.jpg\",\"contentUrl\":\"https:\/\/capfinistere.geek-tonic.dev\/wp-content\/uploads\/sites\/22\/2022\/09\/pont-labbe-tourisme-bretagne.jpg\",\"width\":1904,\"height\":515,\"caption\":\"pont labbe tourismus bretagne\"},{\"@type\":\"BreadcrumbList\",\"@id\":\"https:\/\/capfinistere.geek-tonic.dev\/de\/tourismus-pont-abbe\/#breadcrumb\",\"itemListElement\":[{\"@type\":\"ListItem\",\"position\":1,\"name\":\"Camping Finist\u00e8re\",\"item\":\"https:\/\/capfinistere.geek-tonic.dev\/de\/\"},{\"@type\":\"ListItem\",\"position\":2,\"name\":\"Camping in der N\u00e4he von Pont l'Abb\u00e9\"}]},{\"@type\":\"WebSite\",\"@id\":\"https:\/\/capfinistere.geek-tonic.dev\/de\/#website\",\"url\":\"https:\/\/capfinistere.geek-tonic.dev\/de\/\",\"name\":\"Camping Cap Finist\u00e8re\",\"description\":\"\",\"publisher\":{\"@id\":\"https:\/\/capfinistere.geek-tonic.dev\/de\/#organization\"},\"potentialAction\":[{\"@type\":\"SearchAction\",\"target\":{\"@type\":\"EntryPoint\",\"urlTemplate\":\"https:\/\/capfinistere.geek-tonic.dev\/de\/?s={search_term_string}\"},\"query-input\":{\"@type\":\"PropertyValueSpecification\",\"valueRequired\":true,\"valueName\":\"search_term_string\"}}],\"inLanguage\":\"de\"},{\"@type\":\"Organization\",\"@id\":\"https:\/\/capfinistere.geek-tonic.dev\/de\/#organization\",\"name\":\"Camping Cap Finist\u00e8re\",\"url\":\"https:\/\/capfinistere.geek-tonic.dev\/de\/\",\"logo\":{\"@type\":\"ImageObject\",\"inLanguage\":\"de\",\"@id\":\"https:\/\/capfinistere.geek-tonic.dev\/de\/#\/schema\/logo\/image\/\",\"url\":\"https:\/\/capfinistere.geek-tonic.dev\/wp-content\/uploads\/sites\/22\/2022\/09\/cropped-logo-Flower-camping-Cap-Finistere.png\",\"contentUrl\":\"https:\/\/capfinistere.geek-tonic.dev\/wp-content\/uploads\/sites\/22\/2022\/09\/cropped-logo-Flower-camping-Cap-Finistere.png\",\"width\":500,\"height\":660,\"caption\":\"Camping Cap Finist\u00e8re\"},\"image\":{\"@id\":\"https:\/\/capfinistere.geek-tonic.dev\/de\/#\/schema\/logo\/image\/\"}}]}<\/script>\n<!-- \/ Yoast SEO plugin. -->","yoast_head_json":{"title":"Pont l'Abb\u00e9 Tourismus | Aufenthalt in der N\u00e4he von Pont l'Abb\u00e9 | Pont l'Abb\u00e9 besuchen","robots":{"index":"noindex","follow":"follow","max-snippet":"max-snippet:-1","max-image-preview":"max-image-preview:large","max-video-preview":"max-video-preview:-1"},"og_locale":"de_DE","og_type":"article","og_title":"Pont l'Abb\u00e9 Tourismus | Aufenthalt in der N\u00e4he von Pont l'Abb\u00e9 | Pont l'Abb\u00e9 besuchen","og_url":"https:\/\/capfinistere.geek-tonic.dev\/de\/tourismus-pont-abbe\/","og_site_name":"Camping Cap Finist\u00e8re","article_modified_time":"2024-04-25T13:31:08+00:00","og_image":[{"width":1904,"height":515,"url":"http:\/\/capfinistere.geek-tonic.dev\/wp-content\/uploads\/sites\/22\/2022\/09\/pont-labbe-tourisme-bretagne.jpg","type":"image\/jpeg"}],"twitter_card":"summary_large_image","twitter_misc":{"Gesch\u00e4tzte Lesezeit":"3\u00a0Minuten"},"schema":{"@context":"https:\/\/schema.org","@graph":[{"@type":"WebPage","@id":"https:\/\/capfinistere.geek-tonic.dev\/de\/tourismus-pont-abbe\/","url":"https:\/\/capfinistere.geek-tonic.dev\/de\/tourismus-pont-abbe\/","name":"Pont l'Abb\u00e9 Tourismus | Aufenthalt in der N\u00e4he von Pont l'Abb\u00e9 | Pont l'Abb\u00e9 besuchen","isPartOf":{"@id":"https:\/\/capfinistere.geek-tonic.dev\/de\/#website"},"primaryImageOfPage":{"@id":"https:\/\/capfinistere.geek-tonic.dev\/de\/tourismus-pont-abbe\/#primaryimage"},"image":{"@id":"https:\/\/capfinistere.geek-tonic.dev\/de\/tourismus-pont-abbe\/#primaryimage"},"thumbnailUrl":"https:\/\/capfinistere.geek-tonic.dev\/wp-content\/uploads\/sites\/22\/2022\/09\/pont-labbe-tourisme-bretagne.jpg","datePublished":"2022-09-10T14:50:00+00:00","dateModified":"2024-04-25T13:31:08+00:00","breadcrumb":{"@id":"https:\/\/capfinistere.geek-tonic.dev\/de\/tourismus-pont-abbe\/#breadcrumb"},"inLanguage":"de","potentialAction":[{"@type":"ReadAction","target":["https:\/\/capfinistere.geek-tonic.dev\/de\/tourismus-pont-abbe\/"]}]},{"@type":"ImageObject","inLanguage":"de","@id":"https:\/\/capfinistere.geek-tonic.dev\/de\/tourismus-pont-abbe\/#primaryimage","url":"https:\/\/capfinistere.geek-tonic.dev\/wp-content\/uploads\/sites\/22\/2022\/09\/pont-labbe-tourisme-bretagne.jpg","contentUrl":"https:\/\/capfinistere.geek-tonic.dev\/wp-content\/uploads\/sites\/22\/2022\/09\/pont-labbe-tourisme-bretagne.jpg","width":1904,"height":515,"caption":"pont labbe tourismus bretagne"},{"@type":"BreadcrumbList","@id":"https:\/\/capfinistere.geek-tonic.dev\/de\/tourismus-pont-abbe\/#breadcrumb","itemListElement":[{"@type":"ListItem","position":1,"name":"Camping Finist\u00e8re","item":"https:\/\/capfinistere.geek-tonic.dev\/de\/"},{"@type":"ListItem","position":2,"name":"Camping in der N\u00e4he von Pont l'Abb\u00e9"}]},{"@type":"WebSite","@id":"https:\/\/capfinistere.geek-tonic.dev\/de\/#website","url":"https:\/\/capfinistere.geek-tonic.dev\/de\/","name":"Camping Cap Finist\u00e8re","description":"","publisher":{"@id":"https:\/\/capfinistere.geek-tonic.dev\/de\/#organization"},"potentialAction":[{"@type":"SearchAction","target":{"@type":"EntryPoint","urlTemplate":"https:\/\/capfinistere.geek-tonic.dev\/de\/?s={search_term_string}"},"query-input":{"@type":"PropertyValueSpecification","valueRequired":true,"valueName":"search_term_string"}}],"inLanguage":"de"},{"@type":"Organization","@id":"https:\/\/capfinistere.geek-tonic.dev\/de\/#organization","name":"Camping Cap Finist\u00e8re","url":"https:\/\/capfinistere.geek-tonic.dev\/de\/","logo":{"@type":"ImageObject","inLanguage":"de","@id":"https:\/\/capfinistere.geek-tonic.dev\/de\/#\/schema\/logo\/image\/","url":"https:\/\/capfinistere.geek-tonic.dev\/wp-content\/uploads\/sites\/22\/2022\/09\/cropped-logo-Flower-camping-Cap-Finistere.png","contentUrl":"https:\/\/capfinistere.geek-tonic.dev\/wp-content\/uploads\/sites\/22\/2022\/09\/cropped-logo-Flower-camping-Cap-Finistere.png","width":500,"height":660,"caption":"Camping Cap Finist\u00e8re"},"image":{"@id":"https:\/\/capfinistere.geek-tonic.dev\/de\/#\/schema\/logo\/image\/"}}]}},"_links":{"self":[{"href":"https:\/\/capfinistere.geek-tonic.dev\/de\/wp-json\/wp\/v2\/pages\/4449","targetHints":{"allow":["GET"]}}],"collection":[{"href":"https:\/\/capfinistere.geek-tonic.dev\/de\/wp-json\/wp\/v2\/pages"}],"about":[{"href":"https:\/\/capfinistere.geek-tonic.dev\/de\/wp-json\/wp\/v2\/types\/page"}],"author":[{"embeddable":true,"href":"https:\/\/capfinistere.geek-tonic.dev\/de\/wp-json\/wp\/v2\/users\/1"}],"replies":[{"embeddable":true,"href":"https:\/\/capfinistere.geek-tonic.dev\/de\/wp-json\/wp\/v2\/comments?post=4449"}],"version-history":[{"count":6,"href":"https:\/\/capfinistere.geek-tonic.dev\/de\/wp-json\/wp\/v2\/pages\/4449\/revisions"}],"predecessor-version":[{"id":7421,"href":"https:\/\/capfinistere.geek-tonic.dev\/de\/wp-json\/wp\/v2\/pages\/4449\/revisions\/7421"}],"wp:featuredmedia":[{"embeddable":true,"href":"https:\/\/capfinistere.geek-tonic.dev\/de\/wp-json\/wp\/v2\/media\/2747"}],"wp:attachment":[{"href":"https:\/\/capfinistere.geek-tonic.dev\/de\/wp-json\/wp\/v2\/media?parent=4449"}],"wp:term":[{"taxonomy":"sujet","embeddable":true,"href":"https:\/\/capfinistere.geek-tonic.dev\/de\/wp-json\/wp\/v2\/sujet?post=4449"}],"curies":[{"name":"wp","href":"https:\/\/api.w.org\/{rel}","templated":true}]}}