{"id":4430,"date":"2022-09-13T16:23:00","date_gmt":"2022-09-13T14:23:00","guid":{"rendered":"https:\/\/capfinistere.geek-tonic.dev\/tourisme-penmarch\/"},"modified":"2024-04-25T15:29:12","modified_gmt":"2024-04-25T13:29:12","slug":"tourismus-penmarch","status":"publish","type":"page","link":"https:\/\/capfinistere.geek-tonic.dev\/de\/tourismus-penmarch\/","title":{"rendered":"Penmarch"},"content":{"rendered":"<section id=\"ls-section-block_82ea2a1f32a7ed39cf78bcd601826f46\" class=\"ls-section  has-p-b has-p-t p-b-0 p-t-0 has-background has-color-4-background-color has-m-t m-t-0 has-m-b m-b-0 has-p-t p-t-14 has-p-b p-b-14\" >\r\n        <div class=\"container container--wide\">\r\n        \n\n<h1 class=\"ls__heading wp-block-heading has-text-align-center ls__heading-undefined color1\" id=\"visitez-quiberon\">Besuchen Sie Penmarch<\/h1>\n\n\n\n<h2 class=\"ls__heading wp-block-heading ls__heading-undefined color1\" id=\"a-voir-a-quiberon\">Entdecken Sie Penmarch im Finist\u00e8re<\/h2>\n\n\n\n<p class=\"ls-paragraph\">Willkommen in <strong>Penmarc&#8217;h im s\u00fcdlichen Finist\u00e8re<\/strong>. Erliegen Sie dem Charme dieser charaktervollen Stadt zwischen Meer und Land. Die <strong>Landspitze von Penmarc&#8217;h<\/strong> ist ideal f\u00fcr Ihren <strong>Urlaub in der Bretagne<\/strong>. Sie liegt zwischen der Pointe du Raz und <a href=\"https:\/\/capfinistere.geek-tonic.dev\/de\/tourismus-concarneau\/\">Concarneau<\/a>, nicht weit von <a href=\"https:\/\/capfinistere.geek-tonic.dev\/de\/tourismus-quimper\/\">Quimper<\/a> entfernt. Dieses ausgesprochen bretonische Reiseziel grenzt im Norden, S\u00fcden und Westen an den Ozean und bietet Ihnen drei Str\u00e4nde mit Postkartenlandschaften. Nur 3 km von unserem Campingplatz entfernt liegt der 4 km lange Strand von Le Ster mit wei\u00dfem Sand und Sonne den ganzen Tag \u00fcber dank seiner S\u00fcdlage.<\/p>\n\n\n\n<p class=\"ls-paragraph\">Entspannen Sie sich in einer der saubersten Luft Europas! Familien, Senioren und Gruppen von Freunden werden es zu sch\u00e4tzen wissen.  <strong>Penmarch<\/strong>Es gibt wei\u00dfe Sandstr\u00e4nde, t\u00fcrkisfarbenes Wasser, ein angenehmes Leben, ein erfrischendes und sonniges Klima und eine breite Palette an Aktivit\u00e4ten und Einrichtungen f\u00fcr alle Altersgruppen. Buchen Sie Ihren <a href=\"https:\/\/capfinistere.geek-tonic.dev\/de\/\">Campingurlaub im Cap Finist\u00e8re<\/a> und genie\u00dfen Sie Penmarc&#8217;h, ein familienfreundliches bretonisches Reiseziel im s\u00fcdlichen Finist\u00e8re.<\/p>\n\n\n<div class=\"wp-block-image\">\n<figure class=\"aligncenter size-large is-resized\"><img decoding=\"async\" width=\"1024\" height=\"377\" src=\"https:\/\/capfinistere.geek-tonic.dev\/wp-content\/uploads\/sites\/22\/2022\/09\/penmarch-visite-tourisme-1024x377.jpg\" alt=\"Penmarch Besuch Tourismus\" class=\"wp-image-2004\" style=\"width:1900px;height:700px\" srcset=\"https:\/\/capfinistere.geek-tonic.dev\/wp-content\/uploads\/sites\/22\/2022\/09\/penmarch-visite-tourisme-1024x377.jpg 1024w, https:\/\/capfinistere.geek-tonic.dev\/wp-content\/uploads\/sites\/22\/2022\/09\/penmarch-visite-tourisme-300x111.jpg 300w, https:\/\/capfinistere.geek-tonic.dev\/wp-content\/uploads\/sites\/22\/2022\/09\/penmarch-visite-tourisme-768x283.jpg 768w, https:\/\/capfinistere.geek-tonic.dev\/wp-content\/uploads\/sites\/22\/2022\/09\/penmarch-visite-tourisme-1536x566.jpg 1536w, https:\/\/capfinistere.geek-tonic.dev\/wp-content\/uploads\/sites\/22\/2022\/09\/penmarch-visite-tourisme.jpg 1900w\" sizes=\"(max-width: 1024px) 100vw, 1024px\" \/><\/figure><\/div>\n\n\n<h2 class=\"ls__heading wp-block-heading ls__heading-undefined color1\" id=\"activites-a-faire-a-quiberon\">Unumg\u00e4ngliche Aktivit\u00e4ten<\/h2>\n\n\n\n<p class=\"ls-paragraph\">Bleiben Sie in Penmarch und genie\u00dfen Sie eine gro\u00dfe Auswahl an Aktivit\u00e4ten, die Sie w\u00e4hrend Ihres Campingurlaubs im Pays Bigouden unternehmen k\u00f6nnen. W\u00e4hrend Ihres Aufenthalts auf unserem Campingplatz mit Wasserpark k\u00f6nnen Sie Penmarch und seine Umgebung zu Fu\u00df oder mit dem Fahrrad erkunden. Mieten Sie unsere Fahrr\u00e4der f\u00fcr Erwachsene und Kinder und fahren Sie auf der Route du <a href=\"https:\/\/www.penmarch.fr\/tourisme\/decouvrir\/les-incontournables\/route-vents-solaires\/\" target=\"_blank\" rel=\"noreferrer noopener\">Vent Solaire<\/a>. Dieser Weg ist eine echte Entdeckungsreise durch das Pays Bigouden und bietet Ihnen die M\u00f6glichkeit, die Meeres- und Landlandschaften sowie das lokale Natur- und Megalithkulturerbe, das in der Welt einzigartig ist, zu erkunden. Wenn Sie w\u00e4hrend Ihres Aufenthalts auf dem Campingplatz Penmarch zu Fu\u00df oder mit dem Fahrrad unterwegs sind, k\u00f6nnen Sie den <a href=\"https:\/\/www.penmarch.fr\/tourisme\/decouvrir\/les-incontournables\/port-de-saint-guenole\/\" target=\"_blank\" rel=\"noreferrer noopener\">Hafen von Saint Gu\u00e9nol\u00e9<\/a>, den siebtgr\u00f6\u00dften Fischereihafen Frankreichs, besuchen und die k\u00f6stlichen Sardinen probieren. Mit der Familie oder mit Freunden k\u00f6nnen Sie die T\u00fcren zu den erhaltenen <a href=\"https:\/\/www.penmarch.fr\/tourisme\/a-voir-a-faire\/patrimoine-et-culture\/sites-monuments-historiques\/\" target=\"_blank\" rel=\"noreferrer noopener\">historischen<\/a> St\u00e4tten und <a href=\"https:\/\/www.penmarch.fr\/tourisme\/a-voir-a-faire\/patrimoine-et-culture\/sites-monuments-historiques\/\" target=\"_blank\" rel=\"noreferrer noopener\">Denkm\u00e4lern<\/a> der Stadt \u00f6ffnen. Entdecken Sie die <a href=\"https:\/\/www.penmarch.fr\/tourisme\/a-voir-a-faire\/patrimoine-et-culture\/musees\/\" target=\"_blank\" rel=\"noreferrer noopener\">Museen<\/a>, die die lokale Seefahrtsgeschichte ehren: Zeugnisse der mutigen Seeleute von einst, alte Erz\u00e4hlungen \u00fcber das Leben in den H\u00e4fen.  <\/p>\n\n\n\n<p class=\"ls-paragraph\">Lernen Sie w\u00e4hrend Ihres Campingurlaubs in der Bretagne das reiche Naturerbe von Penmarc&#8217;h kennen. N\u00f6rdlich von Penmarch k\u00f6nnen Sie durch die wilde Landschaft wandern und die <a href=\"https:\/\/www.penmarch.fr\/tourisme\/a-voir-a-faire\/plages-patrimoine-naturel\/marais\/\" target=\"_blank\" rel=\"noreferrer noopener\">S\u00fcmpfe von Lescors<\/a> entdecken, ein gesch\u00fctztes Naturgebiet und ein wahres Paradies f\u00fcr viele Zugv\u00f6gel: Grasm\u00fccken, Enten, Rohrweihen und Reiher. Nehmen Sie den K\u00fcstenpfad GR34, um die <a href=\"https:\/\/www.penmarch.fr\/tourisme\/a-voir-a-faire\/plages-patrimoine-naturel\/rochers-et-archipel\/\" target=\"_blank\" rel=\"noreferrer noopener\">Felsen von Saint-Gu\u00e9nol\u00e9<\/a> im gleichnamigen Viertel zu entdecken, die geheimnisvolle Formen haben: Hasenohren, das Nashorn, der Korkenzieher, die Schildkr\u00f6te oder der Felsen der Opfer. Machen Sie sich neugierig auf eine geologische Tour, die vom Fremdenverkehrsamt organisiert wird. Die Str\u00e4nde von Penmarch sind leicht zu erreichen, ruhig und angenehm. 8 km feiner Sand, drei Str\u00e4nde, drei verschiedene Ausstellungen.  <\/p>\n\n\n\n<p class=\"ls-paragraph\">Der <a href=\"https:\/\/www.penmarch.fr\/tourisme\/a-voir-a-faire\/plages-patrimoine-naturel\/plage\/\" target=\"_blank\" rel=\"noreferrer noopener\">Strand von Ster<\/a>, nur 3 km vom Campingplatz entfernt, ist der ideale Strand f\u00fcr Ihren Urlaub im s\u00fcdlichen Finist\u00e8re! Mit der Familie oder mit Freunden k\u00f6nnen Sie angeln und Muscheln, Seepocken oder Abalonen f\u00fcr Ihr Grill- oder Plancha-Essen w\u00e4hrend Ihres Campingurlaubs mit nach Hause nehmen. Erleben Sie den Nervenkitzel beim Wind- und Wassersport (Windsurfen, Kitesurfen) und bewundern Sie die Unterwasserwelt beim Tauchen. Der Strand von Ster wird im Sommer \u00fcberwacht und ist <a href=\"https:\/\/www.handiplage.fr\/guide-touristique\/plages-accessibles\/label-handiplage-1\/plage-ster-penmarch\" target=\"_blank\" rel=\"noreferrer noopener\">f\u00fcr Menschen mit Behinderungen zug\u00e4nglich<\/a>.  <\/p>\n\n\n<p><iframe src=\"https:\/\/www.google.com\/maps\/embed?pb=!1m28!1m12!1m3!1d101951.85009459274!2d-4.452380189161075!3d47.81843387582828!2m3!1f0!2f0!3f0!3m2!1i1024!2i768!4f13.1!4m13!3e0!4m5!1s0x4817306d98cd607f%3A0x78da83f9f6cf307d!2sFlower%20Camping%20Les%20Gen%C3%AAts%2C%20Rue%20de%20Gouesnach%20N%C3%A9vez%2C%20Penmarc'h!3m2!1d47.818970199999995!2d-4.3095568!4m5!1s0x48173a93ab8c4bd9%3A0x40ca5cd36e56790!2sPenmarc'h!3m2!1d47.811769399999996!2d-4.338247!5e0!3m2!1sfr!2sfr!4v1663583398638!5m2!1sfr!2sfr\" width=\"100%\" height=\"450\" style=\"border:0;\" allowfullscreen=\"\" loading=\"lazy\" referrerpolicy=\"no-referrer-when-downgrade\"><\/iframe><\/p>\n\n\r\n    <\/div>\r\n<\/section><section id=\"ls-section-block_b9fa5cbf27dd894e368c4512b2cace91\" class=\"ls-section  page-maillage experience has-m-t m-t-0 has-p-t p-t-10\" >\r\n        <div class=\"container container--wide\">\r\n        \n\n<div id=\"ls-heading ls-titre-div-block_39338d4462235a6293fde4a8460121d1\" class=\"ls-titre-div aligncenter h2-like\" >\n    <strong>Entdecken Sie die<\/strong> Umgebung von Penmarch<\/div>\n\n\n<div id=\"ls-maillage-block_036845e227932cb35e7eee4f105c9d46\" class=\"ls-maillage cta-style-normal\" data-rows=\"3\">\n    <div class=\"wp-block-columns\"><div class=\"wp-block-column\"><div id=\"destinations\" class=\"ls-cta\">\n\n<a href=\"https:\/\/capfinistere.geek-tonic.dev\/de\/tourismus-finistere\/\" target=\"\" rel=\"noopener\" class=\"ls-cta__link\">\n\n\t<div class=\"ls-cta__image\"><img decoding=\"async\" src=\"https:\/\/capfinistere.geek-tonic.dev\/wp-content\/uploads\/sites\/22\/2022\/09\/finistere-tourisme-vacances.jpg\" alt=\"finistere tourismus urlaub\"><\/div>\n\t<div class=\"ls-cta__title\">\n\t\tFinist\u00e8re\t<\/div>\n\n\t\t\n<\/a><\/div><\/div><div class=\"wp-block-column\"><div id=\"destinations\" class=\"ls-cta\">\n\n<a href=\"https:\/\/capfinistere.geek-tonic.dev\/de\/tourismus-torche\/\" target=\"\" rel=\"noopener\" class=\"ls-cta__link\">\n\n\t<div class=\"ls-cta__image\"><img decoding=\"async\" src=\"https:\/\/capfinistere.geek-tonic.dev\/wp-content\/uploads\/sites\/22\/2024\/04\/tourisme-torche-camping-finistere.webp\" alt=\"tourisme torche camping finistere\"><\/div>\n\t<div class=\"ls-cta__title\">\n\t\tDie Fackel\t<\/div>\n\n\t\t\n<\/a><\/div><\/div><div class=\"wp-block-column\"><div id=\"destinations\" class=\"ls-cta\">\n\n<a href=\"https:\/\/capfinistere.geek-tonic.dev\/de\/tourismus-quimper\/\" target=\"\" rel=\"noopener\" class=\"ls-cta__link\">\n\n\t<div class=\"ls-cta__image\"><img decoding=\"async\" src=\"https:\/\/capfinistere.geek-tonic.dev\/wp-content\/uploads\/sites\/22\/2024\/04\/tourisme-quimper-camping-finistere.webp\" alt=\"tourisme quimper camping finistere\"><\/div>\n\t<div class=\"ls-cta__title\">\n\t\tQuimper\t<\/div>\n\n\t\t\n<\/a><\/div><\/div><\/div><\/div>\n\r\n    <\/div>\r\n<\/section>","protected":false},"excerpt":{"rendered":"","protected":false},"author":1,"featured_media":2144,"parent":0,"menu_order":0,"comment_status":"closed","ping_status":"open","template":"","meta":{"_acf_changed":false,"footnotes":""},"sujet":[],"class_list":["post-4430","page","type-page","status-publish","has-post-thumbnail","hentry"],"acf":[],"yoast_head":"<!-- This site is optimized with the Yoast SEO plugin v23.9 - https:\/\/yoast.com\/wordpress\/plugins\/seo\/ -->\n<title>Penmarch besuchen | Sehensw\u00fcrdigkeiten und Aktivit\u00e4ten in Penmarch (29)<\/title>\n<meta name=\"robots\" content=\"noindex, follow, max-snippet:-1, max-image-preview:large, max-video-preview:-1\" \/>\n<meta property=\"og:locale\" content=\"de_DE\" \/>\n<meta property=\"og:type\" content=\"article\" \/>\n<meta property=\"og:title\" content=\"Penmarch besuchen | Sehensw\u00fcrdigkeiten und Aktivit\u00e4ten in Penmarch (29)\" \/>\n<meta property=\"og:url\" content=\"https:\/\/capfinistere.geek-tonic.dev\/de\/tourismus-penmarch\/\" \/>\n<meta property=\"og:site_name\" content=\"Camping Cap Finist\u00e8re\" \/>\n<meta property=\"article:modified_time\" content=\"2024-04-25T13:29:12+00:00\" \/>\n<meta property=\"og:image\" content=\"http:\/\/capfinistere.geek-tonic.dev\/wp-content\/uploads\/sites\/22\/2022\/09\/la-torche-monument-bretagne.jpg\" \/>\n\t<meta property=\"og:image:width\" content=\"1904\" \/>\n\t<meta property=\"og:image:height\" content=\"515\" \/>\n\t<meta property=\"og:image:type\" content=\"image\/jpeg\" \/>\n<meta name=\"twitter:card\" content=\"summary_large_image\" \/>\n<meta name=\"twitter:label1\" content=\"Gesch\u00e4tzte Lesezeit\" \/>\n\t<meta name=\"twitter:data1\" content=\"4\u00a0Minuten\" \/>\n<script type=\"application\/ld+json\" class=\"yoast-schema-graph\">{\"@context\":\"https:\/\/schema.org\",\"@graph\":[{\"@type\":\"WebPage\",\"@id\":\"https:\/\/capfinistere.geek-tonic.dev\/de\/tourismus-penmarch\/\",\"url\":\"https:\/\/capfinistere.geek-tonic.dev\/de\/tourismus-penmarch\/\",\"name\":\"Penmarch besuchen | Sehensw\u00fcrdigkeiten und Aktivit\u00e4ten in Penmarch (29)\",\"isPartOf\":{\"@id\":\"https:\/\/capfinistere.geek-tonic.dev\/de\/#website\"},\"primaryImageOfPage\":{\"@id\":\"https:\/\/capfinistere.geek-tonic.dev\/de\/tourismus-penmarch\/#primaryimage\"},\"image\":{\"@id\":\"https:\/\/capfinistere.geek-tonic.dev\/de\/tourismus-penmarch\/#primaryimage\"},\"thumbnailUrl\":\"https:\/\/capfinistere.geek-tonic.dev\/wp-content\/uploads\/sites\/22\/2022\/09\/la-torche-monument-bretagne.jpg\",\"datePublished\":\"2022-09-13T14:23:00+00:00\",\"dateModified\":\"2024-04-25T13:29:12+00:00\",\"breadcrumb\":{\"@id\":\"https:\/\/capfinistere.geek-tonic.dev\/de\/tourismus-penmarch\/#breadcrumb\"},\"inLanguage\":\"de\",\"potentialAction\":[{\"@type\":\"ReadAction\",\"target\":[\"https:\/\/capfinistere.geek-tonic.dev\/de\/tourismus-penmarch\/\"]}]},{\"@type\":\"ImageObject\",\"inLanguage\":\"de\",\"@id\":\"https:\/\/capfinistere.geek-tonic.dev\/de\/tourismus-penmarch\/#primaryimage\",\"url\":\"https:\/\/capfinistere.geek-tonic.dev\/wp-content\/uploads\/sites\/22\/2022\/09\/la-torche-monument-bretagne.jpg\",\"contentUrl\":\"https:\/\/capfinistere.geek-tonic.dev\/wp-content\/uploads\/sites\/22\/2022\/09\/la-torche-monument-bretagne.jpg\",\"width\":1904,\"height\":515,\"caption\":\"penmarch monument bretagne\"},{\"@type\":\"BreadcrumbList\",\"@id\":\"https:\/\/capfinistere.geek-tonic.dev\/de\/tourismus-penmarch\/#breadcrumb\",\"itemListElement\":[{\"@type\":\"ListItem\",\"position\":1,\"name\":\"Camping Finist\u00e8re\",\"item\":\"https:\/\/capfinistere.geek-tonic.dev\/de\/\"},{\"@type\":\"ListItem\",\"position\":2,\"name\":\"Tourismus in Penmarch\"}]},{\"@type\":\"WebSite\",\"@id\":\"https:\/\/capfinistere.geek-tonic.dev\/de\/#website\",\"url\":\"https:\/\/capfinistere.geek-tonic.dev\/de\/\",\"name\":\"Camping Cap Finist\u00e8re\",\"description\":\"\",\"publisher\":{\"@id\":\"https:\/\/capfinistere.geek-tonic.dev\/de\/#organization\"},\"potentialAction\":[{\"@type\":\"SearchAction\",\"target\":{\"@type\":\"EntryPoint\",\"urlTemplate\":\"https:\/\/capfinistere.geek-tonic.dev\/de\/?s={search_term_string}\"},\"query-input\":{\"@type\":\"PropertyValueSpecification\",\"valueRequired\":true,\"valueName\":\"search_term_string\"}}],\"inLanguage\":\"de\"},{\"@type\":\"Organization\",\"@id\":\"https:\/\/capfinistere.geek-tonic.dev\/de\/#organization\",\"name\":\"Camping Cap Finist\u00e8re\",\"url\":\"https:\/\/capfinistere.geek-tonic.dev\/de\/\",\"logo\":{\"@type\":\"ImageObject\",\"inLanguage\":\"de\",\"@id\":\"https:\/\/capfinistere.geek-tonic.dev\/de\/#\/schema\/logo\/image\/\",\"url\":\"https:\/\/capfinistere.geek-tonic.dev\/wp-content\/uploads\/sites\/22\/2022\/09\/cropped-logo-Flower-camping-Cap-Finistere.png\",\"contentUrl\":\"https:\/\/capfinistere.geek-tonic.dev\/wp-content\/uploads\/sites\/22\/2022\/09\/cropped-logo-Flower-camping-Cap-Finistere.png\",\"width\":500,\"height\":660,\"caption\":\"Camping Cap Finist\u00e8re\"},\"image\":{\"@id\":\"https:\/\/capfinistere.geek-tonic.dev\/de\/#\/schema\/logo\/image\/\"}}]}<\/script>\n<!-- \/ Yoast SEO plugin. -->","yoast_head_json":{"title":"Penmarch besuchen | Sehensw\u00fcrdigkeiten und Aktivit\u00e4ten in Penmarch (29)","robots":{"index":"noindex","follow":"follow","max-snippet":"max-snippet:-1","max-image-preview":"max-image-preview:large","max-video-preview":"max-video-preview:-1"},"og_locale":"de_DE","og_type":"article","og_title":"Penmarch besuchen | Sehensw\u00fcrdigkeiten und Aktivit\u00e4ten in Penmarch (29)","og_url":"https:\/\/capfinistere.geek-tonic.dev\/de\/tourismus-penmarch\/","og_site_name":"Camping Cap Finist\u00e8re","article_modified_time":"2024-04-25T13:29:12+00:00","og_image":[{"width":1904,"height":515,"url":"http:\/\/capfinistere.geek-tonic.dev\/wp-content\/uploads\/sites\/22\/2022\/09\/la-torche-monument-bretagne.jpg","type":"image\/jpeg"}],"twitter_card":"summary_large_image","twitter_misc":{"Gesch\u00e4tzte Lesezeit":"4\u00a0Minuten"},"schema":{"@context":"https:\/\/schema.org","@graph":[{"@type":"WebPage","@id":"https:\/\/capfinistere.geek-tonic.dev\/de\/tourismus-penmarch\/","url":"https:\/\/capfinistere.geek-tonic.dev\/de\/tourismus-penmarch\/","name":"Penmarch besuchen | Sehensw\u00fcrdigkeiten und Aktivit\u00e4ten in Penmarch (29)","isPartOf":{"@id":"https:\/\/capfinistere.geek-tonic.dev\/de\/#website"},"primaryImageOfPage":{"@id":"https:\/\/capfinistere.geek-tonic.dev\/de\/tourismus-penmarch\/#primaryimage"},"image":{"@id":"https:\/\/capfinistere.geek-tonic.dev\/de\/tourismus-penmarch\/#primaryimage"},"thumbnailUrl":"https:\/\/capfinistere.geek-tonic.dev\/wp-content\/uploads\/sites\/22\/2022\/09\/la-torche-monument-bretagne.jpg","datePublished":"2022-09-13T14:23:00+00:00","dateModified":"2024-04-25T13:29:12+00:00","breadcrumb":{"@id":"https:\/\/capfinistere.geek-tonic.dev\/de\/tourismus-penmarch\/#breadcrumb"},"inLanguage":"de","potentialAction":[{"@type":"ReadAction","target":["https:\/\/capfinistere.geek-tonic.dev\/de\/tourismus-penmarch\/"]}]},{"@type":"ImageObject","inLanguage":"de","@id":"https:\/\/capfinistere.geek-tonic.dev\/de\/tourismus-penmarch\/#primaryimage","url":"https:\/\/capfinistere.geek-tonic.dev\/wp-content\/uploads\/sites\/22\/2022\/09\/la-torche-monument-bretagne.jpg","contentUrl":"https:\/\/capfinistere.geek-tonic.dev\/wp-content\/uploads\/sites\/22\/2022\/09\/la-torche-monument-bretagne.jpg","width":1904,"height":515,"caption":"penmarch monument bretagne"},{"@type":"BreadcrumbList","@id":"https:\/\/capfinistere.geek-tonic.dev\/de\/tourismus-penmarch\/#breadcrumb","itemListElement":[{"@type":"ListItem","position":1,"name":"Camping Finist\u00e8re","item":"https:\/\/capfinistere.geek-tonic.dev\/de\/"},{"@type":"ListItem","position":2,"name":"Tourismus in Penmarch"}]},{"@type":"WebSite","@id":"https:\/\/capfinistere.geek-tonic.dev\/de\/#website","url":"https:\/\/capfinistere.geek-tonic.dev\/de\/","name":"Camping Cap Finist\u00e8re","description":"","publisher":{"@id":"https:\/\/capfinistere.geek-tonic.dev\/de\/#organization"},"potentialAction":[{"@type":"SearchAction","target":{"@type":"EntryPoint","urlTemplate":"https:\/\/capfinistere.geek-tonic.dev\/de\/?s={search_term_string}"},"query-input":{"@type":"PropertyValueSpecification","valueRequired":true,"valueName":"search_term_string"}}],"inLanguage":"de"},{"@type":"Organization","@id":"https:\/\/capfinistere.geek-tonic.dev\/de\/#organization","name":"Camping Cap Finist\u00e8re","url":"https:\/\/capfinistere.geek-tonic.dev\/de\/","logo":{"@type":"ImageObject","inLanguage":"de","@id":"https:\/\/capfinistere.geek-tonic.dev\/de\/#\/schema\/logo\/image\/","url":"https:\/\/capfinistere.geek-tonic.dev\/wp-content\/uploads\/sites\/22\/2022\/09\/cropped-logo-Flower-camping-Cap-Finistere.png","contentUrl":"https:\/\/capfinistere.geek-tonic.dev\/wp-content\/uploads\/sites\/22\/2022\/09\/cropped-logo-Flower-camping-Cap-Finistere.png","width":500,"height":660,"caption":"Camping Cap Finist\u00e8re"},"image":{"@id":"https:\/\/capfinistere.geek-tonic.dev\/de\/#\/schema\/logo\/image\/"}}]}},"_links":{"self":[{"href":"https:\/\/capfinistere.geek-tonic.dev\/de\/wp-json\/wp\/v2\/pages\/4430","targetHints":{"allow":["GET"]}}],"collection":[{"href":"https:\/\/capfinistere.geek-tonic.dev\/de\/wp-json\/wp\/v2\/pages"}],"about":[{"href":"https:\/\/capfinistere.geek-tonic.dev\/de\/wp-json\/wp\/v2\/types\/page"}],"author":[{"embeddable":true,"href":"https:\/\/capfinistere.geek-tonic.dev\/de\/wp-json\/wp\/v2\/users\/1"}],"replies":[{"embeddable":true,"href":"https:\/\/capfinistere.geek-tonic.dev\/de\/wp-json\/wp\/v2\/comments?post=4430"}],"version-history":[{"count":5,"href":"https:\/\/capfinistere.geek-tonic.dev\/de\/wp-json\/wp\/v2\/pages\/4430\/revisions"}],"predecessor-version":[{"id":7412,"href":"https:\/\/capfinistere.geek-tonic.dev\/de\/wp-json\/wp\/v2\/pages\/4430\/revisions\/7412"}],"wp:featuredmedia":[{"embeddable":true,"href":"https:\/\/capfinistere.geek-tonic.dev\/de\/wp-json\/wp\/v2\/media\/2144"}],"wp:attachment":[{"href":"https:\/\/capfinistere.geek-tonic.dev\/de\/wp-json\/wp\/v2\/media?parent=4430"}],"wp:term":[{"taxonomy":"sujet","embeddable":true,"href":"https:\/\/capfinistere.geek-tonic.dev\/de\/wp-json\/wp\/v2\/sujet?post=4430"}],"curies":[{"name":"wp","href":"https:\/\/api.w.org\/{rel}","templated":true}]}}