{"id":4318,"date":"2022-09-09T14:29:58","date_gmt":"2022-09-09T12:29:58","guid":{"rendered":"https:\/\/capfinistere.geek-tonic.dev\/camping-flower-finistere\/"},"modified":"2024-05-29T11:18:54","modified_gmt":"2024-05-29T09:18:54","slug":"campingplatz-flower-finistere","status":"publish","type":"page","link":"https:\/\/capfinistere.geek-tonic.dev\/de\/campingplatz-flower-finistere\/","title":{"rendered":"Unsere Verpflichtungen"},"content":{"rendered":"<section id=\"ls-section-block_cf2825e2df79aec381d8dafe359594bd\" class=\"ls-section  page-one has-background has-color-4-background-color has-m-t m-t-0 has-m-b m-b-0 has-m-l m-l-0 has-m-r m-r-0 has-p-t p-t-14\" >\r\n        <div class=\"container container--wide\">\r\n        \n\n<div class=\"wp-block-columns are-vertically-aligned-top is-layout-flex wp-container-core-columns-is-layout-1 wp-block-columns-is-layout-flex\">\n<div class=\"wp-block-column is-vertically-aligned-top animated fadeInLeft delay-100ms slow is-layout-flow wp-block-column-is-layout-flow\" style=\"flex-basis:45%\">\n<figure class=\"wp-block-image size-full\"><a href=\"https:\/\/capfinistere.geek-tonic.dev\/wp-content\/uploads\/sites\/22\/2024\/02\/CAP-FINISTERE_GautierJY_26_0-scaled.jpg\"><img decoding=\"async\" width=\"2560\" height=\"1920\" src=\"https:\/\/capfinistere.geek-tonic.dev\/wp-content\/uploads\/sites\/22\/2024\/02\/CAP-FINISTERE_GautierJY_26_0-scaled.jpg\" alt=\"\" class=\"wp-image-6370\" srcset=\"https:\/\/capfinistere.geek-tonic.dev\/wp-content\/uploads\/sites\/22\/2024\/02\/CAP-FINISTERE_GautierJY_26_0-scaled.jpg 2560w, https:\/\/capfinistere.geek-tonic.dev\/wp-content\/uploads\/sites\/22\/2024\/02\/CAP-FINISTERE_GautierJY_26_0-300x225.jpg 300w, https:\/\/capfinistere.geek-tonic.dev\/wp-content\/uploads\/sites\/22\/2024\/02\/CAP-FINISTERE_GautierJY_26_0-1024x768.jpg 1024w, https:\/\/capfinistere.geek-tonic.dev\/wp-content\/uploads\/sites\/22\/2024\/02\/CAP-FINISTERE_GautierJY_26_0-768x576.jpg 768w, https:\/\/capfinistere.geek-tonic.dev\/wp-content\/uploads\/sites\/22\/2024\/02\/CAP-FINISTERE_GautierJY_26_0-1536x1152.jpg 1536w, https:\/\/capfinistere.geek-tonic.dev\/wp-content\/uploads\/sites\/22\/2024\/02\/CAP-FINISTERE_GautierJY_26_0-2048x1536.jpg 2048w\" sizes=\"(max-width: 2560px) 100vw, 2560px\" \/><\/a><\/figure>\n<\/div>\n\n\n\n<div class=\"wp-block-column is-vertically-aligned-top animated fadeInRight slow is-layout-flow wp-block-column-is-layout-flow\" style=\"flex-basis:50%\">\n<h1 class=\"ls__heading wp-block-heading has-text-align-left ls__heading-undefined post__heading-undefined color1 has-color-1-color has-text-color\" id=\"camping-avec-espace-aquatique-a-la-flotte-en-re\">Engagierter Campingplatz Flower in Finist\u00e8re<\/h1>\n\n\n\n<h2 class=\"ls__heading wp-block-heading has-text-align-left ls__heading-undefined post__heading-undefined border-title color1 has-color-1-color has-text-color\" id=\"notre-piscine-chauffee-a-l-ile-de-re\">Flower Camping in der Bretagne<\/h2>\n\n\n\n<p class=\"ls-paragraph\">Im Jahr 2013 wurde der <strong>Campingplatz Cap Finist\u00e8re<\/strong> Mitglied der <strong>Flower Campings<\/strong> Kette. <strong>Flower Campings<\/strong> ist der Marktf\u00fchrer unter den unabh\u00e4ngigen Franchise-Campingpl\u00e4tzen in Frankreich und bietet Campingaufenthalte in ganz Frankreich und insbesondere im Finist\u00e8re-Sud, an der \u00e4u\u00dfersten Spitze der Bretagne.<\/p>\n\n\n\n<p class=\"ls-paragraph\">Bei Flower Campings, wie auch auf unserem Campingplatz, legen wir Wert auf einen menschlichen Urlaub in einer gepflegten Umgebung mit <strong>famili\u00e4rer Atmosph\u00e4re<\/strong>.  <\/p>\n\n\n\n<p class=\"ls-paragraph\">Unser Campingplatz setzt die Verpflichtungen von Flower mit gro\u00dfer Ernsthaftigkeit um, indem er Campingaufenthalte menschlich gestaltet, wobei die Kundenbeziehung zu jedem unserer Urlauber pers\u00f6nlich ist.<\/p>\n\n\n\n<div class=\"ls-lire-plus\">\n    <input id=\"ls-lire-plus-block_dc1e8216a0ce730443045da6b16070af69e62bea0e860\" type=\"checkbox\" class=\"ls-lire-plus__toggle\"  \/>\n    <label for=\"ls-lire-plus-block_dc1e8216a0ce730443045da6b16070af69e62bea0e860\" class=\"ls-lire-plus__toggle-label\">\n        <span>Lire plus<\/span>\n        <span>Lire moins<\/span>\n    <\/label>\n    <div class=\"ls-lire-plus__content\">\n        \n\n<ul id=\"block-ec2e5b66-1655-40bd-88a8-4bfb663f9997\" class=\"ls-list wp-block-list\">\n<li>Pers\u00f6nlicher Empfang, Zuh\u00f6ren und Verf\u00fcgbarkeit des gesamten Personals des Campingplatzes.  <\/li>\n\n\n\n<li>Service und Hygiene<\/li>\n\n\n\n<li>Botschafter der Region, gute lokale Adressen<\/li>\n\n\n\n<li>Respekt vor der Ruhe aller und der Umwelt<\/li>\n\n\n\n<li>Sommeranimationen vorhanden und nicht belastend<\/li>\n\n\n\n<li>Qualit\u00e4ten, die von Qualit\u00e9 Tourisme zertifiziert wurden<\/li>\n\n\n\n<li>My Flower Treueprogramm als Dankesch\u00f6n f\u00fcr treue Kunden<\/li>\n\n\n\n<li><\/li>\n<\/ul>\n\n\n\n<p class=\"ls-paragraph\">Im Cap Finist\u00e8re gibt es ein abwechslungsreiches Unterhaltungsprogramm f\u00fcr alle Generationen. Der Flower Club, der auf den meisten <strong>Flower-Campingpl\u00e4tzen<\/strong> angeboten wird, ist t\u00e4glich von Montag bis Freitag ge\u00f6ffnet und bietet Kindern im Alter von 4 bis 12 Jahren spielerische und p\u00e4dagogische Aktivit\u00e4ten. Das Maskottchen-Duo Dino, das von <a href=\"https:\/\/www.flowercampings.com\/\" target=\"_blank\" rel=\"noreferrer noopener\">Flower Campings<\/a> entworfen wurde, wird alle Altersgruppen begeistern.<\/p>\n\n        <div class=\"ls-lire-plus__gradient\" style=\"background: linear-gradient(to bottom,rgba(255,235,204,0) 0%,rgba(255,235,204,1) 100%);\"><\/div>\n    <\/div>\n<\/div><\/div>\n<\/div>\n\n\r\n    <\/div>\r\n<\/section>\n\n<section id=\"ls-section-block_bcf7f5a01c45df1494694243a8d82542\" class=\"ls-section  mot-gerant has-background has-color-4-background-color has-m-t m-t-0 has-m-b m-b-0 has-p-t p-t-0 has-p-b p-b-10\" >\r\n        <div class=\"container \">\r\n        \n\n<div class=\"wp-block-columns has-color-white-background-color has-background is-layout-flex wp-container-core-columns-is-layout-3 wp-block-columns-is-layout-flex\">\n<div class=\"wp-block-column animated fadeInRight delay-100ms slow is-layout-flow wp-block-column-is-layout-flow\" style=\"flex-basis:33.33%\">\n<div class=\"wp-block-columns block-bienvenue is-layout-flex wp-container-core-columns-is-layout-2 wp-block-columns-is-layout-flex\">\n<div class=\"wp-block-column has-color-1-background-color has-background is-layout-flow wp-block-column-is-layout-flow\">\n<figure class=\"wp-block-image size-full is-resized\"><img decoding=\"async\" width=\"200\" height=\"200\" src=\"https:\/\/capfinistere.geek-tonic.dev\/wp-content\/uploads\/sites\/22\/2024\/04\/Design-sans-titre-11.png\" alt=\"Design ohne Titel 11\" class=\"wp-image-7150\" style=\"aspect-ratio:1;object-fit:contain;width:auto;height:150px\" srcset=\"https:\/\/capfinistere.geek-tonic.dev\/wp-content\/uploads\/sites\/22\/2024\/04\/Design-sans-titre-11.png 200w, https:\/\/capfinistere.geek-tonic.dev\/wp-content\/uploads\/sites\/22\/2024\/04\/Design-sans-titre-11-150x150.png 150w\" sizes=\"(max-width: 200px) 100vw, 200px\" \/><\/figure>\n<\/div>\n<\/div>\n\n\n\n<div id=\"ls-heading ls-titre-div-block_ce89bf101cee27a98d38ca91cc84a2af\" class=\"ls-titre-div titre-citation h1-like\" >\n    Ein Wort von Ga\u00ebtan, dem <em>Verwalter des Campingplatzes<\/em><\/div>\n<\/div>\n\n\n\n<div class=\"wp-block-column is-vertically-aligned-center is-layout-flow wp-block-column-is-layout-flow\" style=\"flex-basis:66.66%\">\n<p class=\"ls-paragraph ls__paragraph post__paragraph citation-text has-color-7-color has-text-color has-link-color wp-elements-9b127adef671f5394805afdfe9672859\"><em>&#8222;Unser Ziel ist es, unseren G\u00e4sten den bestm\u00f6glichen Urlaub zu bieten. Deshalb halten wir uns an die Verpflichtungen von Flower Campings, deren Mitglied unser Campingplatz seit 2013 ist. Der Mensch und die Natur stehen im Mittelpunkt unserer Aufmerksamkeit, damit Ihr Urlaub im S\u00fcd-Finist\u00e8re ein voller Erfolg wird!&#8220;<\/em><\/p>\n<\/div>\n<\/div>\n\n\r\n    <\/div>\r\n<\/section>\n\n<section id=\"velo\" class=\"ls-section  page-one has-background has-color-white-background-color has-m-t m-t-0 has-m-b m-b-0 has-m-l m-l-0 has-m-r m-r-0\" >\r\n        <div class=\"container container--wide\">\r\n        \n\n<div class=\"wp-block-columns are-vertically-aligned-top is-layout-flex wp-container-core-columns-is-layout-4 wp-block-columns-is-layout-flex\">\n<div class=\"wp-block-column is-vertically-aligned-top animated fadeInLeft delay-100ms slow is-layout-flow wp-block-column-is-layout-flow\">\n<h2 class=\"ls__heading wp-block-heading has-text-align-left has-color-1-color has-text-color\">Unsere \u00f6kologischen Verpflichtungen auf dem Campingplatz<\/h2>\n\n\n\n<p class=\"ls-paragraph\">Auf dem <a href=\"https:\/\/capfinistere.geek-tonic.dev\/de\/\">Campingplatz Cap Finist\u00e8re<\/a> engagieren wir uns f\u00fcr den <strong>Schutz unseres Planeten<\/strong> und die Erhaltung der Ressourcen durch verschiedene Einrichtungen vor Ort: LED-Lampen, umweltfreundliche Mobilheime, batteriebetriebenes Werkzeug, doppelflutige Wassersp\u00fclung in den Unterk\u00fcnften und Tropfbew\u00e4sserung. Auf dem Campingplatz gibt es einen M\u00fclltrennungspunkt.<\/p>\n\n\n\n<p class=\"ls-paragraph\">Fahren Sie mit dem Fahrrad in die Umgebung oder auf der Littorale, einer Fahrradroute, die in die Stadt Pont-L&#8217;abb\u00e9 f\u00fchrt.<\/p>\n\n\n\n<p class=\"ls-paragraph\">Dieses <strong>umweltfreundliche Transportmittel<\/strong> kann an der Rezeption <strong>gemietet <\/strong>werden. Genie\u00dfen Sie die lokalen, biologischen Produkte, die in der Verkaufsstelle des Campingplatzes an der Rezeption angeboten werden.  <\/p>\n\n\n\n<p class=\"ls-paragraph\">Wir haben unsere Begr\u00fc\u00dfungsbrosch\u00fcre \u00fcber die<strong>mobile Anwendung von Flower Campings<\/strong> digitalisiert, wodurch wir die Anzahl der Papierausdrucke reduzieren konnten.  <\/p>\n\n\n\n<p class=\"ls-paragraph\">Die Dokumentation an der Rezeption kann eingesehen werden und Rechnungen werden auf Anfrage ausgestellt.<\/p>\n<\/div>\n\n\n\n<div class=\"wp-block-column is-vertically-aligned-top animated fadeInRight slow is-layout-flow wp-block-column-is-layout-flow\">\n<figure class=\"wp-block-image size-full\"><a href=\"https:\/\/capfinistere.geek-tonic.dev\/wp-content\/uploads\/sites\/22\/2022\/09\/engagements-camping-flower-bretagne.jpg\"><img decoding=\"async\" width=\"309\" height=\"309\" src=\"https:\/\/capfinistere.geek-tonic.dev\/wp-content\/uploads\/sites\/22\/2022\/09\/engagements-camping-flower-bretagne.jpg\" alt=\"verpflichtungen camping flower bretagne\" class=\"wp-image-1256\" srcset=\"https:\/\/capfinistere.geek-tonic.dev\/wp-content\/uploads\/sites\/22\/2022\/09\/engagements-camping-flower-bretagne.jpg 309w, https:\/\/capfinistere.geek-tonic.dev\/wp-content\/uploads\/sites\/22\/2022\/09\/engagements-camping-flower-bretagne-300x300.jpg 300w, https:\/\/capfinistere.geek-tonic.dev\/wp-content\/uploads\/sites\/22\/2022\/09\/engagements-camping-flower-bretagne-150x150.jpg 150w\" sizes=\"(max-width: 309px) 100vw, 309px\" \/><\/a><\/figure>\n<\/div>\n<\/div>\n\n\r\n    <\/div>\r\n<\/section>\n\n<section id=\"ls-section-block_61e76f597fc5d03200950d3c17c61e35\" class=\"ls-section  page-maillage experience has-m-t m-t-0 has-p-t p-t-10\" >\r\n        <div class=\"container container--wide\">\r\n        \n\n<div id=\"ls-heading ls-titre-div-block_711e95ad36184a3db6a772113726f37c\" class=\"ls-titre-div aligncenter h2-like\" >\n    <strong>Entdecken Sie unser<\/strong> Restaurant, unsere Dienstleistungen f\u00fcr Gruppen und unseren Swimmingpool.<\/div>\n\n\n<div id=\"ls-maillage-block_dc5d95f5dafde4744c76747f645cbb4d\" class=\"ls-maillage cta-style-normal\" data-rows=\"3\">\n    <div class=\"wp-block-columns\"><div class=\"wp-block-column\"><div id=\"destinations\" class=\"ls-cta\">\n\n<a href=\"https:\/\/capfinistere.geek-tonic.dev\/de\/gruppencamping-finistere\/\" target=\"\" rel=\"noopener\" class=\"ls-cta__link\">\n\n\t<div class=\"ls-cta__image\"><img decoding=\"async\" src=\"https:\/\/capfinistere.geek-tonic.dev\/wp-content\/uploads\/sites\/22\/2022\/09\/partir-en-vacances-groupe-bretagne.jpg\" alt=\"Urlaub in der Gruppe Bretagne\"><\/div>\n\t<div class=\"ls-cta__title\">\n\t\tGruppen\t<\/div>\n\n\t\t\n<\/a><\/div><\/div><div class=\"wp-block-column\"><div id=\"destinations\" class=\"ls-cta\">\n\n<a href=\"https:\/\/capfinistere.geek-tonic.dev\/de\/campingplatz-wasserpark-finistere\/\" target=\"\" rel=\"noopener\" class=\"ls-cta__link\">\n\n\t<div class=\"ls-cta__image\"><img decoding=\"async\" src=\"https:\/\/capfinistere.geek-tonic.dev\/wp-content\/uploads\/sites\/22\/2022\/09\/camping-espaces-aquatiques-penmarch.jpg\" alt=\"campingplatz wassersport penmarch\"><\/div>\n\t<div class=\"ls-cta__title\">\n\t\tSwimmingpool\t<\/div>\n\n\t\t\n<\/a><\/div><\/div><div class=\"wp-block-column\"><div id=\"destinations\" class=\"ls-cta\">\n\n<a href=\"https:\/\/capfinistere.geek-tonic.dev\/de\/gaststatte-finistere\/\" target=\"\" rel=\"noopener\" class=\"ls-cta__link\">\n\n\t<div class=\"ls-cta__image\"><img decoding=\"async\" src=\"https:\/\/capfinistere.geek-tonic.dev\/wp-content\/uploads\/sites\/22\/2022\/09\/se-restaurer-a-penmarch.jpg\" alt=\"Essen und Trinken in Penmarch\"><\/div>\n\t<div class=\"ls-cta__title\">\n\t\tRestaurant\t<\/div>\n\n\t\t\n<\/a><\/div><\/div><\/div><\/div>\n\r\n    <\/div>\r\n<\/section>","protected":false},"excerpt":{"rendered":"","protected":false},"author":1,"featured_media":1264,"parent":0,"menu_order":0,"comment_status":"closed","ping_status":"closed","template":"","meta":{"_acf_changed":false,"footnotes":""},"sujet":[],"class_list":["post-4318","page","type-page","status-publish","has-post-thumbnail","hentry"],"acf":[],"yoast_head":"<!-- This site is optimized with the Yoast SEO plugin v23.9 - https:\/\/yoast.com\/wordpress\/plugins\/seo\/ -->\n<title>Flower Camping in der Bretagne | Anerkannter Campingplatz Flower Finist\u00e8re Sud<\/title>\n<meta name=\"robots\" content=\"noindex, follow, max-snippet:-1, max-image-preview:large, max-video-preview:-1\" \/>\n<meta property=\"og:locale\" content=\"de_DE\" \/>\n<meta property=\"og:type\" content=\"article\" \/>\n<meta property=\"og:title\" content=\"Flower Camping in der Bretagne | Anerkannter Campingplatz Flower Finist\u00e8re Sud\" \/>\n<meta property=\"og:url\" content=\"https:\/\/capfinistere.geek-tonic.dev\/de\/campingplatz-flower-finistere\/\" \/>\n<meta property=\"og:site_name\" content=\"Camping Cap Finist\u00e8re\" \/>\n<meta property=\"article:modified_time\" content=\"2024-05-29T09:18:54+00:00\" \/>\n<meta property=\"og:image\" content=\"https:\/\/capfinistere.geek-tonic.dev\/wp-content\/uploads\/sites\/22\/2022\/09\/engagements-ecologique-finistere.jpg\" \/>\n\t<meta property=\"og:image:width\" content=\"1904\" \/>\n\t<meta property=\"og:image:height\" content=\"515\" \/>\n\t<meta property=\"og:image:type\" content=\"image\/jpeg\" \/>\n<meta name=\"twitter:card\" content=\"summary_large_image\" \/>\n<meta name=\"twitter:label1\" content=\"Gesch\u00e4tzte Lesezeit\" \/>\n\t<meta name=\"twitter:data1\" content=\"3\u00a0Minuten\" \/>\n<script type=\"application\/ld+json\" class=\"yoast-schema-graph\">{\"@context\":\"https:\/\/schema.org\",\"@graph\":[{\"@type\":\"WebPage\",\"@id\":\"https:\/\/capfinistere.geek-tonic.dev\/de\/campingplatz-flower-finistere\/\",\"url\":\"https:\/\/capfinistere.geek-tonic.dev\/de\/campingplatz-flower-finistere\/\",\"name\":\"Flower Camping in der Bretagne | Anerkannter Campingplatz Flower Finist\u00e8re Sud\",\"isPartOf\":{\"@id\":\"https:\/\/capfinistere.geek-tonic.dev\/de\/#website\"},\"primaryImageOfPage\":{\"@id\":\"https:\/\/capfinistere.geek-tonic.dev\/de\/campingplatz-flower-finistere\/#primaryimage\"},\"image\":{\"@id\":\"https:\/\/capfinistere.geek-tonic.dev\/de\/campingplatz-flower-finistere\/#primaryimage\"},\"thumbnailUrl\":\"https:\/\/capfinistere.geek-tonic.dev\/wp-content\/uploads\/sites\/22\/2022\/09\/engagements-ecologique-finistere.jpg\",\"datePublished\":\"2022-09-09T12:29:58+00:00\",\"dateModified\":\"2024-05-29T09:18:54+00:00\",\"breadcrumb\":{\"@id\":\"https:\/\/capfinistere.geek-tonic.dev\/de\/campingplatz-flower-finistere\/#breadcrumb\"},\"inLanguage\":\"de\",\"potentialAction\":[{\"@type\":\"ReadAction\",\"target\":[\"https:\/\/capfinistere.geek-tonic.dev\/de\/campingplatz-flower-finistere\/\"]}]},{\"@type\":\"ImageObject\",\"inLanguage\":\"de\",\"@id\":\"https:\/\/capfinistere.geek-tonic.dev\/de\/campingplatz-flower-finistere\/#primaryimage\",\"url\":\"https:\/\/capfinistere.geek-tonic.dev\/wp-content\/uploads\/sites\/22\/2022\/09\/engagements-ecologique-finistere.jpg\",\"contentUrl\":\"https:\/\/capfinistere.geek-tonic.dev\/wp-content\/uploads\/sites\/22\/2022\/09\/engagements-ecologique-finistere.jpg\",\"width\":1904,\"height\":515,\"caption\":\"\u00f6kologischen Verpflichtungen Finistere\"},{\"@type\":\"BreadcrumbList\",\"@id\":\"https:\/\/capfinistere.geek-tonic.dev\/de\/campingplatz-flower-finistere\/#breadcrumb\",\"itemListElement\":[{\"@type\":\"ListItem\",\"position\":1,\"name\":\"Camping Finist\u00e8re\",\"item\":\"https:\/\/capfinistere.geek-tonic.dev\/de\/\"},{\"@type\":\"ListItem\",\"position\":2,\"name\":\"Campingplatz mit Flower-Status im Finist\u00e8re\"}]},{\"@type\":\"WebSite\",\"@id\":\"https:\/\/capfinistere.geek-tonic.dev\/de\/#website\",\"url\":\"https:\/\/capfinistere.geek-tonic.dev\/de\/\",\"name\":\"Camping Cap Finist\u00e8re\",\"description\":\"\",\"publisher\":{\"@id\":\"https:\/\/capfinistere.geek-tonic.dev\/de\/#organization\"},\"potentialAction\":[{\"@type\":\"SearchAction\",\"target\":{\"@type\":\"EntryPoint\",\"urlTemplate\":\"https:\/\/capfinistere.geek-tonic.dev\/de\/?s={search_term_string}\"},\"query-input\":{\"@type\":\"PropertyValueSpecification\",\"valueRequired\":true,\"valueName\":\"search_term_string\"}}],\"inLanguage\":\"de\"},{\"@type\":\"Organization\",\"@id\":\"https:\/\/capfinistere.geek-tonic.dev\/de\/#organization\",\"name\":\"Camping Cap Finist\u00e8re\",\"url\":\"https:\/\/capfinistere.geek-tonic.dev\/de\/\",\"logo\":{\"@type\":\"ImageObject\",\"inLanguage\":\"de\",\"@id\":\"https:\/\/capfinistere.geek-tonic.dev\/de\/#\/schema\/logo\/image\/\",\"url\":\"https:\/\/capfinistere.geek-tonic.dev\/wp-content\/uploads\/sites\/22\/2022\/09\/cropped-logo-Flower-camping-Cap-Finistere.png\",\"contentUrl\":\"https:\/\/capfinistere.geek-tonic.dev\/wp-content\/uploads\/sites\/22\/2022\/09\/cropped-logo-Flower-camping-Cap-Finistere.png\",\"width\":500,\"height\":660,\"caption\":\"Camping Cap Finist\u00e8re\"},\"image\":{\"@id\":\"https:\/\/capfinistere.geek-tonic.dev\/de\/#\/schema\/logo\/image\/\"}}]}<\/script>\n<!-- \/ Yoast SEO plugin. -->","yoast_head_json":{"title":"Flower Camping in der Bretagne | Anerkannter Campingplatz Flower Finist\u00e8re Sud","robots":{"index":"noindex","follow":"follow","max-snippet":"max-snippet:-1","max-image-preview":"max-image-preview:large","max-video-preview":"max-video-preview:-1"},"og_locale":"de_DE","og_type":"article","og_title":"Flower Camping in der Bretagne | Anerkannter Campingplatz Flower Finist\u00e8re Sud","og_url":"https:\/\/capfinistere.geek-tonic.dev\/de\/campingplatz-flower-finistere\/","og_site_name":"Camping Cap Finist\u00e8re","article_modified_time":"2024-05-29T09:18:54+00:00","og_image":[{"width":1904,"height":515,"url":"https:\/\/capfinistere.geek-tonic.dev\/wp-content\/uploads\/sites\/22\/2022\/09\/engagements-ecologique-finistere.jpg","type":"image\/jpeg"}],"twitter_card":"summary_large_image","twitter_misc":{"Gesch\u00e4tzte Lesezeit":"3\u00a0Minuten"},"schema":{"@context":"https:\/\/schema.org","@graph":[{"@type":"WebPage","@id":"https:\/\/capfinistere.geek-tonic.dev\/de\/campingplatz-flower-finistere\/","url":"https:\/\/capfinistere.geek-tonic.dev\/de\/campingplatz-flower-finistere\/","name":"Flower Camping in der Bretagne | Anerkannter Campingplatz Flower Finist\u00e8re Sud","isPartOf":{"@id":"https:\/\/capfinistere.geek-tonic.dev\/de\/#website"},"primaryImageOfPage":{"@id":"https:\/\/capfinistere.geek-tonic.dev\/de\/campingplatz-flower-finistere\/#primaryimage"},"image":{"@id":"https:\/\/capfinistere.geek-tonic.dev\/de\/campingplatz-flower-finistere\/#primaryimage"},"thumbnailUrl":"https:\/\/capfinistere.geek-tonic.dev\/wp-content\/uploads\/sites\/22\/2022\/09\/engagements-ecologique-finistere.jpg","datePublished":"2022-09-09T12:29:58+00:00","dateModified":"2024-05-29T09:18:54+00:00","breadcrumb":{"@id":"https:\/\/capfinistere.geek-tonic.dev\/de\/campingplatz-flower-finistere\/#breadcrumb"},"inLanguage":"de","potentialAction":[{"@type":"ReadAction","target":["https:\/\/capfinistere.geek-tonic.dev\/de\/campingplatz-flower-finistere\/"]}]},{"@type":"ImageObject","inLanguage":"de","@id":"https:\/\/capfinistere.geek-tonic.dev\/de\/campingplatz-flower-finistere\/#primaryimage","url":"https:\/\/capfinistere.geek-tonic.dev\/wp-content\/uploads\/sites\/22\/2022\/09\/engagements-ecologique-finistere.jpg","contentUrl":"https:\/\/capfinistere.geek-tonic.dev\/wp-content\/uploads\/sites\/22\/2022\/09\/engagements-ecologique-finistere.jpg","width":1904,"height":515,"caption":"\u00f6kologischen Verpflichtungen Finistere"},{"@type":"BreadcrumbList","@id":"https:\/\/capfinistere.geek-tonic.dev\/de\/campingplatz-flower-finistere\/#breadcrumb","itemListElement":[{"@type":"ListItem","position":1,"name":"Camping Finist\u00e8re","item":"https:\/\/capfinistere.geek-tonic.dev\/de\/"},{"@type":"ListItem","position":2,"name":"Campingplatz mit Flower-Status im Finist\u00e8re"}]},{"@type":"WebSite","@id":"https:\/\/capfinistere.geek-tonic.dev\/de\/#website","url":"https:\/\/capfinistere.geek-tonic.dev\/de\/","name":"Camping Cap Finist\u00e8re","description":"","publisher":{"@id":"https:\/\/capfinistere.geek-tonic.dev\/de\/#organization"},"potentialAction":[{"@type":"SearchAction","target":{"@type":"EntryPoint","urlTemplate":"https:\/\/capfinistere.geek-tonic.dev\/de\/?s={search_term_string}"},"query-input":{"@type":"PropertyValueSpecification","valueRequired":true,"valueName":"search_term_string"}}],"inLanguage":"de"},{"@type":"Organization","@id":"https:\/\/capfinistere.geek-tonic.dev\/de\/#organization","name":"Camping Cap Finist\u00e8re","url":"https:\/\/capfinistere.geek-tonic.dev\/de\/","logo":{"@type":"ImageObject","inLanguage":"de","@id":"https:\/\/capfinistere.geek-tonic.dev\/de\/#\/schema\/logo\/image\/","url":"https:\/\/capfinistere.geek-tonic.dev\/wp-content\/uploads\/sites\/22\/2022\/09\/cropped-logo-Flower-camping-Cap-Finistere.png","contentUrl":"https:\/\/capfinistere.geek-tonic.dev\/wp-content\/uploads\/sites\/22\/2022\/09\/cropped-logo-Flower-camping-Cap-Finistere.png","width":500,"height":660,"caption":"Camping Cap Finist\u00e8re"},"image":{"@id":"https:\/\/capfinistere.geek-tonic.dev\/de\/#\/schema\/logo\/image\/"}}]}},"_links":{"self":[{"href":"https:\/\/capfinistere.geek-tonic.dev\/de\/wp-json\/wp\/v2\/pages\/4318","targetHints":{"allow":["GET"]}}],"collection":[{"href":"https:\/\/capfinistere.geek-tonic.dev\/de\/wp-json\/wp\/v2\/pages"}],"about":[{"href":"https:\/\/capfinistere.geek-tonic.dev\/de\/wp-json\/wp\/v2\/types\/page"}],"author":[{"embeddable":true,"href":"https:\/\/capfinistere.geek-tonic.dev\/de\/wp-json\/wp\/v2\/users\/1"}],"replies":[{"embeddable":true,"href":"https:\/\/capfinistere.geek-tonic.dev\/de\/wp-json\/wp\/v2\/comments?post=4318"}],"version-history":[{"count":26,"href":"https:\/\/capfinistere.geek-tonic.dev\/de\/wp-json\/wp\/v2\/pages\/4318\/revisions"}],"predecessor-version":[{"id":7599,"href":"https:\/\/capfinistere.geek-tonic.dev\/de\/wp-json\/wp\/v2\/pages\/4318\/revisions\/7599"}],"wp:featuredmedia":[{"embeddable":true,"href":"https:\/\/capfinistere.geek-tonic.dev\/de\/wp-json\/wp\/v2\/media\/1264"}],"wp:attachment":[{"href":"https:\/\/capfinistere.geek-tonic.dev\/de\/wp-json\/wp\/v2\/media?parent=4318"}],"wp:term":[{"taxonomy":"sujet","embeddable":true,"href":"https:\/\/capfinistere.geek-tonic.dev\/de\/wp-json\/wp\/v2\/sujet?post=4318"}],"curies":[{"name":"wp","href":"https:\/\/api.w.org\/{rel}","templated":true}]}}