{"id":4098,"date":"2022-09-11T16:27:00","date_gmt":"2022-09-11T14:27:00","guid":{"rendered":"https:\/\/capfinistere.geek-tonic.dev\/tourisme-torche\/"},"modified":"2024-04-29T15:26:37","modified_gmt":"2024-04-29T13:26:37","slug":"tourismus-torche","status":"publish","type":"page","link":"https:\/\/capfinistere.geek-tonic.dev\/de\/tourismus-torche\/","title":{"rendered":"Die Fackel"},"content":{"rendered":"<section id=\"ls-section-block_c9cd5a394755b7b13a7ccf20f531e508\" class=\"ls-section  page-one has-background has-color-4-background-color has-m-t m-t-0 has-p-t p-t-14\" >\r\n        <div class=\"container container--wide\">\r\n        \n\n<h1 class=\"ls__heading wp-block-heading has-text-align-center ls__heading-undefined color1\" id=\"visitez-quiberon\">Entdecken Sie La Torche<\/h1>\n\n\n\n<h2 class=\"ls__heading wp-block-heading ls__heading-undefined color1\" id=\"a-voir-a-quiberon\">Sehensw\u00fcrdigkeiten in La Torche<\/h2>\n\n\n\n<p class=\"ls-paragraph\">W\u00e4hrend Ihres Campingurlaubs in <a href=\"https:\/\/capfinistere.geek-tonic.dev\/de\/tourismus-penmarch\/\">Penmarc&#8217;h<\/a> im s\u00fcdlichen Finist\u00e8re k\u00f6nnen Sie Plomeur, die Nachbargemeinde und die Pointe de la Torche, allgemein bekannt als &#8222;Die Fackel&#8220;, entdecken. Ganz in der N\u00e4he des Strandes von Pors Carn in Penmarc&#8217;h und des Strandes von Trono\u00ebn, nutzen Sie Ihren Aufenthalt in La Torche, um die <a href=\"https:\/\/capfinistere.geek-tonic.dev\/de\/tourismus-bucht-audierne\/\">Bucht von Audierne<\/a> zu sehen.<\/p>\n\n\n\n<p class=\"ls-paragraph\">Die Pointe de la Torche, die das s\u00fcd\u00f6stliche Ende der Bucht begrenzt, ist ein Felsvorsprung, dessen Vorsprung Zeugnisse menschlichen Lebens aus der pr\u00e4historischen Zeit beherbergt. Die nat\u00fcrliche Kuriosit\u00e4t ist, dass er ins Meer m\u00fcndet und eine Brandung und starke Str\u00f6mungen bildet, die ideal f\u00fcr Wassersportarten sind. Machen Sie w\u00e4hrend Ihres <strong>Campingurlaubs in der Bretagne<\/strong> einen Spaziergang nach La Torche und genie\u00dfen Sie das Treiben des Ozeans und die wilde Natur: D\u00fcnen, Tulpen im Fr\u00fchling, Zugv\u00f6gel.<\/p>\n\n\n<div class=\"wp-block-image\">\n<figure class=\"aligncenter size-large is-resized\"><img decoding=\"async\" width=\"1024\" height=\"377\" src=\"https:\/\/capfinistere.geek-tonic.dev\/wp-content\/uploads\/sites\/22\/2022\/09\/la-torche-camping-bretagne-1024x377.jpg\" alt=\"la torche camping bretagne\" class=\"wp-image-2122\" style=\"width:1900px;height:700px\" srcset=\"https:\/\/capfinistere.geek-tonic.dev\/wp-content\/uploads\/sites\/22\/2022\/09\/la-torche-camping-bretagne-1024x377.jpg 1024w, https:\/\/capfinistere.geek-tonic.dev\/wp-content\/uploads\/sites\/22\/2022\/09\/la-torche-camping-bretagne-300x111.jpg 300w, https:\/\/capfinistere.geek-tonic.dev\/wp-content\/uploads\/sites\/22\/2022\/09\/la-torche-camping-bretagne-768x283.jpg 768w, https:\/\/capfinistere.geek-tonic.dev\/wp-content\/uploads\/sites\/22\/2022\/09\/la-torche-camping-bretagne-1536x566.jpg 1536w, https:\/\/capfinistere.geek-tonic.dev\/wp-content\/uploads\/sites\/22\/2022\/09\/la-torche-camping-bretagne.jpg 1900w\" sizes=\"(max-width: 1024px) 100vw, 1024px\" \/><\/figure><\/div>\n\n\n<h2 class=\"ls__heading wp-block-heading ls__heading-undefined color1\" id=\"activites-a-faire-a-quiberon\">Aktivit\u00e4ten in La Torche<\/h2>\n\n\n\n<p class=\"ls-paragraph\">Entdecken Sie w\u00e4hrend Ihres <strong>Campingurlaubs<\/strong> im Bigoudenland die <a href=\"https:\/\/plomeur.com\/la-torche-spot-de-surf-et-de-glisse\/\" target=\"_blank\" rel=\"noreferrer noopener\">Fackel<\/a>. Die Pointe de la Torche ist ein beliebter Ort f\u00fcr Surfer, Windsurfer, Kitesurfer, Wave-Skifahrer, Bodyboarder und Strandsegler und bietet einen flachen, weiten Strand und beeindruckende Wellen. Ziehen Sie Ihren Neoprenanzug und Ihr Surfbrett an und fahren Sie zum Strand von La Torche, um auf der Welle zu reiten!  <\/p>\n\n\n\n<p class=\"ls-paragraph\">Besuchen Sie <a href=\"https:\/\/latorchesurfschool.com\/\" target=\"_blank\" rel=\"noreferrer noopener\">die Surfschule<\/a> vor Ort und lernen Sie das <a href=\"https:\/\/latorchesurfschool.com\/\" target=\"_blank\" rel=\"noreferrer noopener\">Surfen<\/a>. Versuchen Sie Ihr Gl\u00fcck beim Angeln auf Wolfsbarsch, Seezunge und Steinbutt. Wenn Sie eher faulenzen oder am Meer spazieren gehen m\u00f6chten, verl\u00e4ngern Sie den Moment der Entspannung, indem Sie gem\u00fctlich zur Pointe de la Torche gehen, wo Sie das Panorama und den Blick auf den Atlantischen Ozean genie\u00dfen k\u00f6nnen. Erleben Sie einen sportlichen Urlaub und buchen Sie Ihren Aufenthalt auf einem <a href=\"https:\/\/capfinistere.geek-tonic.dev\/de\/\">Campingplatz in der N\u00e4he von La Torche<\/a> am Cap Finist\u00e8re.<\/p>\n\n\n<p><iframe width=\"100%\" height=\"450\" src=\"https:\/\/www.youtube.com\/embed\/Jc9qliREC6s\" title=\"YouTube video player\" frameborder=\"0\" allow=\"accelerometer; autoplay; clipboard-write; encrypted-media; gyroscope; picture-in-picture\" allowfullscreen=\"\"><\/iframe><\/p>\n\n\n\n<h2 class=\"ls__heading wp-block-heading ls__heading-undefined color1\" id=\"activites-a-faire-a-quiberon\">Campingplatz in der N\u00e4he von La Torche<\/h2>\n\n\n\n<p class=\"ls-paragraph\">Unser <strong>Campingplatz in der N\u00e4he von La Torche<\/strong> ist Ihr idealer Urlaubsort im Bigoudenland. Surfergruppen, Vereine, einzelne Surfer, Ferienlager, w\u00e4hlen Sie unseren Campingplatz 6 km von der Pointe de la Torche entfernt f\u00fcr einen Urlaub im Zeichen des Surfens und des Gleitens. Dank der vielen <a href=\"https:\/\/capfinistere.geek-tonic.dev\/de\/vermietung-mobilheim-finistere\/\">Unterk\u00fcnfte<\/a> und <a href=\"https:\/\/capfinistere.geek-tonic.dev\/de\/vermietung-standort-finistere\/\">Stellpl\u00e4tze<\/a> findet jeder sein Gl\u00fcck auf einem Campingplatz in der N\u00e4he von La Torche. Nach einer Surfsession k\u00f6nnen Sie unsere gro\u00dfen Sanit\u00e4ranlagen mit Dusche und Surferbereich nutzen.<\/p>\n\n\n\n<p class=\"ls-paragraph\">Sie werden den Komfort unserer Mietunterk\u00fcnfte und Stellpl\u00e4tze mit privaten Sanit\u00e4ranlagen zu sch\u00e4tzen wissen. Ob im Wohnmobil, Kastenwagen, ausgebauten Van oder im Zelt, Surferfreunde, bleiben Sie von April bis September f\u00fcr eine Nacht oder l\u00e4nger auf unserem Campingplatz in der N\u00e4he von La Torche. Kommen Sie als Familie mit Kindern? Nach Ihrem Aufenthalt in La Torche k\u00f6nnen Sie auf unserem Campingplatz gemeinsam die Freuden des Wassers in unserem <a href=\"https:\/\/capfinistere.geek-tonic.dev\/de\/campingplatz-wasserpark-finistere\/\">Aquapark mit beheiztem<\/a> Hallenbad und Rutschen genie\u00dfen.  <\/p>\n\n\n<p><iframe src=\"https:\/\/www.google.com\/maps\/embed?pb=!1m28!1m12!1m3!1d50957.646077415266!2d-4.36041706680116!3d47.837048295868186!2m3!1f0!2f0!3f0!3m2!1i1024!2i768!4f13.1!4m13!3e0!4m5!1s0x48173acc8773429b%3A0x64ed67bf332b3077!2sPointe%20de%20la%20Torche%2C%20Plomeur!3m2!1d47.837067999999995!2d-4.353274!4m5!1s0x4817306d98cd607f%3A0x78da83f9f6cf307d!2sFlower%20Camping%20Les%20Gen%C3%AAts%2C%2020%20Rue%20de%20Gouesnach%20N%C3%A9vez%2C%2029760%20Penmarc'h!3m2!1d47.818970199999995!2d-4.3095568!5e0!3m2!1sfr!2sfr!4v1663666873111!5m2!1sfr!2sfr\" width=\"100%\" height=\"450\" style=\"border:0;\" allowfullscreen=\"\" loading=\"lazy\" referrerpolicy=\"no-referrer-when-downgrade\"><\/iframe><\/p>\n\n\r\n    <\/div>\r\n<\/section><section id=\"ls-section-block_f5e56f0850f06445e593d77103b9b758\" class=\"ls-section  page-maillage experience has-m-t m-t-0 has-p-t p-t-10\" >\r\n        <div class=\"container container--wide\">\r\n        \n\n<div id=\"ls-heading ls-titre-div-block_37a27314ed5f4cd4d14f14c0186e46cb\" class=\"ls-titre-div aligncenter h2-like\" >\n    <strong>Entdecken Sie unser<\/strong> Engagement, unsere Dienstleistungen und unsere Standorte<\/div>\n\n\n<div id=\"ls-maillage-block_f4991fa8cda6f9f081afff952d52d75a\" class=\"ls-maillage cta-style-normal\" data-rows=\"3\">\n    <div class=\"wp-block-columns\"><div class=\"wp-block-column\"><div id=\"destinations\" class=\"ls-cta\">\n\n<a href=\"https:\/\/capfinistere.geek-tonic.dev\/de\/tourismus-concarneau\/\" target=\"\" rel=\"noopener\" class=\"ls-cta__link\">\n\n\t<div class=\"ls-cta__image\"><img decoding=\"async\" src=\"https:\/\/capfinistere.geek-tonic.dev\/wp-content\/uploads\/sites\/22\/2024\/04\/tourisme-concarneau-camping-finistere.webp\" alt=\"tourisme concarneau camping finistere\"><\/div>\n\t<div class=\"ls-cta__title\">\n\t\tConcarneau\t<\/div>\n\n\t\t\n<\/a><\/div><\/div><div class=\"wp-block-column\"><div id=\"destinations\" class=\"ls-cta\">\n\n<a href=\"https:\/\/capfinistere.geek-tonic.dev\/de\/tourismus-penmarch\/\" target=\"\" rel=\"noopener\" class=\"ls-cta__link\">\n\n\t<div class=\"ls-cta__image\"><img decoding=\"async\" src=\"https:\/\/capfinistere.geek-tonic.dev\/wp-content\/uploads\/sites\/22\/2024\/04\/tourisme-penmarch-camping-finistere.webp\" alt=\"tourisme penmarch camping finistere\"><\/div>\n\t<div class=\"ls-cta__title\">\n\t\tPenmarch\t<\/div>\n\n\t\t\n<\/a><\/div><\/div><div class=\"wp-block-column\"><div id=\"destinations\" class=\"ls-cta\">\n\n<a href=\"https:\/\/capfinistere.geek-tonic.dev\/de\/tourismus-pont-abbe\/\" target=\"\" rel=\"noopener\" class=\"ls-cta__link\">\n\n\t<div class=\"ls-cta__image\"><img decoding=\"async\" src=\"https:\/\/capfinistere.geek-tonic.dev\/wp-content\/uploads\/sites\/22\/2022\/09\/pont-labbe-vacances-bretagne.jpg\" alt=\"pont labbe urlaub bretagne\"><\/div>\n\t<div class=\"ls-cta__title\">\n\t\tPont-L&#8217;abb\u00e9\t<\/div>\n\n\t\t\n<\/a><\/div><\/div><\/div><\/div>\n\r\n    <\/div>\r\n<\/section>","protected":false},"excerpt":{"rendered":"","protected":false},"author":1,"featured_media":2096,"parent":0,"menu_order":0,"comment_status":"closed","ping_status":"open","template":"","meta":{"_acf_changed":false,"footnotes":""},"sujet":[],"class_list":["post-4098","page","type-page","status-publish","has-post-thumbnail","hentry"],"acf":[],"yoast_head":"<!-- This site is optimized with the Yoast SEO plugin v23.9 - https:\/\/yoast.com\/wordpress\/plugins\/seo\/ -->\n<title>Tourismus in La Torche | Besuchen Sie La Torche | Camping in der N\u00e4he von La Torche<\/title>\n<meta name=\"robots\" content=\"noindex, follow, max-snippet:-1, max-image-preview:large, max-video-preview:-1\" \/>\n<meta property=\"og:locale\" content=\"de_DE\" \/>\n<meta property=\"og:type\" content=\"article\" \/>\n<meta property=\"og:title\" content=\"Tourismus in La Torche | Besuchen Sie La Torche | Camping in der N\u00e4he von La Torche\" \/>\n<meta property=\"og:url\" content=\"https:\/\/capfinistere.geek-tonic.dev\/de\/tourismus-torche\/\" \/>\n<meta property=\"og:site_name\" content=\"Camping Cap Finist\u00e8re\" \/>\n<meta property=\"article:modified_time\" content=\"2024-04-29T13:26:37+00:00\" \/>\n<meta property=\"og:image\" content=\"http:\/\/capfinistere.geek-tonic.dev\/wp-content\/uploads\/sites\/22\/2022\/09\/pointe-de-la-torche-tourisme.jpg\" \/>\n\t<meta property=\"og:image:width\" content=\"1904\" \/>\n\t<meta property=\"og:image:height\" content=\"515\" \/>\n\t<meta property=\"og:image:type\" content=\"image\/jpeg\" \/>\n<meta name=\"twitter:card\" content=\"summary_large_image\" \/>\n<meta name=\"twitter:label1\" content=\"Gesch\u00e4tzte Lesezeit\" \/>\n\t<meta name=\"twitter:data1\" content=\"3\u00a0Minuten\" \/>\n<script type=\"application\/ld+json\" class=\"yoast-schema-graph\">{\"@context\":\"https:\/\/schema.org\",\"@graph\":[{\"@type\":\"WebPage\",\"@id\":\"https:\/\/capfinistere.geek-tonic.dev\/de\/tourismus-torche\/\",\"url\":\"https:\/\/capfinistere.geek-tonic.dev\/de\/tourismus-torche\/\",\"name\":\"Tourismus in La Torche | Besuchen Sie La Torche | Camping in der N\u00e4he von La Torche\",\"isPartOf\":{\"@id\":\"https:\/\/capfinistere.geek-tonic.dev\/de\/#website\"},\"primaryImageOfPage\":{\"@id\":\"https:\/\/capfinistere.geek-tonic.dev\/de\/tourismus-torche\/#primaryimage\"},\"image\":{\"@id\":\"https:\/\/capfinistere.geek-tonic.dev\/de\/tourismus-torche\/#primaryimage\"},\"thumbnailUrl\":\"https:\/\/capfinistere.geek-tonic.dev\/wp-content\/uploads\/sites\/22\/2022\/09\/pointe-de-la-torche-tourisme.jpg\",\"datePublished\":\"2022-09-11T14:27:00+00:00\",\"dateModified\":\"2024-04-29T13:26:37+00:00\",\"breadcrumb\":{\"@id\":\"https:\/\/capfinistere.geek-tonic.dev\/de\/tourismus-torche\/#breadcrumb\"},\"inLanguage\":\"de\",\"potentialAction\":[{\"@type\":\"ReadAction\",\"target\":[\"https:\/\/capfinistere.geek-tonic.dev\/de\/tourismus-torche\/\"]}]},{\"@type\":\"ImageObject\",\"inLanguage\":\"de\",\"@id\":\"https:\/\/capfinistere.geek-tonic.dev\/de\/tourismus-torche\/#primaryimage\",\"url\":\"https:\/\/capfinistere.geek-tonic.dev\/wp-content\/uploads\/sites\/22\/2022\/09\/pointe-de-la-torche-tourisme.jpg\",\"contentUrl\":\"https:\/\/capfinistere.geek-tonic.dev\/wp-content\/uploads\/sites\/22\/2022\/09\/pointe-de-la-torche-tourisme.jpg\",\"width\":1904,\"height\":515,\"caption\":\"pointe de la torche Tourismus\"},{\"@type\":\"BreadcrumbList\",\"@id\":\"https:\/\/capfinistere.geek-tonic.dev\/de\/tourismus-torche\/#breadcrumb\",\"itemListElement\":[{\"@type\":\"ListItem\",\"position\":1,\"name\":\"Camping Finist\u00e8re\",\"item\":\"https:\/\/capfinistere.geek-tonic.dev\/de\/\"},{\"@type\":\"ListItem\",\"position\":2,\"name\":\"Besuchen Sie die Fackel\"}]},{\"@type\":\"WebSite\",\"@id\":\"https:\/\/capfinistere.geek-tonic.dev\/de\/#website\",\"url\":\"https:\/\/capfinistere.geek-tonic.dev\/de\/\",\"name\":\"Camping Cap Finist\u00e8re\",\"description\":\"\",\"publisher\":{\"@id\":\"https:\/\/capfinistere.geek-tonic.dev\/de\/#organization\"},\"potentialAction\":[{\"@type\":\"SearchAction\",\"target\":{\"@type\":\"EntryPoint\",\"urlTemplate\":\"https:\/\/capfinistere.geek-tonic.dev\/de\/?s={search_term_string}\"},\"query-input\":{\"@type\":\"PropertyValueSpecification\",\"valueRequired\":true,\"valueName\":\"search_term_string\"}}],\"inLanguage\":\"de\"},{\"@type\":\"Organization\",\"@id\":\"https:\/\/capfinistere.geek-tonic.dev\/de\/#organization\",\"name\":\"Camping Cap Finist\u00e8re\",\"url\":\"https:\/\/capfinistere.geek-tonic.dev\/de\/\",\"logo\":{\"@type\":\"ImageObject\",\"inLanguage\":\"de\",\"@id\":\"https:\/\/capfinistere.geek-tonic.dev\/de\/#\/schema\/logo\/image\/\",\"url\":\"https:\/\/capfinistere.geek-tonic.dev\/wp-content\/uploads\/sites\/22\/2022\/09\/cropped-logo-Flower-camping-Cap-Finistere.png\",\"contentUrl\":\"https:\/\/capfinistere.geek-tonic.dev\/wp-content\/uploads\/sites\/22\/2022\/09\/cropped-logo-Flower-camping-Cap-Finistere.png\",\"width\":500,\"height\":660,\"caption\":\"Camping Cap Finist\u00e8re\"},\"image\":{\"@id\":\"https:\/\/capfinistere.geek-tonic.dev\/de\/#\/schema\/logo\/image\/\"}}]}<\/script>\n<!-- \/ Yoast SEO plugin. -->","yoast_head_json":{"title":"Tourismus in La Torche | Besuchen Sie La Torche | Camping in der N\u00e4he von La Torche","robots":{"index":"noindex","follow":"follow","max-snippet":"max-snippet:-1","max-image-preview":"max-image-preview:large","max-video-preview":"max-video-preview:-1"},"og_locale":"de_DE","og_type":"article","og_title":"Tourismus in La Torche | Besuchen Sie La Torche | Camping in der N\u00e4he von La Torche","og_url":"https:\/\/capfinistere.geek-tonic.dev\/de\/tourismus-torche\/","og_site_name":"Camping Cap Finist\u00e8re","article_modified_time":"2024-04-29T13:26:37+00:00","og_image":[{"width":1904,"height":515,"url":"http:\/\/capfinistere.geek-tonic.dev\/wp-content\/uploads\/sites\/22\/2022\/09\/pointe-de-la-torche-tourisme.jpg","type":"image\/jpeg"}],"twitter_card":"summary_large_image","twitter_misc":{"Gesch\u00e4tzte Lesezeit":"3\u00a0Minuten"},"schema":{"@context":"https:\/\/schema.org","@graph":[{"@type":"WebPage","@id":"https:\/\/capfinistere.geek-tonic.dev\/de\/tourismus-torche\/","url":"https:\/\/capfinistere.geek-tonic.dev\/de\/tourismus-torche\/","name":"Tourismus in La Torche | Besuchen Sie La Torche | Camping in der N\u00e4he von La Torche","isPartOf":{"@id":"https:\/\/capfinistere.geek-tonic.dev\/de\/#website"},"primaryImageOfPage":{"@id":"https:\/\/capfinistere.geek-tonic.dev\/de\/tourismus-torche\/#primaryimage"},"image":{"@id":"https:\/\/capfinistere.geek-tonic.dev\/de\/tourismus-torche\/#primaryimage"},"thumbnailUrl":"https:\/\/capfinistere.geek-tonic.dev\/wp-content\/uploads\/sites\/22\/2022\/09\/pointe-de-la-torche-tourisme.jpg","datePublished":"2022-09-11T14:27:00+00:00","dateModified":"2024-04-29T13:26:37+00:00","breadcrumb":{"@id":"https:\/\/capfinistere.geek-tonic.dev\/de\/tourismus-torche\/#breadcrumb"},"inLanguage":"de","potentialAction":[{"@type":"ReadAction","target":["https:\/\/capfinistere.geek-tonic.dev\/de\/tourismus-torche\/"]}]},{"@type":"ImageObject","inLanguage":"de","@id":"https:\/\/capfinistere.geek-tonic.dev\/de\/tourismus-torche\/#primaryimage","url":"https:\/\/capfinistere.geek-tonic.dev\/wp-content\/uploads\/sites\/22\/2022\/09\/pointe-de-la-torche-tourisme.jpg","contentUrl":"https:\/\/capfinistere.geek-tonic.dev\/wp-content\/uploads\/sites\/22\/2022\/09\/pointe-de-la-torche-tourisme.jpg","width":1904,"height":515,"caption":"pointe de la torche Tourismus"},{"@type":"BreadcrumbList","@id":"https:\/\/capfinistere.geek-tonic.dev\/de\/tourismus-torche\/#breadcrumb","itemListElement":[{"@type":"ListItem","position":1,"name":"Camping Finist\u00e8re","item":"https:\/\/capfinistere.geek-tonic.dev\/de\/"},{"@type":"ListItem","position":2,"name":"Besuchen Sie die Fackel"}]},{"@type":"WebSite","@id":"https:\/\/capfinistere.geek-tonic.dev\/de\/#website","url":"https:\/\/capfinistere.geek-tonic.dev\/de\/","name":"Camping Cap Finist\u00e8re","description":"","publisher":{"@id":"https:\/\/capfinistere.geek-tonic.dev\/de\/#organization"},"potentialAction":[{"@type":"SearchAction","target":{"@type":"EntryPoint","urlTemplate":"https:\/\/capfinistere.geek-tonic.dev\/de\/?s={search_term_string}"},"query-input":{"@type":"PropertyValueSpecification","valueRequired":true,"valueName":"search_term_string"}}],"inLanguage":"de"},{"@type":"Organization","@id":"https:\/\/capfinistere.geek-tonic.dev\/de\/#organization","name":"Camping Cap Finist\u00e8re","url":"https:\/\/capfinistere.geek-tonic.dev\/de\/","logo":{"@type":"ImageObject","inLanguage":"de","@id":"https:\/\/capfinistere.geek-tonic.dev\/de\/#\/schema\/logo\/image\/","url":"https:\/\/capfinistere.geek-tonic.dev\/wp-content\/uploads\/sites\/22\/2022\/09\/cropped-logo-Flower-camping-Cap-Finistere.png","contentUrl":"https:\/\/capfinistere.geek-tonic.dev\/wp-content\/uploads\/sites\/22\/2022\/09\/cropped-logo-Flower-camping-Cap-Finistere.png","width":500,"height":660,"caption":"Camping Cap Finist\u00e8re"},"image":{"@id":"https:\/\/capfinistere.geek-tonic.dev\/de\/#\/schema\/logo\/image\/"}}]}},"_links":{"self":[{"href":"https:\/\/capfinistere.geek-tonic.dev\/de\/wp-json\/wp\/v2\/pages\/4098","targetHints":{"allow":["GET"]}}],"collection":[{"href":"https:\/\/capfinistere.geek-tonic.dev\/de\/wp-json\/wp\/v2\/pages"}],"about":[{"href":"https:\/\/capfinistere.geek-tonic.dev\/de\/wp-json\/wp\/v2\/types\/page"}],"author":[{"embeddable":true,"href":"https:\/\/capfinistere.geek-tonic.dev\/de\/wp-json\/wp\/v2\/users\/1"}],"replies":[{"embeddable":true,"href":"https:\/\/capfinistere.geek-tonic.dev\/de\/wp-json\/wp\/v2\/comments?post=4098"}],"version-history":[{"count":18,"href":"https:\/\/capfinistere.geek-tonic.dev\/de\/wp-json\/wp\/v2\/pages\/4098\/revisions"}],"predecessor-version":[{"id":7506,"href":"https:\/\/capfinistere.geek-tonic.dev\/de\/wp-json\/wp\/v2\/pages\/4098\/revisions\/7506"}],"wp:featuredmedia":[{"embeddable":true,"href":"https:\/\/capfinistere.geek-tonic.dev\/de\/wp-json\/wp\/v2\/media\/2096"}],"wp:attachment":[{"href":"https:\/\/capfinistere.geek-tonic.dev\/de\/wp-json\/wp\/v2\/media?parent=4098"}],"wp:term":[{"taxonomy":"sujet","embeddable":true,"href":"https:\/\/capfinistere.geek-tonic.dev\/de\/wp-json\/wp\/v2\/sujet?post=4098"}],"curies":[{"name":"wp","href":"https:\/\/api.w.org\/{rel}","templated":true}]}}