{"id":4026,"date":"2022-09-09T14:30:27","date_gmt":"2022-09-09T12:30:27","guid":{"rendered":"https:\/\/capfinistere.geek-tonic.dev\/camping-groupe-finistere\/"},"modified":"2024-04-25T15:19:38","modified_gmt":"2024-04-25T13:19:38","slug":"gruppencamping-finistere","status":"publish","type":"page","link":"https:\/\/capfinistere.geek-tonic.dev\/de\/gruppencamping-finistere\/","title":{"rendered":"Gruppen und Betriebsr\u00e4te"},"content":{"rendered":"<section id=\"ls-section-block_d45dc11b2785d92f40c7f297dfde969d\" class=\"ls-section  page-one has-background has-color-4-background-color has-m-t m-t-0 has-m-b m-b-0 has-m-l m-l-0 has-m-r m-r-0 has-p-t p-t-14\" >\r\n        <div class=\"container container--wide\">\r\n        \n\n<div class=\"wp-block-columns are-vertically-aligned-top is-layout-flex wp-container-core-columns-is-layout-1 wp-block-columns-is-layout-flex\">\n<div class=\"wp-block-column is-vertically-aligned-top animated fadeInLeft delay-100ms slow is-layout-flow wp-block-column-is-layout-flow\" style=\"flex-basis:45%\">\n<figure class=\"wp-block-image size-full\"><a href=\"https:\/\/capfinistere.geek-tonic.dev\/wp-content\/uploads\/sites\/22\/2022\/09\/vacances-groupes-camping-penmarch.jpg\"><img decoding=\"async\" width=\"986\" height=\"614\" src=\"https:\/\/capfinistere.geek-tonic.dev\/wp-content\/uploads\/sites\/22\/2022\/09\/vacances-groupes-camping-penmarch.jpg\" alt=\"Urlaub f&#xFC;r Gruppen Camping Penmarch\" class=\"wp-image-3424\" srcset=\"https:\/\/capfinistere.geek-tonic.dev\/wp-content\/uploads\/sites\/22\/2022\/09\/vacances-groupes-camping-penmarch.jpg 986w, https:\/\/capfinistere.geek-tonic.dev\/wp-content\/uploads\/sites\/22\/2022\/09\/vacances-groupes-camping-penmarch-300x187.jpg 300w, https:\/\/capfinistere.geek-tonic.dev\/wp-content\/uploads\/sites\/22\/2022\/09\/vacances-groupes-camping-penmarch-768x478.jpg 768w\" sizes=\"(max-width: 986px) 100vw, 986px\" \/><\/a><\/figure>\n<\/div>\n\n\n\n<div class=\"wp-block-column is-vertically-aligned-top animated fadeInRight slow is-layout-flow wp-block-column-is-layout-flow\" style=\"flex-basis:50%\">\n<h1 class=\"ls__heading wp-block-heading has-text-align-left ls__heading-undefined post__heading-undefined color1 has-color-1-color has-text-color\" id=\"camping-avec-espace-aquatique-a-la-flotte-en-re\">Campingplatz f\u00fcr Gruppen in der Bretagne<\/h1>\n\n\n\n<h2 class=\"ls__heading wp-block-heading has-text-align-left ls__heading-undefined post__heading-undefined border-title color1 has-color-1-color has-text-color\" id=\"notre-piscine-chauffee-a-l-ile-de-re\">Unsere Angebote f\u00fcr Gruppen im Finist\u00e8re<\/h2>\n\n\n\n<p class=\"ls-paragraph\">Entscheiden Sie sich f\u00fcr unseren <a href=\"https:\/\/capfinistere.geek-tonic.dev\/de\/\">4-Sterne-Campingplatz in Penmarch<\/a> f\u00fcr Ihren Gruppenurlaub. Ob Roadtrip mit Freunden, Familientreffen, sportliche Herausforderungen oder gesch\u00e4ftliche Veranstaltungen, unser Campingplatz bietet Ihnen die passende Formel f\u00fcr Ihren gemeinsamen Aufenthalt.  <\/p>\n\n\n\n<p class=\"ls-paragraph\">M\u00f6chten Sie lieber in der Nebensaison reisen? Mieten Sie einen Stellplatz f\u00fcr eine Nacht oder eine <a href=\"https:\/\/capfinistere.geek-tonic.dev\/de\/vermietung-mobilheim-finistere\/\">Unterkunft in Penmarch<\/a> f\u00fcr zwei N\u00e4chte. Unser Team freut sich, Ihnen schl\u00fcsselfertige Dienstleistungen f\u00fcr Ihren Aufenthalt auf einem Campingplatz im s\u00fcdlichen Finist\u00e8re anbieten zu k\u00f6nnen: Verpflegung, Hotelleistungen (Endreinigung, Bettw\u00e4sche und Handt\u00fccher inbegriffen, Empfangsprodukte),&#8230;<\/p>\n\n\n\n<p class=\"ls-paragraph\">Sportfreunde, Wanderer, Radfahrer oder Motorradfahrer&#8230; bleiben Sie in einer Gruppe in unserer Einrichtung, die Sie auf unserem 4-Sterne-Campingplatz mit <a href=\"https:\/\/capfinistere.geek-tonic.dev\/de\/campingplatz-wasserpark-finistere\/\">Wasserpark<\/a> im Pays Bigouden willkommen hei\u00dfen wird.<\/p>\n\n\n\n<p class=\"ls-paragraph\">Sie haben uns vertraut: PHARES DE FRANCE, CYCLO LOISIRS, VILLE DE QUIMPERL\u00c9, VILLE DE DOUARNENEZ, D\u00c9PARTEMENT PAS DE CALAIS<\/p>\n\n\n\n<p class=\"ls-paragraph\"><strong>Kontaktieren Sie unser Team direkt f\u00fcr Ihren zuk\u00fcnftigen Gruppenaufenthalt.<\/strong><\/p>\n<\/div>\n<\/div>\n\n\r\n    <\/div>\r\n<\/section><section id=\"ls-section-block_d2ea9430ecfc23789cd9af7b28835620\" class=\"ls-section  mot-gerant has-background has-color-4-background-color has-m-t m-t-0 has-m-b m-b-0 has-p-t p-t-0 has-p-b p-b-10\" >\r\n        <div class=\"container \">\r\n        \n\n<div class=\"wp-block-columns has-color-white-background-color has-background is-layout-flex wp-container-core-columns-is-layout-3 wp-block-columns-is-layout-flex\">\n<div class=\"wp-block-column animated fadeInRight delay-100ms slow is-layout-flow wp-block-column-is-layout-flow\" style=\"flex-basis:33.33%\">\n<div class=\"wp-block-columns block-bienvenue is-layout-flex wp-container-core-columns-is-layout-2 wp-block-columns-is-layout-flex\">\n<div class=\"wp-block-column has-color-1-background-color has-background is-layout-flow wp-block-column-is-layout-flow\">\n<figure class=\"wp-block-image size-full is-resized\"><img decoding=\"async\" width=\"200\" height=\"200\" src=\"https:\/\/capfinistere.geek-tonic.dev\/wp-content\/uploads\/sites\/22\/2024\/04\/Design-sans-titre-11.png\" alt=\"Design ohne Titel 11\" class=\"wp-image-7150\" style=\"aspect-ratio:1;object-fit:contain;width:auto;height:150px\" srcset=\"https:\/\/capfinistere.geek-tonic.dev\/wp-content\/uploads\/sites\/22\/2024\/04\/Design-sans-titre-11.png 200w, https:\/\/capfinistere.geek-tonic.dev\/wp-content\/uploads\/sites\/22\/2024\/04\/Design-sans-titre-11-150x150.png 150w\" sizes=\"(max-width: 200px) 100vw, 200px\" \/><\/figure>\n<\/div>\n<\/div>\n\n\n\n<div id=\"ls-heading ls-titre-div-block_4372bc8a6f5f6ad796e1d3d0cf8a7e95\" class=\"ls-titre-div titre-citation h1-like\" >\n    Ein Wort von Ga\u00ebtan, dem <em>Verwalter des Campingplatzes<\/em><\/div>\n<\/div>\n\n\n\n<div class=\"wp-block-column is-vertically-aligned-center is-layout-flow wp-block-column-is-layout-flow\" style=\"flex-basis:66.66%\">\n<p class=\"ls-paragraph has-color-7-color has-text-color has-link-color wp-elements-ff6784d409f3d7564f1e7f5b2526b414\">&#8222;<em>Unser Campingplatz ist der ideale Ort f\u00fcr Ihre Gruppen- und Betriebsferien. Unser Haus wird Sie mit seinen hochwertigen Dienstleistungen und seiner idealen Lage in der N\u00e4he der Bucht von Audierne begeistern.<br\/>Kontaktieren Sie uns, unser Team wird Ihnen helfen, den perfekten Campingurlaub in Penmarch zusammenzustellen.&#8220;<\/em><\/p>\n<\/div>\n<\/div>\n\n\r\n    <\/div>\r\n<\/section><section id=\"velo\" class=\"ls-section  page-one aventure has-background has-color-white-background-color has-m-t m-t-0 has-m-b m-b-0 has-m-l m-l-0 has-m-r m-r-0\" >\r\n        <div class=\"container container--wide\">\r\n        \n\n<div class=\"wp-block-columns is-layout-flex wp-container-core-columns-is-layout-4 wp-block-columns-is-layout-flex\">\n<div class=\"wp-block-column is-vertically-aligned-center animated fadeInLeft delay-100ms slow is-layout-flow wp-block-column-is-layout-flow\">\n<h2 class=\"ls__heading wp-block-heading has-text-align-left has-color-1-color has-text-color\">Unsere ESC-Formeln auf dem Campingplatz<\/h2>\n\n\n\n<p class=\"ls-paragraph\">Sind Sie ein gew\u00e4hlter Vertreter eines Unternehmens oder einer K\u00f6rperschaft? Bieten Sie einen Campingurlaub mit einem gro\u00dfen Wasserpark an, der ideal f\u00fcr Gruppen ist. Ihre Mitarbeiter werden von den vielen Vorteilen unseres Campingplatzes im s\u00fcdlichen Finist\u00e8re begeistert sein. Je nach Ihren Bed\u00fcrfnissen und Ihrer Struktur k\u00f6nnen Sie sich f\u00fcr unsere Einzel-, Allotment- oder langfristigen (linearen) Angebote mit wettbewerbsf\u00e4higen Preisen und Rabatten entscheiden und die gew\u00fcnschte Laufzeit festlegen.<\/p>\n\n\n\n<p class=\"ls-paragraph\">Wir stehen Ihnen gerne zur Verf\u00fcgung, um Ihnen alle notwendigen Informationen \u00fcber unseren Campingplatz zu geben und um Ihnen eine passende Partnerschaft anzubieten.<\/p>\n\n\n\n<p class=\"ls-paragraph\">Es ist m\u00f6glich, in unserem Zusammenarbeitsvertrag Aufenthalte von mindestens 2 aufeinanderfolgenden N\u00e4chten in der Nebensaison mit t\u00e4glicher Ankunft und Aufenthalte von mindestens 7 N\u00e4chten mit einem festen Ankunftstag, z.B. Samstag oder Sonntag, zu vereinbaren.<\/p>\n\n\n\n<p class=\"ls-paragraph\">M\u00f6chten Sie einen bestimmten <a href=\"https:\/\/capfinistere.geek-tonic.dev\/de\/vermietung-standort-finistere\/\">Ort <\/a>mieten? Unsere Teams werden alles tun, um die ideale Nummer f\u00fcr Ihre Angestellten oder Beg\u00fcnstigten zu finden, indem sie Ihnen unsere<a href=\"https:\/\/capfinistere.geek-tonic.dev\/de\/campingplatz-billig-finistere\/\"> g\u00fcnstigen Mietpreise<\/a> und Sonderangebote anbieten.  <\/p>\n\n\n\n<p class=\"ls-paragraph\"><strong>Kontaktieren Sie unser Team in Cap Finist\u00e8re direkt f\u00fcr eine zuk\u00fcnftige Zusammenarbeit.<\/strong><\/p>\n<\/div>\n\n\n\n<div class=\"wp-block-column is-vertically-aligned-top animated fadeInRight slow is-layout-flow wp-block-column-is-layout-flow\">\n<figure class=\"wp-block-image size-large\"><a href=\"https:\/\/capfinistere.geek-tonic.dev\/wp-content\/uploads\/sites\/22\/2024\/04\/espace-sportif-groupes-camping-finistere.webp\"><img decoding=\"async\" width=\"1024\" height=\"683\" src=\"https:\/\/capfinistere.geek-tonic.dev\/wp-content\/uploads\/sites\/22\/2024\/04\/espace-sportif-groupes-camping-finistere-1024x683.webp\" alt=\"sportbereich gruppen camping finistere\" class=\"wp-image-6987\" srcset=\"https:\/\/capfinistere.geek-tonic.dev\/wp-content\/uploads\/sites\/22\/2024\/04\/espace-sportif-groupes-camping-finistere-1024x683.webp 1024w, https:\/\/capfinistere.geek-tonic.dev\/wp-content\/uploads\/sites\/22\/2024\/04\/espace-sportif-groupes-camping-finistere-300x200.webp 300w, https:\/\/capfinistere.geek-tonic.dev\/wp-content\/uploads\/sites\/22\/2024\/04\/espace-sportif-groupes-camping-finistere-768x512.webp 768w, https:\/\/capfinistere.geek-tonic.dev\/wp-content\/uploads\/sites\/22\/2024\/04\/espace-sportif-groupes-camping-finistere.webp 1200w\" sizes=\"(max-width: 1024px) 100vw, 1024px\" \/><\/a><\/figure>\n<\/div>\n<\/div>\n\n\r\n    <\/div>\r\n<\/section><section id=\"ls-section-block_3dd1e1f554c9f596c71741c9a60a8275\" class=\"ls-section  page-maillage experience has-m-t m-t-0 has-p-t p-t-10\" >\r\n        <div class=\"container container--wide\">\r\n        \n\n<div id=\"ls-heading ls-titre-div-block_3e78a09da9c464f6af6edfa74ec7824b\" class=\"ls-titre-div aligncenter h2-like\" >\n    <strong>Entdecken Sie unsere<\/strong> Animationen, unser Restaurant und unsere Stellpl\u00e4tze.<\/div>\n\n\n<div id=\"ls-maillage-block_1c5f42fd7d28c9d775bf2271bed7f5e1\" class=\"ls-maillage cta-style-normal\" data-rows=\"3\">\n    <div class=\"wp-block-columns\"><div class=\"wp-block-column\"><div id=\"destinations\" class=\"ls-cta\">\n\n<a href=\"https:\/\/capfinistere.geek-tonic.dev\/de\/vermietung-standort-finistere\/\" target=\"\" rel=\"noopener\" class=\"ls-cta__link\">\n\n\t<div class=\"ls-cta__image\"><img decoding=\"async\" src=\"https:\/\/capfinistere.geek-tonic.dev\/wp-content\/uploads\/sites\/22\/2022\/09\/emplacements-vacances-amis-bretagne.jpg\" alt=\"stellpl\u00e4tze ferien freunde bretagne\"><\/div>\n\t<div class=\"ls-cta__title\">\n\t\tStellpl\u00e4tze\t<\/div>\n\n\t\t\n<\/a><\/div><\/div><div class=\"wp-block-column\"><div id=\"destinations\" class=\"ls-cta\">\n\n<a href=\"https:\/\/capfinistere.geek-tonic.dev\/de\/campingplatz-animationen-finistere\/\" target=\"\" rel=\"noopener\" class=\"ls-cta__link\">\n\n\t<div class=\"ls-cta__image\"><img decoding=\"async\" src=\"https:\/\/capfinistere.geek-tonic.dev\/wp-content\/uploads\/sites\/22\/2022\/09\/animations-au-camping-penmarch.jpg\" alt=\"Animationen auf dem Campingplatz Penmarch\"><\/div>\n\t<div class=\"ls-cta__title\">\n\t\tAnimationen\t<\/div>\n\n\t\t\n<\/a><\/div><\/div><div class=\"wp-block-column\"><div id=\"destinations\" class=\"ls-cta\">\n\n<a href=\"https:\/\/capfinistere.geek-tonic.dev\/de\/gaststatte-finistere\/\" target=\"\" rel=\"noopener\" class=\"ls-cta__link\">\n\n\t<div class=\"ls-cta__image\"><img decoding=\"async\" src=\"https:\/\/capfinistere.geek-tonic.dev\/wp-content\/uploads\/sites\/22\/2022\/09\/se-restaurer-a-penmarch.jpg\" alt=\"Essen und Trinken in Penmarch\"><\/div>\n\t<div class=\"ls-cta__title\">\n\t\tRestaurant\t<\/div>\n\n\t\t\n<\/a><\/div><\/div><\/div><\/div>\n\r\n    <\/div>\r\n<\/section>","protected":false},"excerpt":{"rendered":"","protected":false},"author":1,"featured_media":856,"parent":0,"menu_order":0,"comment_status":"closed","ping_status":"closed","template":"","meta":{"_acf_changed":false,"footnotes":""},"sujet":[],"class_list":["post-4026","page","type-page","status-publish","has-post-thumbnail","hentry"],"acf":[],"yoast_head":"<!-- This site is optimized with the Yoast SEO plugin v23.9 - https:\/\/yoast.com\/wordpress\/plugins\/seo\/ -->\n<title>Gruppen-Campingplatz Bretagne | Camping Seminare, Veranstaltungen Finist\u00e8re<\/title>\n<meta name=\"robots\" content=\"noindex, follow, max-snippet:-1, max-image-preview:large, max-video-preview:-1\" \/>\n<meta property=\"og:locale\" content=\"de_DE\" \/>\n<meta property=\"og:type\" content=\"article\" \/>\n<meta property=\"og:title\" content=\"Gruppen-Campingplatz Bretagne | Camping Seminare, Veranstaltungen Finist\u00e8re\" \/>\n<meta property=\"og:url\" content=\"https:\/\/capfinistere.geek-tonic.dev\/de\/gruppencamping-finistere\/\" \/>\n<meta property=\"og:site_name\" content=\"Camping Cap Finist\u00e8re\" \/>\n<meta property=\"article:modified_time\" content=\"2024-04-25T13:19:38+00:00\" \/>\n<meta property=\"og:image\" content=\"https:\/\/capfinistere.geek-tonic.dev\/wp-content\/uploads\/sites\/22\/2022\/09\/groupes-et-seminaires-vacances-bretagne.jpg\" \/>\n\t<meta property=\"og:image:width\" content=\"1904\" \/>\n\t<meta property=\"og:image:height\" content=\"515\" \/>\n\t<meta property=\"og:image:type\" content=\"image\/jpeg\" \/>\n<meta name=\"twitter:card\" content=\"summary_large_image\" \/>\n<meta name=\"twitter:label1\" content=\"Gesch\u00e4tzte Lesezeit\" \/>\n\t<meta name=\"twitter:data1\" content=\"3\u00a0Minuten\" \/>\n<script type=\"application\/ld+json\" class=\"yoast-schema-graph\">{\"@context\":\"https:\/\/schema.org\",\"@graph\":[{\"@type\":\"WebPage\",\"@id\":\"https:\/\/capfinistere.geek-tonic.dev\/de\/gruppencamping-finistere\/\",\"url\":\"https:\/\/capfinistere.geek-tonic.dev\/de\/gruppencamping-finistere\/\",\"name\":\"Gruppen-Campingplatz Bretagne | Camping Seminare, Veranstaltungen Finist\u00e8re\",\"isPartOf\":{\"@id\":\"https:\/\/capfinistere.geek-tonic.dev\/de\/#website\"},\"primaryImageOfPage\":{\"@id\":\"https:\/\/capfinistere.geek-tonic.dev\/de\/gruppencamping-finistere\/#primaryimage\"},\"image\":{\"@id\":\"https:\/\/capfinistere.geek-tonic.dev\/de\/gruppencamping-finistere\/#primaryimage\"},\"thumbnailUrl\":\"https:\/\/capfinistere.geek-tonic.dev\/wp-content\/uploads\/sites\/22\/2022\/09\/groupes-et-seminaires-vacances-bretagne.jpg\",\"datePublished\":\"2022-09-09T12:30:27+00:00\",\"dateModified\":\"2024-04-25T13:19:38+00:00\",\"breadcrumb\":{\"@id\":\"https:\/\/capfinistere.geek-tonic.dev\/de\/gruppencamping-finistere\/#breadcrumb\"},\"inLanguage\":\"de\",\"potentialAction\":[{\"@type\":\"ReadAction\",\"target\":[\"https:\/\/capfinistere.geek-tonic.dev\/de\/gruppencamping-finistere\/\"]}]},{\"@type\":\"ImageObject\",\"inLanguage\":\"de\",\"@id\":\"https:\/\/capfinistere.geek-tonic.dev\/de\/gruppencamping-finistere\/#primaryimage\",\"url\":\"https:\/\/capfinistere.geek-tonic.dev\/wp-content\/uploads\/sites\/22\/2022\/09\/groupes-et-seminaires-vacances-bretagne.jpg\",\"contentUrl\":\"https:\/\/capfinistere.geek-tonic.dev\/wp-content\/uploads\/sites\/22\/2022\/09\/groupes-et-seminaires-vacances-bretagne.jpg\",\"width\":1904,\"height\":515,\"caption\":\"Gruppen und Seminare Urlaub in der Bretagne\"},{\"@type\":\"BreadcrumbList\",\"@id\":\"https:\/\/capfinistere.geek-tonic.dev\/de\/gruppencamping-finistere\/#breadcrumb\",\"itemListElement\":[{\"@type\":\"ListItem\",\"position\":1,\"name\":\"Camping Finist\u00e8re\",\"item\":\"https:\/\/capfinistere.geek-tonic.dev\/de\/\"},{\"@type\":\"ListItem\",\"position\":2,\"name\":\"Campingpl\u00e4tze f\u00fcr Betriebsr\u00e4te Finist\u00e8re\"}]},{\"@type\":\"WebSite\",\"@id\":\"https:\/\/capfinistere.geek-tonic.dev\/de\/#website\",\"url\":\"https:\/\/capfinistere.geek-tonic.dev\/de\/\",\"name\":\"Camping Cap Finist\u00e8re\",\"description\":\"\",\"publisher\":{\"@id\":\"https:\/\/capfinistere.geek-tonic.dev\/de\/#organization\"},\"potentialAction\":[{\"@type\":\"SearchAction\",\"target\":{\"@type\":\"EntryPoint\",\"urlTemplate\":\"https:\/\/capfinistere.geek-tonic.dev\/de\/?s={search_term_string}\"},\"query-input\":{\"@type\":\"PropertyValueSpecification\",\"valueRequired\":true,\"valueName\":\"search_term_string\"}}],\"inLanguage\":\"de\"},{\"@type\":\"Organization\",\"@id\":\"https:\/\/capfinistere.geek-tonic.dev\/de\/#organization\",\"name\":\"Camping Cap Finist\u00e8re\",\"url\":\"https:\/\/capfinistere.geek-tonic.dev\/de\/\",\"logo\":{\"@type\":\"ImageObject\",\"inLanguage\":\"de\",\"@id\":\"https:\/\/capfinistere.geek-tonic.dev\/de\/#\/schema\/logo\/image\/\",\"url\":\"https:\/\/capfinistere.geek-tonic.dev\/wp-content\/uploads\/sites\/22\/2022\/09\/cropped-logo-Flower-camping-Cap-Finistere.png\",\"contentUrl\":\"https:\/\/capfinistere.geek-tonic.dev\/wp-content\/uploads\/sites\/22\/2022\/09\/cropped-logo-Flower-camping-Cap-Finistere.png\",\"width\":500,\"height\":660,\"caption\":\"Camping Cap Finist\u00e8re\"},\"image\":{\"@id\":\"https:\/\/capfinistere.geek-tonic.dev\/de\/#\/schema\/logo\/image\/\"}}]}<\/script>\n<!-- \/ Yoast SEO plugin. -->","yoast_head_json":{"title":"Gruppen-Campingplatz Bretagne | Camping Seminare, Veranstaltungen Finist\u00e8re","robots":{"index":"noindex","follow":"follow","max-snippet":"max-snippet:-1","max-image-preview":"max-image-preview:large","max-video-preview":"max-video-preview:-1"},"og_locale":"de_DE","og_type":"article","og_title":"Gruppen-Campingplatz Bretagne | Camping Seminare, Veranstaltungen Finist\u00e8re","og_url":"https:\/\/capfinistere.geek-tonic.dev\/de\/gruppencamping-finistere\/","og_site_name":"Camping Cap Finist\u00e8re","article_modified_time":"2024-04-25T13:19:38+00:00","og_image":[{"width":1904,"height":515,"url":"https:\/\/capfinistere.geek-tonic.dev\/wp-content\/uploads\/sites\/22\/2022\/09\/groupes-et-seminaires-vacances-bretagne.jpg","type":"image\/jpeg"}],"twitter_card":"summary_large_image","twitter_misc":{"Gesch\u00e4tzte Lesezeit":"3\u00a0Minuten"},"schema":{"@context":"https:\/\/schema.org","@graph":[{"@type":"WebPage","@id":"https:\/\/capfinistere.geek-tonic.dev\/de\/gruppencamping-finistere\/","url":"https:\/\/capfinistere.geek-tonic.dev\/de\/gruppencamping-finistere\/","name":"Gruppen-Campingplatz Bretagne | Camping Seminare, Veranstaltungen Finist\u00e8re","isPartOf":{"@id":"https:\/\/capfinistere.geek-tonic.dev\/de\/#website"},"primaryImageOfPage":{"@id":"https:\/\/capfinistere.geek-tonic.dev\/de\/gruppencamping-finistere\/#primaryimage"},"image":{"@id":"https:\/\/capfinistere.geek-tonic.dev\/de\/gruppencamping-finistere\/#primaryimage"},"thumbnailUrl":"https:\/\/capfinistere.geek-tonic.dev\/wp-content\/uploads\/sites\/22\/2022\/09\/groupes-et-seminaires-vacances-bretagne.jpg","datePublished":"2022-09-09T12:30:27+00:00","dateModified":"2024-04-25T13:19:38+00:00","breadcrumb":{"@id":"https:\/\/capfinistere.geek-tonic.dev\/de\/gruppencamping-finistere\/#breadcrumb"},"inLanguage":"de","potentialAction":[{"@type":"ReadAction","target":["https:\/\/capfinistere.geek-tonic.dev\/de\/gruppencamping-finistere\/"]}]},{"@type":"ImageObject","inLanguage":"de","@id":"https:\/\/capfinistere.geek-tonic.dev\/de\/gruppencamping-finistere\/#primaryimage","url":"https:\/\/capfinistere.geek-tonic.dev\/wp-content\/uploads\/sites\/22\/2022\/09\/groupes-et-seminaires-vacances-bretagne.jpg","contentUrl":"https:\/\/capfinistere.geek-tonic.dev\/wp-content\/uploads\/sites\/22\/2022\/09\/groupes-et-seminaires-vacances-bretagne.jpg","width":1904,"height":515,"caption":"Gruppen und Seminare Urlaub in der Bretagne"},{"@type":"BreadcrumbList","@id":"https:\/\/capfinistere.geek-tonic.dev\/de\/gruppencamping-finistere\/#breadcrumb","itemListElement":[{"@type":"ListItem","position":1,"name":"Camping Finist\u00e8re","item":"https:\/\/capfinistere.geek-tonic.dev\/de\/"},{"@type":"ListItem","position":2,"name":"Campingpl\u00e4tze f\u00fcr Betriebsr\u00e4te Finist\u00e8re"}]},{"@type":"WebSite","@id":"https:\/\/capfinistere.geek-tonic.dev\/de\/#website","url":"https:\/\/capfinistere.geek-tonic.dev\/de\/","name":"Camping Cap Finist\u00e8re","description":"","publisher":{"@id":"https:\/\/capfinistere.geek-tonic.dev\/de\/#organization"},"potentialAction":[{"@type":"SearchAction","target":{"@type":"EntryPoint","urlTemplate":"https:\/\/capfinistere.geek-tonic.dev\/de\/?s={search_term_string}"},"query-input":{"@type":"PropertyValueSpecification","valueRequired":true,"valueName":"search_term_string"}}],"inLanguage":"de"},{"@type":"Organization","@id":"https:\/\/capfinistere.geek-tonic.dev\/de\/#organization","name":"Camping Cap Finist\u00e8re","url":"https:\/\/capfinistere.geek-tonic.dev\/de\/","logo":{"@type":"ImageObject","inLanguage":"de","@id":"https:\/\/capfinistere.geek-tonic.dev\/de\/#\/schema\/logo\/image\/","url":"https:\/\/capfinistere.geek-tonic.dev\/wp-content\/uploads\/sites\/22\/2022\/09\/cropped-logo-Flower-camping-Cap-Finistere.png","contentUrl":"https:\/\/capfinistere.geek-tonic.dev\/wp-content\/uploads\/sites\/22\/2022\/09\/cropped-logo-Flower-camping-Cap-Finistere.png","width":500,"height":660,"caption":"Camping Cap Finist\u00e8re"},"image":{"@id":"https:\/\/capfinistere.geek-tonic.dev\/de\/#\/schema\/logo\/image\/"}}]}},"_links":{"self":[{"href":"https:\/\/capfinistere.geek-tonic.dev\/de\/wp-json\/wp\/v2\/pages\/4026","targetHints":{"allow":["GET"]}}],"collection":[{"href":"https:\/\/capfinistere.geek-tonic.dev\/de\/wp-json\/wp\/v2\/pages"}],"about":[{"href":"https:\/\/capfinistere.geek-tonic.dev\/de\/wp-json\/wp\/v2\/types\/page"}],"author":[{"embeddable":true,"href":"https:\/\/capfinistere.geek-tonic.dev\/de\/wp-json\/wp\/v2\/users\/1"}],"replies":[{"embeddable":true,"href":"https:\/\/capfinistere.geek-tonic.dev\/de\/wp-json\/wp\/v2\/comments?post=4026"}],"version-history":[{"count":24,"href":"https:\/\/capfinistere.geek-tonic.dev\/de\/wp-json\/wp\/v2\/pages\/4026\/revisions"}],"predecessor-version":[{"id":7366,"href":"https:\/\/capfinistere.geek-tonic.dev\/de\/wp-json\/wp\/v2\/pages\/4026\/revisions\/7366"}],"wp:featuredmedia":[{"embeddable":true,"href":"https:\/\/capfinistere.geek-tonic.dev\/de\/wp-json\/wp\/v2\/media\/856"}],"wp:attachment":[{"href":"https:\/\/capfinistere.geek-tonic.dev\/de\/wp-json\/wp\/v2\/media?parent=4026"}],"wp:term":[{"taxonomy":"sujet","embeddable":true,"href":"https:\/\/capfinistere.geek-tonic.dev\/de\/wp-json\/wp\/v2\/sujet?post=4026"}],"curies":[{"name":"wp","href":"https:\/\/api.w.org\/{rel}","templated":true}]}}