{"id":3979,"date":"2022-09-14T16:14:00","date_gmt":"2022-09-14T14:14:00","guid":{"rendered":"https:\/\/capfinistere.geek-tonic.dev\/tourisme-finistere\/"},"modified":"2024-04-25T15:18:10","modified_gmt":"2024-04-25T13:18:10","slug":"tourismus-finistere","status":"publish","type":"page","link":"https:\/\/capfinistere.geek-tonic.dev\/de\/tourismus-finistere\/","title":{"rendered":"Finist\u00e8re"},"content":{"rendered":"<section id=\"ls-section-block_e541760bc7f4af5921a284e3aa5209c1\" class=\"ls-section  has-p-b has-p-t p-b-0 p-t-0 has-background has-color-4-background-color has-m-t m-t-0 has-m-b m-b-0 has-p-t p-t-14 has-p-b p-b-14\" >\r\n        <div class=\"container container--wide\">\r\n        \n\n<h1 class=\"ls__heading wp-block-heading has-text-align-center ls__heading-undefined color1\" id=\"visitez-quiberon\">Entdecken Sie das Finist\u00e8re<\/h1>\n\n\n\n<h2 class=\"ls__heading wp-block-heading ls__heading-undefined color1\" id=\"a-voir-a-quiberon\">Finist\u00e8re, ein einzigartiger Ort, den es zu entdecken gilt<\/h2>\n\n\n\n<p class=\"ls-paragraph\">Entscheiden Sie sich f\u00fcr die Bretagne f\u00fcr Ihren Urlaub auf einem Campingplatz mit Wasserpark. Wie 1 von 10 Franzosen (Quelle: Ouest-France, 2020) lassen Sie sich von der Bretagne, einer bekannten und beliebten Region des Hexagons, verf\u00fchren. Lust auf Authentizit\u00e4t und Seeluft? Das Finist\u00e8re wird Sie begeistern! Setzen Sie die Segel und machen Sie Urlaub auf einem Campingplatz im Finist\u00e8re, dem westlichsten Departement Frankreichs. Besuchen Sie das am zweith\u00e4ufigsten besuchte Departement der Bretagne und genie\u00dfen Sie die vielen Vorteile dieses paradiesischen Fleckchens zwischen Land und Meer. Das Finist\u00e8re in der Bretagne ist ein gesch\u00fctztes und wildes Departement, das Ihnen seine au\u00dfergew\u00f6hnlichen Landschaften zwischen Land und Meer bietet: eine Reihe von Meeresbuchten, D\u00fcnen und Seen, Fischerh\u00e4fen, Jachth\u00e4fen, Str\u00e4nde, Buchten, Inseln und Klippen&#8230;<\/p>\n\n\n\n<p class=\"ls-paragraph\">  Unser Campingplatz liegt am Zusammenfluss von Ozean und traditionsreichem Land und ist der ideale Ausgangspunkt, um die Region zu erkunden. Sie k\u00f6nnen den ber\u00fchmten Badeort B\u00e9nodet, die Bucht von Bordeaux und das Meer entdecken.  <a href=\"https:\/\/capfinistere.geek-tonic.dev\/de\/tourismus-douarnenez\/\">Douarnenez<\/a>  und Audierne, die Stadtmauern von  <a href=\"https:\/\/capfinistere.geek-tonic.dev\/de\/tourismus-concarneau\/\">Concarneau<\/a>Die Stadt Locronan, die Stadt der Kunst und der Geschichte  <a href=\"https:\/\/capfinistere.geek-tonic.dev\/de\/tourismus-quimper\/\">Quimper<\/a>Auf dem Weg nach La For\u00eat-Fouesnant und dem Land von Cornouaille oder auch  <a href=\"https:\/\/capfinistere.geek-tonic.dev\/de\/tourismus-pont-abbe\/\">Pont-l&#8217;Abb\u00e9<\/a>  und das Pays Bigouden&#8230; Auf dem Programm stehen Wassersport, Kreuzfahrten und Segelt\u00f6rns, Wanderungen auf dem GR 34, Fahrradtourismus, Parks und G\u00e4rten, Megalithanlagen und tausendj\u00e4hrige Kapellen, regionale M\u00e4rkte und bretonische Gastronomie&#8230; Verpassen Sie nicht das t\u00fcrkisfarbene Wasser und den wei\u00dfen Sandstrand des ber\u00fchmten Surfspots <a href=\"https:\/\/capfinistere.geek-tonic.dev\/de\/tourismus-torche\/\">La Torche<\/a> und des<a href=\"https:\/\/capfinistere.geek-tonic.dev\/de\/tourismus-glenan-inselgruppe\/\">Gl\u00e9nans-Archipels<\/a>, die Ile de Sein und Pointe du Raz, eine der meistbesuchten Sehensw\u00fcrdigkeiten Europas. Bretonisches Kulturerbe, keltische Legenden und M\u00e4rchen, Meereskultur, religi\u00f6ses Erbe &#8230; Im Finist\u00e8re gibt es f\u00fcr jeden Geschmack etwas! Buchen Sie jetzt Ihren n\u00e4chsten Campingurlaub im s\u00fcdlichen Finist\u00e8re!<\/p>\n\n\n<div class=\"wp-block-image\">\n<figure class=\"aligncenter size-large is-resized\"><img decoding=\"async\" width=\"1024\" height=\"377\" src=\"https:\/\/capfinistere.geek-tonic.dev\/wp-content\/uploads\/sites\/22\/2022\/09\/decouvrir-finistere-bretagne-1024x377.jpg\" alt=\"decouvrir finistere bretagne\" class=\"wp-image-1958\" style=\"width:1350px\" srcset=\"https:\/\/capfinistere.geek-tonic.dev\/wp-content\/uploads\/sites\/22\/2022\/09\/decouvrir-finistere-bretagne-1024x377.jpg 1024w, https:\/\/capfinistere.geek-tonic.dev\/wp-content\/uploads\/sites\/22\/2022\/09\/decouvrir-finistere-bretagne-300x111.jpg 300w, https:\/\/capfinistere.geek-tonic.dev\/wp-content\/uploads\/sites\/22\/2022\/09\/decouvrir-finistere-bretagne-768x283.jpg 768w, https:\/\/capfinistere.geek-tonic.dev\/wp-content\/uploads\/sites\/22\/2022\/09\/decouvrir-finistere-bretagne-1536x566.jpg 1536w, https:\/\/capfinistere.geek-tonic.dev\/wp-content\/uploads\/sites\/22\/2022\/09\/decouvrir-finistere-bretagne.jpg 1900w\" sizes=\"(max-width: 1024px) 100vw, 1024px\" \/><\/figure><\/div>\n\n\n<h2 class=\"ls__heading wp-block-heading ls__heading-undefined color1\" id=\"activites-a-faire-a-quiberon\">Willkommen im Bigouden-Land<\/h2>\n\n\n\n<p class=\"ls-paragraph\">Nutzen Sie Ihren Urlaub auf einem 4-Sterne-Campingplatz in der Bretagne, um das Pays Bigouden zu entdecken<s>.<\/s> <\/p>\n\n\n\n<p class=\"ls-paragraph\">Das Pays Bigouden liegt im \u00e4u\u00dfersten S\u00fcdwesten des Finist\u00e8re und bietet eine Vielzahl von Sehensw\u00fcrdigkeiten f\u00fcr die ganze Familie w\u00e4hrend Ihres Campingurlaubs in <a href=\"https:\/\/capfinistere.geek-tonic.dev\/de\/tourismus-penmarch\/\">Penmarc&#8217;h<\/a>. Dieses Gebiet, das nach den ber\u00fchmten bretonischen Kopfbedeckungen &#8222;Pays Bigouden&#8220; genannt wird, besteht aus etwa zwanzig Gemeinden mit tief verwurzelten Traditionen zwischen Ozean und l\u00e4ndlicher Umgebung. W\u00e4hrend Ihres Campingurlaubs im Pays Bigouden sollten Sie sich nach S\u00fcden begeben, um die zahlreichen Fischerei- und Jachth\u00e4fen zu nutzen: Pont l&#8217;Abb\u00e9, Guilvinec, Combrit bis Penmarc&#8217;h.<\/p>\n\n\n\n<p class=\"ls-paragraph\">Im Westen atmen Sie die frische Luft der <a href=\"https:\/\/capfinistere.geek-tonic.dev\/de\/tourismus-bucht-audierne\/\">Bucht von Audierne<\/a>, ein wahres Paradies f\u00fcr V\u00f6gel und Surfer mit den ber\u00fchmten Spots La Torche und Penhors. Entdecken Sie bei Wanderungen oder Radtouren das Hinterland mit seiner gr\u00fcnen Landschaft und dem bemerkenswerten Kulturerbe, das Sie w\u00e4hrend Ihres Aufenthalts auf einem Campingplatz in der N\u00e4he von La Torche nicht verpassen sollten. F\u00fcr Ihren Urlaub in der Bretagne ist die Pointe de Penmarc&#8217;h ideal gelegen, in einer authentischen und gesch\u00fctzten Umgebung, zwischen der Pointe du Raz und Concarneau, nicht weit von Quimper entfernt.<\/p>\n\n\n\n<p class=\"ls-paragraph\">Nutzen Sie die Vitalit\u00e4t des Atlantischen Ozeans, um sich zu erholen und atmen Sie eine der saubersten Luft in Europa! M\u00f6chten Sie einen authentischen, erholsamen und unvergesslichen Urlaub in der Bretagne an unserer bretonischen K\u00fcste verbringen? Willkommen in Penmarc&#8217;h auf diesem 4-Sterne-Campingplatz im Finist\u00e8re!<\/p>\n\n\n<p><iframe width=\"100%\" height=\"450\" src=\"https:\/\/www.youtube.com\/embed\/fJMR0AYdp-w\" title=\"YouTube video player\" frameborder=\"0\" allow=\"accelerometer; autoplay; clipboard-write; encrypted-media; gyroscope; picture-in-picture\" allowfullscreen=\"\"><\/iframe><\/p>\n\n\n\n<h2 class=\"ls__heading wp-block-heading ls__heading-undefined color1\" id=\"activites-a-faire-a-quiberon\">Was Sie in Finist\u00e8re unternehmen k\u00f6nnen<\/h2>\n\n\n\n<p class=\"ls-paragraph\">Das <strong>s\u00fcdliche Finist\u00e8re<\/strong> bietet viele Aktivit\u00e4ten und zeigt Ihnen seine sch\u00f6nsten Ecken, die Sie w\u00e4hrend Ihres <strong>Campingurlaubs in Penmarch<\/strong> entdecken k\u00f6nnen. Mit Freunden oder der Familie werden Sie es genie\u00dfen, dieses wilde und authentische bretonische Reiseziel bei einem Spaziergang zu entdecken&#8230; Ein Menhir, eine Kapelle oder ein alter Kalvarienberg. Nutzen Sie Ihren Aufenthalt auf einem <strong>Campingplatz mit Wasserpark<\/strong>, um das s\u00fcdliche Finist\u00e8re zu durchqueren.<\/p>\n\n\n\n<p class=\"ls-paragraph\">Genie\u00dfen Sie w\u00e4hrend Ihres <strong>Aufenthalts im S\u00fcd-Finist\u00e8re<\/strong> das Meer, die Str\u00e4nde, die Wellen, die Frische des Meeres und die Sonnenstrahlen, die in der Bretagne allgegenw\u00e4rtig sind. Mit der Familie oder mit Freunden k\u00f6nnen Sie die zahlreichen Wassersportm\u00f6glichkeiten nutzen und in La Torche in der N\u00e4he des <a href=\"https:\/\/capfinistere.geek-tonic.dev\/de\/\">Campingplatzes Cap Finist\u00e8re<\/a> Windsurfen oder Wellenreiten lernen oder auf den Gl\u00e9nans-Inseln tauchen.<\/p>\n\n\n\n<p class=\"ls-paragraph\">Von morgens bis abends und zu jeder Jahreszeit k\u00f6nnen Sie in der N\u00e4he unseres Campingplatzes am Meer einen gef\u00fchrten Naturspaziergang machen. Zu Fu\u00df, mit dem Fahrrad, dem Boot oder dem Paddelboot&#8230; Machen Sie eine Wanderung an der K\u00fcste oder auf dem Land.  <\/p>\n\n\n\n<p class=\"ls-paragraph\">Unser <strong>Campingplatz in der s\u00fcdlichen Bretagne<\/strong> liegt an den vielen Wegen und Pfaden, die sich durch die Gemeinde ziehen. Von den jodhaltigen Wanderwegen des GR34 bis zu den kleinen Spazierg\u00e4ngen entlang der Menhire im Hinterland kreuzen Sie die gr\u00fcnen Wege der Fahrradroute von der Pointe du Raz bis zur Pointe de Penmarch.<\/p>\n\n\n\n<p class=\"ls-paragraph\">Au\u00dfergew\u00f6hnliche Naturschutzgebiete, lange Sandstr\u00e4nde, klares Wasser, das von smaragdgr\u00fcn zu tiefblau wechselt, die nat\u00fcrliche Umgebung unseres bretonischen Campingplatzes ist reich an Ressourcen, die weltweit einzigartig sind. Am Meer werden Sie die Weite des Ozeans sp\u00fcren, ganz f\u00fcr sich allein!<\/p>\n\n\n<p><iframe src=\"https:\/\/www.google.com\/maps\/embed?pb=!1m28!1m12!1m3!1d341492.50064924435!2d-4.400502527939056!3d48.03476185373328!2m3!1f0!2f0!3f0!3m2!1i1024!2i768!4f13.1!4m13!3e0!4m5!1s0x4817306d98cd607f%3A0x78da83f9f6cf307d!2sFlower%20Camping%20Les%20Gen%C3%AAts%2C%20Rue%20de%20Gouesnach%20N%C3%A9vez%2C%20Penmarc'h!3m2!1d47.818970199999995!2d-4.3095568!4m5!1s0x4816cc717f347f47%3A0x30ca5cd36df2730!2sFinist%C3%A8re!3m2!1d48.252024899999995!2d-3.9300525!5e0!3m2!1sfr!2sfr!4v1663581367650!5m2!1sfr!2sfr\" width=\"100%\" height=\"450\" style=\"border:0;\" allowfullscreen=\"\" loading=\"lazy\" referrerpolicy=\"no-referrer-when-downgrade\"><\/iframe><\/p>\n\n\r\n    <\/div>\r\n<\/section><section id=\"ls-section-block_f21b2773bd58704530e3b34b52da8303\" class=\"ls-section  page-maillage experience has-m-t m-t-0 has-p-t p-t-10\" >\r\n        <div class=\"container container--wide\">\r\n        \n\n<div id=\"ls-heading ls-titre-div-block_28e82ed09560762742b8434bb074a79d\" class=\"ls-titre-div aligncenter h2-like\" >\n    <strong>Entdecken<\/strong> Sie im Finist\u00e8re<\/div>\n\n\n<div id=\"ls-maillage-block_3ceda3e616bc69baadbb70f0e0435d5a\" class=\"ls-maillage cta-style-normal\" data-rows=\"4\">\n    <div class=\"wp-block-columns\"><div class=\"wp-block-column\"><div id=\"destinations\" class=\"ls-cta\">\n\n<a href=\"https:\/\/capfinistere.geek-tonic.dev\/de\/tourismus-glenan-inselgruppe\/\" target=\"\" rel=\"noopener\" class=\"ls-cta__link\">\n\n\t<div class=\"ls-cta__image\"><img decoding=\"async\" src=\"https:\/\/capfinistere.geek-tonic.dev\/wp-content\/uploads\/sites\/22\/2024\/04\/tourisme-archipel-glenan-camping-finistere.webp\" alt=\"tourisme archipel glenan camping finistere\"><\/div>\n\t<div class=\"ls-cta__title\">\n\t\tArchipel der Gl\u00e9nan\t<\/div>\n\n\t\t\n<\/a><\/div><\/div><div class=\"wp-block-column\"><div id=\"destinations\" class=\"ls-cta\">\n\n<a href=\"https:\/\/capfinistere.geek-tonic.dev\/de\/tourismus-bucht-audierne\/\" target=\"\" rel=\"noopener\" class=\"ls-cta__link\">\n\n\t<div class=\"ls-cta__image\"><img decoding=\"async\" src=\"https:\/\/capfinistere.geek-tonic.dev\/wp-content\/uploads\/sites\/22\/2024\/04\/tourisme-baie-audierne-camping-finistere.webp\" alt=\"tourisme baie audierne camping finistere\"><\/div>\n\t<div class=\"ls-cta__title\">\n\t\tBucht von Audierne\t<\/div>\n\n\t\t\n<\/a><\/div><\/div><div class=\"wp-block-column\"><div id=\"destinations\" class=\"ls-cta\">\n\n<a href=\"https:\/\/capfinistere.geek-tonic.dev\/de\/tourismus-concarneau\/\" target=\"\" rel=\"noopener\" class=\"ls-cta__link\">\n\n\t<div class=\"ls-cta__image\"><img decoding=\"async\" src=\"https:\/\/capfinistere.geek-tonic.dev\/wp-content\/uploads\/sites\/22\/2024\/04\/tourisme-concarneau-camping-finistere.webp\" alt=\"tourisme concarneau camping finistere\"><\/div>\n\t<div class=\"ls-cta__title\">\n\t\tConcarneau\t<\/div>\n\n\t\t\n<\/a><\/div><\/div><div class=\"wp-block-column\"><div id=\"destinations\" class=\"ls-cta\">\n\n<a href=\"https:\/\/capfinistere.geek-tonic.dev\/de\/tourismus-douarnenez\/\" target=\"\" rel=\"noopener\" class=\"ls-cta__link\">\n\n\t<div class=\"ls-cta__image\"><img decoding=\"async\" src=\"https:\/\/capfinistere.geek-tonic.dev\/wp-content\/uploads\/sites\/22\/2024\/04\/tourisme-douarnenez-camping-finistere.webp\" alt=\"tourisme douarnenez camping finistere\"><\/div>\n\t<div class=\"ls-cta__title\">\n\t\tDouarnenez\t<\/div>\n\n\t\t\n<\/a><\/div><\/div><\/div><div class=\"wp-block-columns\"><div class=\"wp-block-column\"><div id=\"destinations\" class=\"ls-cta\">\n\n<a href=\"https:\/\/capfinistere.geek-tonic.dev\/de\/tourismus-torche\/\" target=\"\" rel=\"noopener\" class=\"ls-cta__link\">\n\n\t<div class=\"ls-cta__image\"><img decoding=\"async\" src=\"https:\/\/capfinistere.geek-tonic.dev\/wp-content\/uploads\/sites\/22\/2024\/04\/tourisme-torche-camping-finistere.webp\" alt=\"tourisme torche camping finistere\"><\/div>\n\t<div class=\"ls-cta__title\">\n\t\tDie Fackel\t<\/div>\n\n\t\t\n<\/a><\/div><\/div><div class=\"wp-block-column\"><div id=\"destinations\" class=\"ls-cta\">\n\n<a href=\"https:\/\/capfinistere.geek-tonic.dev\/de\/tourismus-penmarch\/\" target=\"\" rel=\"noopener\" class=\"ls-cta__link\">\n\n\t<div class=\"ls-cta__image\"><img decoding=\"async\" src=\"https:\/\/capfinistere.geek-tonic.dev\/wp-content\/uploads\/sites\/22\/2024\/04\/tourisme-penmarch-camping-finistere.webp\" alt=\"tourisme penmarch camping finistere\"><\/div>\n\t<div class=\"ls-cta__title\">\n\t\tPenmarch\t<\/div>\n\n\t\t\n<\/a><\/div><\/div><div class=\"wp-block-column\"><div id=\"destinations\" class=\"ls-cta\">\n\n<a href=\"https:\/\/capfinistere.geek-tonic.dev\/de\/tourismus-pont-abbe\/\" target=\"\" rel=\"noopener\" class=\"ls-cta__link\">\n\n\t<div class=\"ls-cta__image\"><img decoding=\"async\" src=\"https:\/\/capfinistere.geek-tonic.dev\/wp-content\/uploads\/sites\/22\/2022\/09\/pont-labbe-vacances-bretagne.jpg\" alt=\"pont labbe urlaub bretagne\"><\/div>\n\t<div class=\"ls-cta__title\">\n\t\tPont-L&#8217;abb\u00e9\t<\/div>\n\n\t\t\n<\/a><\/div><\/div><div class=\"wp-block-column\"><div id=\"destinations\" class=\"ls-cta\">\n\n<a href=\"https:\/\/capfinistere.geek-tonic.dev\/de\/tourismus-quimper\/\" target=\"\" rel=\"noopener\" class=\"ls-cta__link\">\n\n\t<div class=\"ls-cta__image\"><img decoding=\"async\" src=\"https:\/\/capfinistere.geek-tonic.dev\/wp-content\/uploads\/sites\/22\/2024\/04\/tourisme-quimper-camping-finistere.webp\" alt=\"tourisme quimper camping finistere\"><\/div>\n\t<div class=\"ls-cta__title\">\n\t\tQuimper\t<\/div>\n\n\t\t\n<\/a><\/div><\/div><\/div><\/div>\n\r\n    <\/div>\r\n<\/section>","protected":false},"excerpt":{"rendered":"","protected":false},"author":1,"featured_media":3348,"parent":0,"menu_order":0,"comment_status":"closed","ping_status":"open","template":"","meta":{"_acf_changed":false,"footnotes":""},"sujet":[],"class_list":["post-3979","page","type-page","status-publish","has-post-thumbnail","hentry"],"acf":[],"yoast_head":"<!-- This site is optimized with the Yoast SEO plugin v23.9 - https:\/\/yoast.com\/wordpress\/plugins\/seo\/ -->\n<title>Tourismus im Finist\u00e8re | Aktivit\u00e4ten und Besichtigungen im Finist\u00e8re<\/title>\n<meta name=\"robots\" content=\"noindex, follow, max-snippet:-1, max-image-preview:large, max-video-preview:-1\" \/>\n<meta property=\"og:locale\" content=\"de_DE\" \/>\n<meta property=\"og:type\" content=\"article\" \/>\n<meta property=\"og:title\" content=\"Tourismus im Finist\u00e8re | Aktivit\u00e4ten und Besichtigungen im Finist\u00e8re\" \/>\n<meta property=\"og:url\" content=\"https:\/\/capfinistere.geek-tonic.dev\/de\/tourismus-finistere\/\" \/>\n<meta property=\"og:site_name\" content=\"Camping Cap Finist\u00e8re\" \/>\n<meta property=\"article:modified_time\" content=\"2024-04-25T13:18:10+00:00\" \/>\n<meta property=\"og:image\" content=\"http:\/\/capfinistere.geek-tonic.dev\/wp-content\/uploads\/sites\/22\/2022\/09\/visiter-finistere.jpg\" \/>\n\t<meta property=\"og:image:width\" content=\"1904\" \/>\n\t<meta property=\"og:image:height\" content=\"515\" \/>\n\t<meta property=\"og:image:type\" content=\"image\/jpeg\" \/>\n<meta name=\"twitter:card\" content=\"summary_large_image\" \/>\n<meta name=\"twitter:label1\" content=\"Gesch\u00e4tzte Lesezeit\" \/>\n\t<meta name=\"twitter:data1\" content=\"5\u00a0Minuten\" \/>\n<script type=\"application\/ld+json\" class=\"yoast-schema-graph\">{\"@context\":\"https:\/\/schema.org\",\"@graph\":[{\"@type\":\"WebPage\",\"@id\":\"https:\/\/capfinistere.geek-tonic.dev\/de\/tourismus-finistere\/\",\"url\":\"https:\/\/capfinistere.geek-tonic.dev\/de\/tourismus-finistere\/\",\"name\":\"Tourismus im Finist\u00e8re | Aktivit\u00e4ten und Besichtigungen im Finist\u00e8re\",\"isPartOf\":{\"@id\":\"https:\/\/capfinistere.geek-tonic.dev\/de\/#website\"},\"primaryImageOfPage\":{\"@id\":\"https:\/\/capfinistere.geek-tonic.dev\/de\/tourismus-finistere\/#primaryimage\"},\"image\":{\"@id\":\"https:\/\/capfinistere.geek-tonic.dev\/de\/tourismus-finistere\/#primaryimage\"},\"thumbnailUrl\":\"https:\/\/capfinistere.geek-tonic.dev\/wp-content\/uploads\/sites\/22\/2022\/09\/visiter-finistere.jpg\",\"datePublished\":\"2022-09-14T14:14:00+00:00\",\"dateModified\":\"2024-04-25T13:18:10+00:00\",\"breadcrumb\":{\"@id\":\"https:\/\/capfinistere.geek-tonic.dev\/de\/tourismus-finistere\/#breadcrumb\"},\"inLanguage\":\"de\",\"potentialAction\":[{\"@type\":\"ReadAction\",\"target\":[\"https:\/\/capfinistere.geek-tonic.dev\/de\/tourismus-finistere\/\"]}]},{\"@type\":\"ImageObject\",\"inLanguage\":\"de\",\"@id\":\"https:\/\/capfinistere.geek-tonic.dev\/de\/tourismus-finistere\/#primaryimage\",\"url\":\"https:\/\/capfinistere.geek-tonic.dev\/wp-content\/uploads\/sites\/22\/2022\/09\/visiter-finistere.jpg\",\"contentUrl\":\"https:\/\/capfinistere.geek-tonic.dev\/wp-content\/uploads\/sites\/22\/2022\/09\/visiter-finistere.jpg\",\"width\":1904,\"height\":515,\"caption\":\"besuchen sie finistere\"},{\"@type\":\"BreadcrumbList\",\"@id\":\"https:\/\/capfinistere.geek-tonic.dev\/de\/tourismus-finistere\/#breadcrumb\",\"itemListElement\":[{\"@type\":\"ListItem\",\"position\":1,\"name\":\"Camping Finist\u00e8re\",\"item\":\"https:\/\/capfinistere.geek-tonic.dev\/de\/\"},{\"@type\":\"ListItem\",\"position\":2,\"name\":\"Tourismus im Finist\u00e8re\"}]},{\"@type\":\"WebSite\",\"@id\":\"https:\/\/capfinistere.geek-tonic.dev\/de\/#website\",\"url\":\"https:\/\/capfinistere.geek-tonic.dev\/de\/\",\"name\":\"Camping Cap Finist\u00e8re\",\"description\":\"\",\"publisher\":{\"@id\":\"https:\/\/capfinistere.geek-tonic.dev\/de\/#organization\"},\"potentialAction\":[{\"@type\":\"SearchAction\",\"target\":{\"@type\":\"EntryPoint\",\"urlTemplate\":\"https:\/\/capfinistere.geek-tonic.dev\/de\/?s={search_term_string}\"},\"query-input\":{\"@type\":\"PropertyValueSpecification\",\"valueRequired\":true,\"valueName\":\"search_term_string\"}}],\"inLanguage\":\"de\"},{\"@type\":\"Organization\",\"@id\":\"https:\/\/capfinistere.geek-tonic.dev\/de\/#organization\",\"name\":\"Camping Cap Finist\u00e8re\",\"url\":\"https:\/\/capfinistere.geek-tonic.dev\/de\/\",\"logo\":{\"@type\":\"ImageObject\",\"inLanguage\":\"de\",\"@id\":\"https:\/\/capfinistere.geek-tonic.dev\/de\/#\/schema\/logo\/image\/\",\"url\":\"https:\/\/capfinistere.geek-tonic.dev\/wp-content\/uploads\/sites\/22\/2022\/09\/cropped-logo-Flower-camping-Cap-Finistere.png\",\"contentUrl\":\"https:\/\/capfinistere.geek-tonic.dev\/wp-content\/uploads\/sites\/22\/2022\/09\/cropped-logo-Flower-camping-Cap-Finistere.png\",\"width\":500,\"height\":660,\"caption\":\"Camping Cap Finist\u00e8re\"},\"image\":{\"@id\":\"https:\/\/capfinistere.geek-tonic.dev\/de\/#\/schema\/logo\/image\/\"}}]}<\/script>\n<!-- \/ Yoast SEO plugin. -->","yoast_head_json":{"title":"Tourismus im Finist\u00e8re | Aktivit\u00e4ten und Besichtigungen im Finist\u00e8re","robots":{"index":"noindex","follow":"follow","max-snippet":"max-snippet:-1","max-image-preview":"max-image-preview:large","max-video-preview":"max-video-preview:-1"},"og_locale":"de_DE","og_type":"article","og_title":"Tourismus im Finist\u00e8re | Aktivit\u00e4ten und Besichtigungen im Finist\u00e8re","og_url":"https:\/\/capfinistere.geek-tonic.dev\/de\/tourismus-finistere\/","og_site_name":"Camping Cap Finist\u00e8re","article_modified_time":"2024-04-25T13:18:10+00:00","og_image":[{"width":1904,"height":515,"url":"http:\/\/capfinistere.geek-tonic.dev\/wp-content\/uploads\/sites\/22\/2022\/09\/visiter-finistere.jpg","type":"image\/jpeg"}],"twitter_card":"summary_large_image","twitter_misc":{"Gesch\u00e4tzte Lesezeit":"5\u00a0Minuten"},"schema":{"@context":"https:\/\/schema.org","@graph":[{"@type":"WebPage","@id":"https:\/\/capfinistere.geek-tonic.dev\/de\/tourismus-finistere\/","url":"https:\/\/capfinistere.geek-tonic.dev\/de\/tourismus-finistere\/","name":"Tourismus im Finist\u00e8re | Aktivit\u00e4ten und Besichtigungen im Finist\u00e8re","isPartOf":{"@id":"https:\/\/capfinistere.geek-tonic.dev\/de\/#website"},"primaryImageOfPage":{"@id":"https:\/\/capfinistere.geek-tonic.dev\/de\/tourismus-finistere\/#primaryimage"},"image":{"@id":"https:\/\/capfinistere.geek-tonic.dev\/de\/tourismus-finistere\/#primaryimage"},"thumbnailUrl":"https:\/\/capfinistere.geek-tonic.dev\/wp-content\/uploads\/sites\/22\/2022\/09\/visiter-finistere.jpg","datePublished":"2022-09-14T14:14:00+00:00","dateModified":"2024-04-25T13:18:10+00:00","breadcrumb":{"@id":"https:\/\/capfinistere.geek-tonic.dev\/de\/tourismus-finistere\/#breadcrumb"},"inLanguage":"de","potentialAction":[{"@type":"ReadAction","target":["https:\/\/capfinistere.geek-tonic.dev\/de\/tourismus-finistere\/"]}]},{"@type":"ImageObject","inLanguage":"de","@id":"https:\/\/capfinistere.geek-tonic.dev\/de\/tourismus-finistere\/#primaryimage","url":"https:\/\/capfinistere.geek-tonic.dev\/wp-content\/uploads\/sites\/22\/2022\/09\/visiter-finistere.jpg","contentUrl":"https:\/\/capfinistere.geek-tonic.dev\/wp-content\/uploads\/sites\/22\/2022\/09\/visiter-finistere.jpg","width":1904,"height":515,"caption":"besuchen sie finistere"},{"@type":"BreadcrumbList","@id":"https:\/\/capfinistere.geek-tonic.dev\/de\/tourismus-finistere\/#breadcrumb","itemListElement":[{"@type":"ListItem","position":1,"name":"Camping Finist\u00e8re","item":"https:\/\/capfinistere.geek-tonic.dev\/de\/"},{"@type":"ListItem","position":2,"name":"Tourismus im Finist\u00e8re"}]},{"@type":"WebSite","@id":"https:\/\/capfinistere.geek-tonic.dev\/de\/#website","url":"https:\/\/capfinistere.geek-tonic.dev\/de\/","name":"Camping Cap Finist\u00e8re","description":"","publisher":{"@id":"https:\/\/capfinistere.geek-tonic.dev\/de\/#organization"},"potentialAction":[{"@type":"SearchAction","target":{"@type":"EntryPoint","urlTemplate":"https:\/\/capfinistere.geek-tonic.dev\/de\/?s={search_term_string}"},"query-input":{"@type":"PropertyValueSpecification","valueRequired":true,"valueName":"search_term_string"}}],"inLanguage":"de"},{"@type":"Organization","@id":"https:\/\/capfinistere.geek-tonic.dev\/de\/#organization","name":"Camping Cap Finist\u00e8re","url":"https:\/\/capfinistere.geek-tonic.dev\/de\/","logo":{"@type":"ImageObject","inLanguage":"de","@id":"https:\/\/capfinistere.geek-tonic.dev\/de\/#\/schema\/logo\/image\/","url":"https:\/\/capfinistere.geek-tonic.dev\/wp-content\/uploads\/sites\/22\/2022\/09\/cropped-logo-Flower-camping-Cap-Finistere.png","contentUrl":"https:\/\/capfinistere.geek-tonic.dev\/wp-content\/uploads\/sites\/22\/2022\/09\/cropped-logo-Flower-camping-Cap-Finistere.png","width":500,"height":660,"caption":"Camping Cap Finist\u00e8re"},"image":{"@id":"https:\/\/capfinistere.geek-tonic.dev\/de\/#\/schema\/logo\/image\/"}}]}},"_links":{"self":[{"href":"https:\/\/capfinistere.geek-tonic.dev\/de\/wp-json\/wp\/v2\/pages\/3979","targetHints":{"allow":["GET"]}}],"collection":[{"href":"https:\/\/capfinistere.geek-tonic.dev\/de\/wp-json\/wp\/v2\/pages"}],"about":[{"href":"https:\/\/capfinistere.geek-tonic.dev\/de\/wp-json\/wp\/v2\/types\/page"}],"author":[{"embeddable":true,"href":"https:\/\/capfinistere.geek-tonic.dev\/de\/wp-json\/wp\/v2\/users\/1"}],"replies":[{"embeddable":true,"href":"https:\/\/capfinistere.geek-tonic.dev\/de\/wp-json\/wp\/v2\/comments?post=3979"}],"version-history":[{"count":6,"href":"https:\/\/capfinistere.geek-tonic.dev\/de\/wp-json\/wp\/v2\/pages\/3979\/revisions"}],"predecessor-version":[{"id":7360,"href":"https:\/\/capfinistere.geek-tonic.dev\/de\/wp-json\/wp\/v2\/pages\/3979\/revisions\/7360"}],"wp:featuredmedia":[{"embeddable":true,"href":"https:\/\/capfinistere.geek-tonic.dev\/de\/wp-json\/wp\/v2\/media\/3348"}],"wp:attachment":[{"href":"https:\/\/capfinistere.geek-tonic.dev\/de\/wp-json\/wp\/v2\/media?parent=3979"}],"wp:term":[{"taxonomy":"sujet","embeddable":true,"href":"https:\/\/capfinistere.geek-tonic.dev\/de\/wp-json\/wp\/v2\/sujet?post=3979"}],"curies":[{"name":"wp","href":"https:\/\/api.w.org\/{rel}","templated":true}]}}