{"id":3902,"date":"2022-09-07T16:45:00","date_gmt":"2022-09-07T14:45:00","guid":{"rendered":"https:\/\/capfinistere.geek-tonic.dev\/tourisme-douarnenez\/"},"modified":"2024-04-25T15:16:36","modified_gmt":"2024-04-25T13:16:36","slug":"tourismus-douarnenez","status":"publish","type":"page","link":"https:\/\/capfinistere.geek-tonic.dev\/de\/tourismus-douarnenez\/","title":{"rendered":"Douarnenez"},"content":{"rendered":"<section id=\"ls-section-block_a4a5d2a1039632265f3f96ed2d7ff3df\" class=\"ls-section  page-one has-background has-color-4-background-color has-m-t m-t-0 has-m-b m-b-0 has-p-t p-t-14 has-p-b p-b-14\" >\r\n        <div class=\"container container--wide\">\r\n        \n\n<h1 class=\"ls__heading wp-block-heading has-text-align-center ls__heading-undefined color1\" id=\"visitez-quiberon\">Besuchen Sie Douarnenez<\/h1>\n\n\n\n<h2 class=\"ls__heading wp-block-heading ls__heading-undefined color1\" id=\"a-voir-a-quiberon\">Sehensw\u00fcrdigkeiten in Douarnenez<\/h2>\n\n\n\n<p class=\"ls-paragraph\">W\u00e4hrend Ihres Aufenthaltes im <a href=\"https:\/\/capfinistere.geek-tonic.dev\/de\/tourismus-finistere\/\">S\u00fcd-Finist\u00e8re<\/a> k\u00f6nnen Sie die Bretagne auf der Westseite weiter erkunden. Fahren Sie mit der Familie oder mit Freunden zur Bucht von Douarnenez und zum Meer von Iroise. Douarnenez, das sich dem Meer zuwendet, wird auch die &#8218;Stadt der vier H\u00e4fen&#8216; genannt. Douarnenez ist eine Sardinenstadt in der Bretagne.<\/p>\n\n\n\n<p class=\"ls-paragraph\">Entdecken Sie das <strong>maritime Erbe<\/strong> der Stadt, indem Sie durch die verschiedenen H\u00e4fen schlendern: der alte Hafen von Rosmeur, der malerischste, Port Rhu mit dem Museumshafen und Tr\u00e9boul, der Jachthafen, in dem viele nautische Veranstaltungen stattfinden, wie der Grand Prix Guyader. Dieser Hafen ist der Ausgangspunkt f\u00fcr einen Spaziergang am Meer mit einer atemberaubenden Aussicht auf die Ile Tristan und die Bucht von Douarnenez. Genie\u00dfen Sie bei Ihren Spazierg\u00e4ngen die einzigartige Atmosph\u00e4re der belebten Kais, der Gassen mit den Werkst\u00e4tten und der Fischerh\u00e4user.<\/p>\n\n\n<div class=\"wp-block-image\">\n<figure class=\"aligncenter size-large is-resized\"><img decoding=\"async\" width=\"1024\" height=\"377\" src=\"https:\/\/capfinistere.geek-tonic.dev\/wp-content\/uploads\/sites\/22\/2022\/09\/camping-proche-de-douarnenez-1024x377.jpg\" alt=\"Campingplatz in der N&#xE4;he von Douarnenez\" class=\"wp-image-2242\" style=\"width:1350px\" srcset=\"https:\/\/capfinistere.geek-tonic.dev\/wp-content\/uploads\/sites\/22\/2022\/09\/camping-proche-de-douarnenez-1024x377.jpg 1024w, https:\/\/capfinistere.geek-tonic.dev\/wp-content\/uploads\/sites\/22\/2022\/09\/camping-proche-de-douarnenez-300x111.jpg 300w, https:\/\/capfinistere.geek-tonic.dev\/wp-content\/uploads\/sites\/22\/2022\/09\/camping-proche-de-douarnenez-768x283.jpg 768w, https:\/\/capfinistere.geek-tonic.dev\/wp-content\/uploads\/sites\/22\/2022\/09\/camping-proche-de-douarnenez-1536x566.jpg 1536w, https:\/\/capfinistere.geek-tonic.dev\/wp-content\/uploads\/sites\/22\/2022\/09\/camping-proche-de-douarnenez.jpg 1900w\" sizes=\"(max-width: 1024px) 100vw, 1024px\" \/><\/figure><\/div>\n\n\n<h2 class=\"ls__heading wp-block-heading ls__heading-undefined color1\" id=\"activites-a-faire-a-quiberon\">Was Sie in Douarnenez unternehmen k\u00f6nnen<\/h2>\n\n\n\n<p class=\"ls-paragraph\">W\u00e4hrend Ihres<strong> Familienurlaubs<\/strong> in Douarnenez sollten Sie sich den Weiler Plomarch im Osten der Stadt nicht entgehen lassen. Dieses Naturgebiet \u00fcberrascht mit seinen l\u00e4ndlichen Landschaften und seinem arch\u00e4ologischen Erbe. Schlendern Sie durch diesen geschichtstr\u00e4chtigen Ort: restaurierte Steinh\u00e4user von ehemaligen Fischern und r\u00f6mische \u00dcberreste. Ein versteckter Weg f\u00fchrt Sie zum Ris-Strand. Wanderfreunde werden die vielen Wanderwege wie den GR34 und andere Routen durch die Landschaft und die W\u00e4lder zu sch\u00e4tzen wissen.  <\/p>\n\n\n\n<p class=\"ls-paragraph\">Zum Flanieren folgen Sie den einfachen und f\u00fcr alle zug\u00e4nglichen Wegen am Hafen. Besuchen Sie einen Campingplatz in der N\u00e4he von Douarnenez und lassen Sie sich von der wundersch\u00f6nen Bucht mit ihren idealen Str\u00e4nden f\u00fcr Wassersport und zum Schwimmen verzaubern. Gegen\u00fcber liegt die Insel Tristan. W\u00e4hrend Ihres <a href=\"https:\/\/capfinistere.geek-tonic.dev\/de\/\">Campingurlaubs im s\u00fcdlichen Finist\u00e8re<\/a> sollten Sie sich diese &#8222;Schatzinsel&#8220; nicht entgehen lassen: gesch\u00fctzte Natur, versteckte G\u00e4rten, Festungen und ein au\u00dfergew\u00f6hnliches Panorama \u00fcber die gesamte Bucht.<\/p>\n\n\n<p><iframe width=\"100%\" height=\"450\" src=\"https:\/\/www.youtube.com\/embed\/-o5UgrdzxXE\" title=\"YouTube video player\" frameborder=\"0\" allow=\"accelerometer; autoplay; clipboard-write; encrypted-media; gyroscope; picture-in-picture\" allowfullscreen=\"\"><\/iframe><\/p>\n\n\n\n<h2 class=\"ls__heading wp-block-heading ls__heading-undefined color1\" id=\"activites-a-faire-a-quiberon\">Campingplatz nur 45 Minuten von Douarnenez entfernt<\/h2>\n\n\n\n<p class=\"ls-paragraph\">Ihre Reise durch die Bretagne w\u00e4re nicht komplett ohne einen Abstecher nach Douarnenez. Weniger als eine Stunde von unserem <strong>Campingplatz in Penmarch<\/strong> entfernt, besuchen Sie diese bretonische Stadt, die f\u00fcr ihre H\u00e4fen und ihre wundersch\u00f6ne, fischreiche Bucht bekannt ist. Probieren Sie sie in den vielen Restaurants der Stadt oder genie\u00dfen Sie die s\u00fc\u00dfen Leckereien bei einem Bummel durch das historische Zentrum. Genie\u00dfen Sie die Seeluft an der wilden K\u00fcste, um sich bei Ihren Spazierg\u00e4ngen zu erholen. Surferfreunde k\u00f6nnen sich auf den Wellen des Iroise-Meeres vergn\u00fcgen, das f\u00fcr seinen Wellengang und die starken Winde bekannt ist.  <\/p>\n\n\n\n<p class=\"ls-paragraph\">G\u00f6nnen Sie sich nach einem Tag in Douarnenez einen Augenblick der Entspannung in einem der  <a href=\"https:\/\/douarnenez-tourisme.com\/decouvrir\/bord-de-mer\/les-plages-sur-douarnenez\/\" target=\"_blank\" rel=\"noreferrer noopener\">Str\u00e4nde in der Bucht von Douarnenez<\/a>  Der Strand von Pors Cad, der Strand von Saint-Jean in Tr\u00e9boul oder der Strand von Le Ris, der versteckteste und zweifellos sch\u00f6nste Strand. W\u00e4hrend Ihres Aufenthalts in einem <a href=\"https:\/\/capfinistere.geek-tonic.dev\/de\/vermietung-mobilheim-finistere\/\">Mobilheim<\/a> oder auf einem <a href=\"https:\/\/capfinistere.geek-tonic.dev\/de\/vermietung-standort-finistere\/\">Stellplatz<\/a> in Penmarch k\u00f6nnen Sie in die Gegend von Douarnenez im <strong>s\u00fcdlichen Finist\u00e8re<\/strong> reisen.<\/p>\n\n\n<p><iframe src=\"https:\/\/www.google.com\/maps\/embed?pb=!1m28!1m12!1m3!1d171007.58730192235!2d-4.403840404996998!3d47.955848768768575!2m3!1f0!2f0!3f0!3m2!1i1024!2i768!4f13.1!4m13!3e0!4m5!1s0x4817306d98cd607f%3A0x78da83f9f6cf307d!2sFlower%20Camping%20Les%20Gen%C3%AAts%2C%20Rue%20de%20Gouesnach%20N%C3%A9vez%2C%20Penmarc'h!3m2!1d47.818970199999995!2d-4.3095568!4m5!1s0x4816d0c48c51633f%3A0x3c221eec4e9cb07e!2sDouarnenez%2C%2029100!3m2!1d48.093227999999996!2d-4.328619!5e0!3m2!1sfr!2sfr!4v1663746578655!5m2!1sfr!2sfr\" width=\"100%\" height=\"450\" style=\"border:0;\" allowfullscreen=\"\" loading=\"lazy\" referrerpolicy=\"no-referrer-when-downgrade\"><\/iframe><\/p>\n\n\r\n    <\/div>\r\n<\/section><section id=\"ls-section-block_7933810eaaa11b904a175928b985c504\" class=\"ls-section  page-maillage experience has-background has-color-white-background-color has-m-t m-t-0 has-p-t p-t-10\" >\r\n        <div class=\"container container--wide\">\r\n        \n\n<div id=\"ls-heading ls-titre-div-block_57a52520c1803ed1989d094fe4349320\" class=\"ls-titre-div aligncenter h2-like\" >\n    <strong>Entdecken Sie die<\/strong> Umgebung von Douarnenez<\/div>\n\n\n<div id=\"ls-maillage-block_7de79f96fe8588045bb4ee391ab10471\" class=\"ls-maillage cta-style-normal\" data-rows=\"3\">\n    <div class=\"wp-block-columns\"><div class=\"wp-block-column\"><div id=\"destinations\" class=\"ls-cta\">\n\n<a href=\"https:\/\/capfinistere.geek-tonic.dev\/de\/tourismus-bucht-audierne\/\" target=\"\" rel=\"noopener\" class=\"ls-cta__link\">\n\n\t<div class=\"ls-cta__image\"><img decoding=\"async\" src=\"https:\/\/capfinistere.geek-tonic.dev\/wp-content\/uploads\/sites\/22\/2024\/04\/tourisme-baie-audierne-camping-finistere.webp\" alt=\"tourisme baie audierne camping finistere\"><\/div>\n\t<div class=\"ls-cta__title\">\n\t\tBucht von Audierne\t<\/div>\n\n\t\t\n<\/a><\/div><\/div><div class=\"wp-block-column\"><div id=\"destinations\" class=\"ls-cta\">\n\n<a href=\"https:\/\/capfinistere.geek-tonic.dev\/de\/tourismus-concarneau\/\" target=\"\" rel=\"noopener\" class=\"ls-cta__link\">\n\n\t<div class=\"ls-cta__image\"><img decoding=\"async\" src=\"https:\/\/capfinistere.geek-tonic.dev\/wp-content\/uploads\/sites\/22\/2024\/04\/tourisme-concarneau-camping-finistere.webp\" alt=\"tourisme concarneau camping finistere\"><\/div>\n\t<div class=\"ls-cta__title\">\n\t\tConcarneau\t<\/div>\n\n\t\t\n<\/a><\/div><\/div><div class=\"wp-block-column\"><div id=\"destinations\" class=\"ls-cta\">\n\n<a href=\"https:\/\/capfinistere.geek-tonic.dev\/de\/tourismus-penmarch\/\" target=\"\" rel=\"noopener\" class=\"ls-cta__link\">\n\n\t<div class=\"ls-cta__image\"><img decoding=\"async\" src=\"https:\/\/capfinistere.geek-tonic.dev\/wp-content\/uploads\/sites\/22\/2024\/04\/tourisme-penmarch-camping-finistere.webp\" alt=\"tourisme penmarch camping finistere\"><\/div>\n\t<div class=\"ls-cta__title\">\n\t\tPenmarch\t<\/div>\n\n\t\t\n<\/a><\/div><\/div><\/div><\/div>\n\r\n    <\/div>\r\n<\/section>","protected":false},"excerpt":{"rendered":"","protected":false},"author":1,"featured_media":2239,"parent":0,"menu_order":0,"comment_status":"closed","ping_status":"open","template":"","meta":{"_acf_changed":false,"footnotes":""},"sujet":[],"class_list":["post-3902","page","type-page","status-publish","has-post-thumbnail","hentry"],"acf":[],"yoast_head":"<!-- This site is optimized with the Yoast SEO plugin v23.9 - https:\/\/yoast.com\/wordpress\/plugins\/seo\/ -->\n<title>Tourismus in Douarnenez | Camping in der N\u00e4he von Douarnenez<\/title>\n<meta name=\"robots\" content=\"noindex, follow, max-snippet:-1, max-image-preview:large, max-video-preview:-1\" \/>\n<meta property=\"og:locale\" content=\"de_DE\" \/>\n<meta property=\"og:type\" content=\"article\" \/>\n<meta property=\"og:title\" content=\"Tourismus in Douarnenez | Camping in der N\u00e4he von Douarnenez\" \/>\n<meta property=\"og:url\" content=\"https:\/\/capfinistere.geek-tonic.dev\/de\/tourismus-douarnenez\/\" \/>\n<meta property=\"og:site_name\" content=\"Camping Cap Finist\u00e8re\" \/>\n<meta property=\"article:modified_time\" content=\"2024-04-25T13:16:36+00:00\" \/>\n<meta property=\"og:image\" content=\"https:\/\/capfinistere.geek-tonic.dev\/wp-content\/uploads\/sites\/22\/2022\/09\/douarnenez-tourisme-bretagne.jpg\" \/>\n\t<meta property=\"og:image:width\" content=\"1904\" \/>\n\t<meta property=\"og:image:height\" content=\"515\" \/>\n\t<meta property=\"og:image:type\" content=\"image\/jpeg\" \/>\n<meta name=\"twitter:card\" content=\"summary_large_image\" \/>\n<meta name=\"twitter:label1\" content=\"Gesch\u00e4tzte Lesezeit\" \/>\n\t<meta name=\"twitter:data1\" content=\"3\u00a0Minuten\" \/>\n<script type=\"application\/ld+json\" class=\"yoast-schema-graph\">{\"@context\":\"https:\/\/schema.org\",\"@graph\":[{\"@type\":\"WebPage\",\"@id\":\"https:\/\/capfinistere.geek-tonic.dev\/de\/tourismus-douarnenez\/\",\"url\":\"https:\/\/capfinistere.geek-tonic.dev\/de\/tourismus-douarnenez\/\",\"name\":\"Tourismus in Douarnenez | Camping in der N\u00e4he von Douarnenez\",\"isPartOf\":{\"@id\":\"https:\/\/capfinistere.geek-tonic.dev\/de\/#website\"},\"primaryImageOfPage\":{\"@id\":\"https:\/\/capfinistere.geek-tonic.dev\/de\/tourismus-douarnenez\/#primaryimage\"},\"image\":{\"@id\":\"https:\/\/capfinistere.geek-tonic.dev\/de\/tourismus-douarnenez\/#primaryimage\"},\"thumbnailUrl\":\"https:\/\/capfinistere.geek-tonic.dev\/wp-content\/uploads\/sites\/22\/2022\/09\/douarnenez-tourisme-bretagne.jpg\",\"datePublished\":\"2022-09-07T14:45:00+00:00\",\"dateModified\":\"2024-04-25T13:16:36+00:00\",\"breadcrumb\":{\"@id\":\"https:\/\/capfinistere.geek-tonic.dev\/de\/tourismus-douarnenez\/#breadcrumb\"},\"inLanguage\":\"de\",\"potentialAction\":[{\"@type\":\"ReadAction\",\"target\":[\"https:\/\/capfinistere.geek-tonic.dev\/de\/tourismus-douarnenez\/\"]}]},{\"@type\":\"ImageObject\",\"inLanguage\":\"de\",\"@id\":\"https:\/\/capfinistere.geek-tonic.dev\/de\/tourismus-douarnenez\/#primaryimage\",\"url\":\"https:\/\/capfinistere.geek-tonic.dev\/wp-content\/uploads\/sites\/22\/2022\/09\/douarnenez-tourisme-bretagne.jpg\",\"contentUrl\":\"https:\/\/capfinistere.geek-tonic.dev\/wp-content\/uploads\/sites\/22\/2022\/09\/douarnenez-tourisme-bretagne.jpg\",\"width\":1904,\"height\":515,\"caption\":\"douarnenez tourismus bretagne\"},{\"@type\":\"BreadcrumbList\",\"@id\":\"https:\/\/capfinistere.geek-tonic.dev\/de\/tourismus-douarnenez\/#breadcrumb\",\"itemListElement\":[{\"@type\":\"ListItem\",\"position\":1,\"name\":\"Camping Finist\u00e8re\",\"item\":\"https:\/\/capfinistere.geek-tonic.dev\/de\/\"},{\"@type\":\"ListItem\",\"position\":2,\"name\":\"Campingplatz in der N\u00e4he von Douarnenez\"}]},{\"@type\":\"WebSite\",\"@id\":\"https:\/\/capfinistere.geek-tonic.dev\/de\/#website\",\"url\":\"https:\/\/capfinistere.geek-tonic.dev\/de\/\",\"name\":\"Camping Cap Finist\u00e8re\",\"description\":\"\",\"publisher\":{\"@id\":\"https:\/\/capfinistere.geek-tonic.dev\/de\/#organization\"},\"potentialAction\":[{\"@type\":\"SearchAction\",\"target\":{\"@type\":\"EntryPoint\",\"urlTemplate\":\"https:\/\/capfinistere.geek-tonic.dev\/de\/?s={search_term_string}\"},\"query-input\":{\"@type\":\"PropertyValueSpecification\",\"valueRequired\":true,\"valueName\":\"search_term_string\"}}],\"inLanguage\":\"de\"},{\"@type\":\"Organization\",\"@id\":\"https:\/\/capfinistere.geek-tonic.dev\/de\/#organization\",\"name\":\"Camping Cap Finist\u00e8re\",\"url\":\"https:\/\/capfinistere.geek-tonic.dev\/de\/\",\"logo\":{\"@type\":\"ImageObject\",\"inLanguage\":\"de\",\"@id\":\"https:\/\/capfinistere.geek-tonic.dev\/de\/#\/schema\/logo\/image\/\",\"url\":\"https:\/\/capfinistere.geek-tonic.dev\/wp-content\/uploads\/sites\/22\/2022\/09\/cropped-logo-Flower-camping-Cap-Finistere.png\",\"contentUrl\":\"https:\/\/capfinistere.geek-tonic.dev\/wp-content\/uploads\/sites\/22\/2022\/09\/cropped-logo-Flower-camping-Cap-Finistere.png\",\"width\":500,\"height\":660,\"caption\":\"Camping Cap Finist\u00e8re\"},\"image\":{\"@id\":\"https:\/\/capfinistere.geek-tonic.dev\/de\/#\/schema\/logo\/image\/\"}}]}<\/script>\n<!-- \/ Yoast SEO plugin. -->","yoast_head_json":{"title":"Tourismus in Douarnenez | Camping in der N\u00e4he von Douarnenez","robots":{"index":"noindex","follow":"follow","max-snippet":"max-snippet:-1","max-image-preview":"max-image-preview:large","max-video-preview":"max-video-preview:-1"},"og_locale":"de_DE","og_type":"article","og_title":"Tourismus in Douarnenez | Camping in der N\u00e4he von Douarnenez","og_url":"https:\/\/capfinistere.geek-tonic.dev\/de\/tourismus-douarnenez\/","og_site_name":"Camping Cap Finist\u00e8re","article_modified_time":"2024-04-25T13:16:36+00:00","og_image":[{"width":1904,"height":515,"url":"https:\/\/capfinistere.geek-tonic.dev\/wp-content\/uploads\/sites\/22\/2022\/09\/douarnenez-tourisme-bretagne.jpg","type":"image\/jpeg"}],"twitter_card":"summary_large_image","twitter_misc":{"Gesch\u00e4tzte Lesezeit":"3\u00a0Minuten"},"schema":{"@context":"https:\/\/schema.org","@graph":[{"@type":"WebPage","@id":"https:\/\/capfinistere.geek-tonic.dev\/de\/tourismus-douarnenez\/","url":"https:\/\/capfinistere.geek-tonic.dev\/de\/tourismus-douarnenez\/","name":"Tourismus in Douarnenez | Camping in der N\u00e4he von Douarnenez","isPartOf":{"@id":"https:\/\/capfinistere.geek-tonic.dev\/de\/#website"},"primaryImageOfPage":{"@id":"https:\/\/capfinistere.geek-tonic.dev\/de\/tourismus-douarnenez\/#primaryimage"},"image":{"@id":"https:\/\/capfinistere.geek-tonic.dev\/de\/tourismus-douarnenez\/#primaryimage"},"thumbnailUrl":"https:\/\/capfinistere.geek-tonic.dev\/wp-content\/uploads\/sites\/22\/2022\/09\/douarnenez-tourisme-bretagne.jpg","datePublished":"2022-09-07T14:45:00+00:00","dateModified":"2024-04-25T13:16:36+00:00","breadcrumb":{"@id":"https:\/\/capfinistere.geek-tonic.dev\/de\/tourismus-douarnenez\/#breadcrumb"},"inLanguage":"de","potentialAction":[{"@type":"ReadAction","target":["https:\/\/capfinistere.geek-tonic.dev\/de\/tourismus-douarnenez\/"]}]},{"@type":"ImageObject","inLanguage":"de","@id":"https:\/\/capfinistere.geek-tonic.dev\/de\/tourismus-douarnenez\/#primaryimage","url":"https:\/\/capfinistere.geek-tonic.dev\/wp-content\/uploads\/sites\/22\/2022\/09\/douarnenez-tourisme-bretagne.jpg","contentUrl":"https:\/\/capfinistere.geek-tonic.dev\/wp-content\/uploads\/sites\/22\/2022\/09\/douarnenez-tourisme-bretagne.jpg","width":1904,"height":515,"caption":"douarnenez tourismus bretagne"},{"@type":"BreadcrumbList","@id":"https:\/\/capfinistere.geek-tonic.dev\/de\/tourismus-douarnenez\/#breadcrumb","itemListElement":[{"@type":"ListItem","position":1,"name":"Camping Finist\u00e8re","item":"https:\/\/capfinistere.geek-tonic.dev\/de\/"},{"@type":"ListItem","position":2,"name":"Campingplatz in der N\u00e4he von Douarnenez"}]},{"@type":"WebSite","@id":"https:\/\/capfinistere.geek-tonic.dev\/de\/#website","url":"https:\/\/capfinistere.geek-tonic.dev\/de\/","name":"Camping Cap Finist\u00e8re","description":"","publisher":{"@id":"https:\/\/capfinistere.geek-tonic.dev\/de\/#organization"},"potentialAction":[{"@type":"SearchAction","target":{"@type":"EntryPoint","urlTemplate":"https:\/\/capfinistere.geek-tonic.dev\/de\/?s={search_term_string}"},"query-input":{"@type":"PropertyValueSpecification","valueRequired":true,"valueName":"search_term_string"}}],"inLanguage":"de"},{"@type":"Organization","@id":"https:\/\/capfinistere.geek-tonic.dev\/de\/#organization","name":"Camping Cap Finist\u00e8re","url":"https:\/\/capfinistere.geek-tonic.dev\/de\/","logo":{"@type":"ImageObject","inLanguage":"de","@id":"https:\/\/capfinistere.geek-tonic.dev\/de\/#\/schema\/logo\/image\/","url":"https:\/\/capfinistere.geek-tonic.dev\/wp-content\/uploads\/sites\/22\/2022\/09\/cropped-logo-Flower-camping-Cap-Finistere.png","contentUrl":"https:\/\/capfinistere.geek-tonic.dev\/wp-content\/uploads\/sites\/22\/2022\/09\/cropped-logo-Flower-camping-Cap-Finistere.png","width":500,"height":660,"caption":"Camping Cap Finist\u00e8re"},"image":{"@id":"https:\/\/capfinistere.geek-tonic.dev\/de\/#\/schema\/logo\/image\/"}}]}},"_links":{"self":[{"href":"https:\/\/capfinistere.geek-tonic.dev\/de\/wp-json\/wp\/v2\/pages\/3902","targetHints":{"allow":["GET"]}}],"collection":[{"href":"https:\/\/capfinistere.geek-tonic.dev\/de\/wp-json\/wp\/v2\/pages"}],"about":[{"href":"https:\/\/capfinistere.geek-tonic.dev\/de\/wp-json\/wp\/v2\/types\/page"}],"author":[{"embeddable":true,"href":"https:\/\/capfinistere.geek-tonic.dev\/de\/wp-json\/wp\/v2\/users\/1"}],"replies":[{"embeddable":true,"href":"https:\/\/capfinistere.geek-tonic.dev\/de\/wp-json\/wp\/v2\/comments?post=3902"}],"version-history":[{"count":3,"href":"https:\/\/capfinistere.geek-tonic.dev\/de\/wp-json\/wp\/v2\/pages\/3902\/revisions"}],"predecessor-version":[{"id":7353,"href":"https:\/\/capfinistere.geek-tonic.dev\/de\/wp-json\/wp\/v2\/pages\/3902\/revisions\/7353"}],"wp:featuredmedia":[{"embeddable":true,"href":"https:\/\/capfinistere.geek-tonic.dev\/de\/wp-json\/wp\/v2\/media\/2239"}],"wp:attachment":[{"href":"https:\/\/capfinistere.geek-tonic.dev\/de\/wp-json\/wp\/v2\/media?parent=3902"}],"wp:term":[{"taxonomy":"sujet","embeddable":true,"href":"https:\/\/capfinistere.geek-tonic.dev\/de\/wp-json\/wp\/v2\/sujet?post=3902"}],"curies":[{"name":"wp","href":"https:\/\/api.w.org\/{rel}","templated":true}]}}