{"id":3881,"date":"2022-09-06T16:47:00","date_gmt":"2022-09-06T14:47:00","guid":{"rendered":"https:\/\/capfinistere.geek-tonic.dev\/tourisme-concarneau\/"},"modified":"2024-04-25T15:16:35","modified_gmt":"2024-04-25T13:16:35","slug":"tourismus-concarneau","status":"publish","type":"page","link":"https:\/\/capfinistere.geek-tonic.dev\/de\/tourismus-concarneau\/","title":{"rendered":"Concarneau"},"content":{"rendered":"<section id=\"ls-section-block_9bcfa3db264ac5f7ec98d799a9403348\" class=\"ls-section  page-one has-background has-color-4-background-color has-m-t m-t-0 has-m-b m-b-0 has-p-t p-t-14 has-p-b p-b-14\" >\r\n        <div class=\"container container--wide\">\r\n        \n\n<h1 class=\"ls__heading wp-block-heading has-text-align-center ls__heading-undefined color1\" id=\"visitez-quiberon\">Besuchen Sie Concarneau<\/h1>\n\n\n\n<h2 class=\"ls__heading wp-block-heading ls__heading-undefined color1\" id=\"a-voir-a-quiberon\">Sehensw\u00fcrdigkeiten in Concarneau<\/h2>\n\n\n\n<p class=\"ls-paragraph\">W\u00e4hrend Ihres <a href=\"https:\/\/capfinistere.geek-tonic.dev\/de\/tourismus-penmarch\/\">Urlaubs in Penmarch<\/a> k\u00f6nnen Sie in Concarneau im <strong>s\u00fcdlichen Finist\u00e8re<\/strong> vor Anker gehen. Concarneau ist eine Stadt der Kunst und Geschichte und zeigt seine milit\u00e4rische Vergangenheit durch seine zahlreichen Befestigungsanlagen, die ihm den Namen La Ville Close (die geschlossene Stadt) eingebracht haben. Nutzen Sie Ihren <strong>Urlaub in der Bretagne<\/strong>, um diese befestigte Stadt zu entdecken, die im 14. Jahrhundert auf einer kleinen Insel erbaut wurde. Der Fischereihafen in der N\u00e4he belebt die Kais und die Auktion, deren Erfolgsbilanz beeindruckend ist: der gr\u00f6\u00dfte Thunfischhafen in Europa und der drittgr\u00f6\u00dfte in Frankreich f\u00fcr frischen Fisch.<\/p>\n\n\n\n<p class=\"ls-paragraph\">Entdecken Sie zwischen Land und Meer die drittgr\u00f6\u00dfte Stadt des Finist\u00e8re, die j\u00e4hrlich von mehr als einer Million Besucher besucht wird. Die Str\u00e4nde, die K\u00fcstenpfade, aber auch das architektonische Erbe und die vielen kulturellen Veranstaltungen machen Concarneau zu einer Stadt, die Sie w\u00e4hrend Ihres Urlaubs im Bigoudenland nicht verpassen sollten.<\/p>\n\n\n<div class=\"wp-block-image\">\n<figure class=\"aligncenter size-large is-resized\"><img decoding=\"async\" width=\"1024\" height=\"377\" src=\"https:\/\/capfinistere.geek-tonic.dev\/wp-content\/uploads\/sites\/22\/2022\/09\/visiter-concarneau-tourisme-1024x377.jpg\" alt=\"besuchen concarneau tourismus\" class=\"wp-image-2209\" style=\"width:1350px\" srcset=\"https:\/\/capfinistere.geek-tonic.dev\/wp-content\/uploads\/sites\/22\/2022\/09\/visiter-concarneau-tourisme-1024x377.jpg 1024w, https:\/\/capfinistere.geek-tonic.dev\/wp-content\/uploads\/sites\/22\/2022\/09\/visiter-concarneau-tourisme-300x111.jpg 300w, https:\/\/capfinistere.geek-tonic.dev\/wp-content\/uploads\/sites\/22\/2022\/09\/visiter-concarneau-tourisme-768x283.jpg 768w, https:\/\/capfinistere.geek-tonic.dev\/wp-content\/uploads\/sites\/22\/2022\/09\/visiter-concarneau-tourisme-1536x566.jpg 1536w, https:\/\/capfinistere.geek-tonic.dev\/wp-content\/uploads\/sites\/22\/2022\/09\/visiter-concarneau-tourisme.jpg 1900w\" sizes=\"(max-width: 1024px) 100vw, 1024px\" \/><\/figure><\/div>\n\n\n<h2 class=\"ls__heading wp-block-heading ls__heading-undefined color1\" id=\"activites-a-faire-a-quiberon\">Was Sie in Concarneau unternehmen k\u00f6nnen<\/h2>\n\n\n\n<p class=\"ls-paragraph\">W\u00e4hrend Ihres <strong>Aufenthalts in Penmarch<\/strong> k\u00f6nnen Sie einen weiteren H\u00f6hepunkt des <strong>Finist\u00e8re<\/strong> entdecken, indem Sie Concarneau besuchen. Von den Festungsanlagen der Ville Close aus haben Sie einen herrlichen Blick auf den Fischereihafen, den Jachthafen und die ber\u00fchmte Bucht von Concarneau. Schlendern Sie durch das Stadtzentrum und entdecken Sie die charmanten, typischen Gassen und die vielen Gesch\u00e4fte. Gehen Sie zu Fu\u00df oder fahren Sie mit dem Fahrrad entlang der Corniche. Lassen Sie sich zu den Buchten und dem Strand Sables Blancs f\u00fchren, der ideal f\u00fcr Wassersportaktivit\u00e4ten oder zum Entspannen mit der Familie ist (Zugang f\u00fcr Behinderte). Von Concarneau aus k\u00f6nnen Sie zu den mythischen Gl\u00e9nan-Inseln segeln und Ihre \u00dcberfahrt an der<a href=\"https:\/\/capfinistere.geek-tonic.dev\/de\/campingplatz-familie-finistere\/\">Rezeption unseres Campingplatzes<\/a> buchen.<\/p>\n\n\n<p><iframe width=\"100%\" height=\"450\" src=\"https:\/\/www.youtube.com\/embed\/KTkSREaMrG0\" title=\"YouTube video player\" frameborder=\"0\" allow=\"accelerometer; autoplay; clipboard-write; encrypted-media; gyroscope; picture-in-picture\" allowfullscreen=\"\"><\/iframe><\/p>\n\n\n\n<h2 class=\"ls__heading wp-block-heading ls__heading-undefined color1\" id=\"activites-a-faire-a-quiberon\">Campingplatz in der N\u00e4he von Concarneau<\/h2>\n\n\n\n<p class=\"ls-paragraph\">Entscheiden Sie sich f\u00fcr einen Aufenthalt in einem <a href=\"https:\/\/capfinistere.geek-tonic.dev\/de\/vermietung-mobilheim-finistere\/\">Mobilheim<\/a> oder auf einem <a href=\"https:\/\/capfinistere.geek-tonic.dev\/de\/vermietung-standort-finistere\/\">Stellplatz<\/a> auf unserem <strong>Campingplatz, der nur eine Stunde von Concarneau entfernt liegt<\/strong>. G\u00f6nnen Sie sich einen <strong>Aufenthalt in Cap Finist\u00e8re<\/strong> und entdecken Sie das breite Spektrum an Aktivit\u00e4ten, die Sie in der Stadt Concarnoise unternehmen k\u00f6nnen. Tipp des Teams: Nutzen Sie den Vormittag, um das historische Zentrum zu besichtigen, machen Sie eine Gourmetpause zum Mittagessen gegen\u00fcber dem charmanten Jachthafen und setzen Sie Ihren Tag in Concarneau mit einem Nachmittag am Strand fort. Abenteurer k\u00f6nnen aus einer Vielzahl von Wassersportarten w\u00e4hlen: Surfen, Kajak, Paddeln und Segelwagen.<\/p>\n\n\n\n<p class=\"ls-paragraph\">Entdecken Sie die reiche Architektur, w\u00e4hrend Sie die Sonnenstrahlen der <strong>s\u00fcdlichen Bretagne<\/strong> genie\u00dfen. Genie\u00dfen Sie einen <a href=\"https:\/\/capfinistere.geek-tonic.dev\/de\/\">4-Sterne-Campingplatz<\/a> in der N\u00e4he von Concarneau und entscheiden Sie sich f\u00fcr den <strong>Flower Camping Le Cap Finist\u00e8re<\/strong>, der Sie in nur 45 Minuten mit dieser unumg\u00e4nglichen Etappe des s\u00fcdlichen Finist\u00e8re verbindet.<\/p>\n\n\n<p><iframe src=\"https:\/\/www.google.com\/maps\/embed?pb=!1m28!1m12!1m3!1d121042.25935258095!2d-4.215418924487513!3d47.903852992414116!2m3!1f0!2f0!3f0!3m2!1i1024!2i768!4f13.1!4m13!3e0!4m5!1s0x4817306d98cd607f%3A0x78da83f9f6cf307d!2sFlower%20Camping%20Les%20Gen%C3%AAts%2C%20Rue%20de%20Gouesnach%20N%C3%A9vez%2C%20Penmarc'h!3m2!1d47.818970199999995!2d-4.3095568!4m5!1s0x4810db208ab3ab89%3A0x43c5083ef947b6de!2sConcarneau!3m2!1d47.872834!2d-3.920734!5e0!3m2!1sfr!2sfr!4v1663744065101!5m2!1sfr!2sfr\" width=\"100%\" height=\"450\" style=\"border:0;\" allowfullscreen=\"\" loading=\"lazy\" referrerpolicy=\"no-referrer-when-downgrade\"><\/iframe><\/p>\n\n\r\n    <\/div>\r\n<\/section><section id=\"ls-section-block_5912dd53b35bcd1d607f627b51e28ac8\" class=\"ls-section  page-maillage experience has-background has-color-white-background-color has-m-t m-t-0 has-p-t p-t-10\" >\r\n        <div class=\"container container--wide\">\r\n        \n\n<div id=\"ls-heading ls-titre-div-block_3718cfb22ffa7e3594cc2f0be87a4617\" class=\"ls-titre-div aligncenter h2-like\" >\n    <strong>Entdecken Sie die<\/strong> Umgebung von Concarneau<\/div>\n\n\n<div id=\"ls-maillage-block_d38a43eb3cf1f038e6f1ff3c0b24e7b5\" class=\"ls-maillage cta-style-normal\" data-rows=\"3\">\n    <div class=\"wp-block-columns\"><div class=\"wp-block-column\"><div id=\"destinations\" class=\"ls-cta\">\n\n<a href=\"https:\/\/capfinistere.geek-tonic.dev\/de\/tourismus-torche\/\" target=\"\" rel=\"noopener\" class=\"ls-cta__link\">\n\n\t<div class=\"ls-cta__image\"><img decoding=\"async\" src=\"https:\/\/capfinistere.geek-tonic.dev\/wp-content\/uploads\/sites\/22\/2024\/04\/tourisme-torche-camping-finistere.webp\" alt=\"tourisme torche camping finistere\"><\/div>\n\t<div class=\"ls-cta__title\">\n\t\tDie Fackel\t<\/div>\n\n\t\t\n<\/a><\/div><\/div><div class=\"wp-block-column\"><div id=\"destinations\" class=\"ls-cta\">\n\n<a href=\"https:\/\/capfinistere.geek-tonic.dev\/de\/tourismus-penmarch\/\" target=\"\" rel=\"noopener\" class=\"ls-cta__link\">\n\n\t<div class=\"ls-cta__image\"><img decoding=\"async\" src=\"https:\/\/capfinistere.geek-tonic.dev\/wp-content\/uploads\/sites\/22\/2024\/04\/tourisme-penmarch-camping-finistere.webp\" alt=\"tourisme penmarch camping finistere\"><\/div>\n\t<div class=\"ls-cta__title\">\n\t\tPenmarch\t<\/div>\n\n\t\t\n<\/a><\/div><\/div><div class=\"wp-block-column\"><div id=\"destinations\" class=\"ls-cta\">\n\n<a href=\"https:\/\/capfinistere.geek-tonic.dev\/de\/tourismus-quimper\/\" target=\"\" rel=\"noopener\" class=\"ls-cta__link\">\n\n\t<div class=\"ls-cta__image\"><img decoding=\"async\" src=\"https:\/\/capfinistere.geek-tonic.dev\/wp-content\/uploads\/sites\/22\/2024\/04\/tourisme-quimper-camping-finistere.webp\" alt=\"tourisme quimper camping finistere\"><\/div>\n\t<div class=\"ls-cta__title\">\n\t\tQuimper\t<\/div>\n\n\t\t\n<\/a><\/div><\/div><\/div><\/div>\n\r\n    <\/div>\r\n<\/section>","protected":false},"excerpt":{"rendered":"","protected":false},"author":1,"featured_media":2221,"parent":0,"menu_order":0,"comment_status":"closed","ping_status":"open","template":"","meta":{"_acf_changed":false,"footnotes":""},"sujet":[],"class_list":["post-3881","page","type-page","status-publish","has-post-thumbnail","hentry"],"acf":[],"yoast_head":"<!-- This site is optimized with the Yoast SEO plugin v23.9 - https:\/\/yoast.com\/wordpress\/plugins\/seo\/ -->\n<title>Campingplatz in der N\u00e4he von Concarneau | Entdecken Sie Concarneau | Besuchen Sie Concarneau<\/title>\n<meta name=\"robots\" content=\"noindex, follow, max-snippet:-1, max-image-preview:large, max-video-preview:-1\" \/>\n<meta property=\"og:locale\" content=\"de_DE\" \/>\n<meta property=\"og:type\" content=\"article\" \/>\n<meta property=\"og:title\" content=\"Campingplatz in der N\u00e4he von Concarneau | Entdecken Sie Concarneau | Besuchen Sie Concarneau\" \/>\n<meta property=\"og:url\" content=\"https:\/\/capfinistere.geek-tonic.dev\/de\/tourismus-concarneau\/\" \/>\n<meta property=\"og:site_name\" content=\"Camping Cap Finist\u00e8re\" \/>\n<meta property=\"article:modified_time\" content=\"2024-04-25T13:16:35+00:00\" \/>\n<meta property=\"og:image\" content=\"https:\/\/capfinistere.geek-tonic.dev\/wp-content\/uploads\/sites\/22\/2022\/09\/concarneau-camping-bretagne.jpg\" \/>\n\t<meta property=\"og:image:width\" content=\"1904\" \/>\n\t<meta property=\"og:image:height\" content=\"515\" \/>\n\t<meta property=\"og:image:type\" content=\"image\/jpeg\" \/>\n<meta name=\"twitter:card\" content=\"summary_large_image\" \/>\n<meta name=\"twitter:label1\" content=\"Gesch\u00e4tzte Lesezeit\" \/>\n\t<meta name=\"twitter:data1\" content=\"3\u00a0Minuten\" \/>\n<script type=\"application\/ld+json\" class=\"yoast-schema-graph\">{\"@context\":\"https:\/\/schema.org\",\"@graph\":[{\"@type\":\"WebPage\",\"@id\":\"https:\/\/capfinistere.geek-tonic.dev\/de\/tourismus-concarneau\/\",\"url\":\"https:\/\/capfinistere.geek-tonic.dev\/de\/tourismus-concarneau\/\",\"name\":\"Campingplatz in der N\u00e4he von Concarneau | Entdecken Sie Concarneau | Besuchen Sie Concarneau\",\"isPartOf\":{\"@id\":\"https:\/\/capfinistere.geek-tonic.dev\/de\/#website\"},\"primaryImageOfPage\":{\"@id\":\"https:\/\/capfinistere.geek-tonic.dev\/de\/tourismus-concarneau\/#primaryimage\"},\"image\":{\"@id\":\"https:\/\/capfinistere.geek-tonic.dev\/de\/tourismus-concarneau\/#primaryimage\"},\"thumbnailUrl\":\"https:\/\/capfinistere.geek-tonic.dev\/wp-content\/uploads\/sites\/22\/2022\/09\/concarneau-camping-bretagne.jpg\",\"datePublished\":\"2022-09-06T14:47:00+00:00\",\"dateModified\":\"2024-04-25T13:16:35+00:00\",\"breadcrumb\":{\"@id\":\"https:\/\/capfinistere.geek-tonic.dev\/de\/tourismus-concarneau\/#breadcrumb\"},\"inLanguage\":\"de\",\"potentialAction\":[{\"@type\":\"ReadAction\",\"target\":[\"https:\/\/capfinistere.geek-tonic.dev\/de\/tourismus-concarneau\/\"]}]},{\"@type\":\"ImageObject\",\"inLanguage\":\"de\",\"@id\":\"https:\/\/capfinistere.geek-tonic.dev\/de\/tourismus-concarneau\/#primaryimage\",\"url\":\"https:\/\/capfinistere.geek-tonic.dev\/wp-content\/uploads\/sites\/22\/2022\/09\/concarneau-camping-bretagne.jpg\",\"contentUrl\":\"https:\/\/capfinistere.geek-tonic.dev\/wp-content\/uploads\/sites\/22\/2022\/09\/concarneau-camping-bretagne.jpg\",\"width\":1904,\"height\":515,\"caption\":\"concarneau camping bretagne\"},{\"@type\":\"BreadcrumbList\",\"@id\":\"https:\/\/capfinistere.geek-tonic.dev\/de\/tourismus-concarneau\/#breadcrumb\",\"itemListElement\":[{\"@type\":\"ListItem\",\"position\":1,\"name\":\"Camping Finist\u00e8re\",\"item\":\"https:\/\/capfinistere.geek-tonic.dev\/de\/\"},{\"@type\":\"ListItem\",\"position\":2,\"name\":\"Campingplatz in der N\u00e4he von Concarneau\"}]},{\"@type\":\"WebSite\",\"@id\":\"https:\/\/capfinistere.geek-tonic.dev\/de\/#website\",\"url\":\"https:\/\/capfinistere.geek-tonic.dev\/de\/\",\"name\":\"Camping Cap Finist\u00e8re\",\"description\":\"\",\"publisher\":{\"@id\":\"https:\/\/capfinistere.geek-tonic.dev\/de\/#organization\"},\"potentialAction\":[{\"@type\":\"SearchAction\",\"target\":{\"@type\":\"EntryPoint\",\"urlTemplate\":\"https:\/\/capfinistere.geek-tonic.dev\/de\/?s={search_term_string}\"},\"query-input\":{\"@type\":\"PropertyValueSpecification\",\"valueRequired\":true,\"valueName\":\"search_term_string\"}}],\"inLanguage\":\"de\"},{\"@type\":\"Organization\",\"@id\":\"https:\/\/capfinistere.geek-tonic.dev\/de\/#organization\",\"name\":\"Camping Cap Finist\u00e8re\",\"url\":\"https:\/\/capfinistere.geek-tonic.dev\/de\/\",\"logo\":{\"@type\":\"ImageObject\",\"inLanguage\":\"de\",\"@id\":\"https:\/\/capfinistere.geek-tonic.dev\/de\/#\/schema\/logo\/image\/\",\"url\":\"https:\/\/capfinistere.geek-tonic.dev\/wp-content\/uploads\/sites\/22\/2022\/09\/cropped-logo-Flower-camping-Cap-Finistere.png\",\"contentUrl\":\"https:\/\/capfinistere.geek-tonic.dev\/wp-content\/uploads\/sites\/22\/2022\/09\/cropped-logo-Flower-camping-Cap-Finistere.png\",\"width\":500,\"height\":660,\"caption\":\"Camping Cap Finist\u00e8re\"},\"image\":{\"@id\":\"https:\/\/capfinistere.geek-tonic.dev\/de\/#\/schema\/logo\/image\/\"}}]}<\/script>\n<!-- \/ Yoast SEO plugin. -->","yoast_head_json":{"title":"Campingplatz in der N\u00e4he von Concarneau | Entdecken Sie Concarneau | Besuchen Sie Concarneau","robots":{"index":"noindex","follow":"follow","max-snippet":"max-snippet:-1","max-image-preview":"max-image-preview:large","max-video-preview":"max-video-preview:-1"},"og_locale":"de_DE","og_type":"article","og_title":"Campingplatz in der N\u00e4he von Concarneau | Entdecken Sie Concarneau | Besuchen Sie Concarneau","og_url":"https:\/\/capfinistere.geek-tonic.dev\/de\/tourismus-concarneau\/","og_site_name":"Camping Cap Finist\u00e8re","article_modified_time":"2024-04-25T13:16:35+00:00","og_image":[{"width":1904,"height":515,"url":"https:\/\/capfinistere.geek-tonic.dev\/wp-content\/uploads\/sites\/22\/2022\/09\/concarneau-camping-bretagne.jpg","type":"image\/jpeg"}],"twitter_card":"summary_large_image","twitter_misc":{"Gesch\u00e4tzte Lesezeit":"3\u00a0Minuten"},"schema":{"@context":"https:\/\/schema.org","@graph":[{"@type":"WebPage","@id":"https:\/\/capfinistere.geek-tonic.dev\/de\/tourismus-concarneau\/","url":"https:\/\/capfinistere.geek-tonic.dev\/de\/tourismus-concarneau\/","name":"Campingplatz in der N\u00e4he von Concarneau | Entdecken Sie Concarneau | Besuchen Sie Concarneau","isPartOf":{"@id":"https:\/\/capfinistere.geek-tonic.dev\/de\/#website"},"primaryImageOfPage":{"@id":"https:\/\/capfinistere.geek-tonic.dev\/de\/tourismus-concarneau\/#primaryimage"},"image":{"@id":"https:\/\/capfinistere.geek-tonic.dev\/de\/tourismus-concarneau\/#primaryimage"},"thumbnailUrl":"https:\/\/capfinistere.geek-tonic.dev\/wp-content\/uploads\/sites\/22\/2022\/09\/concarneau-camping-bretagne.jpg","datePublished":"2022-09-06T14:47:00+00:00","dateModified":"2024-04-25T13:16:35+00:00","breadcrumb":{"@id":"https:\/\/capfinistere.geek-tonic.dev\/de\/tourismus-concarneau\/#breadcrumb"},"inLanguage":"de","potentialAction":[{"@type":"ReadAction","target":["https:\/\/capfinistere.geek-tonic.dev\/de\/tourismus-concarneau\/"]}]},{"@type":"ImageObject","inLanguage":"de","@id":"https:\/\/capfinistere.geek-tonic.dev\/de\/tourismus-concarneau\/#primaryimage","url":"https:\/\/capfinistere.geek-tonic.dev\/wp-content\/uploads\/sites\/22\/2022\/09\/concarneau-camping-bretagne.jpg","contentUrl":"https:\/\/capfinistere.geek-tonic.dev\/wp-content\/uploads\/sites\/22\/2022\/09\/concarneau-camping-bretagne.jpg","width":1904,"height":515,"caption":"concarneau camping bretagne"},{"@type":"BreadcrumbList","@id":"https:\/\/capfinistere.geek-tonic.dev\/de\/tourismus-concarneau\/#breadcrumb","itemListElement":[{"@type":"ListItem","position":1,"name":"Camping Finist\u00e8re","item":"https:\/\/capfinistere.geek-tonic.dev\/de\/"},{"@type":"ListItem","position":2,"name":"Campingplatz in der N\u00e4he von Concarneau"}]},{"@type":"WebSite","@id":"https:\/\/capfinistere.geek-tonic.dev\/de\/#website","url":"https:\/\/capfinistere.geek-tonic.dev\/de\/","name":"Camping Cap Finist\u00e8re","description":"","publisher":{"@id":"https:\/\/capfinistere.geek-tonic.dev\/de\/#organization"},"potentialAction":[{"@type":"SearchAction","target":{"@type":"EntryPoint","urlTemplate":"https:\/\/capfinistere.geek-tonic.dev\/de\/?s={search_term_string}"},"query-input":{"@type":"PropertyValueSpecification","valueRequired":true,"valueName":"search_term_string"}}],"inLanguage":"de"},{"@type":"Organization","@id":"https:\/\/capfinistere.geek-tonic.dev\/de\/#organization","name":"Camping Cap Finist\u00e8re","url":"https:\/\/capfinistere.geek-tonic.dev\/de\/","logo":{"@type":"ImageObject","inLanguage":"de","@id":"https:\/\/capfinistere.geek-tonic.dev\/de\/#\/schema\/logo\/image\/","url":"https:\/\/capfinistere.geek-tonic.dev\/wp-content\/uploads\/sites\/22\/2022\/09\/cropped-logo-Flower-camping-Cap-Finistere.png","contentUrl":"https:\/\/capfinistere.geek-tonic.dev\/wp-content\/uploads\/sites\/22\/2022\/09\/cropped-logo-Flower-camping-Cap-Finistere.png","width":500,"height":660,"caption":"Camping Cap Finist\u00e8re"},"image":{"@id":"https:\/\/capfinistere.geek-tonic.dev\/de\/#\/schema\/logo\/image\/"}}]}},"_links":{"self":[{"href":"https:\/\/capfinistere.geek-tonic.dev\/de\/wp-json\/wp\/v2\/pages\/3881","targetHints":{"allow":["GET"]}}],"collection":[{"href":"https:\/\/capfinistere.geek-tonic.dev\/de\/wp-json\/wp\/v2\/pages"}],"about":[{"href":"https:\/\/capfinistere.geek-tonic.dev\/de\/wp-json\/wp\/v2\/types\/page"}],"author":[{"embeddable":true,"href":"https:\/\/capfinistere.geek-tonic.dev\/de\/wp-json\/wp\/v2\/users\/1"}],"replies":[{"embeddable":true,"href":"https:\/\/capfinistere.geek-tonic.dev\/de\/wp-json\/wp\/v2\/comments?post=3881"}],"version-history":[{"count":10,"href":"https:\/\/capfinistere.geek-tonic.dev\/de\/wp-json\/wp\/v2\/pages\/3881\/revisions"}],"predecessor-version":[{"id":7349,"href":"https:\/\/capfinistere.geek-tonic.dev\/de\/wp-json\/wp\/v2\/pages\/3881\/revisions\/7349"}],"wp:featuredmedia":[{"embeddable":true,"href":"https:\/\/capfinistere.geek-tonic.dev\/de\/wp-json\/wp\/v2\/media\/2221"}],"wp:attachment":[{"href":"https:\/\/capfinistere.geek-tonic.dev\/de\/wp-json\/wp\/v2\/media?parent=3881"}],"wp:term":[{"taxonomy":"sujet","embeddable":true,"href":"https:\/\/capfinistere.geek-tonic.dev\/de\/wp-json\/wp\/v2\/sujet?post=3881"}],"curies":[{"name":"wp","href":"https:\/\/api.w.org\/{rel}","templated":true}]}}