{"id":3836,"date":"2022-09-12T16:40:00","date_gmt":"2022-09-12T14:40:00","guid":{"rendered":"https:\/\/capfinistere.geek-tonic.dev\/tourisme-baie-audierne\/"},"modified":"2024-04-25T15:12:58","modified_gmt":"2024-04-25T13:12:58","slug":"tourismus-bucht-audierne","status":"publish","type":"page","link":"https:\/\/capfinistere.geek-tonic.dev\/de\/tourismus-bucht-audierne\/","title":{"rendered":"Bucht von Audierne"},"content":{"rendered":"<section id=\"ls-section-block_fc90cea86734f2bf1f3c1cf6d5aeda31\" class=\"ls-section  page-one has-background has-color-4-background-color has-m-t m-t-0 has-m-b m-b-0 has-p-t p-t-14 has-p-b p-b-14\" >\r\n        <div class=\"container container--wide\">\r\n        \n\n<h1 class=\"ls__heading wp-block-heading has-text-align-center ls__heading-undefined color1\" id=\"visitez-quiberon\">Besuchen Sie die Bucht von Audierne<\/h1>\n\n\n\n<h2 class=\"ls__heading wp-block-heading ls__heading-undefined color1\" id=\"a-voir-a-quiberon\">Sehenswertes in der Bucht von Audierne<\/h2>\n\n\n\n<p class=\"ls-paragraph\">N\u00f6rdlich von Penmarch, von der Pointe du Raz bis zur Pointe de la Torche, bietet die Bucht von Audierne 10 km K\u00fcste und au\u00dfergew\u00f6hnliche Natursch\u00e4tze. Die Bucht von Audierne ist ein Muss auf Ihrer Reise durch das <strong>Bigoudenland<\/strong> in der Bretagne. Sie ist reich an Reicht\u00fcmern, die Sie mit Freunden oder der Familie w\u00e4hrend Ihres Urlaubs in einem <a href=\"https:\/\/capfinistere.geek-tonic.dev\/de\/vermietung-mobilheim-finistere\/\">Mobilheim<\/a> oder auf einem <a href=\"https:\/\/capfinistere.geek-tonic.dev\/de\/vermietung-standort-finistere\/\">Stellplatz<\/a> im <a href=\"https:\/\/capfinistere.geek-tonic.dev\/de\/tourismus-finistere\/\">S\u00fcd-Finist\u00e8re<\/a> entdecken k\u00f6nnen. Der Ort Audierne, der nur eine Stunde von unserem <strong>Campingplatz mit Wasserpark<\/strong> entfernt liegt, ist der Namensgeber f\u00fcr diese Bucht mit ihren vielf\u00e4ltigen Landschaften: Str\u00e4nde und D\u00fcnen, Kieselsteine, S\u00fcmpfe und Teiche, Klippen in Richtung Pointe du Raz, Ria du Goyen.<\/p>\n\n\n\n<p class=\"ls-paragraph\">Das Conservatoire du Littoral besitzt und sch\u00fctzt 642 Hektar entlang der Bucht von Audierne. Die Bucht von Audierne wurde als &#8222;Gebiet von europ\u00e4ischem Interesse&#8220; anerkannt. Die Bucht von Audierne ist ein Paradies f\u00fcr viele Meerestiere: Langusten und Hummer, Garnelen, Strandkrabben und V\u00f6gel wie Purpurreiher, Rohrweihe und Schnurrbartmeise. Entdecken Sie mit der Familie oder mit Freunden die Bucht von Audierne, sowohl auf der Meer- als auch auf der Sumpfseite.<\/p>\n\n\n<div class=\"wp-block-image\">\n<figure class=\"aligncenter size-large is-resized\"><img decoding=\"async\" width=\"1024\" height=\"377\" src=\"https:\/\/capfinistere.geek-tonic.dev\/wp-content\/uploads\/sites\/22\/2022\/09\/baie-daudierne-tourisme-bretagne-1024x377.jpg\" alt=\"baie daudierne tourismus bretagne\" class=\"wp-image-2358\" style=\"width:1350px\" srcset=\"https:\/\/capfinistere.geek-tonic.dev\/wp-content\/uploads\/sites\/22\/2022\/09\/baie-daudierne-tourisme-bretagne-1024x377.jpg 1024w, https:\/\/capfinistere.geek-tonic.dev\/wp-content\/uploads\/sites\/22\/2022\/09\/baie-daudierne-tourisme-bretagne-300x111.jpg 300w, https:\/\/capfinistere.geek-tonic.dev\/wp-content\/uploads\/sites\/22\/2022\/09\/baie-daudierne-tourisme-bretagne-768x283.jpg 768w, https:\/\/capfinistere.geek-tonic.dev\/wp-content\/uploads\/sites\/22\/2022\/09\/baie-daudierne-tourisme-bretagne-1536x566.jpg 1536w, https:\/\/capfinistere.geek-tonic.dev\/wp-content\/uploads\/sites\/22\/2022\/09\/baie-daudierne-tourisme-bretagne.jpg 1900w\" sizes=\"(max-width: 1024px) 100vw, 1024px\" \/><\/figure><\/div>\n\n\n<h2 class=\"ls__heading wp-block-heading ls__heading-undefined color1\" id=\"activites-a-faire-a-quiberon\">Aktivit\u00e4ten in der Bucht von Audierne<\/h2>\n\n\n\n<p class=\"ls-paragraph\">G\u00f6nnen Sie sich w\u00e4hrend Ihres <strong>Urlaubs in Penmarch<\/strong> einen Tag in der <a href=\"https:\/\/www.tourismebretagne.com\/destinations\/les-10-destinations\/quimper-cornouaille\/pointe-de-la-torche-baie-daudierne\/\" target=\"_blank\" rel=\"noreferrer noopener\">Bucht von Audierne<\/a> und genie\u00dfen Sie die Wohltaten des offenen Meeres. Diese Bucht im \u00e4u\u00dfersten Westen des <strong>s\u00fcdlichen Finist\u00e8re<\/strong> bietet eine atemberaubende Kulisse, die Sie auf Ihren Spazierg\u00e4ngen entdecken k\u00f6nnen. Entdecken Sie die Bucht von Audierne auf der &#8222;Route du vent solaire&#8220; (Sonnenwindroute) mit ihren zahlreichen Lesetafeln, die die bretonische Kultur, Fischerei, Gezeitenm\u00fchlen, Wassersport und Landschaften erkl\u00e4ren. Die erfahreneren Wanderer folgen dem <a href=\"https:\/\/www.mongr.fr\/trouver-prochaine-randonnee\/suggestion\/gr-34-la-baie-d-audierne\" target=\"_blank\" rel=\"noreferrer noopener\">GR 34<\/a> von Audierne nach Concarneau.  <\/p>\n\n\n\n<p class=\"ls-paragraph\">W\u00e4hrend Ihrer Wanderung gibt es immer etwas zu sehen: Vogelbeobachtungen, die D\u00fcnen von Treffiagat, das Maison de la Baie d&#8217;Audierne in Tr\u00e9guennec, Saint-Vio und seine entz\u00fcckende Kapelle. Lust auf Wassersport? Die Bucht von Audierne wird Sie begeistern: Surfen, Stand up Paddle, Tauchen und vieles mehr. Buchen Sie Ihren <strong>Aufenthalt in der N\u00e4he der Bucht von Audierne<\/strong> f\u00fcr einen entschiedenen bretonischen Urlaub am Meer.<\/p>\n\n\n<p><iframe width=\"100%\" height=\"450\" src=\"https:\/\/www.youtube.com\/embed\/x13UvI2-rDI\" title=\"YouTube video player\" frameborder=\"0\" allow=\"accelerometer; autoplay; clipboard-write; encrypted-media; gyroscope; picture-in-picture\" allowfullscreen=\"\"><\/iframe><\/p>\n\n\n\n<h2 class=\"ls__heading wp-block-heading ls__heading-undefined color1\" id=\"activites-a-faire-a-quiberon\">Campingplatz in der N\u00e4he der Bucht von Audierne<\/h2>\n\n\n\n<p class=\"ls-paragraph\">Machen Sie einen Ausflug zu zweit, mit der Familie oder mit Freunden in die Bucht von Audierne w\u00e4hrend Ihres Campingurlaubs in <a href=\"https:\/\/capfinistere.geek-tonic.dev\/de\/tourismus-penmarch\/\">Penmarch<\/a>. Diese 10 km lange Bucht ist ein Muss an der K\u00fcste des Finist\u00e8re und des <strong>Bigoudenlandes<\/strong>. Sie liegt gegen\u00fcber von zahlreichen bretonischen D\u00f6rfern, die Sie w\u00e4hrend Ihres <strong>Urlaubs in Penmarch<\/strong> unbedingt entdecken sollten: Ploz\u00e9vet, Pouldreuzic, Plovan, Tr\u00e9guennec und Plomeur. Eine Tour, die Sie in die Authentizit\u00e4t des lokalen Erbes und der bretonischen Kultur eintauchen l\u00e4sst, die seit Jahrtausenden bewahrt werden.<\/p>\n\n\n\n<p class=\"ls-paragraph\">Ganz in der N\u00e4he der Pointe de la Torche wird dieses Reiseziel alle W\u00fcnsche erf\u00fcllen: Faulenzen im wei\u00dfen Sand, Wandern auf dem K\u00fcstenweg, Kultur in den umliegenden D\u00f6rfern, Vogelbeobachtung in den S\u00fcmpfen und Teichen in der N\u00e4he der D\u00fcnen. Buchen Sie Ihr Mobilheim oder Ihren Stellplatz f\u00fcr einen gelungenen Urlaub in der N\u00e4he der Bucht von Audierne auf dem <strong>Campingplatz Cap Finist\u00e8re<\/strong>.<\/p>\n\n\n<p><iframe src=\"https:\/\/www.google.com\/maps\/embed?pb=!1m28!1m12!1m3!1d143970.30508518833!2d-4.562090243841819!3d47.894506401228554!2m3!1f0!2f0!3f0!3m2!1i1024!2i768!4f13.1!4m13!3e0!4m5!1s0x4817306d98cd607f%3A0x78da83f9f6cf307d!2sFlower%20Camping%20Les%20Gen%C3%AAts%2C%20Rue%20de%20Gouesnach%20N%C3%A9vez%2C%20Penmarc'h!3m2!1d47.818970199999995!2d-4.3095568!4m5!1s0x48172181cc104235%3A0xb43d0b40c0673fa2!2sBaie%20d'Audierne!3m2!1d47.916802!2d-4.474182!5e0!3m2!1sfr!2sfr!4v1663755735762!5m2!1sfr!2sfr\" width=\"100%\" height=\"450\" style=\"border:0;\" allowfullscreen=\"\" loading=\"lazy\" referrerpolicy=\"no-referrer-when-downgrade\"><\/iframe><\/p>\n\n\r\n    <\/div>\r\n<\/section><section id=\"ls-section-block_1d41e512ffcd28331cbbcbad2085381a\" class=\"ls-section  page-maillage experience has-m-t m-t-0 has-p-t p-t-10\" >\r\n        <div class=\"container container--wide\">\r\n        \n\n<div id=\"ls-heading ls-titre-div-block_f0a86b96f919337f73d9f36eec187ecd\" class=\"ls-titre-div aligncenter h2-like\" >\n    <strong>Entdecken Sie die<\/strong> Umgebung der Bucht von Audierne<\/div>\n\n\n<div id=\"ls-maillage-block_3972e3381370a8616141d43f79023c29\" class=\"ls-maillage cta-style-normal\" data-rows=\"3\">\n    <div class=\"wp-block-columns\"><div class=\"wp-block-column\"><div id=\"destinations\" class=\"ls-cta\">\n\n<a href=\"https:\/\/capfinistere.geek-tonic.dev\/de\/tourismus-concarneau\/\" target=\"\" rel=\"noopener\" class=\"ls-cta__link\">\n\n\t<div class=\"ls-cta__image\"><img decoding=\"async\" src=\"https:\/\/capfinistere.geek-tonic.dev\/wp-content\/uploads\/sites\/22\/2024\/04\/tourisme-concarneau-camping-finistere.webp\" alt=\"tourisme concarneau camping finistere\"><\/div>\n\t<div class=\"ls-cta__title\">\n\t\tConcarneau\t<\/div>\n\n\t\t\n<\/a><\/div><\/div><div class=\"wp-block-column\"><div id=\"destinations\" class=\"ls-cta\">\n\n<a href=\"https:\/\/capfinistere.geek-tonic.dev\/de\/tourismus-torche\/\" target=\"\" rel=\"noopener\" class=\"ls-cta__link\">\n\n\t<div class=\"ls-cta__image\"><img decoding=\"async\" src=\"https:\/\/capfinistere.geek-tonic.dev\/wp-content\/uploads\/sites\/22\/2024\/04\/tourisme-torche-camping-finistere.webp\" alt=\"tourisme torche camping finistere\"><\/div>\n\t<div class=\"ls-cta__title\">\n\t\tDie Fackel\t<\/div>\n\n\t\t\n<\/a><\/div><\/div><div class=\"wp-block-column\"><div id=\"destinations\" class=\"ls-cta\">\n\n<a href=\"https:\/\/capfinistere.geek-tonic.dev\/de\/tourismus-quimper\/\" target=\"\" rel=\"noopener\" class=\"ls-cta__link\">\n\n\t<div class=\"ls-cta__image\"><img decoding=\"async\" src=\"https:\/\/capfinistere.geek-tonic.dev\/wp-content\/uploads\/sites\/22\/2024\/04\/tourisme-quimper-camping-finistere.webp\" alt=\"tourisme quimper camping finistere\"><\/div>\n\t<div class=\"ls-cta__title\">\n\t\tQuimper\t<\/div>\n\n\t\t\n<\/a><\/div><\/div><\/div><\/div>\n\r\n    <\/div>\r\n<\/section>","protected":false},"excerpt":{"rendered":"","protected":false},"author":1,"featured_media":3353,"parent":0,"menu_order":0,"comment_status":"closed","ping_status":"open","template":"","meta":{"_acf_changed":false,"footnotes":""},"sujet":[],"class_list":["post-3836","page","type-page","status-publish","has-post-thumbnail","hentry"],"acf":[],"yoast_head":"<!-- This site is optimized with the Yoast SEO plugin v23.9 - https:\/\/yoast.com\/wordpress\/plugins\/seo\/ -->\n<title>Besuchen Sie die Bucht von Audierne | Camping in der N\u00e4he der Bucht von Audierne<\/title>\n<meta name=\"robots\" content=\"noindex, follow, max-snippet:-1, max-image-preview:large, max-video-preview:-1\" \/>\n<meta property=\"og:locale\" content=\"de_DE\" \/>\n<meta property=\"og:type\" content=\"article\" \/>\n<meta property=\"og:title\" content=\"Besuchen Sie die Bucht von Audierne | Camping in der N\u00e4he der Bucht von Audierne\" \/>\n<meta property=\"og:url\" content=\"https:\/\/capfinistere.geek-tonic.dev\/de\/tourismus-bucht-audierne\/\" \/>\n<meta property=\"og:site_name\" content=\"Camping Cap Finist\u00e8re\" \/>\n<meta property=\"article:modified_time\" content=\"2024-04-25T13:12:58+00:00\" \/>\n<meta property=\"og:image\" content=\"http:\/\/capfinistere.geek-tonic.dev\/wp-content\/uploads\/sites\/22\/2022\/09\/visiter-baie-audierne.jpg\" \/>\n\t<meta property=\"og:image:width\" content=\"1904\" \/>\n\t<meta property=\"og:image:height\" content=\"515\" \/>\n\t<meta property=\"og:image:type\" content=\"image\/jpeg\" \/>\n<meta name=\"twitter:card\" content=\"summary_large_image\" \/>\n<meta name=\"twitter:label1\" content=\"Gesch\u00e4tzte Lesezeit\" \/>\n\t<meta name=\"twitter:data1\" content=\"3\u00a0Minuten\" \/>\n<script type=\"application\/ld+json\" class=\"yoast-schema-graph\">{\"@context\":\"https:\/\/schema.org\",\"@graph\":[{\"@type\":\"WebPage\",\"@id\":\"https:\/\/capfinistere.geek-tonic.dev\/de\/tourismus-bucht-audierne\/\",\"url\":\"https:\/\/capfinistere.geek-tonic.dev\/de\/tourismus-bucht-audierne\/\",\"name\":\"Besuchen Sie die Bucht von Audierne | Camping in der N\u00e4he der Bucht von Audierne\",\"isPartOf\":{\"@id\":\"https:\/\/capfinistere.geek-tonic.dev\/de\/#website\"},\"primaryImageOfPage\":{\"@id\":\"https:\/\/capfinistere.geek-tonic.dev\/de\/tourismus-bucht-audierne\/#primaryimage\"},\"image\":{\"@id\":\"https:\/\/capfinistere.geek-tonic.dev\/de\/tourismus-bucht-audierne\/#primaryimage\"},\"thumbnailUrl\":\"https:\/\/capfinistere.geek-tonic.dev\/wp-content\/uploads\/sites\/22\/2022\/09\/visiter-baie-audierne.jpg\",\"datePublished\":\"2022-09-12T14:40:00+00:00\",\"dateModified\":\"2024-04-25T13:12:58+00:00\",\"breadcrumb\":{\"@id\":\"https:\/\/capfinistere.geek-tonic.dev\/de\/tourismus-bucht-audierne\/#breadcrumb\"},\"inLanguage\":\"de\",\"potentialAction\":[{\"@type\":\"ReadAction\",\"target\":[\"https:\/\/capfinistere.geek-tonic.dev\/de\/tourismus-bucht-audierne\/\"]}]},{\"@type\":\"ImageObject\",\"inLanguage\":\"de\",\"@id\":\"https:\/\/capfinistere.geek-tonic.dev\/de\/tourismus-bucht-audierne\/#primaryimage\",\"url\":\"https:\/\/capfinistere.geek-tonic.dev\/wp-content\/uploads\/sites\/22\/2022\/09\/visiter-baie-audierne.jpg\",\"contentUrl\":\"https:\/\/capfinistere.geek-tonic.dev\/wp-content\/uploads\/sites\/22\/2022\/09\/visiter-baie-audierne.jpg\",\"width\":1904,\"height\":515,\"caption\":\"Bucht Audierne besuchen\"},{\"@type\":\"BreadcrumbList\",\"@id\":\"https:\/\/capfinistere.geek-tonic.dev\/de\/tourismus-bucht-audierne\/#breadcrumb\",\"itemListElement\":[{\"@type\":\"ListItem\",\"position\":1,\"name\":\"Camping Finist\u00e8re\",\"item\":\"https:\/\/capfinistere.geek-tonic.dev\/de\/\"},{\"@type\":\"ListItem\",\"position\":2,\"name\":\"Tourismus in der Bucht von Audierne\"}]},{\"@type\":\"WebSite\",\"@id\":\"https:\/\/capfinistere.geek-tonic.dev\/de\/#website\",\"url\":\"https:\/\/capfinistere.geek-tonic.dev\/de\/\",\"name\":\"Camping Cap Finist\u00e8re\",\"description\":\"\",\"publisher\":{\"@id\":\"https:\/\/capfinistere.geek-tonic.dev\/de\/#organization\"},\"potentialAction\":[{\"@type\":\"SearchAction\",\"target\":{\"@type\":\"EntryPoint\",\"urlTemplate\":\"https:\/\/capfinistere.geek-tonic.dev\/de\/?s={search_term_string}\"},\"query-input\":{\"@type\":\"PropertyValueSpecification\",\"valueRequired\":true,\"valueName\":\"search_term_string\"}}],\"inLanguage\":\"de\"},{\"@type\":\"Organization\",\"@id\":\"https:\/\/capfinistere.geek-tonic.dev\/de\/#organization\",\"name\":\"Camping Cap Finist\u00e8re\",\"url\":\"https:\/\/capfinistere.geek-tonic.dev\/de\/\",\"logo\":{\"@type\":\"ImageObject\",\"inLanguage\":\"de\",\"@id\":\"https:\/\/capfinistere.geek-tonic.dev\/de\/#\/schema\/logo\/image\/\",\"url\":\"https:\/\/capfinistere.geek-tonic.dev\/wp-content\/uploads\/sites\/22\/2022\/09\/cropped-logo-Flower-camping-Cap-Finistere.png\",\"contentUrl\":\"https:\/\/capfinistere.geek-tonic.dev\/wp-content\/uploads\/sites\/22\/2022\/09\/cropped-logo-Flower-camping-Cap-Finistere.png\",\"width\":500,\"height\":660,\"caption\":\"Camping Cap Finist\u00e8re\"},\"image\":{\"@id\":\"https:\/\/capfinistere.geek-tonic.dev\/de\/#\/schema\/logo\/image\/\"}}]}<\/script>\n<!-- \/ Yoast SEO plugin. -->","yoast_head_json":{"title":"Besuchen Sie die Bucht von Audierne | Camping in der N\u00e4he der Bucht von Audierne","robots":{"index":"noindex","follow":"follow","max-snippet":"max-snippet:-1","max-image-preview":"max-image-preview:large","max-video-preview":"max-video-preview:-1"},"og_locale":"de_DE","og_type":"article","og_title":"Besuchen Sie die Bucht von Audierne | Camping in der N\u00e4he der Bucht von Audierne","og_url":"https:\/\/capfinistere.geek-tonic.dev\/de\/tourismus-bucht-audierne\/","og_site_name":"Camping Cap Finist\u00e8re","article_modified_time":"2024-04-25T13:12:58+00:00","og_image":[{"width":1904,"height":515,"url":"http:\/\/capfinistere.geek-tonic.dev\/wp-content\/uploads\/sites\/22\/2022\/09\/visiter-baie-audierne.jpg","type":"image\/jpeg"}],"twitter_card":"summary_large_image","twitter_misc":{"Gesch\u00e4tzte Lesezeit":"3\u00a0Minuten"},"schema":{"@context":"https:\/\/schema.org","@graph":[{"@type":"WebPage","@id":"https:\/\/capfinistere.geek-tonic.dev\/de\/tourismus-bucht-audierne\/","url":"https:\/\/capfinistere.geek-tonic.dev\/de\/tourismus-bucht-audierne\/","name":"Besuchen Sie die Bucht von Audierne | Camping in der N\u00e4he der Bucht von Audierne","isPartOf":{"@id":"https:\/\/capfinistere.geek-tonic.dev\/de\/#website"},"primaryImageOfPage":{"@id":"https:\/\/capfinistere.geek-tonic.dev\/de\/tourismus-bucht-audierne\/#primaryimage"},"image":{"@id":"https:\/\/capfinistere.geek-tonic.dev\/de\/tourismus-bucht-audierne\/#primaryimage"},"thumbnailUrl":"https:\/\/capfinistere.geek-tonic.dev\/wp-content\/uploads\/sites\/22\/2022\/09\/visiter-baie-audierne.jpg","datePublished":"2022-09-12T14:40:00+00:00","dateModified":"2024-04-25T13:12:58+00:00","breadcrumb":{"@id":"https:\/\/capfinistere.geek-tonic.dev\/de\/tourismus-bucht-audierne\/#breadcrumb"},"inLanguage":"de","potentialAction":[{"@type":"ReadAction","target":["https:\/\/capfinistere.geek-tonic.dev\/de\/tourismus-bucht-audierne\/"]}]},{"@type":"ImageObject","inLanguage":"de","@id":"https:\/\/capfinistere.geek-tonic.dev\/de\/tourismus-bucht-audierne\/#primaryimage","url":"https:\/\/capfinistere.geek-tonic.dev\/wp-content\/uploads\/sites\/22\/2022\/09\/visiter-baie-audierne.jpg","contentUrl":"https:\/\/capfinistere.geek-tonic.dev\/wp-content\/uploads\/sites\/22\/2022\/09\/visiter-baie-audierne.jpg","width":1904,"height":515,"caption":"Bucht Audierne besuchen"},{"@type":"BreadcrumbList","@id":"https:\/\/capfinistere.geek-tonic.dev\/de\/tourismus-bucht-audierne\/#breadcrumb","itemListElement":[{"@type":"ListItem","position":1,"name":"Camping Finist\u00e8re","item":"https:\/\/capfinistere.geek-tonic.dev\/de\/"},{"@type":"ListItem","position":2,"name":"Tourismus in der Bucht von Audierne"}]},{"@type":"WebSite","@id":"https:\/\/capfinistere.geek-tonic.dev\/de\/#website","url":"https:\/\/capfinistere.geek-tonic.dev\/de\/","name":"Camping Cap Finist\u00e8re","description":"","publisher":{"@id":"https:\/\/capfinistere.geek-tonic.dev\/de\/#organization"},"potentialAction":[{"@type":"SearchAction","target":{"@type":"EntryPoint","urlTemplate":"https:\/\/capfinistere.geek-tonic.dev\/de\/?s={search_term_string}"},"query-input":{"@type":"PropertyValueSpecification","valueRequired":true,"valueName":"search_term_string"}}],"inLanguage":"de"},{"@type":"Organization","@id":"https:\/\/capfinistere.geek-tonic.dev\/de\/#organization","name":"Camping Cap Finist\u00e8re","url":"https:\/\/capfinistere.geek-tonic.dev\/de\/","logo":{"@type":"ImageObject","inLanguage":"de","@id":"https:\/\/capfinistere.geek-tonic.dev\/de\/#\/schema\/logo\/image\/","url":"https:\/\/capfinistere.geek-tonic.dev\/wp-content\/uploads\/sites\/22\/2022\/09\/cropped-logo-Flower-camping-Cap-Finistere.png","contentUrl":"https:\/\/capfinistere.geek-tonic.dev\/wp-content\/uploads\/sites\/22\/2022\/09\/cropped-logo-Flower-camping-Cap-Finistere.png","width":500,"height":660,"caption":"Camping Cap Finist\u00e8re"},"image":{"@id":"https:\/\/capfinistere.geek-tonic.dev\/de\/#\/schema\/logo\/image\/"}}]}},"_links":{"self":[{"href":"https:\/\/capfinistere.geek-tonic.dev\/de\/wp-json\/wp\/v2\/pages\/3836","targetHints":{"allow":["GET"]}}],"collection":[{"href":"https:\/\/capfinistere.geek-tonic.dev\/de\/wp-json\/wp\/v2\/pages"}],"about":[{"href":"https:\/\/capfinistere.geek-tonic.dev\/de\/wp-json\/wp\/v2\/types\/page"}],"author":[{"embeddable":true,"href":"https:\/\/capfinistere.geek-tonic.dev\/de\/wp-json\/wp\/v2\/users\/1"}],"replies":[{"embeddable":true,"href":"https:\/\/capfinistere.geek-tonic.dev\/de\/wp-json\/wp\/v2\/comments?post=3836"}],"version-history":[{"count":15,"href":"https:\/\/capfinistere.geek-tonic.dev\/de\/wp-json\/wp\/v2\/pages\/3836\/revisions"}],"predecessor-version":[{"id":7345,"href":"https:\/\/capfinistere.geek-tonic.dev\/de\/wp-json\/wp\/v2\/pages\/3836\/revisions\/7345"}],"wp:featuredmedia":[{"embeddable":true,"href":"https:\/\/capfinistere.geek-tonic.dev\/de\/wp-json\/wp\/v2\/media\/3353"}],"wp:attachment":[{"href":"https:\/\/capfinistere.geek-tonic.dev\/de\/wp-json\/wp\/v2\/media?parent=3836"}],"wp:term":[{"taxonomy":"sujet","embeddable":true,"href":"https:\/\/capfinistere.geek-tonic.dev\/de\/wp-json\/wp\/v2\/sujet?post=3836"}],"curies":[{"name":"wp","href":"https:\/\/api.w.org\/{rel}","templated":true}]}}