{"id":3812,"date":"2022-09-09T16:30:00","date_gmt":"2022-09-09T14:30:00","guid":{"rendered":"https:\/\/capfinistere.geek-tonic.dev\/tourisme-archipel-des-glenan\/"},"modified":"2024-04-25T15:11:42","modified_gmt":"2024-04-25T13:11:42","slug":"tourismus-glenan-inselgruppe","status":"publish","type":"page","link":"https:\/\/capfinistere.geek-tonic.dev\/de\/tourismus-glenan-inselgruppe\/","title":{"rendered":"Archipel der Gl\u00e9nan"},"content":{"rendered":"<section id=\"ls-section-block_448804fdca00c3d61e9caf8246d0f6c3\" class=\"ls-section  page-one has-background has-color-4-background-color has-m-t m-t-0 has-m-b m-b-0 has-p-t p-t-14 has-p-b p-b-14\" >\r\n        <div class=\"container container--wide\">\r\n        \n\n<h1 class=\"ls__heading wp-block-heading has-text-align-center ls__heading-undefined color1\" id=\"visitez-quiberon\">Besuchen Sie das Gl\u00e9nan-Archipel<\/h1>\n\n\n\n<h2 class=\"ls__heading wp-block-heading ls__heading-undefined color1\" id=\"a-voir-a-quiberon\">Sehenswertes auf dem Gl\u00e9nan Archipel<\/h2>\n\n\n\n<p class=\"ls-paragraph\">W\u00e4hrend Ihres <strong>Campingurlaubs im Bigoudenland<\/strong> sollten Sie sich die Inselgruppe Gl\u00e9nan s\u00fcd\u00f6stlich von Penmarch nicht entgehen lassen. Dieser Archipel vor Fouesnant wird auch die &#8222;bretonische Karibik&#8220; genannt. Er besteht aus sieben kleinen Inseln, die von Lagunen und klarem Wasser mit herrlichen wei\u00dfen Sandstr\u00e4nden umgeben sind. Neben diesen paradiesischen Landschaften beherbergt der Archipel auch eine endemische Blume, die Narcisse des Gl\u00e9nan.  <\/p>\n\n\n\n<p class=\"ls-paragraph\">Diese h\u00fcbschen wei\u00dfen Blumen kommen vor allem auf der Insel Saint Nicolas vor, wo sie gesch\u00fctzt sind. Tipp des Teams: Machen Sie einen Ganztagesausflug mit der Familie oder Freunden und entdecken Sie diese Inselgruppe im Fr\u00fchling, wenn die Natur bl\u00fcht und die Menschenmassen weit weg sind. Buchen Sie Ihre \u00dcberfahrt an der Rezeption unseres<strong> 4-Sterne-Campingplatzes mit Wasserpark<\/strong>.<\/p>\n\n\n<div class=\"wp-block-image\">\n<figure class=\"aligncenter size-full\"><img decoding=\"async\" width=\"1900\" height=\"700\" src=\"https:\/\/capfinistere.geek-tonic.dev\/wp-content\/uploads\/sites\/22\/2022\/09\/camping-archipel-des-glenan-1.jpg\" alt=\"Glenan Archipelago Camping\" class=\"wp-image-3335\" srcset=\"https:\/\/capfinistere.geek-tonic.dev\/wp-content\/uploads\/sites\/22\/2022\/09\/camping-archipel-des-glenan-1.jpg 1900w, https:\/\/capfinistere.geek-tonic.dev\/wp-content\/uploads\/sites\/22\/2022\/09\/camping-archipel-des-glenan-1-300x111.jpg 300w, https:\/\/capfinistere.geek-tonic.dev\/wp-content\/uploads\/sites\/22\/2022\/09\/camping-archipel-des-glenan-1-1024x377.jpg 1024w, https:\/\/capfinistere.geek-tonic.dev\/wp-content\/uploads\/sites\/22\/2022\/09\/camping-archipel-des-glenan-1-768x283.jpg 768w, https:\/\/capfinistere.geek-tonic.dev\/wp-content\/uploads\/sites\/22\/2022\/09\/camping-archipel-des-glenan-1-1536x566.jpg 1536w\" sizes=\"(max-width: 1900px) 100vw, 1900px\" \/><\/figure><\/div>\n\n\n<h2 class=\"ls__heading wp-block-heading ls__heading-undefined color1\" id=\"a-voir-a-quiberon\">Was Sie auf dem Gl\u00e9nan-Archipel unternehmen k\u00f6nnen<\/h2>\n\n\n\n<p class=\"ls-paragraph\">Die<a href=\"https:\/\/www.tourismebretagne.com\/destinations\/les-10-destinations\/quimper-cornouaille\/larchipel-des-glenan\/\" target=\"_blank\" rel=\"noreferrer noopener\">Inselgruppe Les Gl\u00e9nan<\/a> ist ein Muss im <strong>s\u00fcdlichen Finist\u00e8re<\/strong> und l\u00e4dt zu einem Tapetenwechsel ein. Buchen Sie w\u00e4hrend Ihres <strong>Campingurlaubs in Penmarch<\/strong> Ihre \u00dcberfahrt bei unserem Empfangsteam und bevorzugen Sie einen sonnigen Tag. Am Tag X packen Sie Picknick, Turnschuhe, Sonnencreme und Badekleidung in die Tasche und fahren Sie von B\u00e9nodet, Concarneau, Loctudy oder Fouesnant nach Les Gl\u00e9nan. W\u00e4hrend der gro\u00dfen Gezeiten k\u00f6nnen Sie zu Fu\u00df angeln, um einen erfolgreichen und k\u00f6stlichen Fang zu machen: rosa Gl\u00e9nan-Muscheln, Seepocken, Abalonen, Seeigel, Muscheln und Krustentiere&#8230;G\u00f6nnen Sie sich eine Einf\u00fchrung im internationalen Tauchzentrum oder im Wassersportzentrum.  <\/p>\n\n\n\n<p class=\"ls-paragraph\">M\u00f6chten Sie wandern? Ein Holzweg f\u00fchrt Sie um die Insel Saint-Nicolas herum. Um Ihren Tag vor Ort optimal zu nutzen, buchen Sie im Voraus eine gef\u00fchrte Tour, die vom Fremdenverkehrsamt angeboten wird. Fauna, Flora, Navigation, Angeln, historische Anekdoten&#8230; diese paradiesischen Inseln werden kein Geheimnis mehr f\u00fcr Sie sein. Oder ziehen Sie es vor, die Unterwasserwelt auf einer Fahrt mit einem Boot mit transparentem Boden zu entdecken, die von der Gesellschaft angeboten wird.  <\/p>\n\n\n<p><iframe width=\"100%\" height=\"450\" src=\"https:\/\/www.youtube.com\/embed\/SEsoEAjs-Ac\" title=\"YouTube video player\" frameborder=\"0\" allow=\"accelerometer; autoplay; clipboard-write; encrypted-media; gyroscope; picture-in-picture\" allowfullscreen=\"\"><\/iframe><\/p>\n\n\n\n<h2 class=\"ls__heading wp-block-heading ls__heading-undefined color1\" id=\"activites-a-faire-a-quiberon\">Campingplatz in der N\u00e4he von Archipel des Gl\u00e9nan<\/h2>\n\n\n\n<p class=\"ls-paragraph\">Entdecken Sie w\u00e4hrend Ihres Urlaubs im Pays Bigouden das Archipel von Gl\u00e9nan, das als &#8222;malerische Naturlandschaft&#8220; eingestuft wurde. Verpassen Sie nicht diesen unumg\u00e4nglichen Termin w\u00e4hrend Ihres Campingurlaubs in Penmarch. Entdecken Sie diese paradiesischen bretonischen Inseln und gehen Sie an Bord der Vedettes de l&#8217;Odet. Nach weniger als einer Stunde \u00dcberfahrt mit dem Schiff sind Sie in der &#8222;bretonischen Karibik&#8220;.  <\/p>\n\n\n\n<p class=\"ls-paragraph\">Nehmen Sie sich die Zeit, diese 5 km\u00b2 gro\u00dfe Inselgruppe zu besuchen, sei es zu zweit, mit Freunden oder der Familie. Bereiten Sie Ihren Besuchstag auf Les Gl\u00e9nan mit Hilfe unseres Empfangsteams vor, das Sie f\u00fcr einen gelungenen Besuch mit der Familie oder mit Freunden beraten wird. W\u00e4hlen Sie einen Tag, an dem die Sonne Sie auf Ihrem Ausflug begleitet. Eintrittskarten sind das ganze Jahr \u00fcber auf dem Campingplatz erh\u00e4ltlich.<\/p>\n\n\n<p><iframe src=\"https:\/\/www.google.com\/maps\/embed?pb=!1m28!1m12!1m3!1d204144.78453174286!2d-4.334651034623466!3d47.75701784071161!2m3!1f0!2f0!3f0!3m2!1i1024!2i768!4f13.1!4m13!3e0!4m5!1s0x4810c84a137df857%3A0x454ccf82b295b5f6!2zw45sZXMgZGUgR2zDqW5hbg!3m2!1d47.7153304!2d-3.9866081999999996!4m5!1s0x4817306d98cd607f%3A0x78da83f9f6cf307d!2sFlower%20Camping%20Les%20Gen%C3%AAts%2C%2020%20Rue%20de%20Gouesnach%20N%C3%A9vez%2C%2029760%20Penmarc'h!3m2!1d47.818970199999995!2d-4.3095568!5e0!3m2!1sfr!2sfr!4v1663679312948!5m2!1sfr!2sfr\" width=\"100%\" height=\"450\" style=\"border:0;\" allowfullscreen=\"\" loading=\"lazy\" referrerpolicy=\"no-referrer-when-downgrade\"><\/iframe><\/p>\n\n\r\n    <\/div>\r\n<\/section><section id=\"ls-section-block_7ce73425c9b6bad54f56aaf722e54803\" class=\"ls-section  page-maillage experience has-background has-color-white-background-color has-m-t m-t-0 has-m-b m-b-0 has-p-t p-t-10\" >\r\n        <div class=\"container container--wide\">\r\n        \n\n<div id=\"ls-heading ls-titre-div-block_3c1548fea2854e640909fadc89d2c6dc\" class=\"ls-titre-div aligncenter h2-like\" >\n    <strong>Entdecken Sie die<\/strong> Umgebung von Archipel des Gl\u00e9nan<\/div>\n\n\n<div id=\"ls-maillage-block_4921169359354612c5205e087322f80d\" class=\"ls-maillage cta-style-normal\" data-rows=\"3\">\n    <div class=\"wp-block-columns\"><div class=\"wp-block-column\"><div id=\"destinations\" class=\"ls-cta\">\n\n<a href=\"https:\/\/capfinistere.geek-tonic.dev\/de\/tourismus-bucht-audierne\/\" target=\"\" rel=\"noopener\" class=\"ls-cta__link\">\n\n\t<div class=\"ls-cta__image\"><img decoding=\"async\" src=\"https:\/\/capfinistere.geek-tonic.dev\/wp-content\/uploads\/sites\/22\/2024\/04\/tourisme-baie-audierne-camping-finistere.webp\" alt=\"tourisme baie audierne camping finistere\"><\/div>\n\t<div class=\"ls-cta__title\">\n\t\tBucht von Audierne\t<\/div>\n\n\t\t\n<\/a><\/div><\/div><div class=\"wp-block-column\"><div id=\"destinations\" class=\"ls-cta\">\n\n<a href=\"https:\/\/capfinistere.geek-tonic.dev\/de\/tourismus-douarnenez\/\" target=\"\" rel=\"noopener\" class=\"ls-cta__link\">\n\n\t<div class=\"ls-cta__image\"><img decoding=\"async\" src=\"https:\/\/capfinistere.geek-tonic.dev\/wp-content\/uploads\/sites\/22\/2024\/04\/tourisme-douarnenez-camping-finistere.webp\" alt=\"tourisme douarnenez camping finistere\"><\/div>\n\t<div class=\"ls-cta__title\">\n\t\tDouarnenez\t<\/div>\n\n\t\t\n<\/a><\/div><\/div><div class=\"wp-block-column\"><div id=\"destinations\" class=\"ls-cta\">\n\n<a href=\"https:\/\/capfinistere.geek-tonic.dev\/de\/tourismus-quimper\/\" target=\"\" rel=\"noopener\" class=\"ls-cta__link\">\n\n\t<div class=\"ls-cta__image\"><img decoding=\"async\" src=\"https:\/\/capfinistere.geek-tonic.dev\/wp-content\/uploads\/sites\/22\/2024\/04\/tourisme-quimper-camping-finistere.webp\" alt=\"tourisme quimper camping finistere\"><\/div>\n\t<div class=\"ls-cta__title\">\n\t\tQuimper\t<\/div>\n\n\t\t\n<\/a><\/div><\/div><\/div><\/div>\n\r\n    <\/div>\r\n<\/section>","protected":false},"excerpt":{"rendered":"","protected":false},"author":1,"featured_media":3342,"parent":0,"menu_order":0,"comment_status":"closed","ping_status":"open","template":"","meta":{"_acf_changed":false,"footnotes":""},"sujet":[],"class_list":["post-3812","page","type-page","status-publish","has-post-thumbnail","hentry"],"acf":[],"yoast_head":"<!-- This site is optimized with the Yoast SEO plugin v23.9 - https:\/\/yoast.com\/wordpress\/plugins\/seo\/ -->\n<title>Glenan Archipel besuchen | Camping in der N\u00e4he von Glenan Archipel<\/title>\n<meta name=\"robots\" content=\"noindex, follow, max-snippet:-1, max-image-preview:large, max-video-preview:-1\" \/>\n<meta property=\"og:locale\" content=\"de_DE\" \/>\n<meta property=\"og:type\" content=\"article\" \/>\n<meta property=\"og:title\" content=\"Glenan Archipel besuchen | Camping in der N\u00e4he von Glenan Archipel\" \/>\n<meta property=\"og:url\" content=\"https:\/\/capfinistere.geek-tonic.dev\/de\/tourismus-glenan-inselgruppe\/\" \/>\n<meta property=\"og:site_name\" content=\"Camping Cap Finist\u00e8re\" \/>\n<meta property=\"article:modified_time\" content=\"2024-04-25T13:11:42+00:00\" \/>\n<meta property=\"og:image\" content=\"https:\/\/capfinistere.geek-tonic.dev\/wp-content\/uploads\/sites\/22\/2022\/09\/archipel-des-glenan-tourisme-1.jpg\" \/>\n\t<meta property=\"og:image:width\" content=\"1904\" \/>\n\t<meta property=\"og:image:height\" content=\"515\" \/>\n\t<meta property=\"og:image:type\" content=\"image\/jpeg\" \/>\n<meta name=\"twitter:card\" content=\"summary_large_image\" \/>\n<meta name=\"twitter:label1\" content=\"Gesch\u00e4tzte Lesezeit\" \/>\n\t<meta name=\"twitter:data1\" content=\"3\u00a0Minuten\" \/>\n<script type=\"application\/ld+json\" class=\"yoast-schema-graph\">{\"@context\":\"https:\/\/schema.org\",\"@graph\":[{\"@type\":\"WebPage\",\"@id\":\"https:\/\/capfinistere.geek-tonic.dev\/de\/tourismus-glenan-inselgruppe\/\",\"url\":\"https:\/\/capfinistere.geek-tonic.dev\/de\/tourismus-glenan-inselgruppe\/\",\"name\":\"Glenan Archipel besuchen | Camping in der N\u00e4he von Glenan Archipel\",\"isPartOf\":{\"@id\":\"https:\/\/capfinistere.geek-tonic.dev\/de\/#website\"},\"primaryImageOfPage\":{\"@id\":\"https:\/\/capfinistere.geek-tonic.dev\/de\/tourismus-glenan-inselgruppe\/#primaryimage\"},\"image\":{\"@id\":\"https:\/\/capfinistere.geek-tonic.dev\/de\/tourismus-glenan-inselgruppe\/#primaryimage\"},\"thumbnailUrl\":\"https:\/\/capfinistere.geek-tonic.dev\/wp-content\/uploads\/sites\/22\/2022\/09\/archipel-des-glenan-tourisme-1.jpg\",\"datePublished\":\"2022-09-09T14:30:00+00:00\",\"dateModified\":\"2024-04-25T13:11:42+00:00\",\"breadcrumb\":{\"@id\":\"https:\/\/capfinistere.geek-tonic.dev\/de\/tourismus-glenan-inselgruppe\/#breadcrumb\"},\"inLanguage\":\"de\",\"potentialAction\":[{\"@type\":\"ReadAction\",\"target\":[\"https:\/\/capfinistere.geek-tonic.dev\/de\/tourismus-glenan-inselgruppe\/\"]}]},{\"@type\":\"ImageObject\",\"inLanguage\":\"de\",\"@id\":\"https:\/\/capfinistere.geek-tonic.dev\/de\/tourismus-glenan-inselgruppe\/#primaryimage\",\"url\":\"https:\/\/capfinistere.geek-tonic.dev\/wp-content\/uploads\/sites\/22\/2022\/09\/archipel-des-glenan-tourisme-1.jpg\",\"contentUrl\":\"https:\/\/capfinistere.geek-tonic.dev\/wp-content\/uploads\/sites\/22\/2022\/09\/archipel-des-glenan-tourisme-1.jpg\",\"width\":1904,\"height\":515,\"caption\":\"Glenan Archipelago Tourismus\"},{\"@type\":\"BreadcrumbList\",\"@id\":\"https:\/\/capfinistere.geek-tonic.dev\/de\/tourismus-glenan-inselgruppe\/#breadcrumb\",\"itemListElement\":[{\"@type\":\"ListItem\",\"position\":1,\"name\":\"Camping Finist\u00e8re\",\"item\":\"https:\/\/capfinistere.geek-tonic.dev\/de\/\"},{\"@type\":\"ListItem\",\"position\":2,\"name\":\"Camping in der N\u00e4he von Glenan Archipelago\"}]},{\"@type\":\"WebSite\",\"@id\":\"https:\/\/capfinistere.geek-tonic.dev\/de\/#website\",\"url\":\"https:\/\/capfinistere.geek-tonic.dev\/de\/\",\"name\":\"Camping Cap Finist\u00e8re\",\"description\":\"\",\"publisher\":{\"@id\":\"https:\/\/capfinistere.geek-tonic.dev\/de\/#organization\"},\"potentialAction\":[{\"@type\":\"SearchAction\",\"target\":{\"@type\":\"EntryPoint\",\"urlTemplate\":\"https:\/\/capfinistere.geek-tonic.dev\/de\/?s={search_term_string}\"},\"query-input\":{\"@type\":\"PropertyValueSpecification\",\"valueRequired\":true,\"valueName\":\"search_term_string\"}}],\"inLanguage\":\"de\"},{\"@type\":\"Organization\",\"@id\":\"https:\/\/capfinistere.geek-tonic.dev\/de\/#organization\",\"name\":\"Camping Cap Finist\u00e8re\",\"url\":\"https:\/\/capfinistere.geek-tonic.dev\/de\/\",\"logo\":{\"@type\":\"ImageObject\",\"inLanguage\":\"de\",\"@id\":\"https:\/\/capfinistere.geek-tonic.dev\/de\/#\/schema\/logo\/image\/\",\"url\":\"https:\/\/capfinistere.geek-tonic.dev\/wp-content\/uploads\/sites\/22\/2022\/09\/cropped-logo-Flower-camping-Cap-Finistere.png\",\"contentUrl\":\"https:\/\/capfinistere.geek-tonic.dev\/wp-content\/uploads\/sites\/22\/2022\/09\/cropped-logo-Flower-camping-Cap-Finistere.png\",\"width\":500,\"height\":660,\"caption\":\"Camping Cap Finist\u00e8re\"},\"image\":{\"@id\":\"https:\/\/capfinistere.geek-tonic.dev\/de\/#\/schema\/logo\/image\/\"}}]}<\/script>\n<!-- \/ Yoast SEO plugin. -->","yoast_head_json":{"title":"Glenan Archipel besuchen | Camping in der N\u00e4he von Glenan Archipel","robots":{"index":"noindex","follow":"follow","max-snippet":"max-snippet:-1","max-image-preview":"max-image-preview:large","max-video-preview":"max-video-preview:-1"},"og_locale":"de_DE","og_type":"article","og_title":"Glenan Archipel besuchen | Camping in der N\u00e4he von Glenan Archipel","og_url":"https:\/\/capfinistere.geek-tonic.dev\/de\/tourismus-glenan-inselgruppe\/","og_site_name":"Camping Cap Finist\u00e8re","article_modified_time":"2024-04-25T13:11:42+00:00","og_image":[{"width":1904,"height":515,"url":"https:\/\/capfinistere.geek-tonic.dev\/wp-content\/uploads\/sites\/22\/2022\/09\/archipel-des-glenan-tourisme-1.jpg","type":"image\/jpeg"}],"twitter_card":"summary_large_image","twitter_misc":{"Gesch\u00e4tzte Lesezeit":"3\u00a0Minuten"},"schema":{"@context":"https:\/\/schema.org","@graph":[{"@type":"WebPage","@id":"https:\/\/capfinistere.geek-tonic.dev\/de\/tourismus-glenan-inselgruppe\/","url":"https:\/\/capfinistere.geek-tonic.dev\/de\/tourismus-glenan-inselgruppe\/","name":"Glenan Archipel besuchen | Camping in der N\u00e4he von Glenan Archipel","isPartOf":{"@id":"https:\/\/capfinistere.geek-tonic.dev\/de\/#website"},"primaryImageOfPage":{"@id":"https:\/\/capfinistere.geek-tonic.dev\/de\/tourismus-glenan-inselgruppe\/#primaryimage"},"image":{"@id":"https:\/\/capfinistere.geek-tonic.dev\/de\/tourismus-glenan-inselgruppe\/#primaryimage"},"thumbnailUrl":"https:\/\/capfinistere.geek-tonic.dev\/wp-content\/uploads\/sites\/22\/2022\/09\/archipel-des-glenan-tourisme-1.jpg","datePublished":"2022-09-09T14:30:00+00:00","dateModified":"2024-04-25T13:11:42+00:00","breadcrumb":{"@id":"https:\/\/capfinistere.geek-tonic.dev\/de\/tourismus-glenan-inselgruppe\/#breadcrumb"},"inLanguage":"de","potentialAction":[{"@type":"ReadAction","target":["https:\/\/capfinistere.geek-tonic.dev\/de\/tourismus-glenan-inselgruppe\/"]}]},{"@type":"ImageObject","inLanguage":"de","@id":"https:\/\/capfinistere.geek-tonic.dev\/de\/tourismus-glenan-inselgruppe\/#primaryimage","url":"https:\/\/capfinistere.geek-tonic.dev\/wp-content\/uploads\/sites\/22\/2022\/09\/archipel-des-glenan-tourisme-1.jpg","contentUrl":"https:\/\/capfinistere.geek-tonic.dev\/wp-content\/uploads\/sites\/22\/2022\/09\/archipel-des-glenan-tourisme-1.jpg","width":1904,"height":515,"caption":"Glenan Archipelago Tourismus"},{"@type":"BreadcrumbList","@id":"https:\/\/capfinistere.geek-tonic.dev\/de\/tourismus-glenan-inselgruppe\/#breadcrumb","itemListElement":[{"@type":"ListItem","position":1,"name":"Camping Finist\u00e8re","item":"https:\/\/capfinistere.geek-tonic.dev\/de\/"},{"@type":"ListItem","position":2,"name":"Camping in der N\u00e4he von Glenan Archipelago"}]},{"@type":"WebSite","@id":"https:\/\/capfinistere.geek-tonic.dev\/de\/#website","url":"https:\/\/capfinistere.geek-tonic.dev\/de\/","name":"Camping Cap Finist\u00e8re","description":"","publisher":{"@id":"https:\/\/capfinistere.geek-tonic.dev\/de\/#organization"},"potentialAction":[{"@type":"SearchAction","target":{"@type":"EntryPoint","urlTemplate":"https:\/\/capfinistere.geek-tonic.dev\/de\/?s={search_term_string}"},"query-input":{"@type":"PropertyValueSpecification","valueRequired":true,"valueName":"search_term_string"}}],"inLanguage":"de"},{"@type":"Organization","@id":"https:\/\/capfinistere.geek-tonic.dev\/de\/#organization","name":"Camping Cap Finist\u00e8re","url":"https:\/\/capfinistere.geek-tonic.dev\/de\/","logo":{"@type":"ImageObject","inLanguage":"de","@id":"https:\/\/capfinistere.geek-tonic.dev\/de\/#\/schema\/logo\/image\/","url":"https:\/\/capfinistere.geek-tonic.dev\/wp-content\/uploads\/sites\/22\/2022\/09\/cropped-logo-Flower-camping-Cap-Finistere.png","contentUrl":"https:\/\/capfinistere.geek-tonic.dev\/wp-content\/uploads\/sites\/22\/2022\/09\/cropped-logo-Flower-camping-Cap-Finistere.png","width":500,"height":660,"caption":"Camping Cap Finist\u00e8re"},"image":{"@id":"https:\/\/capfinistere.geek-tonic.dev\/de\/#\/schema\/logo\/image\/"}}]}},"_links":{"self":[{"href":"https:\/\/capfinistere.geek-tonic.dev\/de\/wp-json\/wp\/v2\/pages\/3812","targetHints":{"allow":["GET"]}}],"collection":[{"href":"https:\/\/capfinistere.geek-tonic.dev\/de\/wp-json\/wp\/v2\/pages"}],"about":[{"href":"https:\/\/capfinistere.geek-tonic.dev\/de\/wp-json\/wp\/v2\/types\/page"}],"author":[{"embeddable":true,"href":"https:\/\/capfinistere.geek-tonic.dev\/de\/wp-json\/wp\/v2\/users\/1"}],"replies":[{"embeddable":true,"href":"https:\/\/capfinistere.geek-tonic.dev\/de\/wp-json\/wp\/v2\/comments?post=3812"}],"version-history":[{"count":6,"href":"https:\/\/capfinistere.geek-tonic.dev\/de\/wp-json\/wp\/v2\/pages\/3812\/revisions"}],"predecessor-version":[{"id":7339,"href":"https:\/\/capfinistere.geek-tonic.dev\/de\/wp-json\/wp\/v2\/pages\/3812\/revisions\/7339"}],"wp:featuredmedia":[{"embeddable":true,"href":"https:\/\/capfinistere.geek-tonic.dev\/de\/wp-json\/wp\/v2\/media\/3342"}],"wp:attachment":[{"href":"https:\/\/capfinistere.geek-tonic.dev\/de\/wp-json\/wp\/v2\/media?parent=3812"}],"wp:term":[{"taxonomy":"sujet","embeddable":true,"href":"https:\/\/capfinistere.geek-tonic.dev\/de\/wp-json\/wp\/v2\/sujet?post=3812"}],"curies":[{"name":"wp","href":"https:\/\/api.w.org\/{rel}","templated":true}]}}